{"id":5639,"date":"2023-05-21T21:49:17","date_gmt":"2023-05-21T19:49:17","guid":{"rendered":"https:\/\/airportsmokinglounge.com\/?page_id=5639"},"modified":"2023-05-21T21:49:17","modified_gmt":"2023-05-21T19:49:17","slug":"smoking-areas-at-austin-bergstrom-international-airport-aus","status":"publish","type":"page","link":"https:\/\/airportsmokinglounge.com\/tr\/austin-bergstrom-uluslararasi-havalimaninda-sigara-icilen-alanlar-aus\/","title":{"rendered":"AUSTIN BERGSTROM ULUSLARARASI HAVAL\u0130MANI&#039;nda (AUS) sigara i\u00e7me alanlar\u0131"},"content":{"rendered":"<p>Austin-Bergstrom Uluslararas\u0131 Havaliman\u0131 (AUS), Teksas&#039;\u0131n ba\u015fkenti Austin&#039;e ve \u00e7evresindeki Orta Teksas b\u00f6lgesine hizmet veren birincil havaliman\u0131d\u0131r. Austin&#039;i \u00e7e\u015fitli yurti\u00e7i ve uluslararas\u0131 var\u0131\u015f noktalar\u0131na ba\u011flayan hareketli bir havaliman\u0131d\u0131r.<\/p>\n<p>Austin-Bergstrom Uluslararas\u0131 Havaalan\u0131, modern tesisleri ve kullan\u0131\u015fl\u0131 d\u00fczeniyle \u00fcnl\u00fcd\u00fcr. Havaalan\u0131, \u00e7ok say\u0131da salona sahip tek terminalli bir komplekse sahiptir ve \u00e7ok \u00e7e\u015fitli olanaklar ve hizmetler sunar. Bunlara check-in kontuarlar\u0131, g\u00fcvenlik kontrol noktalar\u0131, salonlar, yemek se\u00e7enekleri, perakende ma\u011fazalar\u0131 ve ara\u00e7 kiralama acenteleri dahildir.<\/p>\n<h2>G\u00fcvenlik Kontrol\u00fc \u00f6ncesi sigara i\u00e7ilen alanlar<\/h2>\n<ul>\n<li><span style=\"font-size: 14pt;\">Sadece terminalin d\u0131\u015f\u0131nda sigara i\u00e7ilebilir<\/span><\/li>\n<\/ul>\n<h2>G\u00fcvenlik Kontrol\u00fcnden Sonra Sigara \u0130\u00e7ilen Alanlar<\/h2>\n<ul>\n<li>\u015eu anda, havaliman\u0131 i\u00e7indeki sigara i\u00e7me alanlar\u0131na ili\u015fkin herhangi bir bilgi bulunmamaktad\u0131r.<\/li>\n<\/ul>\n<p><strong><span style=\"font-size: 14pt;\">Bize geri bildirim g\u00f6nderin<\/span><\/strong><\/p>\n<p><span style=\"font-size: 14pt;\">Daytona Beach&#039;teki Havaalan\u0131ndaysan\u0131z, bize sigara i\u00e7ilen alanlar\u0131n resimlerini g\u00f6ndermekten memnuniyet duyar\u0131z. Bu, veritaban\u0131m\u0131z\u0131 daha h\u0131zl\u0131 doldurmam\u0131za yard\u0131mc\u0131 olacakt\u0131r. Bunu yapabilirsiniz <strong><a href=\"https:\/\/airportsmokinglounge.com\/tr\/temas-etmek\/\">Burada<\/a>.<\/strong> G\u00f6rseller, g\u00f6rsel kayna\u011f\u0131 (isim) belirtilerek sitemizde yay\u0131nlanmaktad\u0131r. Bu resimleri bizimle ve t\u00fcm Airport Smokinglounge.com ziyaret\u00e7ileriyle payla\u015fmaktan \u00e7ekinmeyin.<\/span>.<\/p>\n<h2>Amerika Birle\u015fik Devletleri Sigara Yasas\u0131<\/h2>\n<p>Amerika Birle\u015fik Devletleri, halk sa\u011fl\u0131\u011f\u0131n\u0131 korumak ve t\u00fct\u00fcn kullan\u0131m\u0131n\u0131 azaltmak i\u00e7in hem federal hem de eyalet d\u00fczeyinde sigara i\u00e7me d\u00fczenlemeleri uygulam\u0131\u015ft\u0131r. Bununla birlikte, sigara i\u00e7me yasalar\u0131n\u0131n ve d\u00fczenlemelerinin Amerika Birle\u015fik Devletleri&#039;ndeki farkl\u0131 eyaletler ve yerel yarg\u0131 b\u00f6lgeleri aras\u0131nda de\u011fi\u015fiklik g\u00f6sterebilece\u011fini l\u00fctfen unutmay\u0131n, bu nedenle en g\u00fcncel bilgiler i\u00e7in ilgilendi\u011finiz eyalet veya b\u00f6lgenin \u00f6zel yasalar\u0131na ba\u015fvurman\u0131z \u00f6nerilir.<\/p>\n<p>Federal d\u00fczeyde, ABD Sa\u011fl\u0131k ve \u0130nsani Hizmetler Departman\u0131&#039;n\u0131n y\u00f6netmelikleri uyar\u0131nca belirli kapal\u0131 halka a\u00e7\u0131k yerlerde sigara i\u00e7mek genellikle yasakt\u0131r. Bunlar, h\u00fck\u00fcmet binalar\u0131n\u0131, sa\u011fl\u0131k tesislerini, federal fon alan e\u011fitim kurumlar\u0131n\u0131 ve federal yarg\u0131 yetkisi alt\u0131ndaki toplu ta\u015f\u0131may\u0131 i\u00e7erir. Ek olarak, federal yasa, ticari havayolu u\u00e7u\u015flar\u0131nda ve belirli federal h\u00fck\u00fcmet ara\u00e7lar\u0131nda sigara i\u00e7ilmesini yasaklamaktad\u0131r.<\/p>\n<p>Bununla birlikte, sigara i\u00e7me d\u00fczenlemeleri Amerika Birle\u015fik Devletleri&#039;ndeki eyaletler ve b\u00f6lgeler aras\u0131nda \u00f6nemli \u00f6l\u00e7\u00fcde farkl\u0131l\u0131k g\u00f6sterebilir. Bir\u00e7ok eyalet, halka a\u00e7\u0131k yerlerde, i\u015fyerlerinde, restoranlarda, barlarda ve di\u011fer mekanlarda sigara i\u00e7meye ili\u015fkin kendi yasa ve y\u00f6netmeliklerini \u00e7\u0131karm\u0131\u015ft\u0131r. Baz\u0131 eyaletler halka a\u00e7\u0131k kapal\u0131 alanlarda sigara i\u00e7ilmesini yasaklayan kapsaml\u0131 dumans\u0131z yasalar uygularken, di\u011ferleri daha s\u0131n\u0131rl\u0131 k\u0131s\u0131tlamalara sahip olabilir veya belirli kurulu\u015flarda belirlenmi\u015f sigara i\u00e7me alanlar\u0131na izin verebilir.<\/p>\n<p>T\u00fct\u00fcn \u00fcr\u00fcnleri sat\u0131n almak ve bulundurmak i\u00e7in asgari yasal ya\u015f da eyalete g\u00f6re de\u011fi\u015fir; \u00e7o\u011fu eyalet bunu 18 olarak belirlerken, baz\u0131lar\u0131 T\u00fct\u00fcn 21 yasas\u0131 olarak bilinen federal mevzuata uygun olarak bunu 21&#039;e y\u00fckseltmi\u015ftir.<\/p>\n<p>Sigara i\u00e7me yasalar\u0131n\u0131n uygulanmas\u0131, genellikle ilgili eyalet veya yerel makamlar taraf\u0131ndan denetlenir ve ihlaller, para cezalar\u0131na veya yarg\u0131 alan\u0131na \u00f6zg\u00fc di\u011fer cezalara neden olabilir.<\/p>\n<p>Amerika Birle\u015fik Devletleri&#039;ndeki sigara i\u00e7me yasalar\u0131 hakk\u0131nda en do\u011fru ve g\u00fcncel bilgiler i\u00e7in, ilgilendi\u011finiz belirli eyalet veya b\u00f6lgenin yasalar\u0131na ba\u015fvurman\u0131z veya yerel yetkililere veya sa\u011fl\u0131k kurulu\u015flar\u0131na ula\u015fman\u0131z \u00f6nerilir.<\/p>\n<h3>S\u0131k\u00e7a Sorulan Sorular<\/h3>\n<h4>Havaliman\u0131 sigara i\u00e7me alanlar\u0131 7\/24 a\u00e7\u0131k m\u0131?<\/h4>\n<p>Havaliman\u0131 sigara i\u00e7me alanlar\u0131n\u0131n mevcudiyeti, havaliman\u0131na ve konuma g\u00f6re de\u011fi\u015fiklik g\u00f6sterebilir. Baz\u0131 sigara i\u00e7me alanlar\u0131 24 saat a\u00e7\u0131kken, baz\u0131lar\u0131nda k\u0131s\u0131tl\u0131 saatler olabilir veya belirli saatlerde kapal\u0131 olabilir. Sigara i\u00e7me alan\u0131n\u0131n \u00e7al\u0131\u015fma saatleri hakk\u0131nda \u00f6zel bilgi i\u00e7in havaalan\u0131na dan\u0131\u015fmak veya web sitelerini ziyaret etmek en iyisidir.<\/p>\n<h4>Sigara i\u00e7me alan\u0131na kendi yiyecek ve i\u00e7eceklerimi getirmeme izin verilir mi?<\/h4>\n<p>Bu, belirli sigara i\u00e7me alan\u0131na ve havaalan\u0131na ba\u011fl\u0131 olabilir. Baz\u0131 sigara i\u00e7me alanlar\u0131 d\u0131\u015far\u0131dan yiyecek ve i\u00e7eceklere izin verirken, baz\u0131lar\u0131nda k\u0131s\u0131tlamalar olabilir veya tamamen yasak olabilir. Belirli kurallar ve y\u00f6netmelikler i\u00e7in havaalan\u0131na veya sigara i\u00e7ilen alan tabelas\u0131na bakmak en iyisidir.<\/p>\n<h4>Havaliman\u0131ndaki t\u00fcm sigara i\u00e7ilen alanlarda sigara i\u00e7ilebilir mi?<\/h4>\n<p>Havaalan\u0131 sigara i\u00e7ilen alanlar\u0131n t\u00fcm\u00fc sigara i\u00e7ilmesine izin vermeyebilir. Baz\u0131 havalimanlar\u0131nda, geleneksel sigara i\u00e7me alanlar\u0131ndan ayr\u0131 elektronik sigara veya elektronik sigara i\u00e7in belirlenmi\u015f alanlar olabilir. Kullanmay\u0131 planlad\u0131\u011f\u0131n\u0131z sigara i\u00e7me alan\u0131 i\u00e7in \u00f6zel kural ve d\u00fczenlemeleri kontrol etti\u011finizden emin olun.<\/p>\n<h4>Sigara i\u00e7ilen alanlar klimal\u0131 m\u0131 yoksa \u0131s\u0131tmal\u0131 m\u0131?<\/h4>\n<p>Havaalan\u0131 sigara i\u00e7me alanlar\u0131n\u0131n s\u0131cakl\u0131\u011f\u0131 ve havaland\u0131rmas\u0131 b\u00fcy\u00fck \u00f6l\u00e7\u00fcde de\u011fi\u015febilir. Baz\u0131lar\u0131 klimal\u0131 veya \u0131s\u0131tmal\u0131 olabilirken, di\u011ferleri d\u0131\u015f etkenlerden s\u0131n\u0131rl\u0131 korumaya sahip a\u00e7\u0131k hava alanlar\u0131 olabilir. Ko\u015fullar\u0131 belirlemek ve buna g\u00f6re haz\u0131rlanmak i\u00e7in \u00f6nceden havaalan\u0131na dan\u0131\u015ft\u0131\u011f\u0131n\u0131zdan veya sigara i\u00e7me alan\u0131n\u0131 ziyaret etti\u011finizden emin olun.<\/p>\n<h4>Sigara i\u00e7ilen alanlar engelli yolcular i\u00e7in eri\u015filebilir mi?<\/h4>\n<p>Bir\u00e7ok havaalan\u0131, sigara i\u00e7me alanlar\u0131n\u0131 engelli yolcular\u0131n eri\u015fimine uygun hale getirmek i\u00e7in \u00e7aba sarf etmi\u015ftir. Ancak, belirli sigara i\u00e7me alanlar\u0131n\u0131n eri\u015filebilirli\u011fi b\u00fcy\u00fck \u00f6l\u00e7\u00fcde de\u011fi\u015febilir. Eri\u015filebilir olup olmad\u0131\u011f\u0131n\u0131 ve ihtiya\u00e7lar\u0131n\u0131z\u0131 kar\u015f\u0131lay\u0131p kar\u015f\u0131lamad\u0131\u011f\u0131n\u0131 belirlemek i\u00e7in havaalan\u0131na dan\u0131\u015ft\u0131\u011f\u0131n\u0131zdan veya sigara i\u00e7me alan\u0131n\u0131 \u00f6nceden ziyaret etti\u011finizden emin olun.<\/p>\n<p><span style=\"font-size: 14pt;\"><strong>Amerika Birle\u015fik Devletleri&#039;ndeki di\u011fer havaalanlar\u0131:<\/strong> <\/span><\/p>\n<ul>\n<li><a href=\"https:\/\/airportsmokinglounge.com\/tr\/amerika-birlesik-devletleri-havalimanlarindaki-sigara-icme-alanlari\/\"><span style=\"font-size: 14pt;\">Amerika Birle\u015fik Devletleri&#039;ndeki havaalanlar\u0131<\/span><\/a><\/li>\n<\/ul>\n<p><span style=\"font-size: 14pt;\"><strong>Kuzey Amerika&#039;da sigara i\u00e7ilen alanlar:<\/strong><\/span><\/p>\n<ul>\n<li><a href=\"https:\/\/airportsmokinglounge.com\/tr\/kuzey-amerikanin-havaalanlarinda-sigara-icmek\/\"><span style=\"font-size: 14pt;\">Kuzey Amerika havaalanlar\u0131<\/span><\/a><\/li>\n<\/ul>","protected":false},"excerpt":{"rendered":"<p>Austin-Bergstrom International Airport (AUS) is the primary airport serving Austin, the capital city of Texas, and the surrounding Central Texas region. It is a bustling airport that connects Austin to various domestic and international destinations. Austin-Bergstrom International Airport is renowned for its modern facilities and convenient layout. The airport features a single-terminal complex with multiple&hellip;&nbsp;<a href=\"https:\/\/airportsmokinglounge.com\/tr\/austin-bergstrom-uluslararasi-havalimaninda-sigara-icilen-alanlar-aus\/\" rel=\"bookmark\">Devam\u0131n\u0131 oku &quot;<span class=\"screen-reader-text\">AUSTIN BERGSTROM ULUSLARARASI HAVAL\u0130MANI&#039;nda (AUS) sigara i\u00e7me alanlar\u0131<\/span><\/a><\/p>","protected":false},"author":1,"featured_media":1199,"parent":0,"menu_order":0,"comment_status":"closed","ping_status":"closed","template":"","meta":{"neve_meta_sidebar":"","neve_meta_container":"","neve_meta_enable_content_width":"off","neve_meta_content_width":100,"neve_meta_title_alignment":"","neve_meta_author_avatar":"","neve_post_elements_order":"","neve_meta_disable_header":"","neve_meta_disable_footer":"","neve_meta_disable_title":"","neve_meta_reading_time":"","footnotes":""},"class_list":["post-5639","page","type-page","status-publish","has-post-thumbnail","hentry"],"yoast_head":"<!-- This site is optimized with the Yoast SEO plugin v26.6 - https:\/\/yoast.com\/wordpress\/plugins\/seo\/ -->\n<title>Smoking areas at AUSTIN BERGSTROM INTERNATIONAL AIRPORT (AUS)<\/title>\n<meta name=\"description\" content=\"Smoking Areas at AUSTIN BERGSTROM INTERNATIONAL AIRPORT (AUS) - Your Ultimate Guide to Finding a Place to Smoke\" \/>\n<meta name=\"robots\" content=\"index, follow, max-snippet:-1, max-image-preview:large, max-video-preview:-1\" \/>\n<link rel=\"canonical\" href=\"https:\/\/airportsmokinglounge.com\/tr\/austin-bergstrom-uluslararasi-havalimaninda-sigara-icilen-alanlar-aus\/\" \/>\n<meta property=\"og:locale\" content=\"tr_TR\" \/>\n<meta property=\"og:type\" content=\"article\" \/>\n<meta property=\"og:title\" content=\"Smoking areas at AUSTIN BERGSTROM INTERNATIONAL AIRPORT (AUS)\" \/>\n<meta property=\"og:description\" content=\"Smoking Areas at AUSTIN BERGSTROM INTERNATIONAL AIRPORT (AUS) - Your Ultimate Guide to Finding a Place to Smoke\" \/>\n<meta property=\"og:url\" content=\"https:\/\/airportsmokinglounge.com\/tr\/austin-bergstrom-uluslararasi-havalimaninda-sigara-icilen-alanlar-aus\/\" \/>\n<meta property=\"og:site_name\" content=\"airportsmokinglounge.com\" \/>\n<meta property=\"og:image\" content=\"https:\/\/airportsmokinglounge.com\/wp-content\/uploads\/2023\/03\/airport-smoking-lounge-4.jpg\" \/>\n\t<meta property=\"og:image:width\" content=\"2048\" \/>\n\t<meta property=\"og:image:height\" content=\"1152\" \/>\n\t<meta property=\"og:image:type\" content=\"image\/jpeg\" \/>\n<meta name=\"twitter:card\" content=\"summary_large_image\" \/>\n<meta name=\"twitter:label1\" content=\"Tahmini okuma s\u00fcresi\" \/>\n\t<meta name=\"twitter:data1\" content=\"4 dakika\" \/>\n<script type=\"application\/ld+json\" class=\"yoast-schema-graph\">{\"@context\":\"https:\/\/schema.org\",\"@graph\":[{\"@type\":\"WebPage\",\"@id\":\"https:\/\/airportsmokinglounge.com\/smoking-areas-at-austin-bergstrom-international-airport-aus\/\",\"url\":\"https:\/\/airportsmokinglounge.com\/smoking-areas-at-austin-bergstrom-international-airport-aus\/\",\"name\":\"Smoking areas at AUSTIN BERGSTROM INTERNATIONAL AIRPORT (AUS)\",\"isPartOf\":{\"@id\":\"https:\/\/airportsmokinglounge.com\/#website\"},\"primaryImageOfPage\":{\"@id\":\"https:\/\/airportsmokinglounge.com\/smoking-areas-at-austin-bergstrom-international-airport-aus\/#primaryimage\"},\"image\":{\"@id\":\"https:\/\/airportsmokinglounge.com\/smoking-areas-at-austin-bergstrom-international-airport-aus\/#primaryimage\"},\"thumbnailUrl\":\"https:\/\/airportsmokinglounge.com\/wp-content\/uploads\/2023\/03\/airport-smoking-lounge-4.jpg\",\"datePublished\":\"2023-05-21T19:49:17+00:00\",\"description\":\"Smoking Areas at AUSTIN BERGSTROM INTERNATIONAL AIRPORT (AUS) - Your Ultimate Guide to Finding a Place to Smoke\",\"breadcrumb\":{\"@id\":\"https:\/\/airportsmokinglounge.com\/smoking-areas-at-austin-bergstrom-international-airport-aus\/#breadcrumb\"},\"inLanguage\":\"tr\",\"potentialAction\":[{\"@type\":\"ReadAction\",\"target\":[\"https:\/\/airportsmokinglounge.com\/smoking-areas-at-austin-bergstrom-international-airport-aus\/\"]}]},{\"@type\":\"ImageObject\",\"inLanguage\":\"tr\",\"@id\":\"https:\/\/airportsmokinglounge.com\/smoking-areas-at-austin-bergstrom-international-airport-aus\/#primaryimage\",\"url\":\"https:\/\/airportsmokinglounge.com\/wp-content\/uploads\/2023\/03\/airport-smoking-lounge-4.jpg\",\"contentUrl\":\"https:\/\/airportsmokinglounge.com\/wp-content\/uploads\/2023\/03\/airport-smoking-lounge-4.jpg\",\"width\":2048,\"height\":1152,\"caption\":\"Airport Smoking\"},{\"@type\":\"BreadcrumbList\",\"@id\":\"https:\/\/airportsmokinglounge.com\/smoking-areas-at-austin-bergstrom-international-airport-aus\/#breadcrumb\",\"itemListElement\":[{\"@type\":\"ListItem\",\"position\":1,\"name\":\"Home\",\"item\":\"https:\/\/airportsmokinglounge.com\/\"},{\"@type\":\"ListItem\",\"position\":2,\"name\":\"Smoking areas at AUSTIN BERGSTROM INTERNATIONAL AIRPORT (AUS)\"}]},{\"@type\":\"WebSite\",\"@id\":\"https:\/\/airportsmokinglounge.com\/#website\",\"url\":\"https:\/\/airportsmokinglounge.com\/\",\"name\":\"airportsmokinglounge.com\",\"description\":\"\",\"potentialAction\":[{\"@type\":\"SearchAction\",\"target\":{\"@type\":\"EntryPoint\",\"urlTemplate\":\"https:\/\/airportsmokinglounge.com\/?s={search_term_string}\"},\"query-input\":{\"@type\":\"PropertyValueSpecification\",\"valueRequired\":true,\"valueName\":\"search_term_string\"}}],\"inLanguage\":\"tr\"}]}<\/script>\n<!-- \/ Yoast SEO plugin. -->","yoast_head_json":{"title":"AUSTIN BERGSTROM ULUSLARARASI HAVAL\u0130MANI&#039;nda (AUS) sigara i\u00e7me alanlar\u0131","description":"AUSTIN BERGSTROM ULUSLARARASI HAVAL\u0130MANI&#039;NDA (AUS) S\u0130GARA \u0130\u00c7ME ALANLARI - Sigara \u0130\u00e7mek \u0130\u00e7in Bir Yer Bulmak \u0130\u00e7in Nihai Rehberiniz","robots":{"index":"index","follow":"follow","max-snippet":"max-snippet:-1","max-image-preview":"max-image-preview:large","max-video-preview":"max-video-preview:-1"},"canonical":"https:\/\/airportsmokinglounge.com\/tr\/austin-bergstrom-uluslararasi-havalimaninda-sigara-icilen-alanlar-aus\/","og_locale":"tr_TR","og_type":"article","og_title":"Smoking areas at AUSTIN BERGSTROM INTERNATIONAL AIRPORT (AUS)","og_description":"Smoking Areas at AUSTIN BERGSTROM INTERNATIONAL AIRPORT (AUS) - Your Ultimate Guide to Finding a Place to Smoke","og_url":"https:\/\/airportsmokinglounge.com\/tr\/austin-bergstrom-uluslararasi-havalimaninda-sigara-icilen-alanlar-aus\/","og_site_name":"airportsmokinglounge.com","og_image":[{"width":2048,"height":1152,"url":"https:\/\/airportsmokinglounge.com\/wp-content\/uploads\/2023\/03\/airport-smoking-lounge-4.jpg","type":"image\/jpeg"}],"twitter_card":"summary_large_image","twitter_misc":{"Tahmini okuma s\u00fcresi":"4 dakika"},"schema":{"@context":"https:\/\/schema.org","@graph":[{"@type":"WebPage","@id":"https:\/\/airportsmokinglounge.com\/smoking-areas-at-austin-bergstrom-international-airport-aus\/","url":"https:\/\/airportsmokinglounge.com\/smoking-areas-at-austin-bergstrom-international-airport-aus\/","name":"AUSTIN BERGSTROM ULUSLARARASI HAVAL\u0130MANI&#039;nda (AUS) sigara i\u00e7me alanlar\u0131","isPartOf":{"@id":"https:\/\/airportsmokinglounge.com\/#website"},"primaryImageOfPage":{"@id":"https:\/\/airportsmokinglounge.com\/smoking-areas-at-austin-bergstrom-international-airport-aus\/#primaryimage"},"image":{"@id":"https:\/\/airportsmokinglounge.com\/smoking-areas-at-austin-bergstrom-international-airport-aus\/#primaryimage"},"thumbnailUrl":"https:\/\/airportsmokinglounge.com\/wp-content\/uploads\/2023\/03\/airport-smoking-lounge-4.jpg","datePublished":"2023-05-21T19:49:17+00:00","description":"AUSTIN BERGSTROM ULUSLARARASI HAVAL\u0130MANI&#039;NDA (AUS) S\u0130GARA \u0130\u00c7ME ALANLARI - Sigara \u0130\u00e7mek \u0130\u00e7in Bir Yer Bulmak \u0130\u00e7in Nihai Rehberiniz","breadcrumb":{"@id":"https:\/\/airportsmokinglounge.com\/smoking-areas-at-austin-bergstrom-international-airport-aus\/#breadcrumb"},"inLanguage":"tr","potentialAction":[{"@type":"ReadAction","target":["https:\/\/airportsmokinglounge.com\/smoking-areas-at-austin-bergstrom-international-airport-aus\/"]}]},{"@type":"ImageObject","inLanguage":"tr","@id":"https:\/\/airportsmokinglounge.com\/smoking-areas-at-austin-bergstrom-international-airport-aus\/#primaryimage","url":"https:\/\/airportsmokinglounge.com\/wp-content\/uploads\/2023\/03\/airport-smoking-lounge-4.jpg","contentUrl":"https:\/\/airportsmokinglounge.com\/wp-content\/uploads\/2023\/03\/airport-smoking-lounge-4.jpg","width":2048,"height":1152,"caption":"Airport Smoking"},{"@type":"BreadcrumbList","@id":"https:\/\/airportsmokinglounge.com\/smoking-areas-at-austin-bergstrom-international-airport-aus\/#breadcrumb","itemListElement":[{"@type":"ListItem","position":1,"name":"Home","item":"https:\/\/airportsmokinglounge.com\/"},{"@type":"ListItem","position":2,"name":"Smoking areas at AUSTIN BERGSTROM INTERNATIONAL AIRPORT (AUS)"}]},{"@type":"WebSite","@id":"https:\/\/airportsmokinglounge.com\/#website","url":"https:\/\/airportsmokinglounge.com\/","name":"havaalan\u0131sigara salonu.com","description":"","potentialAction":[{"@type":"SearchAction","target":{"@type":"EntryPoint","urlTemplate":"https:\/\/airportsmokinglounge.com\/?s={search_term_string}"},"query-input":{"@type":"PropertyValueSpecification","valueRequired":true,"valueName":"search_term_string"}}],"inLanguage":"tr"}]}},"_links":{"self":[{"href":"https:\/\/airportsmokinglounge.com\/tr\/wp-json\/wp\/v2\/pages\/5639","targetHints":{"allow":["GET"]}}],"collection":[{"href":"https:\/\/airportsmokinglounge.com\/tr\/wp-json\/wp\/v2\/pages"}],"about":[{"href":"https:\/\/airportsmokinglounge.com\/tr\/wp-json\/wp\/v2\/types\/page"}],"author":[{"embeddable":true,"href":"https:\/\/airportsmokinglounge.com\/tr\/wp-json\/wp\/v2\/users\/1"}],"replies":[{"embeddable":true,"href":"https:\/\/airportsmokinglounge.com\/tr\/wp-json\/wp\/v2\/comments?post=5639"}],"version-history":[{"count":1,"href":"https:\/\/airportsmokinglounge.com\/tr\/wp-json\/wp\/v2\/pages\/5639\/revisions"}],"predecessor-version":[{"id":5640,"href":"https:\/\/airportsmokinglounge.com\/tr\/wp-json\/wp\/v2\/pages\/5639\/revisions\/5640"}],"wp:featuredmedia":[{"embeddable":true,"href":"https:\/\/airportsmokinglounge.com\/tr\/wp-json\/wp\/v2\/media\/1199"}],"wp:attachment":[{"href":"https:\/\/airportsmokinglounge.com\/tr\/wp-json\/wp\/v2\/media?parent=5639"}],"curies":[{"name":"wp","href":"https:\/\/api.w.org\/{rel}","templated":true}]}}