{"id":580,"date":"2023-03-15T19:51:38","date_gmt":"2023-03-15T18:51:38","guid":{"rendered":"https:\/\/airportsmokinglounge.com\/?page_id=580"},"modified":"2023-05-13T14:32:05","modified_gmt":"2023-05-13T12:32:05","slug":"smoking-areas-at-manchester-airport-man","status":"publish","type":"page","link":"https:\/\/airportsmokinglounge.com\/tr\/manchester-havaalanindaki-sigara-icme-alanlari-adam\/","title":{"rendered":"Manchester Havaliman\u0131&#039;ndaki (MAN) sigara i\u00e7me alanlar\u0131"},"content":{"rendered":"<p>Manchester Havaalan\u0131, \u0130ngiltere&#039;nin Manchester \u015fehrinin Ringway b\u00f6lgesinde bulunan uluslararas\u0131 bir havaalan\u0131d\u0131r. Londra Heathrow ve Londra Gatwick&#039;ten sonra Birle\u015fik Krall\u0131k&#039;\u0131n \u00fc\u00e7\u00fcnc\u00fc en yo\u011fun havaliman\u0131d\u0131r. Manchester Havaalan\u0131 d\u00fcnya \u00e7ap\u0131nda 210&#039;dan fazla destinasyona hizmet vermekte ve 2019&#039;da 28 milyondan fazla yolcuya hizmet vermektedir.<\/p>\n<p>Havaliman\u0131nda \u00fc\u00e7 yolcu terminali bulunmaktad\u0131r: Terminal 1, Terminal 2 ve Terminal 3. Terminal 1 ve Terminal 2 \u00f6ncelikli olarak uluslararas\u0131 ve yurt i\u00e7i u\u00e7u\u015flara hizmet verirken, Terminal 3 Amerika Birle\u015fik Devletleri ve \u0130rlanda&#039;ya u\u00e7u\u015flar i\u00e7in kullan\u0131l\u0131r.<\/p>\n<p>Sigara i\u00e7me konusunda, Manchester Havaliman\u0131&#039;ndaki hi\u00e7bir binada veya kapal\u0131 alanda, Birle\u015fik Krall\u0131k sigara i\u00e7me yasalar\u0131na uygun olarak sigara i\u00e7ilmesine izin verilmemektedir. Ancak terminal binalar\u0131n\u0131n d\u0131\u015f\u0131nda yolcular\u0131n sigara i\u00e7mesine izin verilen sigara i\u00e7me alanlar\u0131 bulunmaktad\u0131r. Bu alanlar a\u00e7\u0131k\u00e7a i\u015faretlenmi\u015ftir ve terminal binalar\u0131n\u0131n ana giri\u015f ve \u00e7\u0131k\u0131\u015flar\u0131ndan uzakta konumland\u0131r\u0131lm\u0131\u015ft\u0131r.<\/p>\n<h2>Manchester&#039;da g\u00fcvenlik kontrol\u00fcnden \u00f6nce sigara i\u00e7ilen alanlar<\/h2>\n<ul>\n<li><span style=\"font-size: 14pt;\">Terminal d\u0131\u015f\u0131nda sadece belirlenmi\u015f alanlarda sigara i\u00e7ilmesine izin verilmektedir.<\/span><\/li>\n<\/ul>\n<h2>G\u00fcvenlik Kontrol\u00fcnden Sonra Sigara \u0130\u00e7ilen Alanlar<\/h2>\n<p><span style=\"font-size: 14pt;\"><strong>Terminal 1<\/strong><\/span><\/p>\n<ul>\n<li><span style=\"font-size: 14pt;\">Terminal 1&#039;de check-in yap\u0131p g\u00fcvenli\u011fi ge\u00e7tikten sonra, hava taraf\u0131ndaki a\u00e7\u0131k hava sigara i\u00e7me alan\u0131n\u0131 kullanabileceksiniz.<\/span><\/li>\n<\/ul>\n<p><span style=\"font-size: 14pt;\"><strong>Terminal 2<\/strong><\/span><\/p>\n<ul>\n<li><span style=\"font-size: 14pt;\">G\u00fcvenlikten sonra sigara i\u00e7me alan\u0131 bulunmaktad\u0131r. G\u00fcvenli\u011fi ve ma\u011fazalar\u0131 ge\u00e7tikten sonra y\u00fcr\u00fcyen merdiven veya merdivenleri bir kat yukar\u0131 \u00e7\u0131k\u0131n ve tabelalar\u0131 takip edin.<\/span><\/li>\n<\/ul>\n<p><span style=\"font-size: 14pt;\"><strong>Terminal 3<\/strong><\/span><\/p>\n<ul>\n<li><span style=\"font-size: 14pt;\">Terminal 3&#039;te sigara i\u00e7ilebilen alanlar bulunmamaktad\u0131r. Sigara i\u00e7enlerin check-in i\u015fleminden \u00f6nce terminal d\u0131\u015f\u0131nda belirlenmi\u015f alanlar\u0131 kullanmalar\u0131n\u0131 tavsiye ederiz.<\/span><\/li>\n<\/ul>\n<p><span style=\"font-size: 12pt;\">Resmi Web Sitesinde Daha Fazla Bilgi<\/span><\/p>\n<ul>\n<li><span style=\"font-size: 12pt;\"><a href=\"https:\/\/www.manchesterairport.co.uk\/\" target=\"_blank\" rel=\"noopener\">manchesterairport.co.uk<\/a><\/span><\/li>\n<\/ul>\n<p><span style=\"font-size: 12pt;\"><strong>Bize geri bildirim g\u00f6nderin<\/strong><\/span><\/p>\n<p><span style=\"font-size: 12pt;\">Havaalan\u0131ndaysan\u0131z, sigara i\u00e7ilen alanlar\u0131n resimlerini bize g\u00f6nderebilirsiniz. Bu, veritaban\u0131m\u0131z\u0131 daha h\u0131zl\u0131 doldurmam\u0131za yard\u0131mc\u0131 olacakt\u0131r. Bunu yapabilirsiniz <strong><a href=\"https:\/\/airportsmokinglounge.com\/tr\/temas-etmek\/\">Burada<\/a>.<\/strong> G\u00f6rseller, g\u00f6rsel kayna\u011f\u0131 (isim) belirtilerek sitemizde yay\u0131nlanmaktad\u0131r. Bu resimleri bizimle ve t\u00fcm Airport Smokinglounge.com ziyaret\u00e7ileriyle payla\u015fmaktan \u00e7ekinmeyin.<\/span><\/p>\n<h2>Birle\u015fik Krall\u0131k&#039;ta Sigara Yasas\u0131<\/h2>\n<p>Birle\u015fik Krall\u0131k&#039;taki sigara i\u00e7me yasas\u0131, toplu ta\u015f\u0131ma, restoranlar, barlar ve ofisler de dahil olmak \u00fczere halka a\u00e7\u0131k kapal\u0131 alanlarda ve i\u015fyerlerinde sigara i\u00e7ilmesini yasaklayan 2006 Sa\u011fl\u0131k Yasas\u0131&#039;na tabidir. Okul alanlar\u0131, \u00e7ocuk oyun alanlar\u0131 ve hastane alanlar\u0131 gibi baz\u0131 a\u00e7\u0131k alanlarda da sigara i\u00e7mek yasakt\u0131r.<\/p>\n<p>Ayr\u0131ca, 18 ya\u015f\u0131n alt\u0131ndaki ki\u015filerle birlikte ara\u00e7ta sigara i\u00e7mek yasa d\u0131\u015f\u0131d\u0131r ve s\u00fcr\u00fcc\u00fcye para cezas\u0131 verilmesine neden olabilir. Kanun ayr\u0131ca e-sigaralar\u0131n toplu ta\u015f\u0131ma dahil kapal\u0131 kamusal alanlarda ve baz\u0131 a\u00e7\u0131k alanlarda kullan\u0131m\u0131n\u0131 da yasakl\u0131yor. 18 ya\u015f\u0131n alt\u0131ndaki ki\u015filere t\u00fct\u00fcn \u00fcr\u00fcnleri satmak yasa d\u0131\u015f\u0131d\u0131r.<\/p>\n<h3>S\u0131k\u00e7a Sorulan Sorular<\/h3>\n<h4>Havaliman\u0131 sigara i\u00e7me alanlar\u0131 7\/24 a\u00e7\u0131k m\u0131?<\/h4>\n<p>Havaliman\u0131 sigara i\u00e7me alanlar\u0131n\u0131n mevcudiyeti, havaliman\u0131na ve konuma g\u00f6re de\u011fi\u015fiklik g\u00f6sterebilir. Baz\u0131 sigara i\u00e7me alanlar\u0131 24 saat a\u00e7\u0131kken, baz\u0131lar\u0131nda k\u0131s\u0131tl\u0131 saatler olabilir veya belirli saatlerde kapal\u0131 olabilir. Sigara i\u00e7me alan\u0131n\u0131n \u00e7al\u0131\u015fma saatleri hakk\u0131nda \u00f6zel bilgi i\u00e7in havaalan\u0131na dan\u0131\u015fmak veya web sitelerini ziyaret etmek en iyisidir.<\/p>\n<h4>Sigara i\u00e7me alan\u0131na kendi yiyecek ve i\u00e7eceklerimi getirmeme izin verilir mi?<\/h4>\n<p>Bu, belirli sigara i\u00e7me alan\u0131na ve havaalan\u0131na ba\u011fl\u0131 olabilir. Baz\u0131 sigara i\u00e7me alanlar\u0131 d\u0131\u015far\u0131dan yiyecek ve i\u00e7eceklere izin verirken, baz\u0131lar\u0131nda k\u0131s\u0131tlamalar olabilir veya tamamen yasak olabilir. Belirli kurallar ve y\u00f6netmelikler i\u00e7in havaalan\u0131na veya sigara i\u00e7ilen alan tabelas\u0131na bakmak en iyisidir.<\/p>\n<h4>Havaliman\u0131ndaki t\u00fcm sigara i\u00e7ilen alanlarda sigara i\u00e7ilebilir mi?<\/h4>\n<p>Havaalan\u0131 sigara i\u00e7ilen alanlar\u0131n t\u00fcm\u00fc sigara i\u00e7ilmesine izin vermeyebilir. Baz\u0131 havalimanlar\u0131nda, geleneksel sigara i\u00e7me alanlar\u0131ndan ayr\u0131 elektronik sigara veya elektronik sigara i\u00e7in belirlenmi\u015f alanlar olabilir. Kullanmay\u0131 planlad\u0131\u011f\u0131n\u0131z sigara i\u00e7me alan\u0131 i\u00e7in \u00f6zel kural ve d\u00fczenlemeleri kontrol etti\u011finizden emin olun.<\/p>\n<h4>Sigara i\u00e7ilen alanlar klimal\u0131 m\u0131 yoksa \u0131s\u0131tmal\u0131 m\u0131?<\/h4>\n<p>Havaalan\u0131 sigara i\u00e7me alanlar\u0131n\u0131n s\u0131cakl\u0131\u011f\u0131 ve havaland\u0131rmas\u0131 b\u00fcy\u00fck \u00f6l\u00e7\u00fcde de\u011fi\u015febilir. Baz\u0131lar\u0131 klimal\u0131 veya \u0131s\u0131tmal\u0131 olabilirken, di\u011ferleri d\u0131\u015f etkenlerden s\u0131n\u0131rl\u0131 korumaya sahip a\u00e7\u0131k hava alanlar\u0131 olabilir. Ko\u015fullar\u0131 belirlemek ve buna g\u00f6re haz\u0131rlanmak i\u00e7in \u00f6nceden havaalan\u0131na dan\u0131\u015ft\u0131\u011f\u0131n\u0131zdan veya sigara i\u00e7me alan\u0131n\u0131 ziyaret etti\u011finizden emin olun.<\/p>\n<h4>Sigara i\u00e7ilen alanlar engelli yolcular i\u00e7in eri\u015filebilir mi?<\/h4>\n<p>Bir\u00e7ok havaalan\u0131, sigara i\u00e7me alanlar\u0131n\u0131 engelli yolcular\u0131n eri\u015fimine uygun hale getirmek i\u00e7in \u00e7aba sarf etmi\u015ftir. Ancak, belirli sigara i\u00e7me alanlar\u0131n\u0131n eri\u015filebilirli\u011fi b\u00fcy\u00fck \u00f6l\u00e7\u00fcde de\u011fi\u015febilir. Eri\u015filebilir olup olmad\u0131\u011f\u0131n\u0131 ve ihtiya\u00e7lar\u0131n\u0131z\u0131 kar\u015f\u0131lay\u0131p kar\u015f\u0131lamad\u0131\u011f\u0131n\u0131 belirlemek i\u00e7in havaalan\u0131na dan\u0131\u015ft\u0131\u011f\u0131n\u0131zdan veya sigara i\u00e7me alan\u0131n\u0131 \u00f6nceden ziyaret etti\u011finizden emin olun.<\/p>\n<p><span style=\"font-size: 14pt;\"><strong>Birle\u015fik Krall\u0131k - \u0130ngiltere konumunda di\u011fer Havaalan\u0131:<\/strong> <\/span><\/p>\n<ul>\n<li><a href=\"https:\/\/airportsmokinglounge.com\/tr\/birlesik-krallik-ingiltere-havalimanlarindaki-sigara-icme-alanlari\/\"><span style=\"font-size: 14pt;\">Havaalanlar\u0131 Birle\u015fik Krall\u0131k \u2013 \u0130ngiltere<\/span><\/a><\/li>\n<\/ul>\n<p><span style=\"font-size: 14pt;\"><strong>Sigara i\u00e7ilen alanlar:<\/strong><\/span><\/p>\n<ul>\n<li><span style=\"font-size: 14pt;\"><a href=\"https:\/\/airportsmokinglounge.com\/tr\/avrupa-havalimanlarindaki-sigara-icme-alanlari\/\">Avrupa havaalanlar\u0131<\/a><\/span><\/li>\n<\/ul>","protected":false},"excerpt":{"rendered":"<p>Manchester Airport is an international airport located in the Ringway area of Manchester, England. It is the third busiest airport in the United Kingdom after London Heathrow and London Gatwick. Manchester Airport serves more than 210 destinations worldwide, handling over 28 million passengers in 2019. The airport has three passenger terminals: Terminal 1, Terminal 2,&hellip;&nbsp;<a href=\"https:\/\/airportsmokinglounge.com\/tr\/manchester-havaalanindaki-sigara-icme-alanlari-adam\/\" rel=\"bookmark\">Devam\u0131n\u0131 oku &quot;<span class=\"screen-reader-text\">Manchester Havaliman\u0131&#039;ndaki (MAN) sigara i\u00e7me alanlar\u0131<\/span><\/a><\/p>","protected":false},"author":1,"featured_media":1199,"parent":0,"menu_order":0,"comment_status":"closed","ping_status":"closed","template":"","meta":{"neve_meta_sidebar":"","neve_meta_container":"","neve_meta_enable_content_width":"off","neve_meta_content_width":100,"neve_meta_title_alignment":"","neve_meta_author_avatar":"","neve_post_elements_order":"","neve_meta_disable_header":"","neve_meta_disable_footer":"","neve_meta_disable_title":"","neve_meta_reading_time":"","footnotes":""},"class_list":["post-580","page","type-page","status-publish","has-post-thumbnail","hentry"],"yoast_head":"<!-- This site is optimized with the Yoast SEO plugin v26.6 - https:\/\/yoast.com\/wordpress\/plugins\/seo\/ -->\n<title>Smoking areas at Manchester Airport (MAN)<\/title>\n<meta name=\"description\" content=\"Smoking areas Manchester Airport - Find a smoking area in the airport \u2714\ufe0e Smoking Guide in Airports: Information for Travelers \u2714\ufe0e\" \/>\n<meta name=\"robots\" content=\"index, follow, max-snippet:-1, max-image-preview:large, max-video-preview:-1\" \/>\n<link rel=\"canonical\" href=\"https:\/\/airportsmokinglounge.com\/tr\/manchester-havaalanindaki-sigara-icme-alanlari-adam\/\" \/>\n<meta property=\"og:locale\" content=\"tr_TR\" \/>\n<meta property=\"og:type\" content=\"article\" \/>\n<meta property=\"og:title\" content=\"Smoking areas at Manchester Airport (MAN)\" \/>\n<meta property=\"og:description\" content=\"Smoking areas Manchester Airport - Find a smoking area in the airport \u2714\ufe0e Smoking Guide in Airports: Information for Travelers \u2714\ufe0e\" \/>\n<meta property=\"og:url\" content=\"https:\/\/airportsmokinglounge.com\/tr\/manchester-havaalanindaki-sigara-icme-alanlari-adam\/\" \/>\n<meta property=\"og:site_name\" content=\"airportsmokinglounge.com\" \/>\n<meta property=\"article:modified_time\" content=\"2023-05-13T12:32:05+00:00\" \/>\n<meta property=\"og:image\" content=\"https:\/\/airportsmokinglounge.com\/wp-content\/uploads\/2023\/03\/airport-smoking-lounge-4.jpg\" \/>\n\t<meta property=\"og:image:width\" content=\"2048\" \/>\n\t<meta property=\"og:image:height\" content=\"1152\" \/>\n\t<meta property=\"og:image:type\" content=\"image\/jpeg\" \/>\n<meta name=\"twitter:card\" content=\"summary_large_image\" \/>\n<meta name=\"twitter:label1\" content=\"Tahmini okuma s\u00fcresi\" \/>\n\t<meta name=\"twitter:data1\" content=\"4 dakika\" \/>\n<script type=\"application\/ld+json\" class=\"yoast-schema-graph\">{\"@context\":\"https:\/\/schema.org\",\"@graph\":[{\"@type\":\"WebPage\",\"@id\":\"https:\/\/airportsmokinglounge.com\/smoking-areas-at-manchester-airport-man\/\",\"url\":\"https:\/\/airportsmokinglounge.com\/smoking-areas-at-manchester-airport-man\/\",\"name\":\"Smoking areas at Manchester Airport (MAN)\",\"isPartOf\":{\"@id\":\"https:\/\/airportsmokinglounge.com\/#website\"},\"primaryImageOfPage\":{\"@id\":\"https:\/\/airportsmokinglounge.com\/smoking-areas-at-manchester-airport-man\/#primaryimage\"},\"image\":{\"@id\":\"https:\/\/airportsmokinglounge.com\/smoking-areas-at-manchester-airport-man\/#primaryimage\"},\"thumbnailUrl\":\"https:\/\/airportsmokinglounge.com\/wp-content\/uploads\/2023\/03\/airport-smoking-lounge-4.jpg\",\"datePublished\":\"2023-03-15T18:51:38+00:00\",\"dateModified\":\"2023-05-13T12:32:05+00:00\",\"description\":\"Smoking areas Manchester Airport - Find a smoking area in the airport \u2714\ufe0e Smoking Guide in Airports: Information for Travelers \u2714\ufe0e\",\"breadcrumb\":{\"@id\":\"https:\/\/airportsmokinglounge.com\/smoking-areas-at-manchester-airport-man\/#breadcrumb\"},\"inLanguage\":\"tr\",\"potentialAction\":[{\"@type\":\"ReadAction\",\"target\":[\"https:\/\/airportsmokinglounge.com\/smoking-areas-at-manchester-airport-man\/\"]}]},{\"@type\":\"ImageObject\",\"inLanguage\":\"tr\",\"@id\":\"https:\/\/airportsmokinglounge.com\/smoking-areas-at-manchester-airport-man\/#primaryimage\",\"url\":\"https:\/\/airportsmokinglounge.com\/wp-content\/uploads\/2023\/03\/airport-smoking-lounge-4.jpg\",\"contentUrl\":\"https:\/\/airportsmokinglounge.com\/wp-content\/uploads\/2023\/03\/airport-smoking-lounge-4.jpg\",\"width\":2048,\"height\":1152,\"caption\":\"Airport Smoking\"},{\"@type\":\"BreadcrumbList\",\"@id\":\"https:\/\/airportsmokinglounge.com\/smoking-areas-at-manchester-airport-man\/#breadcrumb\",\"itemListElement\":[{\"@type\":\"ListItem\",\"position\":1,\"name\":\"Home\",\"item\":\"https:\/\/airportsmokinglounge.com\/\"},{\"@type\":\"ListItem\",\"position\":2,\"name\":\"Smoking areas at Manchester Airport (MAN)\"}]},{\"@type\":\"WebSite\",\"@id\":\"https:\/\/airportsmokinglounge.com\/#website\",\"url\":\"https:\/\/airportsmokinglounge.com\/\",\"name\":\"airportsmokinglounge.com\",\"description\":\"\",\"potentialAction\":[{\"@type\":\"SearchAction\",\"target\":{\"@type\":\"EntryPoint\",\"urlTemplate\":\"https:\/\/airportsmokinglounge.com\/?s={search_term_string}\"},\"query-input\":{\"@type\":\"PropertyValueSpecification\",\"valueRequired\":true,\"valueName\":\"search_term_string\"}}],\"inLanguage\":\"tr\"}]}<\/script>\n<!-- \/ Yoast SEO plugin. -->","yoast_head_json":{"title":"Manchester Havaliman\u0131&#039;ndaki (MAN) sigara i\u00e7me alanlar\u0131","description":"Sigara i\u00e7ilebilen alanlar Manchester Havaalan\u0131 - Havaalan\u0131nda sigara i\u00e7ilebilen bir alan bulun \u2714\ufe0e Havalimanlar\u0131nda Sigara \u0130\u00e7me Rehberi: Gezginler i\u00e7in Bilgiler \u2714\ufe0e","robots":{"index":"index","follow":"follow","max-snippet":"max-snippet:-1","max-image-preview":"max-image-preview:large","max-video-preview":"max-video-preview:-1"},"canonical":"https:\/\/airportsmokinglounge.com\/tr\/manchester-havaalanindaki-sigara-icme-alanlari-adam\/","og_locale":"tr_TR","og_type":"article","og_title":"Smoking areas at Manchester Airport (MAN)","og_description":"Smoking areas Manchester Airport - Find a smoking area in the airport \u2714\ufe0e Smoking Guide in Airports: Information for Travelers \u2714\ufe0e","og_url":"https:\/\/airportsmokinglounge.com\/tr\/manchester-havaalanindaki-sigara-icme-alanlari-adam\/","og_site_name":"airportsmokinglounge.com","article_modified_time":"2023-05-13T12:32:05+00:00","og_image":[{"width":2048,"height":1152,"url":"https:\/\/airportsmokinglounge.com\/wp-content\/uploads\/2023\/03\/airport-smoking-lounge-4.jpg","type":"image\/jpeg"}],"twitter_card":"summary_large_image","twitter_misc":{"Tahmini okuma s\u00fcresi":"4 dakika"},"schema":{"@context":"https:\/\/schema.org","@graph":[{"@type":"WebPage","@id":"https:\/\/airportsmokinglounge.com\/smoking-areas-at-manchester-airport-man\/","url":"https:\/\/airportsmokinglounge.com\/smoking-areas-at-manchester-airport-man\/","name":"Manchester Havaliman\u0131&#039;ndaki (MAN) sigara i\u00e7me alanlar\u0131","isPartOf":{"@id":"https:\/\/airportsmokinglounge.com\/#website"},"primaryImageOfPage":{"@id":"https:\/\/airportsmokinglounge.com\/smoking-areas-at-manchester-airport-man\/#primaryimage"},"image":{"@id":"https:\/\/airportsmokinglounge.com\/smoking-areas-at-manchester-airport-man\/#primaryimage"},"thumbnailUrl":"https:\/\/airportsmokinglounge.com\/wp-content\/uploads\/2023\/03\/airport-smoking-lounge-4.jpg","datePublished":"2023-03-15T18:51:38+00:00","dateModified":"2023-05-13T12:32:05+00:00","description":"Sigara i\u00e7ilebilen alanlar Manchester Havaalan\u0131 - Havaalan\u0131nda sigara i\u00e7ilebilen bir alan bulun \u2714\ufe0e Havalimanlar\u0131nda Sigara \u0130\u00e7me Rehberi: Gezginler i\u00e7in Bilgiler \u2714\ufe0e","breadcrumb":{"@id":"https:\/\/airportsmokinglounge.com\/smoking-areas-at-manchester-airport-man\/#breadcrumb"},"inLanguage":"tr","potentialAction":[{"@type":"ReadAction","target":["https:\/\/airportsmokinglounge.com\/smoking-areas-at-manchester-airport-man\/"]}]},{"@type":"ImageObject","inLanguage":"tr","@id":"https:\/\/airportsmokinglounge.com\/smoking-areas-at-manchester-airport-man\/#primaryimage","url":"https:\/\/airportsmokinglounge.com\/wp-content\/uploads\/2023\/03\/airport-smoking-lounge-4.jpg","contentUrl":"https:\/\/airportsmokinglounge.com\/wp-content\/uploads\/2023\/03\/airport-smoking-lounge-4.jpg","width":2048,"height":1152,"caption":"Airport Smoking"},{"@type":"BreadcrumbList","@id":"https:\/\/airportsmokinglounge.com\/smoking-areas-at-manchester-airport-man\/#breadcrumb","itemListElement":[{"@type":"ListItem","position":1,"name":"Home","item":"https:\/\/airportsmokinglounge.com\/"},{"@type":"ListItem","position":2,"name":"Smoking areas at Manchester Airport (MAN)"}]},{"@type":"WebSite","@id":"https:\/\/airportsmokinglounge.com\/#website","url":"https:\/\/airportsmokinglounge.com\/","name":"havaalan\u0131sigara salonu.com","description":"","potentialAction":[{"@type":"SearchAction","target":{"@type":"EntryPoint","urlTemplate":"https:\/\/airportsmokinglounge.com\/?s={search_term_string}"},"query-input":{"@type":"PropertyValueSpecification","valueRequired":true,"valueName":"search_term_string"}}],"inLanguage":"tr"}]}},"_links":{"self":[{"href":"https:\/\/airportsmokinglounge.com\/tr\/wp-json\/wp\/v2\/pages\/580","targetHints":{"allow":["GET"]}}],"collection":[{"href":"https:\/\/airportsmokinglounge.com\/tr\/wp-json\/wp\/v2\/pages"}],"about":[{"href":"https:\/\/airportsmokinglounge.com\/tr\/wp-json\/wp\/v2\/types\/page"}],"author":[{"embeddable":true,"href":"https:\/\/airportsmokinglounge.com\/tr\/wp-json\/wp\/v2\/users\/1"}],"replies":[{"embeddable":true,"href":"https:\/\/airportsmokinglounge.com\/tr\/wp-json\/wp\/v2\/comments?post=580"}],"version-history":[{"count":10,"href":"https:\/\/airportsmokinglounge.com\/tr\/wp-json\/wp\/v2\/pages\/580\/revisions"}],"predecessor-version":[{"id":4951,"href":"https:\/\/airportsmokinglounge.com\/tr\/wp-json\/wp\/v2\/pages\/580\/revisions\/4951"}],"wp:featuredmedia":[{"embeddable":true,"href":"https:\/\/airportsmokinglounge.com\/tr\/wp-json\/wp\/v2\/media\/1199"}],"wp:attachment":[{"href":"https:\/\/airportsmokinglounge.com\/tr\/wp-json\/wp\/v2\/media?parent=580"}],"curies":[{"name":"wp","href":"https:\/\/api.w.org\/{rel}","templated":true}]}}