{"id":5810,"date":"2023-05-22T22:51:45","date_gmt":"2023-05-22T20:51:45","guid":{"rendered":"https:\/\/airportsmokinglounge.com\/?page_id=5810"},"modified":"2023-05-22T22:51:45","modified_gmt":"2023-05-22T20:51:45","slug":"smoking-areas-at-kabul-hamid-karzai-international-airport-kbl","status":"publish","type":"page","link":"https:\/\/airportsmokinglounge.com\/tr\/kabil-hamid-karzai-uluslararasi-havaalani-kblde-sigara-icme-alanlari\/","title":{"rendered":"KAB\u0130L \u2013 HAMID KARZAI ULUSLARARASI HAVAL\u0130MANI (KBL) sigara i\u00e7me alanlar\u0131"},"content":{"rendered":"<p>Hamid Karzai Uluslararas\u0131 Havaalan\u0131 (KBL), eski ad\u0131yla Kabil Uluslararas\u0131 Havaalan\u0131, Afganistan&#039;\u0131n Kabil kentindeki ana uluslararas\u0131 havaalan\u0131d\u0131r. Ad\u0131n\u0131 Afganistan&#039;\u0131n eski Devlet Ba\u015fkan\u0131 Hamid Karzai&#039;den alm\u0131\u015ft\u0131r. Havaalan\u0131, Afganistan&#039;a ve Afganistan&#039;dan hem i\u00e7 hatlar hem de uluslararas\u0131 u\u00e7u\u015flar i\u00e7in birincil giri\u015f kap\u0131s\u0131 olarak hizmet vermektedir.<\/p>\n<p>Hamid Karzai Uluslararas\u0131 Havaliman\u0131, yolculara check-in kontuarlar\u0131, g\u00fcvenlik kontrol noktalar\u0131, g\u00f6\u00e7menlik ve g\u00fcmr\u00fck prosed\u00fcrleri, duty-free ma\u011fazalar\u0131, restoranlar, dinlenme salonlar\u0131 ve ara\u00e7 kiralama hizmetleri gibi \u00e7e\u015fitli hizmetler ve olanaklar sunmaktad\u0131r. D\u00fcnyan\u0131n d\u00f6rt bir yan\u0131ndaki b\u00fcy\u00fck \u015fehirlere ve bu \u015fehirlerden u\u00e7u\u015flar ger\u00e7ekle\u015ftiren \u00e7e\u015fitli havayollar\u0131 i\u00e7in bir merkez g\u00f6revi g\u00f6rmektedir.<\/p>\n<h2>G\u00fcvenlik Kontrol\u00fc \u00f6ncesi sigara i\u00e7ilen alanlar<\/h2>\n<ul>\n<li><span style=\"font-size: 14pt;\">Sadece terminalin d\u0131\u015f\u0131nda sigara i\u00e7ilebilir<\/span><\/li>\n<\/ul>\n<h2>G\u00fcvenlik Kontrol\u00fcnden Sonra Sigara \u0130\u00e7ilen Alanlar<\/h2>\n<ul>\n<li><span style=\"font-size: 14pt;\">\u015eu anda, havaliman\u0131 i\u00e7indeki sigara i\u00e7me tesisleri ile ilgili herhangi bir bilgi bulunmamaktad\u0131r.<\/span><\/li>\n<\/ul>\n<p><strong><span style=\"font-size: 14pt;\">Bize geri bildirim g\u00f6nderin<\/span><\/strong><\/p>\n<p><span style=\"font-size: 14pt;\">Uluslararas\u0131 Havaalan\u0131ndaysan\u0131z, bize sigara i\u00e7ilen alanlar\u0131n foto\u011fraflar\u0131n\u0131 g\u00f6nderebilirsiniz. Bu, veritaban\u0131m\u0131z\u0131 daha h\u0131zl\u0131 doldurmam\u0131za yard\u0131mc\u0131 olacakt\u0131r. Bunu yapabilirsiniz <strong><a href=\"https:\/\/airportsmokinglounge.com\/tr\/temas-etmek\/\">Burada<\/a>.<\/strong> G\u00f6rseller, g\u00f6rsel kayna\u011f\u0131 (isim) belirtilerek sitemizde yay\u0131nlanmaktad\u0131r. Bu resimleri bizimle ve t\u00fcm Airport Smokinglounge.com ziyaret\u00e7ileriyle payla\u015fmaktan \u00e7ekinmeyin.<\/span>.<\/p>\n<h2>Afganistan Sigara Yasas\u0131<\/h2>\n<p>Afganistan&#039;da kapsaml\u0131 ulusal sigara yasalar\u0131 veya d\u00fczenlemeleri yoktur. Ancak, \u00fclke i\u00e7indeki belirli kamusal alanlarda veya belirli b\u00f6lgelerde sigara k\u0131s\u0131tlamalar\u0131 olabilir. Sigara normlar\u0131n\u0131n ve d\u00fczenlemelerinin Afganistan&#039;daki farkl\u0131 b\u00f6lgeler ve topluluklar aras\u0131nda de\u011fi\u015febilece\u011fini unutmamak \u00f6nemlidir.<\/p>\n<p>\u00dclke \u00e7ap\u0131nda sigara i\u00e7me yasalar\u0131 olmasa da, Afganistan&#039;\u0131n t\u00fct\u00fcn kullan\u0131m\u0131n\u0131 ve olumsuz sa\u011fl\u0131k etkilerini azaltmay\u0131 ama\u00e7layan uluslararas\u0131 bir anla\u015fma olan D\u00fcnya Sa\u011fl\u0131k \u00d6rg\u00fct\u00fc T\u00fct\u00fcn Kontrol\u00fc \u00c7er\u00e7eve S\u00f6zle\u015fmesi&#039;ne (WHO FCTC) taraf oldu\u011funu belirtmekte fayda var. \u0130mzalayan taraf olarak Afganistan, halk sa\u011fl\u0131\u011f\u0131n\u0131 korumak i\u00e7in t\u00fct\u00fcn kontrol \u00f6nlemleri ve stratejileri uygulamaya te\u015fvik edilmektedir.<\/p>\n<h3>S\u0131k\u00e7a Sorulan Sorular<\/h3>\n<h4>Havaliman\u0131 sigara i\u00e7me alanlar\u0131 7\/24 a\u00e7\u0131k m\u0131?<\/h4>\n<p>Havaliman\u0131 sigara i\u00e7me alanlar\u0131n\u0131n mevcudiyeti, havaliman\u0131na ve konuma g\u00f6re de\u011fi\u015fiklik g\u00f6sterebilir. Baz\u0131 sigara i\u00e7me alanlar\u0131 24 saat a\u00e7\u0131kken, baz\u0131lar\u0131nda k\u0131s\u0131tl\u0131 saatler olabilir veya belirli saatlerde kapal\u0131 olabilir. Sigara i\u00e7me alan\u0131n\u0131n \u00e7al\u0131\u015fma saatleri hakk\u0131nda \u00f6zel bilgi i\u00e7in havaalan\u0131na dan\u0131\u015fmak veya web sitelerini ziyaret etmek en iyisidir.<\/p>\n<h4>Sigara i\u00e7me alan\u0131na kendi yiyecek ve i\u00e7eceklerimi getirmeme izin verilir mi?<\/h4>\n<p>Bu, belirli sigara i\u00e7me alan\u0131na ve havaalan\u0131na ba\u011fl\u0131 olabilir. Baz\u0131 sigara i\u00e7me alanlar\u0131 d\u0131\u015far\u0131dan yiyecek ve i\u00e7eceklere izin verirken, baz\u0131lar\u0131nda k\u0131s\u0131tlamalar olabilir veya tamamen yasak olabilir. Belirli kurallar ve y\u00f6netmelikler i\u00e7in havaalan\u0131na veya sigara i\u00e7ilen alan tabelas\u0131na bakmak en iyisidir.<\/p>\n<h4>Havaliman\u0131ndaki t\u00fcm sigara i\u00e7ilen alanlarda sigara i\u00e7ilebilir mi?<\/h4>\n<p>Havaalan\u0131 sigara i\u00e7ilen alanlar\u0131n t\u00fcm\u00fc sigara i\u00e7ilmesine izin vermeyebilir. Baz\u0131 havalimanlar\u0131nda, geleneksel sigara i\u00e7me alanlar\u0131ndan ayr\u0131 elektronik sigara veya elektronik sigara i\u00e7in belirlenmi\u015f alanlar olabilir. Kullanmay\u0131 planlad\u0131\u011f\u0131n\u0131z sigara i\u00e7me alan\u0131 i\u00e7in \u00f6zel kural ve d\u00fczenlemeleri kontrol etti\u011finizden emin olun.<\/p>\n<h4>Sigara i\u00e7ilen alanlar klimal\u0131 m\u0131 yoksa \u0131s\u0131tmal\u0131 m\u0131?<\/h4>\n<p>Havaalan\u0131 sigara i\u00e7me alanlar\u0131n\u0131n s\u0131cakl\u0131\u011f\u0131 ve havaland\u0131rmas\u0131 b\u00fcy\u00fck \u00f6l\u00e7\u00fcde de\u011fi\u015febilir. Baz\u0131lar\u0131 klimal\u0131 veya \u0131s\u0131tmal\u0131 olabilirken, di\u011ferleri d\u0131\u015f etkenlerden s\u0131n\u0131rl\u0131 korumaya sahip a\u00e7\u0131k hava alanlar\u0131 olabilir. Ko\u015fullar\u0131 belirlemek ve buna g\u00f6re haz\u0131rlanmak i\u00e7in \u00f6nceden havaalan\u0131na dan\u0131\u015ft\u0131\u011f\u0131n\u0131zdan veya sigara i\u00e7me alan\u0131n\u0131 ziyaret etti\u011finizden emin olun.<\/p>\n<h4>Sigara i\u00e7ilen alanlar engelli yolcular i\u00e7in eri\u015filebilir mi?<\/h4>\n<p>Bir\u00e7ok havaalan\u0131, sigara i\u00e7me alanlar\u0131n\u0131 engelli yolcular\u0131n eri\u015fimine uygun hale getirmek i\u00e7in \u00e7aba sarf etmi\u015ftir. Ancak, belirli sigara i\u00e7me alanlar\u0131n\u0131n eri\u015filebilirli\u011fi b\u00fcy\u00fck \u00f6l\u00e7\u00fcde de\u011fi\u015febilir. Eri\u015filebilir olup olmad\u0131\u011f\u0131n\u0131 ve ihtiya\u00e7lar\u0131n\u0131z\u0131 kar\u015f\u0131lay\u0131p kar\u015f\u0131lamad\u0131\u011f\u0131n\u0131 belirlemek i\u00e7in havaalan\u0131na dan\u0131\u015ft\u0131\u011f\u0131n\u0131zdan veya sigara i\u00e7me alan\u0131n\u0131 \u00f6nceden ziyaret etti\u011finizden emin olun.<\/p>\n<p><span style=\"font-size: 14pt;\"><strong>Asya&#039;da sigara i\u00e7ilen alanlar<\/strong><\/span><\/p>\n<ul>\n<li><a href=\"https:\/\/airportsmokinglounge.com\/tr\/asyadaki-havaalanlarinda-sigara-icmek\/\"><span style=\"font-size: 14pt;\">Asya havaalanlar\u0131<\/span><\/a><\/li>\n<\/ul>","protected":false},"excerpt":{"rendered":"<p>Hamid Karzai International Airport (KBL), formerly known as Kabul International Airport, is the main international airport in Kabul, Afghanistan. It is named after Hamid Karzai, the former President of Afghanistan. The airport serves as the primary gateway for both domestic and international flights to and from Afghanistan. Hamid Karzai International Airport offers a range of&hellip;&nbsp;<a href=\"https:\/\/airportsmokinglounge.com\/tr\/kabil-hamid-karzai-uluslararasi-havaalani-kblde-sigara-icme-alanlari\/\" rel=\"bookmark\">Devam\u0131n\u0131 oku &quot;<span class=\"screen-reader-text\">KAB\u0130L \u2013 HAMID KARZAI ULUSLARARASI HAVAL\u0130MANI (KBL) sigara i\u00e7me alanlar\u0131<\/span><\/a><\/p>","protected":false},"author":1,"featured_media":1199,"parent":0,"menu_order":0,"comment_status":"closed","ping_status":"closed","template":"","meta":{"neve_meta_sidebar":"","neve_meta_container":"","neve_meta_enable_content_width":"off","neve_meta_content_width":100,"neve_meta_title_alignment":"","neve_meta_author_avatar":"","neve_post_elements_order":"","neve_meta_disable_header":"","neve_meta_disable_footer":"","neve_meta_disable_title":"","neve_meta_reading_time":"","footnotes":""},"class_list":["post-5810","page","type-page","status-publish","has-post-thumbnail","hentry"],"yoast_head":"<!-- This site is optimized with the Yoast SEO plugin v26.6 - https:\/\/yoast.com\/wordpress\/plugins\/seo\/ -->\n<title>Smoking areas at KABUL \u2013 HAMID KARZAI INTERNATIONAL AIRPORT (KBL)<\/title>\n<meta name=\"description\" content=\"Smoking areas KABUL \u2013 HAMID KARZAI INTERNATIONAL AIRPORT (KBL) - Find a smoking area in the airport \u2714\ufe0e Smoking Guide in Airports\" \/>\n<meta name=\"robots\" content=\"index, follow, max-snippet:-1, max-image-preview:large, max-video-preview:-1\" \/>\n<link rel=\"canonical\" href=\"https:\/\/airportsmokinglounge.com\/tr\/kabil-hamid-karzai-uluslararasi-havaalani-kblde-sigara-icme-alanlari\/\" \/>\n<meta property=\"og:locale\" content=\"tr_TR\" \/>\n<meta property=\"og:type\" content=\"article\" \/>\n<meta property=\"og:title\" content=\"Smoking areas at KABUL \u2013 HAMID KARZAI INTERNATIONAL AIRPORT (KBL)\" \/>\n<meta property=\"og:description\" content=\"Smoking areas KABUL \u2013 HAMID KARZAI INTERNATIONAL AIRPORT (KBL) - Find a smoking area in the airport \u2714\ufe0e Smoking Guide in Airports\" \/>\n<meta property=\"og:url\" content=\"https:\/\/airportsmokinglounge.com\/tr\/kabil-hamid-karzai-uluslararasi-havaalani-kblde-sigara-icme-alanlari\/\" \/>\n<meta property=\"og:site_name\" content=\"airportsmokinglounge.com\" \/>\n<meta property=\"og:image\" content=\"https:\/\/airportsmokinglounge.com\/wp-content\/uploads\/2023\/03\/airport-smoking-lounge-4.jpg\" \/>\n\t<meta property=\"og:image:width\" content=\"2048\" \/>\n\t<meta property=\"og:image:height\" content=\"1152\" \/>\n\t<meta property=\"og:image:type\" content=\"image\/jpeg\" \/>\n<meta name=\"twitter:card\" content=\"summary_large_image\" \/>\n<meta name=\"twitter:label1\" content=\"Tahmini okuma s\u00fcresi\" \/>\n\t<meta name=\"twitter:data1\" content=\"3 dakika\" \/>\n<script type=\"application\/ld+json\" class=\"yoast-schema-graph\">{\"@context\":\"https:\/\/schema.org\",\"@graph\":[{\"@type\":\"WebPage\",\"@id\":\"https:\/\/airportsmokinglounge.com\/smoking-areas-at-kabul-hamid-karzai-international-airport-kbl\/\",\"url\":\"https:\/\/airportsmokinglounge.com\/smoking-areas-at-kabul-hamid-karzai-international-airport-kbl\/\",\"name\":\"Smoking areas at KABUL \u2013 HAMID KARZAI INTERNATIONAL AIRPORT (KBL)\",\"isPartOf\":{\"@id\":\"https:\/\/airportsmokinglounge.com\/#website\"},\"primaryImageOfPage\":{\"@id\":\"https:\/\/airportsmokinglounge.com\/smoking-areas-at-kabul-hamid-karzai-international-airport-kbl\/#primaryimage\"},\"image\":{\"@id\":\"https:\/\/airportsmokinglounge.com\/smoking-areas-at-kabul-hamid-karzai-international-airport-kbl\/#primaryimage\"},\"thumbnailUrl\":\"https:\/\/airportsmokinglounge.com\/wp-content\/uploads\/2023\/03\/airport-smoking-lounge-4.jpg\",\"datePublished\":\"2023-05-22T20:51:45+00:00\",\"description\":\"Smoking areas KABUL \u2013 HAMID KARZAI INTERNATIONAL AIRPORT (KBL) - Find a smoking area in the airport \u2714\ufe0e Smoking Guide in Airports\",\"breadcrumb\":{\"@id\":\"https:\/\/airportsmokinglounge.com\/smoking-areas-at-kabul-hamid-karzai-international-airport-kbl\/#breadcrumb\"},\"inLanguage\":\"tr\",\"potentialAction\":[{\"@type\":\"ReadAction\",\"target\":[\"https:\/\/airportsmokinglounge.com\/smoking-areas-at-kabul-hamid-karzai-international-airport-kbl\/\"]}]},{\"@type\":\"ImageObject\",\"inLanguage\":\"tr\",\"@id\":\"https:\/\/airportsmokinglounge.com\/smoking-areas-at-kabul-hamid-karzai-international-airport-kbl\/#primaryimage\",\"url\":\"https:\/\/airportsmokinglounge.com\/wp-content\/uploads\/2023\/03\/airport-smoking-lounge-4.jpg\",\"contentUrl\":\"https:\/\/airportsmokinglounge.com\/wp-content\/uploads\/2023\/03\/airport-smoking-lounge-4.jpg\",\"width\":2048,\"height\":1152,\"caption\":\"Airport Smoking\"},{\"@type\":\"BreadcrumbList\",\"@id\":\"https:\/\/airportsmokinglounge.com\/smoking-areas-at-kabul-hamid-karzai-international-airport-kbl\/#breadcrumb\",\"itemListElement\":[{\"@type\":\"ListItem\",\"position\":1,\"name\":\"Home\",\"item\":\"https:\/\/airportsmokinglounge.com\/\"},{\"@type\":\"ListItem\",\"position\":2,\"name\":\"Smoking areas at KABUL \u2013 HAMID KARZAI INTERNATIONAL AIRPORT (KBL)\"}]},{\"@type\":\"WebSite\",\"@id\":\"https:\/\/airportsmokinglounge.com\/#website\",\"url\":\"https:\/\/airportsmokinglounge.com\/\",\"name\":\"airportsmokinglounge.com\",\"description\":\"\",\"potentialAction\":[{\"@type\":\"SearchAction\",\"target\":{\"@type\":\"EntryPoint\",\"urlTemplate\":\"https:\/\/airportsmokinglounge.com\/?s={search_term_string}\"},\"query-input\":{\"@type\":\"PropertyValueSpecification\",\"valueRequired\":true,\"valueName\":\"search_term_string\"}}],\"inLanguage\":\"tr\"}]}<\/script>\n<!-- \/ Yoast SEO plugin. -->","yoast_head_json":{"title":"KAB\u0130L \u2013 HAMID KARZAI ULUSLARARASI HAVAL\u0130MANI (KBL) sigara i\u00e7me alanlar\u0131","description":"Sigara i\u00e7me alanlar\u0131 KABUL \u2013 HAM\u0130D KARZA\u0130 ULUSLARARASI HAVAL\u0130MANI (KBL) - Havaalan\u0131nda sigara i\u00e7me alan\u0131 bulun \u2714\ufe0e Havaalanlar\u0131nda Sigara \u0130\u00e7me Rehberi","robots":{"index":"index","follow":"follow","max-snippet":"max-snippet:-1","max-image-preview":"max-image-preview:large","max-video-preview":"max-video-preview:-1"},"canonical":"https:\/\/airportsmokinglounge.com\/tr\/kabil-hamid-karzai-uluslararasi-havaalani-kblde-sigara-icme-alanlari\/","og_locale":"tr_TR","og_type":"article","og_title":"Smoking areas at KABUL \u2013 HAMID KARZAI INTERNATIONAL AIRPORT (KBL)","og_description":"Smoking areas KABUL \u2013 HAMID KARZAI INTERNATIONAL AIRPORT (KBL) - Find a smoking area in the airport \u2714\ufe0e Smoking Guide in Airports","og_url":"https:\/\/airportsmokinglounge.com\/tr\/kabil-hamid-karzai-uluslararasi-havaalani-kblde-sigara-icme-alanlari\/","og_site_name":"airportsmokinglounge.com","og_image":[{"width":2048,"height":1152,"url":"https:\/\/airportsmokinglounge.com\/wp-content\/uploads\/2023\/03\/airport-smoking-lounge-4.jpg","type":"image\/jpeg"}],"twitter_card":"summary_large_image","twitter_misc":{"Tahmini okuma s\u00fcresi":"3 dakika"},"schema":{"@context":"https:\/\/schema.org","@graph":[{"@type":"WebPage","@id":"https:\/\/airportsmokinglounge.com\/smoking-areas-at-kabul-hamid-karzai-international-airport-kbl\/","url":"https:\/\/airportsmokinglounge.com\/smoking-areas-at-kabul-hamid-karzai-international-airport-kbl\/","name":"KAB\u0130L \u2013 HAMID KARZAI ULUSLARARASI HAVAL\u0130MANI (KBL) sigara i\u00e7me alanlar\u0131","isPartOf":{"@id":"https:\/\/airportsmokinglounge.com\/#website"},"primaryImageOfPage":{"@id":"https:\/\/airportsmokinglounge.com\/smoking-areas-at-kabul-hamid-karzai-international-airport-kbl\/#primaryimage"},"image":{"@id":"https:\/\/airportsmokinglounge.com\/smoking-areas-at-kabul-hamid-karzai-international-airport-kbl\/#primaryimage"},"thumbnailUrl":"https:\/\/airportsmokinglounge.com\/wp-content\/uploads\/2023\/03\/airport-smoking-lounge-4.jpg","datePublished":"2023-05-22T20:51:45+00:00","description":"Sigara i\u00e7me alanlar\u0131 KABUL \u2013 HAM\u0130D KARZA\u0130 ULUSLARARASI HAVAL\u0130MANI (KBL) - Havaalan\u0131nda sigara i\u00e7me alan\u0131 bulun \u2714\ufe0e Havaalanlar\u0131nda Sigara \u0130\u00e7me Rehberi","breadcrumb":{"@id":"https:\/\/airportsmokinglounge.com\/smoking-areas-at-kabul-hamid-karzai-international-airport-kbl\/#breadcrumb"},"inLanguage":"tr","potentialAction":[{"@type":"ReadAction","target":["https:\/\/airportsmokinglounge.com\/smoking-areas-at-kabul-hamid-karzai-international-airport-kbl\/"]}]},{"@type":"ImageObject","inLanguage":"tr","@id":"https:\/\/airportsmokinglounge.com\/smoking-areas-at-kabul-hamid-karzai-international-airport-kbl\/#primaryimage","url":"https:\/\/airportsmokinglounge.com\/wp-content\/uploads\/2023\/03\/airport-smoking-lounge-4.jpg","contentUrl":"https:\/\/airportsmokinglounge.com\/wp-content\/uploads\/2023\/03\/airport-smoking-lounge-4.jpg","width":2048,"height":1152,"caption":"Airport Smoking"},{"@type":"BreadcrumbList","@id":"https:\/\/airportsmokinglounge.com\/smoking-areas-at-kabul-hamid-karzai-international-airport-kbl\/#breadcrumb","itemListElement":[{"@type":"ListItem","position":1,"name":"Home","item":"https:\/\/airportsmokinglounge.com\/"},{"@type":"ListItem","position":2,"name":"Smoking areas at KABUL \u2013 HAMID KARZAI INTERNATIONAL AIRPORT (KBL)"}]},{"@type":"WebSite","@id":"https:\/\/airportsmokinglounge.com\/#website","url":"https:\/\/airportsmokinglounge.com\/","name":"havaalan\u0131sigara salonu.com","description":"","potentialAction":[{"@type":"SearchAction","target":{"@type":"EntryPoint","urlTemplate":"https:\/\/airportsmokinglounge.com\/?s={search_term_string}"},"query-input":{"@type":"PropertyValueSpecification","valueRequired":true,"valueName":"search_term_string"}}],"inLanguage":"tr"}]}},"_links":{"self":[{"href":"https:\/\/airportsmokinglounge.com\/tr\/wp-json\/wp\/v2\/pages\/5810","targetHints":{"allow":["GET"]}}],"collection":[{"href":"https:\/\/airportsmokinglounge.com\/tr\/wp-json\/wp\/v2\/pages"}],"about":[{"href":"https:\/\/airportsmokinglounge.com\/tr\/wp-json\/wp\/v2\/types\/page"}],"author":[{"embeddable":true,"href":"https:\/\/airportsmokinglounge.com\/tr\/wp-json\/wp\/v2\/users\/1"}],"replies":[{"embeddable":true,"href":"https:\/\/airportsmokinglounge.com\/tr\/wp-json\/wp\/v2\/comments?post=5810"}],"version-history":[{"count":1,"href":"https:\/\/airportsmokinglounge.com\/tr\/wp-json\/wp\/v2\/pages\/5810\/revisions"}],"predecessor-version":[{"id":5811,"href":"https:\/\/airportsmokinglounge.com\/tr\/wp-json\/wp\/v2\/pages\/5810\/revisions\/5811"}],"wp:featuredmedia":[{"embeddable":true,"href":"https:\/\/airportsmokinglounge.com\/tr\/wp-json\/wp\/v2\/media\/1199"}],"wp:attachment":[{"href":"https:\/\/airportsmokinglounge.com\/tr\/wp-json\/wp\/v2\/media?parent=5810"}],"curies":[{"name":"wp","href":"https:\/\/api.w.org\/{rel}","templated":true}]}}