{"id":5826,"date":"2023-05-22T23:03:25","date_gmt":"2023-05-22T21:03:25","guid":{"rendered":"https:\/\/airportsmokinglounge.com\/?page_id=5826"},"modified":"2023-05-22T23:03:25","modified_gmt":"2023-05-22T21:03:25","slug":"smoking-areas-at-batam-island-hang-nadim-international-airport-bth","status":"publish","type":"page","link":"https:\/\/airportsmokinglounge.com\/tr\/batam-adasi-hang-nadim-uluslararasi-havalimaninda-bth-sigara-icme-alanlari\/","title":{"rendered":"BATAM ADASI \u2013 HANG NADIM ULUSLARARASI HAVAL\u0130MANI (BTH) sigara i\u00e7me alanlar\u0131"},"content":{"rendered":"<p>Hang Nadim Uluslararas\u0131 Havaalan\u0131 (BTH), Endonezya&#039;daki Batam Adas\u0131&#039;na hizmet veren ana havaalan\u0131d\u0131r. Riau Adalar\u0131 eyaletinin bir par\u00e7as\u0131 olan Batam \u015fehrinde yer almaktad\u0131r. Havaalan\u0131, \u015fehir merkezinin yakla\u015f\u0131k 15 kilometre (9,3 mil) g\u00fcneydo\u011fusunda yer almaktad\u0131r.<\/p>\n<p>Hang Nadim Uluslararas\u0131 Havaalan\u0131, hem i\u00e7 hem de d\u0131\u015f hat u\u00e7u\u015flar\u0131na hizmet veren b\u00f6lgedeki \u00f6nemli bir ula\u015f\u0131m merkezidir. Endonezya&#039;daki \u00e7e\u015fitli var\u0131\u015f noktalar\u0131na ve Asya&#039;daki bir\u00e7ok \u00fclkeye ba\u011flant\u0131lar sunar. Pop\u00fcler i\u00e7 hat rotalar\u0131 aras\u0131nda Jakarta, Surabaya, Medan ve Bali bulunurken, uluslararas\u0131 u\u00e7u\u015flar Batam&#039;\u0131 Singapur, Malezya, Tayland ve di\u011fer b\u00f6lgesel var\u0131\u015f noktalar\u0131na ba\u011flar.<\/p>\n<h2>G\u00fcvenlik Kontrol\u00fc \u00f6ncesi sigara i\u00e7ilen alanlar<\/h2>\n<ul>\n<li><span style=\"font-size: 14pt;\">Sadece terminalin d\u0131\u015f\u0131nda sigara i\u00e7ilebilir<\/span><\/li>\n<\/ul>\n<h2>G\u00fcvenlik Kontrol\u00fcnden Sonra Sigara \u0130\u00e7ilen Alanlar<\/h2>\n<ul>\n<li><span style=\"font-size: 14pt;\">\u015eu anda, havaliman\u0131 i\u00e7indeki sigara i\u00e7me tesisleri ile ilgili herhangi bir bilgi bulunmamaktad\u0131r.<\/span><\/li>\n<\/ul>\n<p><strong><span style=\"font-size: 14pt;\">Bize geri bildirim g\u00f6nderin<\/span><\/strong><\/p>\n<p><span style=\"font-size: 14pt;\">Havaalan\u0131ndaysan\u0131z, sigara i\u00e7ilen alanlar\u0131n resimlerini bize g\u00f6nderebilirsiniz. Bu, veritaban\u0131m\u0131z\u0131 daha h\u0131zl\u0131 doldurmam\u0131za yard\u0131mc\u0131 olacakt\u0131r. Bunu yapabilirsiniz <strong><a href=\"https:\/\/airportsmokinglounge.com\/tr\/temas-etmek\/\">Burada<\/a>.<\/strong> G\u00f6rseller, g\u00f6rsel kayna\u011f\u0131 (isim) belirtilerek sitemizde yay\u0131nlanmaktad\u0131r. Bu resimleri bizimle ve t\u00fcm Airport Smokinglounge.com ziyaret\u00e7ileriyle payla\u015fmaktan \u00e7ekinmeyin.<\/span>.<\/p>\n<h2>Endonezya Sigara Yasas\u0131<\/h2>\n<p>Endonezya&#039;da t\u00fct\u00fcn kullan\u0131m\u0131na ili\u015fkin halk sa\u011fl\u0131\u011f\u0131 endi\u015felerini gidermek i\u00e7in sigara i\u00e7me d\u00fczenlemeleri bulunmaktad\u0131r. Ancak Endonezya&#039;da sigara i\u00e7meyle ilgili yasa ve d\u00fczenlemelerin farkl\u0131 b\u00f6lgelere g\u00f6re de\u011fi\u015febilece\u011fini ve yapt\u0131r\u0131mlar\u0131n da de\u011fi\u015febilece\u011fini unutmamak \u00f6nemlidir.<\/p>\n<p>Endonezya&#039;da sigara i\u00e7me k\u0131s\u0131tlamalar\u0131 genellikle h\u00fck\u00fcmet binalar\u0131, sa\u011fl\u0131k tesisleri, e\u011fitim kurumlar\u0131 ve toplu ta\u015f\u0131ma gibi belirli kapal\u0131 halka a\u00e7\u0131k alanlara odaklanmaktad\u0131r. Ancak bu s\u0131n\u0131rlamalar\u0131n uygulanmas\u0131nda ve icras\u0131nda farkl\u0131l\u0131klar olabilir.<\/p>\n<p>Endonezya&#039;da 18 ya\u015f\u0131n alt\u0131ndaki ki\u015filere t\u00fct\u00fcn \u00fcr\u00fcnlerinin sat\u0131\u015f\u0131 yasakt\u0131r, ancak bu yasa\u011f\u0131n uygulanmas\u0131 \u00e7e\u015fitli fakt\u00f6rler nedeniyle zorlay\u0131c\u0131 olabilir.<\/p>\n<p>Endonezya t\u00fct\u00fcn reklam\u0131, tan\u0131t\u0131m\u0131 ve sponsorlu\u011funa ili\u015fkin baz\u0131 d\u00fczenlemeleri uygulamaya koymu\u015ftur ancak bu d\u00fczenlemeler di\u011fer baz\u0131 \u00fclkelerdeki kadar kapsaml\u0131 olmayabilir.<\/p>\n<p>Endonezya&#039;da, sa\u011fl\u0131k kampanyalar\u0131 ve sigara ambalajlar\u0131 \u00fczerindeki uyar\u0131 etiketleri de dahil olmak \u00fczere, sigara i\u00e7menin sa\u011fl\u0131k riskleri konusunda halk\u0131n bilin\u00e7lendirilmesine y\u00f6nelik \u00e7abalar sarf edilmektedir. Ancak \u00fclkede t\u00fct\u00fcn \u00fcr\u00fcnleri \u00fczerinde \u015fu anda grafik resimli sa\u011fl\u0131k uyar\u0131lar\u0131 bulunmuyor.<\/p>\n<p>Endonezya&#039;da sigara i\u00e7menin nispeten yayg\u0131n oldu\u011funu ve sigara i\u00e7me d\u00fczenlemelerinin t\u00fcm alanlarda tam olarak uygulanmas\u0131n\u0131n \u00f6nemli bir zorluk oldu\u011funu belirtmekte fayda var.<\/p>\n<p>Endonezya&#039;daki belirli \u015fehir veya b\u00f6lgelerdeki sigara i\u00e7me yasalar\u0131na ili\u015fkin en do\u011fru ve g\u00fcncel bilgi i\u00e7in yerel d\u00fczenlemelere ba\u015fvurman\u0131z veya yerel yetkililere veya sa\u011fl\u0131k kurulu\u015flar\u0131na ba\u015fvurman\u0131z \u00f6nerilir.<\/p>\n<h3>S\u0131k\u00e7a Sorulan Sorular<\/h3>\n<h4>Havaliman\u0131 sigara i\u00e7me alanlar\u0131 7\/24 a\u00e7\u0131k m\u0131?<\/h4>\n<p>Havaliman\u0131 sigara i\u00e7me alanlar\u0131n\u0131n mevcudiyeti, havaliman\u0131na ve konuma g\u00f6re de\u011fi\u015fiklik g\u00f6sterebilir. Baz\u0131 sigara i\u00e7me alanlar\u0131 24 saat a\u00e7\u0131kken, baz\u0131lar\u0131nda k\u0131s\u0131tl\u0131 saatler olabilir veya belirli saatlerde kapal\u0131 olabilir. Sigara i\u00e7me alan\u0131n\u0131n \u00e7al\u0131\u015fma saatleri hakk\u0131nda \u00f6zel bilgi i\u00e7in havaalan\u0131na dan\u0131\u015fmak veya web sitelerini ziyaret etmek en iyisidir.<\/p>\n<h4>Sigara i\u00e7me alan\u0131na kendi yiyecek ve i\u00e7eceklerimi getirmeme izin verilir mi?<\/h4>\n<p>Bu, belirli sigara i\u00e7me alan\u0131na ve havaalan\u0131na ba\u011fl\u0131 olabilir. Baz\u0131 sigara i\u00e7me alanlar\u0131 d\u0131\u015far\u0131dan yiyecek ve i\u00e7eceklere izin verirken, baz\u0131lar\u0131nda k\u0131s\u0131tlamalar olabilir veya tamamen yasak olabilir. Belirli kurallar ve y\u00f6netmelikler i\u00e7in havaalan\u0131na veya sigara i\u00e7ilen alan tabelas\u0131na bakmak en iyisidir.<\/p>\n<h4>Havaliman\u0131ndaki t\u00fcm sigara i\u00e7ilen alanlarda sigara i\u00e7ilebilir mi?<\/h4>\n<p>Havaalan\u0131 sigara i\u00e7ilen alanlar\u0131n t\u00fcm\u00fc sigara i\u00e7ilmesine izin vermeyebilir. Baz\u0131 havalimanlar\u0131nda, geleneksel sigara i\u00e7me alanlar\u0131ndan ayr\u0131 elektronik sigara veya elektronik sigara i\u00e7in belirlenmi\u015f alanlar olabilir. Kullanmay\u0131 planlad\u0131\u011f\u0131n\u0131z sigara i\u00e7me alan\u0131 i\u00e7in \u00f6zel kural ve d\u00fczenlemeleri kontrol etti\u011finizden emin olun.<\/p>\n<h4>Sigara i\u00e7ilen alanlar klimal\u0131 m\u0131 yoksa \u0131s\u0131tmal\u0131 m\u0131?<\/h4>\n<p>Havaalan\u0131 sigara i\u00e7me alanlar\u0131n\u0131n s\u0131cakl\u0131\u011f\u0131 ve havaland\u0131rmas\u0131 b\u00fcy\u00fck \u00f6l\u00e7\u00fcde de\u011fi\u015febilir. Baz\u0131lar\u0131 klimal\u0131 veya \u0131s\u0131tmal\u0131 olabilirken, di\u011ferleri d\u0131\u015f etkenlerden s\u0131n\u0131rl\u0131 korumaya sahip a\u00e7\u0131k hava alanlar\u0131 olabilir. Ko\u015fullar\u0131 belirlemek ve buna g\u00f6re haz\u0131rlanmak i\u00e7in \u00f6nceden havaalan\u0131na dan\u0131\u015ft\u0131\u011f\u0131n\u0131zdan veya sigara i\u00e7me alan\u0131n\u0131 ziyaret etti\u011finizden emin olun.<\/p>\n<h4>Sigara i\u00e7ilen alanlar engelli yolcular i\u00e7in eri\u015filebilir mi?<\/h4>\n<p>Bir\u00e7ok havaalan\u0131, sigara i\u00e7me alanlar\u0131n\u0131 engelli yolcular\u0131n eri\u015fimine uygun hale getirmek i\u00e7in \u00e7aba sarf etmi\u015ftir. Ancak, belirli sigara i\u00e7me alanlar\u0131n\u0131n eri\u015filebilirli\u011fi b\u00fcy\u00fck \u00f6l\u00e7\u00fcde de\u011fi\u015febilir. Eri\u015filebilir olup olmad\u0131\u011f\u0131n\u0131 ve ihtiya\u00e7lar\u0131n\u0131z\u0131 kar\u015f\u0131lay\u0131p kar\u015f\u0131lamad\u0131\u011f\u0131n\u0131 belirlemek i\u00e7in havaalan\u0131na dan\u0131\u015ft\u0131\u011f\u0131n\u0131zdan veya sigara i\u00e7me alan\u0131n\u0131 \u00f6nceden ziyaret etti\u011finizden emin olun.<\/p>\n<p><strong>Endonezya konumunda di\u011fer Havaalan\u0131:<\/strong><\/p>\n<ul>\n<li><a href=\"https:\/\/airportsmokinglounge.com\/tr\/endonezyadaki-havaalanlarinda-sigara-icilebilen-alanlar\/\">Endonezya&#039;daki havalimanlar\u0131<\/a><\/li>\n<\/ul>\n<p><strong>Asya&#039;da sigara i\u00e7ilen alanlar<\/strong><\/p>\n<ul>\n<li><a href=\"https:\/\/airportsmokinglounge.com\/tr\/asyadaki-havaalanlarinda-sigara-icmek\/\">Asya havaalanlar\u0131<\/a><\/li>\n<\/ul>","protected":false},"excerpt":{"rendered":"<p>Hang Nadim International Airport (BTH) is the main airport serving Batam Island in Indonesia. It is located in the city of Batam, which is part of the Riau Islands province. The airport is situated approximately 15 kilometers (9.3 miles) southeast of the city center. Hang Nadim International Airport is a major transportation hub in the&hellip;&nbsp;<a href=\"https:\/\/airportsmokinglounge.com\/tr\/batam-adasi-hang-nadim-uluslararasi-havalimaninda-bth-sigara-icme-alanlari\/\" rel=\"bookmark\">Devam\u0131n\u0131 oku &quot;<span class=\"screen-reader-text\">BATAM ADASI \u2013 HANG NADIM ULUSLARARASI HAVAL\u0130MANI (BTH) sigara i\u00e7me alanlar\u0131<\/span><\/a><\/p>","protected":false},"author":1,"featured_media":1199,"parent":0,"menu_order":0,"comment_status":"closed","ping_status":"closed","template":"","meta":{"neve_meta_sidebar":"","neve_meta_container":"","neve_meta_enable_content_width":"off","neve_meta_content_width":100,"neve_meta_title_alignment":"","neve_meta_author_avatar":"","neve_post_elements_order":"","neve_meta_disable_header":"","neve_meta_disable_footer":"","neve_meta_disable_title":"","neve_meta_reading_time":"","footnotes":""},"class_list":["post-5826","page","type-page","status-publish","has-post-thumbnail","hentry"],"yoast_head":"<!-- This site is optimized with the Yoast SEO plugin v26.6 - https:\/\/yoast.com\/wordpress\/plugins\/seo\/ -->\n<title>Smoking areas at BATAM ISLAND \u2013 HANG NADIM INTERNATIONAL AIRPORT (BTH)<\/title>\n<meta name=\"description\" content=\"Smoking areas at BATAM ISLAND \u2013 HANG NADIM INTERNATIONAL AIRPORT (BTH) - Find a smoking area in the airport \u2714\ufe0e Smoking Guide in Airports\" \/>\n<meta name=\"robots\" content=\"index, follow, max-snippet:-1, max-image-preview:large, max-video-preview:-1\" \/>\n<link rel=\"canonical\" href=\"https:\/\/airportsmokinglounge.com\/tr\/batam-adasi-hang-nadim-uluslararasi-havalimaninda-bth-sigara-icme-alanlari\/\" \/>\n<meta property=\"og:locale\" content=\"tr_TR\" \/>\n<meta property=\"og:type\" content=\"article\" \/>\n<meta property=\"og:title\" content=\"Smoking areas at BATAM ISLAND \u2013 HANG NADIM INTERNATIONAL AIRPORT (BTH)\" \/>\n<meta property=\"og:description\" content=\"Smoking areas at BATAM ISLAND \u2013 HANG NADIM INTERNATIONAL AIRPORT (BTH) - Find a smoking area in the airport \u2714\ufe0e Smoking Guide in Airports\" \/>\n<meta property=\"og:url\" content=\"https:\/\/airportsmokinglounge.com\/tr\/batam-adasi-hang-nadim-uluslararasi-havalimaninda-bth-sigara-icme-alanlari\/\" \/>\n<meta property=\"og:site_name\" content=\"airportsmokinglounge.com\" \/>\n<meta property=\"og:image\" content=\"https:\/\/airportsmokinglounge.com\/wp-content\/uploads\/2023\/03\/airport-smoking-lounge-4.jpg\" \/>\n\t<meta property=\"og:image:width\" content=\"2048\" \/>\n\t<meta property=\"og:image:height\" content=\"1152\" \/>\n\t<meta property=\"og:image:type\" content=\"image\/jpeg\" \/>\n<meta name=\"twitter:card\" content=\"summary_large_image\" \/>\n<meta name=\"twitter:label1\" content=\"Tahmini okuma s\u00fcresi\" \/>\n\t<meta name=\"twitter:data1\" content=\"3 dakika\" \/>\n<script type=\"application\/ld+json\" class=\"yoast-schema-graph\">{\"@context\":\"https:\/\/schema.org\",\"@graph\":[{\"@type\":\"WebPage\",\"@id\":\"https:\/\/airportsmokinglounge.com\/smoking-areas-at-batam-island-hang-nadim-international-airport-bth\/\",\"url\":\"https:\/\/airportsmokinglounge.com\/smoking-areas-at-batam-island-hang-nadim-international-airport-bth\/\",\"name\":\"Smoking areas at BATAM ISLAND \u2013 HANG NADIM INTERNATIONAL AIRPORT (BTH)\",\"isPartOf\":{\"@id\":\"https:\/\/airportsmokinglounge.com\/#website\"},\"primaryImageOfPage\":{\"@id\":\"https:\/\/airportsmokinglounge.com\/smoking-areas-at-batam-island-hang-nadim-international-airport-bth\/#primaryimage\"},\"image\":{\"@id\":\"https:\/\/airportsmokinglounge.com\/smoking-areas-at-batam-island-hang-nadim-international-airport-bth\/#primaryimage\"},\"thumbnailUrl\":\"https:\/\/airportsmokinglounge.com\/wp-content\/uploads\/2023\/03\/airport-smoking-lounge-4.jpg\",\"datePublished\":\"2023-05-22T21:03:25+00:00\",\"description\":\"Smoking areas at BATAM ISLAND \u2013 HANG NADIM INTERNATIONAL AIRPORT (BTH) - Find a smoking area in the airport \u2714\ufe0e Smoking Guide in Airports\",\"breadcrumb\":{\"@id\":\"https:\/\/airportsmokinglounge.com\/smoking-areas-at-batam-island-hang-nadim-international-airport-bth\/#breadcrumb\"},\"inLanguage\":\"tr\",\"potentialAction\":[{\"@type\":\"ReadAction\",\"target\":[\"https:\/\/airportsmokinglounge.com\/smoking-areas-at-batam-island-hang-nadim-international-airport-bth\/\"]}]},{\"@type\":\"ImageObject\",\"inLanguage\":\"tr\",\"@id\":\"https:\/\/airportsmokinglounge.com\/smoking-areas-at-batam-island-hang-nadim-international-airport-bth\/#primaryimage\",\"url\":\"https:\/\/airportsmokinglounge.com\/wp-content\/uploads\/2023\/03\/airport-smoking-lounge-4.jpg\",\"contentUrl\":\"https:\/\/airportsmokinglounge.com\/wp-content\/uploads\/2023\/03\/airport-smoking-lounge-4.jpg\",\"width\":2048,\"height\":1152,\"caption\":\"Airport Smoking\"},{\"@type\":\"BreadcrumbList\",\"@id\":\"https:\/\/airportsmokinglounge.com\/smoking-areas-at-batam-island-hang-nadim-international-airport-bth\/#breadcrumb\",\"itemListElement\":[{\"@type\":\"ListItem\",\"position\":1,\"name\":\"Home\",\"item\":\"https:\/\/airportsmokinglounge.com\/\"},{\"@type\":\"ListItem\",\"position\":2,\"name\":\"Smoking areas at BATAM ISLAND \u2013 HANG NADIM INTERNATIONAL AIRPORT (BTH)\"}]},{\"@type\":\"WebSite\",\"@id\":\"https:\/\/airportsmokinglounge.com\/#website\",\"url\":\"https:\/\/airportsmokinglounge.com\/\",\"name\":\"airportsmokinglounge.com\",\"description\":\"\",\"potentialAction\":[{\"@type\":\"SearchAction\",\"target\":{\"@type\":\"EntryPoint\",\"urlTemplate\":\"https:\/\/airportsmokinglounge.com\/?s={search_term_string}\"},\"query-input\":{\"@type\":\"PropertyValueSpecification\",\"valueRequired\":true,\"valueName\":\"search_term_string\"}}],\"inLanguage\":\"tr\"}]}<\/script>\n<!-- \/ Yoast SEO plugin. -->","yoast_head_json":{"title":"BATAM ADASI \u2013 HANG NADIM ULUSLARARASI HAVAL\u0130MANI (BTH) sigara i\u00e7me alanlar\u0131","description":"BATAM ADASI&#039;ndaki sigara i\u00e7me alanlar\u0131 \u2013 HANG NADIM ULUSLARARASI HAVAL\u0130MANI (BTH) - Havaalan\u0131nda sigara i\u00e7me alan\u0131 bulun \u2714\ufe0e Havaalanlar\u0131nda Sigara \u0130\u00e7me Rehberi","robots":{"index":"index","follow":"follow","max-snippet":"max-snippet:-1","max-image-preview":"max-image-preview:large","max-video-preview":"max-video-preview:-1"},"canonical":"https:\/\/airportsmokinglounge.com\/tr\/batam-adasi-hang-nadim-uluslararasi-havalimaninda-bth-sigara-icme-alanlari\/","og_locale":"tr_TR","og_type":"article","og_title":"Smoking areas at BATAM ISLAND \u2013 HANG NADIM INTERNATIONAL AIRPORT (BTH)","og_description":"Smoking areas at BATAM ISLAND \u2013 HANG NADIM INTERNATIONAL AIRPORT (BTH) - Find a smoking area in the airport \u2714\ufe0e Smoking Guide in Airports","og_url":"https:\/\/airportsmokinglounge.com\/tr\/batam-adasi-hang-nadim-uluslararasi-havalimaninda-bth-sigara-icme-alanlari\/","og_site_name":"airportsmokinglounge.com","og_image":[{"width":2048,"height":1152,"url":"https:\/\/airportsmokinglounge.com\/wp-content\/uploads\/2023\/03\/airport-smoking-lounge-4.jpg","type":"image\/jpeg"}],"twitter_card":"summary_large_image","twitter_misc":{"Tahmini okuma s\u00fcresi":"3 dakika"},"schema":{"@context":"https:\/\/schema.org","@graph":[{"@type":"WebPage","@id":"https:\/\/airportsmokinglounge.com\/smoking-areas-at-batam-island-hang-nadim-international-airport-bth\/","url":"https:\/\/airportsmokinglounge.com\/smoking-areas-at-batam-island-hang-nadim-international-airport-bth\/","name":"BATAM ADASI \u2013 HANG NADIM ULUSLARARASI HAVAL\u0130MANI (BTH) sigara i\u00e7me alanlar\u0131","isPartOf":{"@id":"https:\/\/airportsmokinglounge.com\/#website"},"primaryImageOfPage":{"@id":"https:\/\/airportsmokinglounge.com\/smoking-areas-at-batam-island-hang-nadim-international-airport-bth\/#primaryimage"},"image":{"@id":"https:\/\/airportsmokinglounge.com\/smoking-areas-at-batam-island-hang-nadim-international-airport-bth\/#primaryimage"},"thumbnailUrl":"https:\/\/airportsmokinglounge.com\/wp-content\/uploads\/2023\/03\/airport-smoking-lounge-4.jpg","datePublished":"2023-05-22T21:03:25+00:00","description":"BATAM ADASI&#039;ndaki sigara i\u00e7me alanlar\u0131 \u2013 HANG NADIM ULUSLARARASI HAVAL\u0130MANI (BTH) - Havaalan\u0131nda sigara i\u00e7me alan\u0131 bulun \u2714\ufe0e Havaalanlar\u0131nda Sigara \u0130\u00e7me Rehberi","breadcrumb":{"@id":"https:\/\/airportsmokinglounge.com\/smoking-areas-at-batam-island-hang-nadim-international-airport-bth\/#breadcrumb"},"inLanguage":"tr","potentialAction":[{"@type":"ReadAction","target":["https:\/\/airportsmokinglounge.com\/smoking-areas-at-batam-island-hang-nadim-international-airport-bth\/"]}]},{"@type":"ImageObject","inLanguage":"tr","@id":"https:\/\/airportsmokinglounge.com\/smoking-areas-at-batam-island-hang-nadim-international-airport-bth\/#primaryimage","url":"https:\/\/airportsmokinglounge.com\/wp-content\/uploads\/2023\/03\/airport-smoking-lounge-4.jpg","contentUrl":"https:\/\/airportsmokinglounge.com\/wp-content\/uploads\/2023\/03\/airport-smoking-lounge-4.jpg","width":2048,"height":1152,"caption":"Airport Smoking"},{"@type":"BreadcrumbList","@id":"https:\/\/airportsmokinglounge.com\/smoking-areas-at-batam-island-hang-nadim-international-airport-bth\/#breadcrumb","itemListElement":[{"@type":"ListItem","position":1,"name":"Home","item":"https:\/\/airportsmokinglounge.com\/"},{"@type":"ListItem","position":2,"name":"Smoking areas at BATAM ISLAND \u2013 HANG NADIM INTERNATIONAL AIRPORT (BTH)"}]},{"@type":"WebSite","@id":"https:\/\/airportsmokinglounge.com\/#website","url":"https:\/\/airportsmokinglounge.com\/","name":"havaalan\u0131sigara salonu.com","description":"","potentialAction":[{"@type":"SearchAction","target":{"@type":"EntryPoint","urlTemplate":"https:\/\/airportsmokinglounge.com\/?s={search_term_string}"},"query-input":{"@type":"PropertyValueSpecification","valueRequired":true,"valueName":"search_term_string"}}],"inLanguage":"tr"}]}},"_links":{"self":[{"href":"https:\/\/airportsmokinglounge.com\/tr\/wp-json\/wp\/v2\/pages\/5826","targetHints":{"allow":["GET"]}}],"collection":[{"href":"https:\/\/airportsmokinglounge.com\/tr\/wp-json\/wp\/v2\/pages"}],"about":[{"href":"https:\/\/airportsmokinglounge.com\/tr\/wp-json\/wp\/v2\/types\/page"}],"author":[{"embeddable":true,"href":"https:\/\/airportsmokinglounge.com\/tr\/wp-json\/wp\/v2\/users\/1"}],"replies":[{"embeddable":true,"href":"https:\/\/airportsmokinglounge.com\/tr\/wp-json\/wp\/v2\/comments?post=5826"}],"version-history":[{"count":1,"href":"https:\/\/airportsmokinglounge.com\/tr\/wp-json\/wp\/v2\/pages\/5826\/revisions"}],"predecessor-version":[{"id":5827,"href":"https:\/\/airportsmokinglounge.com\/tr\/wp-json\/wp\/v2\/pages\/5826\/revisions\/5827"}],"wp:featuredmedia":[{"embeddable":true,"href":"https:\/\/airportsmokinglounge.com\/tr\/wp-json\/wp\/v2\/media\/1199"}],"wp:attachment":[{"href":"https:\/\/airportsmokinglounge.com\/tr\/wp-json\/wp\/v2\/media?parent=5826"}],"curies":[{"name":"wp","href":"https:\/\/api.w.org\/{rel}","templated":true}]}}