{"id":5859,"date":"2023-05-22T23:42:50","date_gmt":"2023-05-22T21:42:50","guid":{"rendered":"https:\/\/airportsmokinglounge.com\/?page_id=5859"},"modified":"2023-05-22T23:42:50","modified_gmt":"2023-05-22T21:42:50","slug":"smoking-areas-at-aden-international-airport-ade","status":"publish","type":"page","link":"https:\/\/airportsmokinglounge.com\/tr\/aden-uluslararasi-havalimaninda-sigara-icilen-alanlar-ade\/","title":{"rendered":"ADEN ULUSLARARASI HAVAL\u0130MANI&#039;nda (ADE) sigara i\u00e7me alanlar\u0131"},"content":{"rendered":"<p>Aden Uluslararas\u0131 Havaliman\u0131 (ADE), Yemen&#039;deki bir \u015fehir olan Aden&#039;e hizmet veren ana uluslararas\u0131 havaliman\u0131d\u0131r. \u015eehir merkezinin yakla\u015f\u0131k 10 kilometre kuzeydo\u011fusunda yer almaktad\u0131r. Havaliman\u0131, Aden&#039;i Yemen&#039;deki ve di\u011fer \u00fclkelerdeki \u00e7e\u015fitli var\u0131\u015f noktalar\u0131na ba\u011flayan i\u00e7 ve d\u0131\u015f hat u\u00e7u\u015flar\u0131 sunmaktad\u0131r. B\u00f6lgede hem yolcular hem de kargo i\u00e7in \u00f6nemli bir ula\u015f\u0131m merkezi g\u00f6revi g\u00f6rmektedir.<\/p>\n<h2>G\u00fcvenlik Kontrol\u00fc \u00f6ncesi sigara i\u00e7ilen alanlar<\/h2>\n<ul>\n<li><span style=\"font-size: 14pt;\">Sadece terminalin d\u0131\u015f\u0131nda sigara i\u00e7ilebilir<\/span><\/li>\n<\/ul>\n<h2>G\u00fcvenlik Kontrol\u00fcnden Sonra Sigara \u0130\u00e7ilen Alanlar<\/h2>\n<ul>\n<li><span style=\"font-size: 14pt;\">\u015eu anda, havaliman\u0131 i\u00e7indeki sigara i\u00e7me tesisleri ile ilgili herhangi bir bilgi bulunmamaktad\u0131r.<\/span><\/li>\n<\/ul>\n<p><strong><span style=\"font-size: 14pt;\">Bize geri bildirim g\u00f6nderin<\/span><\/strong><\/p>\n<p><span style=\"font-size: 14pt;\">Havaalan\u0131ndaysan\u0131z, sigara i\u00e7ilen alanlar\u0131n resimlerini bize g\u00f6nderebilirsiniz. Bu, veritaban\u0131m\u0131z\u0131 daha h\u0131zl\u0131 doldurmam\u0131za yard\u0131mc\u0131 olacakt\u0131r. Bunu yapabilirsiniz <strong><a href=\"https:\/\/airportsmokinglounge.com\/tr\/temas-etmek\/\">Burada<\/a>.<\/strong> G\u00f6rseller, g\u00f6rsel kayna\u011f\u0131 (isim) belirtilerek sitemizde yay\u0131nlanmaktad\u0131r. Bu resimleri bizimle ve t\u00fcm Airport Smokinglounge.com ziyaret\u00e7ileriyle payla\u015fmaktan \u00e7ekinmeyin.<\/span>.<\/p>\n<h2>Yemen Sigara Yasas\u0131<\/h2>\n<p>Yemen&#039;de \u00fclke \u00e7ap\u0131nda belirli sigara i\u00e7me yasalar\u0131 veya d\u00fczenlemeleri yoktur. Sigara i\u00e7mek genellikle restoranlar, kafeler ve al\u0131\u015fveri\u015f merkezleri gibi kapal\u0131 alanlar dahil olmak \u00fczere halka a\u00e7\u0131k yerlerde serbesttir. Ancak, sigara i\u00e7me d\u00fczenlemelerinin ve sigara i\u00e7meye y\u00f6nelik tutumlar\u0131n b\u00f6lgeye veya kurulu\u015fa ba\u011fl\u0131 olarak de\u011fi\u015febilece\u011fini belirtmekte fayda var.<\/p>\n<p>Yemen&#039;de kapsaml\u0131 sigara yasa\u011f\u0131 veya k\u0131s\u0131tlamas\u0131 olmasa da, yerel toplumun tercihlerine ve k\u00fclt\u00fcrel normlar\u0131na sayg\u0131 g\u00f6stermek \u00f6nemlidir. Baz\u0131 i\u015fletmeler veya kamusal alanlar sigara i\u00e7me konusunda kendi politikalar\u0131na sahip olabilir ve gerekirse belirli y\u00f6nergeler veya belirlenmi\u015f sigara i\u00e7me alanlar\u0131 hakk\u0131nda bilgi almak tavsiye edilir.<\/p>\n<p>Yemen&#039;in, di\u011fer bir\u00e7ok \u00fclke gibi, t\u00fct\u00fcn kullan\u0131m\u0131na ba\u011fl\u0131 \u00f6nemli sa\u011fl\u0131k sorunlar\u0131yla kar\u015f\u0131 kar\u015f\u0131ya oldu\u011funu belirtmekte fayda var. Sigara i\u00e7mek \u00e7e\u015fitli sa\u011fl\u0131k riskleriyle ili\u015fkilendirilir ve bireyler olumsuz sa\u011fl\u0131k etkilerini g\u00f6z \u00f6n\u00fcnde bulundurmaya ve bilin\u00e7li se\u00e7imler yapmaya te\u015fvik edilir.<\/p>\n<p>Sigara yasalar\u0131 ve d\u00fczenlemeleri zamanla de\u011fi\u015febilece\u011finden, Yemen&#039;deki sigara yasalar\u0131 ve d\u00fczenlemeleri hakk\u0131nda en g\u00fcncel bilgileri edinmek i\u00e7in en son mevzuata ba\u015fvurman\u0131z veya yerel yetkililere ula\u015fman\u0131z \u00f6nerilir.<\/p>\n<h3>S\u0131k\u00e7a Sorulan Sorular<\/h3>\n<h4>Havaliman\u0131 sigara i\u00e7me alanlar\u0131 7\/24 a\u00e7\u0131k m\u0131?<\/h4>\n<p>Havaliman\u0131 sigara i\u00e7me alanlar\u0131n\u0131n mevcudiyeti, havaliman\u0131na ve konuma g\u00f6re de\u011fi\u015fiklik g\u00f6sterebilir. Baz\u0131 sigara i\u00e7me alanlar\u0131 24 saat a\u00e7\u0131kken, baz\u0131lar\u0131nda k\u0131s\u0131tl\u0131 saatler olabilir veya belirli saatlerde kapal\u0131 olabilir. Sigara i\u00e7me alan\u0131n\u0131n \u00e7al\u0131\u015fma saatleri hakk\u0131nda \u00f6zel bilgi i\u00e7in havaalan\u0131na dan\u0131\u015fmak veya web sitelerini ziyaret etmek en iyisidir.<\/p>\n<h4>Sigara i\u00e7me alan\u0131na kendi yiyecek ve i\u00e7eceklerimi getirmeme izin verilir mi?<\/h4>\n<p>Bu, belirli sigara i\u00e7me alan\u0131na ve havaalan\u0131na ba\u011fl\u0131 olabilir. Baz\u0131 sigara i\u00e7me alanlar\u0131 d\u0131\u015far\u0131dan yiyecek ve i\u00e7eceklere izin verirken, baz\u0131lar\u0131nda k\u0131s\u0131tlamalar olabilir veya tamamen yasak olabilir. Belirli kurallar ve y\u00f6netmelikler i\u00e7in havaalan\u0131na veya sigara i\u00e7ilen alan tabelas\u0131na bakmak en iyisidir.<\/p>\n<h4>Havaliman\u0131ndaki t\u00fcm sigara i\u00e7ilen alanlarda sigara i\u00e7ilebilir mi?<\/h4>\n<p>Havaalan\u0131 sigara i\u00e7ilen alanlar\u0131n t\u00fcm\u00fc sigara i\u00e7ilmesine izin vermeyebilir. Baz\u0131 havalimanlar\u0131nda, geleneksel sigara i\u00e7me alanlar\u0131ndan ayr\u0131 elektronik sigara veya elektronik sigara i\u00e7in belirlenmi\u015f alanlar olabilir. Kullanmay\u0131 planlad\u0131\u011f\u0131n\u0131z sigara i\u00e7me alan\u0131 i\u00e7in \u00f6zel kural ve d\u00fczenlemeleri kontrol etti\u011finizden emin olun.<\/p>\n<h4>Sigara i\u00e7ilen alanlar klimal\u0131 m\u0131 yoksa \u0131s\u0131tmal\u0131 m\u0131?<\/h4>\n<p>Havaalan\u0131 sigara i\u00e7me alanlar\u0131n\u0131n s\u0131cakl\u0131\u011f\u0131 ve havaland\u0131rmas\u0131 b\u00fcy\u00fck \u00f6l\u00e7\u00fcde de\u011fi\u015febilir. Baz\u0131lar\u0131 klimal\u0131 veya \u0131s\u0131tmal\u0131 olabilirken, di\u011ferleri d\u0131\u015f etkenlerden s\u0131n\u0131rl\u0131 korumaya sahip a\u00e7\u0131k hava alanlar\u0131 olabilir. Ko\u015fullar\u0131 belirlemek ve buna g\u00f6re haz\u0131rlanmak i\u00e7in \u00f6nceden havaalan\u0131na dan\u0131\u015ft\u0131\u011f\u0131n\u0131zdan veya sigara i\u00e7me alan\u0131n\u0131 ziyaret etti\u011finizden emin olun.<\/p>\n<h4>Sigara i\u00e7ilen alanlar engelli yolcular i\u00e7in eri\u015filebilir mi?<\/h4>\n<p>Bir\u00e7ok havaalan\u0131, sigara i\u00e7me alanlar\u0131n\u0131 engelli yolcular\u0131n eri\u015fimine uygun hale getirmek i\u00e7in \u00e7aba sarf etmi\u015ftir. Ancak, belirli sigara i\u00e7me alanlar\u0131n\u0131n eri\u015filebilirli\u011fi b\u00fcy\u00fck \u00f6l\u00e7\u00fcde de\u011fi\u015febilir. Eri\u015filebilir olup olmad\u0131\u011f\u0131n\u0131 ve ihtiya\u00e7lar\u0131n\u0131z\u0131 kar\u015f\u0131lay\u0131p kar\u015f\u0131lamad\u0131\u011f\u0131n\u0131 belirlemek i\u00e7in havaalan\u0131na dan\u0131\u015ft\u0131\u011f\u0131n\u0131zdan veya sigara i\u00e7me alan\u0131n\u0131 \u00f6nceden ziyaret etti\u011finizden emin olun.<\/p>\n<p><strong>Asya&#039;da sigara i\u00e7ilen alanlar<\/strong><\/p>\n<ul>\n<li><a href=\"https:\/\/airportsmokinglounge.com\/tr\/asyadaki-havaalanlarinda-sigara-icmek\/\">Asya havaalanlar\u0131<\/a><\/li>\n<\/ul>","protected":false},"excerpt":{"rendered":"<p>Aden International Airport (ADE) is the main international airport serving Aden, a city in Yemen. It is located approximately 10 kilometers northeast of the city center. The airport offers domestic and international flights, connecting Aden to various destinations in Yemen and other countries. It serves as an important transportation hub for both passengers and cargo&hellip;&nbsp;<a href=\"https:\/\/airportsmokinglounge.com\/tr\/aden-uluslararasi-havalimaninda-sigara-icilen-alanlar-ade\/\" rel=\"bookmark\">Devam\u0131n\u0131 oku &quot;<span class=\"screen-reader-text\">ADEN ULUSLARARASI HAVAL\u0130MANI&#039;nda (ADE) sigara i\u00e7me alanlar\u0131<\/span><\/a><\/p>","protected":false},"author":1,"featured_media":1199,"parent":0,"menu_order":0,"comment_status":"closed","ping_status":"closed","template":"","meta":{"neve_meta_sidebar":"","neve_meta_container":"","neve_meta_enable_content_width":"off","neve_meta_content_width":100,"neve_meta_title_alignment":"","neve_meta_author_avatar":"","neve_post_elements_order":"","neve_meta_disable_header":"","neve_meta_disable_footer":"","neve_meta_disable_title":"","neve_meta_reading_time":"","footnotes":""},"class_list":["post-5859","page","type-page","status-publish","has-post-thumbnail","hentry"],"yoast_head":"<!-- This site is optimized with the Yoast SEO plugin v26.6 - https:\/\/yoast.com\/wordpress\/plugins\/seo\/ -->\n<title>Smoking areas at ADEN INTERNATIONAL AIRPORT (ADE)<\/title>\n<meta name=\"description\" content=\"Smoking areas at ADEN INTERNATIONAL AIRPORT (ADE) - Find a smoking area in the airport \u2714\ufe0e Smoking Guide in Airports: Information for\" \/>\n<meta name=\"robots\" content=\"index, follow, max-snippet:-1, max-image-preview:large, max-video-preview:-1\" \/>\n<link rel=\"canonical\" href=\"https:\/\/airportsmokinglounge.com\/tr\/aden-uluslararasi-havalimaninda-sigara-icilen-alanlar-ade\/\" \/>\n<meta property=\"og:locale\" content=\"tr_TR\" \/>\n<meta property=\"og:type\" content=\"article\" \/>\n<meta property=\"og:title\" content=\"Smoking areas at ADEN INTERNATIONAL AIRPORT (ADE)\" \/>\n<meta property=\"og:description\" content=\"Smoking areas at ADEN INTERNATIONAL AIRPORT (ADE) - Find a smoking area in the airport \u2714\ufe0e Smoking Guide in Airports: Information for\" \/>\n<meta property=\"og:url\" content=\"https:\/\/airportsmokinglounge.com\/tr\/aden-uluslararasi-havalimaninda-sigara-icilen-alanlar-ade\/\" \/>\n<meta property=\"og:site_name\" content=\"airportsmokinglounge.com\" \/>\n<meta property=\"og:image\" content=\"https:\/\/airportsmokinglounge.com\/wp-content\/uploads\/2023\/03\/airport-smoking-lounge-4.jpg\" \/>\n\t<meta property=\"og:image:width\" content=\"2048\" \/>\n\t<meta property=\"og:image:height\" content=\"1152\" \/>\n\t<meta property=\"og:image:type\" content=\"image\/jpeg\" \/>\n<meta name=\"twitter:card\" content=\"summary_large_image\" \/>\n<meta name=\"twitter:label1\" content=\"Tahmini okuma s\u00fcresi\" \/>\n\t<meta name=\"twitter:data1\" content=\"3 dakika\" \/>\n<script type=\"application\/ld+json\" class=\"yoast-schema-graph\">{\"@context\":\"https:\/\/schema.org\",\"@graph\":[{\"@type\":\"WebPage\",\"@id\":\"https:\/\/airportsmokinglounge.com\/smoking-areas-at-aden-international-airport-ade\/\",\"url\":\"https:\/\/airportsmokinglounge.com\/smoking-areas-at-aden-international-airport-ade\/\",\"name\":\"Smoking areas at ADEN INTERNATIONAL AIRPORT (ADE)\",\"isPartOf\":{\"@id\":\"https:\/\/airportsmokinglounge.com\/#website\"},\"primaryImageOfPage\":{\"@id\":\"https:\/\/airportsmokinglounge.com\/smoking-areas-at-aden-international-airport-ade\/#primaryimage\"},\"image\":{\"@id\":\"https:\/\/airportsmokinglounge.com\/smoking-areas-at-aden-international-airport-ade\/#primaryimage\"},\"thumbnailUrl\":\"https:\/\/airportsmokinglounge.com\/wp-content\/uploads\/2023\/03\/airport-smoking-lounge-4.jpg\",\"datePublished\":\"2023-05-22T21:42:50+00:00\",\"description\":\"Smoking areas at ADEN INTERNATIONAL AIRPORT (ADE) - Find a smoking area in the airport \u2714\ufe0e Smoking Guide in Airports: Information for\",\"breadcrumb\":{\"@id\":\"https:\/\/airportsmokinglounge.com\/smoking-areas-at-aden-international-airport-ade\/#breadcrumb\"},\"inLanguage\":\"tr\",\"potentialAction\":[{\"@type\":\"ReadAction\",\"target\":[\"https:\/\/airportsmokinglounge.com\/smoking-areas-at-aden-international-airport-ade\/\"]}]},{\"@type\":\"ImageObject\",\"inLanguage\":\"tr\",\"@id\":\"https:\/\/airportsmokinglounge.com\/smoking-areas-at-aden-international-airport-ade\/#primaryimage\",\"url\":\"https:\/\/airportsmokinglounge.com\/wp-content\/uploads\/2023\/03\/airport-smoking-lounge-4.jpg\",\"contentUrl\":\"https:\/\/airportsmokinglounge.com\/wp-content\/uploads\/2023\/03\/airport-smoking-lounge-4.jpg\",\"width\":2048,\"height\":1152,\"caption\":\"Airport Smoking\"},{\"@type\":\"BreadcrumbList\",\"@id\":\"https:\/\/airportsmokinglounge.com\/smoking-areas-at-aden-international-airport-ade\/#breadcrumb\",\"itemListElement\":[{\"@type\":\"ListItem\",\"position\":1,\"name\":\"Home\",\"item\":\"https:\/\/airportsmokinglounge.com\/\"},{\"@type\":\"ListItem\",\"position\":2,\"name\":\"Smoking areas at ADEN INTERNATIONAL AIRPORT (ADE)\"}]},{\"@type\":\"WebSite\",\"@id\":\"https:\/\/airportsmokinglounge.com\/#website\",\"url\":\"https:\/\/airportsmokinglounge.com\/\",\"name\":\"airportsmokinglounge.com\",\"description\":\"\",\"potentialAction\":[{\"@type\":\"SearchAction\",\"target\":{\"@type\":\"EntryPoint\",\"urlTemplate\":\"https:\/\/airportsmokinglounge.com\/?s={search_term_string}\"},\"query-input\":{\"@type\":\"PropertyValueSpecification\",\"valueRequired\":true,\"valueName\":\"search_term_string\"}}],\"inLanguage\":\"tr\"}]}<\/script>\n<!-- \/ Yoast SEO plugin. -->","yoast_head_json":{"title":"ADEN ULUSLARARASI HAVAL\u0130MANI&#039;nda (ADE) sigara i\u00e7me alanlar\u0131","description":"ADEN ULUSLARARASI HAVAL\u0130MANI&#039;nda (ADE) sigara i\u00e7me alanlar\u0131 - Havaalan\u0131nda sigara i\u00e7me alan\u0131 bulun \u2714\ufe0e Havaalanlar\u0131nda Sigara \u0130\u00e7me Rehberi: Sigara \u0130\u00e7me Rehberi i\u00e7in bilgiler","robots":{"index":"index","follow":"follow","max-snippet":"max-snippet:-1","max-image-preview":"max-image-preview:large","max-video-preview":"max-video-preview:-1"},"canonical":"https:\/\/airportsmokinglounge.com\/tr\/aden-uluslararasi-havalimaninda-sigara-icilen-alanlar-ade\/","og_locale":"tr_TR","og_type":"article","og_title":"Smoking areas at ADEN INTERNATIONAL AIRPORT (ADE)","og_description":"Smoking areas at ADEN INTERNATIONAL AIRPORT (ADE) - Find a smoking area in the airport \u2714\ufe0e Smoking Guide in Airports: Information for","og_url":"https:\/\/airportsmokinglounge.com\/tr\/aden-uluslararasi-havalimaninda-sigara-icilen-alanlar-ade\/","og_site_name":"airportsmokinglounge.com","og_image":[{"width":2048,"height":1152,"url":"https:\/\/airportsmokinglounge.com\/wp-content\/uploads\/2023\/03\/airport-smoking-lounge-4.jpg","type":"image\/jpeg"}],"twitter_card":"summary_large_image","twitter_misc":{"Tahmini okuma s\u00fcresi":"3 dakika"},"schema":{"@context":"https:\/\/schema.org","@graph":[{"@type":"WebPage","@id":"https:\/\/airportsmokinglounge.com\/smoking-areas-at-aden-international-airport-ade\/","url":"https:\/\/airportsmokinglounge.com\/smoking-areas-at-aden-international-airport-ade\/","name":"ADEN ULUSLARARASI HAVAL\u0130MANI&#039;nda (ADE) sigara i\u00e7me alanlar\u0131","isPartOf":{"@id":"https:\/\/airportsmokinglounge.com\/#website"},"primaryImageOfPage":{"@id":"https:\/\/airportsmokinglounge.com\/smoking-areas-at-aden-international-airport-ade\/#primaryimage"},"image":{"@id":"https:\/\/airportsmokinglounge.com\/smoking-areas-at-aden-international-airport-ade\/#primaryimage"},"thumbnailUrl":"https:\/\/airportsmokinglounge.com\/wp-content\/uploads\/2023\/03\/airport-smoking-lounge-4.jpg","datePublished":"2023-05-22T21:42:50+00:00","description":"ADEN ULUSLARARASI HAVAL\u0130MANI&#039;nda (ADE) sigara i\u00e7me alanlar\u0131 - Havaalan\u0131nda sigara i\u00e7me alan\u0131 bulun \u2714\ufe0e Havaalanlar\u0131nda Sigara \u0130\u00e7me Rehberi: Sigara \u0130\u00e7me Rehberi i\u00e7in bilgiler","breadcrumb":{"@id":"https:\/\/airportsmokinglounge.com\/smoking-areas-at-aden-international-airport-ade\/#breadcrumb"},"inLanguage":"tr","potentialAction":[{"@type":"ReadAction","target":["https:\/\/airportsmokinglounge.com\/smoking-areas-at-aden-international-airport-ade\/"]}]},{"@type":"ImageObject","inLanguage":"tr","@id":"https:\/\/airportsmokinglounge.com\/smoking-areas-at-aden-international-airport-ade\/#primaryimage","url":"https:\/\/airportsmokinglounge.com\/wp-content\/uploads\/2023\/03\/airport-smoking-lounge-4.jpg","contentUrl":"https:\/\/airportsmokinglounge.com\/wp-content\/uploads\/2023\/03\/airport-smoking-lounge-4.jpg","width":2048,"height":1152,"caption":"Airport Smoking"},{"@type":"BreadcrumbList","@id":"https:\/\/airportsmokinglounge.com\/smoking-areas-at-aden-international-airport-ade\/#breadcrumb","itemListElement":[{"@type":"ListItem","position":1,"name":"Home","item":"https:\/\/airportsmokinglounge.com\/"},{"@type":"ListItem","position":2,"name":"Smoking areas at ADEN INTERNATIONAL AIRPORT (ADE)"}]},{"@type":"WebSite","@id":"https:\/\/airportsmokinglounge.com\/#website","url":"https:\/\/airportsmokinglounge.com\/","name":"havaalan\u0131sigara salonu.com","description":"","potentialAction":[{"@type":"SearchAction","target":{"@type":"EntryPoint","urlTemplate":"https:\/\/airportsmokinglounge.com\/?s={search_term_string}"},"query-input":{"@type":"PropertyValueSpecification","valueRequired":true,"valueName":"search_term_string"}}],"inLanguage":"tr"}]}},"_links":{"self":[{"href":"https:\/\/airportsmokinglounge.com\/tr\/wp-json\/wp\/v2\/pages\/5859","targetHints":{"allow":["GET"]}}],"collection":[{"href":"https:\/\/airportsmokinglounge.com\/tr\/wp-json\/wp\/v2\/pages"}],"about":[{"href":"https:\/\/airportsmokinglounge.com\/tr\/wp-json\/wp\/v2\/types\/page"}],"author":[{"embeddable":true,"href":"https:\/\/airportsmokinglounge.com\/tr\/wp-json\/wp\/v2\/users\/1"}],"replies":[{"embeddable":true,"href":"https:\/\/airportsmokinglounge.com\/tr\/wp-json\/wp\/v2\/comments?post=5859"}],"version-history":[{"count":1,"href":"https:\/\/airportsmokinglounge.com\/tr\/wp-json\/wp\/v2\/pages\/5859\/revisions"}],"predecessor-version":[{"id":5861,"href":"https:\/\/airportsmokinglounge.com\/tr\/wp-json\/wp\/v2\/pages\/5859\/revisions\/5861"}],"wp:featuredmedia":[{"embeddable":true,"href":"https:\/\/airportsmokinglounge.com\/tr\/wp-json\/wp\/v2\/media\/1199"}],"wp:attachment":[{"href":"https:\/\/airportsmokinglounge.com\/tr\/wp-json\/wp\/v2\/media?parent=5859"}],"curies":[{"name":"wp","href":"https:\/\/api.w.org\/{rel}","templated":true}]}}