{"id":59,"date":"2023-02-20T13:25:13","date_gmt":"2023-02-20T12:25:13","guid":{"rendered":"https:\/\/airportsmokinglounge.com\/?page_id=59"},"modified":"2023-05-22T17:12:29","modified_gmt":"2023-05-22T15:12:29","slug":"smoking-in-the-airports-of-north-america","status":"publish","type":"page","link":"https:\/\/airportsmokinglounge.com\/tr\/kuzey-amerikanin-havaalanlarinda-sigara-icmek\/","title":{"rendered":"Kuzey Amerika Havalimanlar\u0131nda Sigara \u0130\u00e7mek"},"content":{"rendered":"<p><span style=\"font-size: 14pt;\">Bu web sitesinde, belirlenmi\u015f sigara i\u00e7me alanlar\u0131 ve mevcut tesisler de dahil olmak \u00fczere, Kuzey Amerika havalimanlar\u0131ndaki t\u00fcm sigara i\u00e7me alanlar\u0131n\u0131 bulabilirsiniz. G\u00fcvenlikten ge\u00e7erken hi\u00e7bir yerde sigara i\u00e7ilen alan olmad\u0131\u011f\u0131n\u0131 ve baz\u0131 durumlarda e-sigaraya izin verilmeyebilece\u011fini g\u00f6rmenin yaratt\u0131\u011f\u0131 hayal k\u0131r\u0131kl\u0131\u011f\u0131n\u0131 anl\u0131yoruz. <\/span><\/p>\n<p><span style=\"font-size: 14pt;\">Bu hizmet, uzun u\u00e7u\u015flardan \u00f6nce veya sonra sigara keyfi yapmak isteyen t\u00fcm sigara i\u00e7enler i\u00e7indir.<\/span><\/p>\n<h2>Kuzey Amerika havalimanlar\u0131ndaki sigara i\u00e7me alanlar\u0131<\/h2>\n<p><span style=\"font-size: 14pt;\"><strong>\u00dclkenizi se\u00e7in:<\/strong><\/span><\/p>\n<ul style=\"list-style-type: circle;\">\n<li><a href=\"https:\/\/airportsmokinglounge.com\/tr\/alaska-havaalanlarinda-sigara-icme-alanlari\/\">ALASKA<\/a><\/li>\n<li><a href=\"https:\/\/airportsmokinglounge.com\/tr\/antigua-vc-bird-uluslararasi-havaalani-anu-at-sigara-alanlari\/\">ANT\u0130GUA VE BARBUDA<\/a><\/li>\n<li><a href=\"https:\/\/airportsmokinglounge.com\/tr\/amerika-birlesik-devletleri-havalimanlarindaki-sigara-icme-alanlari\/\">AMER\u0130KA B\u0130RLE\u015e\u0130K DEVLETLER\u0130<\/a><\/li>\n<li><a href=\"https:\/\/airportsmokinglounge.com\/tr\/bahamalar-havalimanlarindaki-sigara-icme-alanlari\/\">BAHAMALAR<\/a><\/li>\n<li><a href=\"https:\/\/airportsmokinglounge.com\/tr\/bridgetown-grantley-adams-havaalani-bgideki-sigara-icme-alanlari\/\">BARBADOS<\/a><\/li>\n<li><a href=\"https:\/\/airportsmokinglounge.com\/tr\/belize-havalimanlarindaki-sigara-icme-alanlari\/\">BEL\u0130Z<\/a><\/li>\n<li><a href=\"https:\/\/airportsmokinglounge.com\/tr\/kanadalar-havalimanlarindaki-sigara-icme-alanlari\/\">KANADA<\/a><\/li>\n<li><a href=\"https:\/\/airportsmokinglounge.com\/tr\/cayman-adalarindaki-sigara-icilebilen-alanlar-havaalanlari\/\">CAYMAN ADALARI<\/a><\/li>\n<li><a href=\"https:\/\/airportsmokinglounge.com\/tr\/kosta-rika-havaalanlarinda-sigara-alanlari\/\">KOSTA R\u0130KA<\/a><\/li>\n<li><a href=\"https:\/\/airportsmokinglounge.com\/tr\/kuba-havalimanlarindaki-sigara-icme-alanlari\/\">K\u00dcBA<\/a><\/li>\n<li><a href=\"https:\/\/airportsmokinglounge.com\/tr\/dominik-cumhuriyetindeki-havaalanlarinda-sigara-icilebilen-alanlar\/\">DOM\u0130N\u0130K CUMHUR\u0130YET\u0130<\/a><\/li>\n<li><a href=\"https:\/\/airportsmokinglounge.com\/tr\/oscar-arnulfo-romero-uluslararasi-havaalani-salda-sigara-icme-alanlari\/\">EL SALVADOR<\/a><\/li>\n<li><a href=\"https:\/\/airportsmokinglounge.com\/tr\/guatemala-havaalanlarindaki-sigara-icme-alanlari\/\">GUATEMALA<\/a><\/li>\n<li><a href=\"https:\/\/airportsmokinglounge.com\/tr\/guadeloupe-pointe-a-pitre-havaalaninda-sigara-icilebilen-alanlar-ptp\/\">GUADELOUPE<\/a><\/li>\n<li><a href=\"https:\/\/airportsmokinglounge.com\/tr\/grenada-maurice-bishop-havaalani-gnddeki-sigara-icme-alanlari\/\">GRENADA<\/a><\/li>\n<li><a href=\"https:\/\/airportsmokinglounge.com\/tr\/toussaint-louverture-havaalani-papta-sigara-icme-alanlari\/\">HA\u0130T\u0130<\/a><\/li>\n<li><a href=\"https:\/\/airportsmokinglounge.com\/tr\/honduras-havaalanlarindaki-sigara-icilebilen-alanlar\/\">HONDURAS<\/a><\/li>\n<li><a href=\"https:\/\/airportsmokinglounge.com\/tr\/jamaikadaki-havaalanlarinda-sigara-icilebilen-alanlar\/\">JAMA\u0130KA<\/a><\/li>\n<li><a href=\"https:\/\/airportsmokinglounge.com\/tr\/meksika-havalimanlarindaki-sigara-icme-alanlari\/\">MEKS\u0130KA<\/a><\/li>\n<li><a href=\"https:\/\/airportsmokinglounge.com\/tr\/martinikte-sigara-icme-alanlari-aime-casaire-havaalani-fdf\/\">martinik<\/a><\/li>\n<li><a href=\"https:\/\/airportsmokinglounge.com\/tr\/nikaragua-havalimanlarindaki-sigara-icme-alanlari\/\">N\u0130KARAGUA<\/a><\/li>\n<li><a href=\"https:\/\/airportsmokinglounge.com\/tr\/panamadaki-havaalani-sigara-icilen-alanlar\/\">PANAMA<\/a><\/li>\n<li><a href=\"https:\/\/airportsmokinglounge.com\/tr\/porto-riko-havaalanlarindaki-sigara-icilebilen-alanlar\/\">PORTO R\u0130KO<\/a><\/li>\n<li><a href=\"https:\/\/airportsmokinglounge.com\/tr\/saint-kitts-and-nevis-in-havalimani-sigara-icme-alanlari\/\">SAINT K\u0130TLER VE NEV\u0130SLER<\/a><\/li>\n<li><a href=\"https:\/\/airportsmokinglounge.com\/tr\/saint-luciadaki-havaalani-sigara-icme-alanlari\/\">SAINT LUCIA<\/a><\/li>\n<li><a href=\"https:\/\/airportsmokinglounge.com\/tr\/providenciales-uluslararasi-havaalaninda-pls-sigara-icme-alanlari\/\">TURKS VE CA\u0130COS ADALARI<\/a><\/li>\n<li><a href=\"https:\/\/airportsmokinglounge.com\/tr\/virgin-adalari-havaalanlarinda-sigara-icilebilen-alanlar\/\">V\u0130RG\u0130N ADALARI<\/a><\/li>\n<\/ul>\n<h2>Kuzey Amerika Havaalan\u0131 Sigara \u0130\u00e7enler Servisi<\/h2>\n<p><span style=\"font-size: 14pt;\">Kuzey Amerika havalimanlar\u0131n\u0131n \u00e7o\u011funlu\u011fu art\u0131k, terminaller, bekleme alanlar\u0131 ve otoparklar ile kald\u0131r\u0131mlar gibi a\u00e7\u0131k alanlar da dahil olmak \u00fczere havaliman\u0131n\u0131n t\u00fcm kapal\u0131 ve a\u00e7\u0131k alanlar\u0131nda sigara i\u00e7ilmesini yasaklayan dumans\u0131z politikalar uygulamaktad\u0131r.<\/span><\/p>\n<p><span style=\"font-size: 14pt;\">Kuzey Amerika havalimanlar\u0131nda sigara i\u00e7ilmesine genellikle izin verilmese de, baz\u0131 havalimanlar\u0131 terminallerin d\u0131\u015f\u0131nda belirlenmi\u015f sigara i\u00e7me alanlar\u0131 olu\u015fturmu\u015ftur. Bu alanlar genellikle ana terminal binas\u0131ndan uzakta belirlenmi\u015f d\u0131\u015f mekanlarda bulunur ve sigara i\u00e7enler i\u00e7in k\u00fcl tablalar\u0131, oturma yerleri ve bar\u0131naklarla donat\u0131labilir. Ancak, bu sigara i\u00e7me alanlar\u0131n\u0131n mevcudiyeti ve kalitesinin havaalan\u0131ndan havaalan\u0131na b\u00fcy\u00fck \u00f6l\u00e7\u00fcde de\u011fi\u015febilece\u011fini unutmamak \u00f6nemlidir.<\/span><\/p>\n<p><span style=\"font-size: 14pt;\">Seyahat edenlerin, seyahat ettikleri veya seyahat ettikleri havalimanlar\u0131ndaki yerel sigara i\u00e7me d\u00fczenlemeleri ve politikalar\u0131 hakk\u0131nda bilgi sahibi olmas\u0131 \u00f6nemlidir.<\/span><\/p>\n<p><span style=\"font-size: 14pt;\">Kuzey Amerika&#039;daki bir havaalan\u0131nda sigara i\u00e7me alan\u0131 bulmak i\u00e7in ihtiyac\u0131n\u0131z olan t\u00fcm bilgileri burada bulabilirsiniz.<\/span><\/p>\n<h3><span style=\"font-size: 14pt;\">Bize geri bildirim g\u00f6nderin<\/span><\/h3>\n<p><span style=\"font-size: 14pt;\">Herhangi bir Havaalan\u0131ndaysan\u0131z, bize sigara i\u00e7ilen alanlar\u0131n foto\u011fraflar\u0131n\u0131 g\u00f6nderebilirsiniz. Bu, veritaban\u0131m\u0131z\u0131 daha h\u0131zl\u0131 doldurmam\u0131za yard\u0131mc\u0131 olacakt\u0131r. Bunu yapabilirsiniz <strong><a href=\"https:\/\/airportsmokinglounge.com\/tr\/temas-etmek\/\">Burada<\/a>.<\/strong>\u00a0G\u00f6rseller, g\u00f6rsel kayna\u011f\u0131 (isim) belirtilerek sitemizde yay\u0131nlanmaktad\u0131r. Bu resimleri bizimle ve t\u00fcm Airport Smokinglounge.com ziyaret\u00e7ileriyle payla\u015fmaktan \u00e7ekinmeyin.<\/span><\/p>\n<p><strong><span style=\"font-size: 14pt;\">Daha fazla Havaalan\u0131 Sigara i\u00e7ilen alan<\/span><\/strong><\/p>\n<ul style=\"list-style-type: circle;\">\n<li><a href=\"https:\/\/airportsmokinglounge.com\/tr\/afrikada-havaalanlarinda-sigara-icmek\/\">Afrika<\/a><\/li>\n<li><a href=\"https:\/\/airportsmokinglounge.com\/tr\/guney-amerika-havaalanlarinda-sigara-icilmesi\/\">G\u00fcney Amerika<\/a><\/li>\n<li><a href=\"https:\/\/airportsmokinglounge.com\/tr\/avrupa-havalimanlarindaki-sigara-icme-alanlari\/\">Avrupa<\/a><\/li>\n<li><a href=\"https:\/\/airportsmokinglounge.com\/tr\/asyadaki-havaalanlarinda-sigara-icmek\/\">Asya<\/a><\/li>\n<li><a href=\"https:\/\/airportsmokinglounge.com\/tr\/okyanusya-havalimanlarinda-sigara-icmek\/\">Okyanusya<\/a><\/li>\n<\/ul>","protected":false},"excerpt":{"rendered":"<p>Bu web sitesinde, belirlenmi\u015f sigara i\u00e7me alanlar\u0131 ve mevcut tesisler dahil olmak \u00fczere Kuzey Amerika havaalanlar\u0131ndaki t\u00fcm sigara i\u00e7me alanlar\u0131n\u0131 bulabilirsiniz. G\u00fcvenlikten ge\u00e7tikten sonra hi\u00e7bir yerde sigara i\u00e7me alan\u0131 olmad\u0131\u011f\u0131n\u0131 ve baz\u0131 durumlarda e-sigaralar\u0131n izin verilmeyebilece\u011fini g\u00f6rmenin yaratt\u0131\u011f\u0131 hayal k\u0131r\u0131kl\u0131\u011f\u0131n\u0131 anl\u0131yoruz. Bu hizmet, isteyen t\u00fcm sigara i\u00e7enler i\u00e7indir\u2026&nbsp;<a href=\"https:\/\/airportsmokinglounge.com\/tr\/kuzey-amerikanin-havaalanlarinda-sigara-icmek\/\" rel=\"bookmark\">Devam\u0131n\u0131 oku &quot;<span class=\"screen-reader-text\">Kuzey Amerika Havalimanlar\u0131nda Sigara \u0130\u00e7mek<\/span><\/a><\/p>","protected":false},"author":1,"featured_media":1202,"parent":0,"menu_order":0,"comment_status":"closed","ping_status":"closed","template":"","meta":{"neve_meta_sidebar":"","neve_meta_container":"","neve_meta_enable_content_width":"off","neve_meta_content_width":100,"neve_meta_title_alignment":"","neve_meta_author_avatar":"","neve_post_elements_order":"","neve_meta_disable_header":"","neve_meta_disable_footer":"","neve_meta_disable_title":"","neve_meta_reading_time":"","footnotes":""},"class_list":["post-59","page","type-page","status-publish","has-post-thumbnail","hentry"],"yoast_head":"<!-- This site is optimized with the Yoast SEO plugin v26.6 - https:\/\/yoast.com\/wordpress\/plugins\/seo\/ -->\n<title>Smoking in the Airports of North America<\/title>\n<meta name=\"description\" content=\"Smoking in the Airports of North America \u2714\ufe0e A Comprehensive Guide to Smoking Areas and Smoking Policies in Major North American Airports \u2714\ufe0e\" \/>\n<meta name=\"robots\" content=\"index, follow, max-snippet:-1, max-image-preview:large, max-video-preview:-1\" \/>\n<link rel=\"canonical\" href=\"https:\/\/airportsmokinglounge.com\/tr\/kuzey-amerikanin-havaalanlarinda-sigara-icmek\/\" \/>\n<meta property=\"og:locale\" content=\"tr_TR\" \/>\n<meta property=\"og:type\" content=\"article\" \/>\n<meta property=\"og:title\" content=\"Smoking in the Airports of North America\" \/>\n<meta property=\"og:description\" content=\"Smoking in the Airports of North America \u2714\ufe0e A Comprehensive Guide to Smoking Areas and Smoking Policies in Major North American Airports \u2714\ufe0e\" \/>\n<meta property=\"og:url\" content=\"https:\/\/airportsmokinglounge.com\/tr\/kuzey-amerikanin-havaalanlarinda-sigara-icmek\/\" \/>\n<meta property=\"og:site_name\" content=\"airportsmokinglounge.com\" \/>\n<meta property=\"article:modified_time\" content=\"2023-05-22T15:12:29+00:00\" \/>\n<meta property=\"og:image\" content=\"https:\/\/airportsmokinglounge.com\/wp-content\/uploads\/2023\/03\/airport-smoking-lounge-7.jpg\" \/>\n\t<meta property=\"og:image:width\" content=\"2048\" \/>\n\t<meta property=\"og:image:height\" content=\"1152\" \/>\n\t<meta property=\"og:image:type\" content=\"image\/jpeg\" \/>\n<meta name=\"twitter:card\" content=\"summary_large_image\" \/>\n<meta name=\"twitter:label1\" content=\"Tahmini okuma s\u00fcresi\" \/>\n\t<meta name=\"twitter:data1\" content=\"2 dakika\" \/>\n<script type=\"application\/ld+json\" class=\"yoast-schema-graph\">{\"@context\":\"https:\/\/schema.org\",\"@graph\":[{\"@type\":\"WebPage\",\"@id\":\"https:\/\/airportsmokinglounge.com\/smoking-in-the-airports-of-north-america\/\",\"url\":\"https:\/\/airportsmokinglounge.com\/smoking-in-the-airports-of-north-america\/\",\"name\":\"Smoking in the Airports of North America\",\"isPartOf\":{\"@id\":\"https:\/\/airportsmokinglounge.com\/#website\"},\"primaryImageOfPage\":{\"@id\":\"https:\/\/airportsmokinglounge.com\/smoking-in-the-airports-of-north-america\/#primaryimage\"},\"image\":{\"@id\":\"https:\/\/airportsmokinglounge.com\/smoking-in-the-airports-of-north-america\/#primaryimage\"},\"thumbnailUrl\":\"https:\/\/airportsmokinglounge.com\/wp-content\/uploads\/2023\/03\/airport-smoking-lounge-7.jpg\",\"datePublished\":\"2023-02-20T12:25:13+00:00\",\"dateModified\":\"2023-05-22T15:12:29+00:00\",\"description\":\"Smoking in the Airports of North America \u2714\ufe0e A Comprehensive Guide to Smoking Areas and Smoking Policies in Major North American Airports \u2714\ufe0e\",\"breadcrumb\":{\"@id\":\"https:\/\/airportsmokinglounge.com\/smoking-in-the-airports-of-north-america\/#breadcrumb\"},\"inLanguage\":\"tr\",\"potentialAction\":[{\"@type\":\"ReadAction\",\"target\":[\"https:\/\/airportsmokinglounge.com\/smoking-in-the-airports-of-north-america\/\"]}]},{\"@type\":\"ImageObject\",\"inLanguage\":\"tr\",\"@id\":\"https:\/\/airportsmokinglounge.com\/smoking-in-the-airports-of-north-america\/#primaryimage\",\"url\":\"https:\/\/airportsmokinglounge.com\/wp-content\/uploads\/2023\/03\/airport-smoking-lounge-7.jpg\",\"contentUrl\":\"https:\/\/airportsmokinglounge.com\/wp-content\/uploads\/2023\/03\/airport-smoking-lounge-7.jpg\",\"width\":2048,\"height\":1152,\"caption\":\"Airport Smoking areas\"},{\"@type\":\"BreadcrumbList\",\"@id\":\"https:\/\/airportsmokinglounge.com\/smoking-in-the-airports-of-north-america\/#breadcrumb\",\"itemListElement\":[{\"@type\":\"ListItem\",\"position\":1,\"name\":\"Home\",\"item\":\"https:\/\/airportsmokinglounge.com\/\"},{\"@type\":\"ListItem\",\"position\":2,\"name\":\"Smoking in the Airports of North America\"}]},{\"@type\":\"WebSite\",\"@id\":\"https:\/\/airportsmokinglounge.com\/#website\",\"url\":\"https:\/\/airportsmokinglounge.com\/\",\"name\":\"airportsmokinglounge.com\",\"description\":\"\",\"potentialAction\":[{\"@type\":\"SearchAction\",\"target\":{\"@type\":\"EntryPoint\",\"urlTemplate\":\"https:\/\/airportsmokinglounge.com\/?s={search_term_string}\"},\"query-input\":{\"@type\":\"PropertyValueSpecification\",\"valueRequired\":true,\"valueName\":\"search_term_string\"}}],\"inLanguage\":\"tr\"}]}<\/script>\n<!-- \/ Yoast SEO plugin. -->","yoast_head_json":{"title":"Kuzey Amerika Havalimanlar\u0131nda Sigara \u0130\u00e7mek","description":"Kuzey Amerika Havalimanlar\u0131nda Sigara \u0130\u00e7ilmesi \u2714\ufe0e Kuzey Amerika&#039;daki B\u00fcy\u00fck Havalimanlar\u0131nda Sigara \u0130\u00e7ilen Alanlar ve Sigara \u0130\u00e7me Politikalar\u0131na \u0130li\u015fkin Kapsaml\u0131 Bir K\u0131lavuz \u2714\ufe0e","robots":{"index":"index","follow":"follow","max-snippet":"max-snippet:-1","max-image-preview":"max-image-preview:large","max-video-preview":"max-video-preview:-1"},"canonical":"https:\/\/airportsmokinglounge.com\/tr\/kuzey-amerikanin-havaalanlarinda-sigara-icmek\/","og_locale":"tr_TR","og_type":"article","og_title":"Smoking in the Airports of North America","og_description":"Smoking in the Airports of North America \u2714\ufe0e A Comprehensive Guide to Smoking Areas and Smoking Policies in Major North American Airports \u2714\ufe0e","og_url":"https:\/\/airportsmokinglounge.com\/tr\/kuzey-amerikanin-havaalanlarinda-sigara-icmek\/","og_site_name":"airportsmokinglounge.com","article_modified_time":"2023-05-22T15:12:29+00:00","og_image":[{"width":2048,"height":1152,"url":"https:\/\/airportsmokinglounge.com\/wp-content\/uploads\/2023\/03\/airport-smoking-lounge-7.jpg","type":"image\/jpeg"}],"twitter_card":"summary_large_image","twitter_misc":{"Tahmini okuma s\u00fcresi":"2 dakika"},"schema":{"@context":"https:\/\/schema.org","@graph":[{"@type":"WebPage","@id":"https:\/\/airportsmokinglounge.com\/smoking-in-the-airports-of-north-america\/","url":"https:\/\/airportsmokinglounge.com\/smoking-in-the-airports-of-north-america\/","name":"Kuzey Amerika Havalimanlar\u0131nda Sigara \u0130\u00e7mek","isPartOf":{"@id":"https:\/\/airportsmokinglounge.com\/#website"},"primaryImageOfPage":{"@id":"https:\/\/airportsmokinglounge.com\/smoking-in-the-airports-of-north-america\/#primaryimage"},"image":{"@id":"https:\/\/airportsmokinglounge.com\/smoking-in-the-airports-of-north-america\/#primaryimage"},"thumbnailUrl":"https:\/\/airportsmokinglounge.com\/wp-content\/uploads\/2023\/03\/airport-smoking-lounge-7.jpg","datePublished":"2023-02-20T12:25:13+00:00","dateModified":"2023-05-22T15:12:29+00:00","description":"Kuzey Amerika Havalimanlar\u0131nda Sigara \u0130\u00e7ilmesi \u2714\ufe0e Kuzey Amerika&#039;daki B\u00fcy\u00fck Havalimanlar\u0131nda Sigara \u0130\u00e7ilen Alanlar ve Sigara \u0130\u00e7me Politikalar\u0131na \u0130li\u015fkin Kapsaml\u0131 Bir K\u0131lavuz \u2714\ufe0e","breadcrumb":{"@id":"https:\/\/airportsmokinglounge.com\/smoking-in-the-airports-of-north-america\/#breadcrumb"},"inLanguage":"tr","potentialAction":[{"@type":"ReadAction","target":["https:\/\/airportsmokinglounge.com\/smoking-in-the-airports-of-north-america\/"]}]},{"@type":"ImageObject","inLanguage":"tr","@id":"https:\/\/airportsmokinglounge.com\/smoking-in-the-airports-of-north-america\/#primaryimage","url":"https:\/\/airportsmokinglounge.com\/wp-content\/uploads\/2023\/03\/airport-smoking-lounge-7.jpg","contentUrl":"https:\/\/airportsmokinglounge.com\/wp-content\/uploads\/2023\/03\/airport-smoking-lounge-7.jpg","width":2048,"height":1152,"caption":"Airport Smoking areas"},{"@type":"BreadcrumbList","@id":"https:\/\/airportsmokinglounge.com\/smoking-in-the-airports-of-north-america\/#breadcrumb","itemListElement":[{"@type":"ListItem","position":1,"name":"Home","item":"https:\/\/airportsmokinglounge.com\/"},{"@type":"ListItem","position":2,"name":"Smoking in the Airports of North America"}]},{"@type":"WebSite","@id":"https:\/\/airportsmokinglounge.com\/#website","url":"https:\/\/airportsmokinglounge.com\/","name":"havaalan\u0131sigara salonu.com","description":"","potentialAction":[{"@type":"SearchAction","target":{"@type":"EntryPoint","urlTemplate":"https:\/\/airportsmokinglounge.com\/?s={search_term_string}"},"query-input":{"@type":"PropertyValueSpecification","valueRequired":true,"valueName":"search_term_string"}}],"inLanguage":"tr"}]}},"_links":{"self":[{"href":"https:\/\/airportsmokinglounge.com\/tr\/wp-json\/wp\/v2\/pages\/59","targetHints":{"allow":["GET"]}}],"collection":[{"href":"https:\/\/airportsmokinglounge.com\/tr\/wp-json\/wp\/v2\/pages"}],"about":[{"href":"https:\/\/airportsmokinglounge.com\/tr\/wp-json\/wp\/v2\/types\/page"}],"author":[{"embeddable":true,"href":"https:\/\/airportsmokinglounge.com\/tr\/wp-json\/wp\/v2\/users\/1"}],"replies":[{"embeddable":true,"href":"https:\/\/airportsmokinglounge.com\/tr\/wp-json\/wp\/v2\/comments?post=59"}],"version-history":[{"count":10,"href":"https:\/\/airportsmokinglounge.com\/tr\/wp-json\/wp\/v2\/pages\/59\/revisions"}],"predecessor-version":[{"id":5725,"href":"https:\/\/airportsmokinglounge.com\/tr\/wp-json\/wp\/v2\/pages\/59\/revisions\/5725"}],"wp:featuredmedia":[{"embeddable":true,"href":"https:\/\/airportsmokinglounge.com\/tr\/wp-json\/wp\/v2\/media\/1202"}],"wp:attachment":[{"href":"https:\/\/airportsmokinglounge.com\/tr\/wp-json\/wp\/v2\/media?parent=59"}],"curies":[{"name":"wp","href":"https:\/\/api.w.org\/{rel}","templated":true}]}}