{"id":5931,"date":"2023-05-23T13:27:31","date_gmt":"2023-05-23T11:27:31","guid":{"rendered":"https:\/\/airportsmokinglounge.com\/?page_id=5931"},"modified":"2023-05-23T13:27:31","modified_gmt":"2023-05-23T11:27:31","slug":"smoking-areas-at-roman-tmetuchl-international-airport-ror","status":"publish","type":"page","link":"https:\/\/airportsmokinglounge.com\/tr\/roman-tmetuchl-uluslararasi-havaalaninda-ror-sigara-icme-alanlari\/","title":{"rendered":"Roman Tmetuchl Uluslararas\u0131 Havaliman\u0131&#039;ndaki (ROR) sigara i\u00e7ilebilen alanlar"},"content":{"rendered":"<p>Roman Tmetuchl Uluslararas\u0131 Havaalan\u0131 (ROR), Pasifik Okyanusu&#039;nun bat\u0131s\u0131nda yer alan bir ada \u00fclkesi olan Palau Cumhuriyeti&#039;ne hizmet veren ba\u015fl\u0131ca havaalan\u0131d\u0131r. \u00dclkenin ba\u015fkenti Koror&#039;un yak\u0131n\u0131nda yer alan havaalan\u0131, bu uzak tak\u0131mada i\u00e7in \u00f6nemli bir ge\u00e7it g\u00f6revi g\u00f6r\u00fcyor.<\/p>\n<p>Havaliman\u0131nda hem i\u00e7 hem de d\u0131\u015f hat u\u00e7u\u015flar\u0131na hizmet veren tek bir terminal bulunmaktad\u0131r. Manila, Taipei ve Guam dahil olmak \u00fczere \u00e7e\u015fitli uluslararas\u0131 destinasyonlar\u0131n yan\u0131 s\u0131ra Palau&#039;nun uzaktaki baz\u0131 adalar\u0131na i\u00e7 hat u\u00e7u\u015flar\u0131 sa\u011flar. Daha k\u00fc\u00e7\u00fck boyutuna ra\u011fmen havaliman\u0131, yolculara sorunsuz bir seyahat deneyimi sa\u011flayan check-in alan\u0131, bekleme salonu ve ara\u00e7 kiralama hizmetleri gibi temel olanaklarla donat\u0131lm\u0131\u015ft\u0131r.<\/p>\n<h2>G\u00fcvenlik Kontrol\u00fc \u00f6ncesi sigara i\u00e7ilen alanlar<\/h2>\n<ul>\n<li><span style=\"font-size: 14pt;\">Sadece terminalin d\u0131\u015f\u0131nda sigara i\u00e7ilebilir<\/span><\/li>\n<\/ul>\n<h2>G\u00fcvenlik Kontrol\u00fcnden Sonra Sigara \u0130\u00e7ilen Alanlar<\/h2>\n<ul>\n<li><span style=\"font-size: 14pt;\">\u015eu anda, havaliman\u0131 i\u00e7indeki sigara i\u00e7me tesisleri ile ilgili herhangi bir bilgi bulunmamaktad\u0131r.<\/span><\/li>\n<\/ul>\n<p><strong><span style=\"font-size: 14pt;\">Bize geri bildirim g\u00f6nderin<\/span><\/strong><\/p>\n<p><span style=\"font-size: 14pt;\">Havaalan\u0131ndaysan\u0131z, sigara i\u00e7ilen alanlar\u0131n resimlerini bize g\u00f6nderebilirsiniz. Bu, veritaban\u0131m\u0131z\u0131 daha h\u0131zl\u0131 doldurmam\u0131za yard\u0131mc\u0131 olacakt\u0131r. Bunu yapabilirsiniz <strong><a href=\"https:\/\/airportsmokinglounge.com\/tr\/temas-etmek\/\">Burada<\/a>.<\/strong> G\u00f6rseller, g\u00f6rsel kayna\u011f\u0131 (isim) belirtilerek sitemizde yay\u0131nlanmaktad\u0131r. Bu resimleri bizimle ve t\u00fcm Airport Smokinglounge.com ziyaret\u00e7ileriyle payla\u015fmaktan \u00e7ekinmeyin.<\/span>.<\/p>\n<h2>Palau Sigara Yasas\u0131<\/h2>\n<p>Palau Cumhuriyeti, t\u00fct\u00fcn \u00fcr\u00fcnlerine uygulanan y\u00fcksek vergiler, kapsaml\u0131 sigara yasa\u011f\u0131 yasalar\u0131 ve t\u00fct\u00fcn reklam\u0131, promosyonu ve sponsorlu\u011funa ili\u015fkin d\u00fczenlemeler dahil olmak \u00fczere d\u00fcnyadaki en kat\u0131 t\u00fct\u00fcn yasalar\u0131ndan baz\u0131lar\u0131na sahiptir.<\/p>\n<p>Palau ayr\u0131ca 21 ya\u015f\u0131n alt\u0131ndaki ki\u015filerin t\u00fct\u00fcn kullan\u0131m\u0131n\u0131 da yasaklad\u0131 ve t\u00fct\u00fcn reklamlar\u0131na da yasak getirdi. Di\u011fer baz\u0131 \u00f6nlemler aras\u0131nda t\u00fct\u00fcn ambalajlar\u0131nda zorunlu sa\u011fl\u0131k uyar\u0131lar\u0131 ve sigara i\u00e7enlerin b\u0131rak\u0131lmas\u0131na yard\u0131mc\u0131 olacak b\u0131rakma programlar\u0131 yer al\u0131yor.<\/p>\n<p>Palau, 2017 y\u0131l\u0131nda t\u00fct\u00fcn\u00fc &quot;yasaklayan&quot; ilk \u00fclke olma s\u00f6z\u00fc verdi ve 2020 y\u0131l\u0131na kadar dumans\u0131z bir \u00fclke hedefledi. Bu, t\u00fct\u00fcn \u00fcr\u00fcnlerinin ithalat\u0131n\u0131n, sat\u0131\u015f\u0131n\u0131n ve kullan\u0131m\u0131n\u0131n tamamen yasaklanmas\u0131 anlam\u0131na gelecektir.<\/p>\n<p>Ancak Palau&#039;daki t\u00fct\u00fcn kontrol\u00fc yasalar\u0131na ili\u015fkin en g\u00fcncel ve do\u011fru bilgi i\u00e7in D\u00fcnya Sa\u011fl\u0131k \u00d6rg\u00fct\u00fc veya Palau Sa\u011fl\u0131k Bakanl\u0131\u011f\u0131&#039;n\u0131n en son raporlar\u0131na ba\u015fvurmal\u0131s\u0131n\u0131z.<\/p>\n<p>Yasa ve d\u00fczenlemelerin \u00fclkeden \u00fclkeye de\u011fi\u015febilece\u011fini ve b\u00fcy\u00fck \u00f6l\u00e7\u00fcde farkl\u0131l\u0131k g\u00f6sterebilece\u011fini unutmay\u0131n. Ba\u015fka bir \u00fclkeyi ziyaret etmeyi planlarken daima yerel yasa ve geleneklere a\u015fina oldu\u011funuzdan emin olun.<\/p>\n<h3>S\u0131k\u00e7a Sorulan Sorular<\/h3>\n<h4>Havaliman\u0131 sigara i\u00e7me alanlar\u0131 7\/24 a\u00e7\u0131k m\u0131?<\/h4>\n<p>Havaliman\u0131 sigara i\u00e7me alanlar\u0131n\u0131n mevcudiyeti, havaliman\u0131na ve konuma g\u00f6re de\u011fi\u015fiklik g\u00f6sterebilir. Baz\u0131 sigara i\u00e7me alanlar\u0131 24 saat a\u00e7\u0131kken, baz\u0131lar\u0131nda k\u0131s\u0131tl\u0131 saatler olabilir veya belirli saatlerde kapal\u0131 olabilir. Sigara i\u00e7me alan\u0131n\u0131n \u00e7al\u0131\u015fma saatleri hakk\u0131nda \u00f6zel bilgi i\u00e7in havaalan\u0131na dan\u0131\u015fmak veya web sitelerini ziyaret etmek en iyisidir.<\/p>\n<h4>Sigara i\u00e7me alan\u0131na kendi yiyecek ve i\u00e7eceklerimi getirmeme izin verilir mi?<\/h4>\n<p>Bu, belirli sigara i\u00e7me alan\u0131na ve havaalan\u0131na ba\u011fl\u0131 olabilir. Baz\u0131 sigara i\u00e7me alanlar\u0131 d\u0131\u015far\u0131dan yiyecek ve i\u00e7eceklere izin verirken, baz\u0131lar\u0131nda k\u0131s\u0131tlamalar olabilir veya tamamen yasak olabilir. Belirli kurallar ve y\u00f6netmelikler i\u00e7in havaalan\u0131na veya sigara i\u00e7ilen alan tabelas\u0131na bakmak en iyisidir.<\/p>\n<h4>Havaliman\u0131ndaki t\u00fcm sigara i\u00e7ilen alanlarda sigara i\u00e7ilebilir mi?<\/h4>\n<p>Havaalan\u0131 sigara i\u00e7ilen alanlar\u0131n t\u00fcm\u00fc sigara i\u00e7ilmesine izin vermeyebilir. Baz\u0131 havalimanlar\u0131nda, geleneksel sigara i\u00e7me alanlar\u0131ndan ayr\u0131 elektronik sigara veya elektronik sigara i\u00e7in belirlenmi\u015f alanlar olabilir. Kullanmay\u0131 planlad\u0131\u011f\u0131n\u0131z sigara i\u00e7me alan\u0131 i\u00e7in \u00f6zel kural ve d\u00fczenlemeleri kontrol etti\u011finizden emin olun.<\/p>\n<h4>Sigara i\u00e7ilen alanlar klimal\u0131 m\u0131 yoksa \u0131s\u0131tmal\u0131 m\u0131?<\/h4>\n<p>Havaalan\u0131 sigara i\u00e7me alanlar\u0131n\u0131n s\u0131cakl\u0131\u011f\u0131 ve havaland\u0131rmas\u0131 b\u00fcy\u00fck \u00f6l\u00e7\u00fcde de\u011fi\u015febilir. Baz\u0131lar\u0131 klimal\u0131 veya \u0131s\u0131tmal\u0131 olabilirken, di\u011ferleri d\u0131\u015f etkenlerden s\u0131n\u0131rl\u0131 korumaya sahip a\u00e7\u0131k hava alanlar\u0131 olabilir. Ko\u015fullar\u0131 belirlemek ve buna g\u00f6re haz\u0131rlanmak i\u00e7in \u00f6nceden havaalan\u0131na dan\u0131\u015ft\u0131\u011f\u0131n\u0131zdan veya sigara i\u00e7me alan\u0131n\u0131 ziyaret etti\u011finizden emin olun.<\/p>\n<h4>Sigara i\u00e7ilen alanlar engelli yolcular i\u00e7in eri\u015filebilir mi?<\/h4>\n<p>Bir\u00e7ok havaalan\u0131, sigara i\u00e7me alanlar\u0131n\u0131 engelli yolcular\u0131n eri\u015fimine uygun hale getirmek i\u00e7in \u00e7aba sarf etmi\u015ftir. Ancak, belirli sigara i\u00e7me alanlar\u0131n\u0131n eri\u015filebilirli\u011fi b\u00fcy\u00fck \u00f6l\u00e7\u00fcde de\u011fi\u015febilir. Eri\u015filebilir olup olmad\u0131\u011f\u0131n\u0131 ve ihtiya\u00e7lar\u0131n\u0131z\u0131 kar\u015f\u0131lay\u0131p kar\u015f\u0131lamad\u0131\u011f\u0131n\u0131 belirlemek i\u00e7in havaalan\u0131na dan\u0131\u015ft\u0131\u011f\u0131n\u0131zdan veya sigara i\u00e7me alan\u0131n\u0131 \u00f6nceden ziyaret etti\u011finizden emin olun.<\/p>\n<p><span style=\"font-size: 14pt;\"><strong>Okyanusya&#039;da sigara i\u00e7ilen alanlar<\/strong><\/span><\/p>\n<ul>\n<li><a href=\"https:\/\/airportsmokinglounge.com\/tr\/okyanusya-havalimanlarinda-sigara-icmek\/\"><span style=\"font-size: 14pt;\">Okyanusya havaalanlar\u0131<\/span><\/a><\/li>\n<\/ul>","protected":false},"excerpt":{"rendered":"<p>Roman Tmetuchl Uluslararas\u0131 Havaliman\u0131 (ROR), Bat\u0131 Pasifik Okyanusu&#039;nda yer alan bir ada \u00fclkesi olan Palau Cumhuriyeti&#039;ne hizmet veren ana havaliman\u0131d\u0131r. \u00dclkenin ba\u015fkenti Koror&#039;un yak\u0131n\u0131nda bulunan havaliman\u0131, bu uzak tak\u0131madalar i\u00e7in \u00f6nemli bir ge\u00e7i\u015f noktas\u0131 g\u00f6revi g\u00f6rmektedir. Havaliman\u0131, hem i\u00e7 hem de uluslararas\u0131 u\u00e7u\u015flara hizmet veren tek bir terminale sahiptir.&nbsp;<a href=\"https:\/\/airportsmokinglounge.com\/tr\/roman-tmetuchl-uluslararasi-havaalaninda-ror-sigara-icme-alanlari\/\" rel=\"bookmark\">Devam\u0131n\u0131 oku &quot;<span class=\"screen-reader-text\">Roman Tmetuchl Uluslararas\u0131 Havaliman\u0131&#039;ndaki (ROR) sigara i\u00e7ilebilen alanlar<\/span><\/a><\/p>","protected":false},"author":1,"featured_media":1199,"parent":0,"menu_order":0,"comment_status":"closed","ping_status":"closed","template":"","meta":{"neve_meta_sidebar":"","neve_meta_container":"","neve_meta_enable_content_width":"off","neve_meta_content_width":100,"neve_meta_title_alignment":"","neve_meta_author_avatar":"","neve_post_elements_order":"","neve_meta_disable_header":"","neve_meta_disable_footer":"","neve_meta_disable_title":"","neve_meta_reading_time":"","footnotes":""},"class_list":["post-5931","page","type-page","status-publish","has-post-thumbnail","hentry"],"yoast_head":"<!-- This site is optimized with the Yoast SEO plugin v26.6 - https:\/\/yoast.com\/wordpress\/plugins\/seo\/ -->\n<title>Smoking areas at Roman Tmetuchl International Airport (ROR)<\/title>\n<meta name=\"description\" content=\"Smoking areas at Roman Tmetuchl International Airport (ROR)- Find a smoking area in the airport \u2714\ufe0e Smoking Guide in Airports: Information\" \/>\n<meta name=\"robots\" content=\"index, follow, max-snippet:-1, max-image-preview:large, max-video-preview:-1\" \/>\n<link rel=\"canonical\" href=\"https:\/\/airportsmokinglounge.com\/tr\/roman-tmetuchl-uluslararasi-havaalaninda-ror-sigara-icme-alanlari\/\" \/>\n<meta property=\"og:locale\" content=\"tr_TR\" \/>\n<meta property=\"og:type\" content=\"article\" \/>\n<meta property=\"og:title\" content=\"Smoking areas at Roman Tmetuchl International Airport (ROR)\" \/>\n<meta property=\"og:description\" content=\"Smoking areas at Roman Tmetuchl International Airport (ROR)- Find a smoking area in the airport \u2714\ufe0e Smoking Guide in Airports: Information\" \/>\n<meta property=\"og:url\" content=\"https:\/\/airportsmokinglounge.com\/tr\/roman-tmetuchl-uluslararasi-havaalaninda-ror-sigara-icme-alanlari\/\" \/>\n<meta property=\"og:site_name\" content=\"airportsmokinglounge.com\" \/>\n<meta property=\"og:image\" content=\"https:\/\/airportsmokinglounge.com\/wp-content\/uploads\/2023\/03\/airport-smoking-lounge-4.jpg\" \/>\n\t<meta property=\"og:image:width\" content=\"2048\" \/>\n\t<meta property=\"og:image:height\" content=\"1152\" \/>\n\t<meta property=\"og:image:type\" content=\"image\/jpeg\" \/>\n<meta name=\"twitter:card\" content=\"summary_large_image\" \/>\n<meta name=\"twitter:label1\" content=\"Tahmini okuma s\u00fcresi\" \/>\n\t<meta name=\"twitter:data1\" content=\"3 dakika\" \/>\n<script type=\"application\/ld+json\" class=\"yoast-schema-graph\">{\"@context\":\"https:\/\/schema.org\",\"@graph\":[{\"@type\":\"WebPage\",\"@id\":\"https:\/\/airportsmokinglounge.com\/smoking-areas-at-roman-tmetuchl-international-airport-ror\/\",\"url\":\"https:\/\/airportsmokinglounge.com\/smoking-areas-at-roman-tmetuchl-international-airport-ror\/\",\"name\":\"Smoking areas at Roman Tmetuchl International Airport (ROR)\",\"isPartOf\":{\"@id\":\"https:\/\/airportsmokinglounge.com\/#website\"},\"primaryImageOfPage\":{\"@id\":\"https:\/\/airportsmokinglounge.com\/smoking-areas-at-roman-tmetuchl-international-airport-ror\/#primaryimage\"},\"image\":{\"@id\":\"https:\/\/airportsmokinglounge.com\/smoking-areas-at-roman-tmetuchl-international-airport-ror\/#primaryimage\"},\"thumbnailUrl\":\"https:\/\/airportsmokinglounge.com\/wp-content\/uploads\/2023\/03\/airport-smoking-lounge-4.jpg\",\"datePublished\":\"2023-05-23T11:27:31+00:00\",\"description\":\"Smoking areas at Roman Tmetuchl International Airport (ROR)- Find a smoking area in the airport \u2714\ufe0e Smoking Guide in Airports: Information\",\"breadcrumb\":{\"@id\":\"https:\/\/airportsmokinglounge.com\/smoking-areas-at-roman-tmetuchl-international-airport-ror\/#breadcrumb\"},\"inLanguage\":\"tr\",\"potentialAction\":[{\"@type\":\"ReadAction\",\"target\":[\"https:\/\/airportsmokinglounge.com\/smoking-areas-at-roman-tmetuchl-international-airport-ror\/\"]}]},{\"@type\":\"ImageObject\",\"inLanguage\":\"tr\",\"@id\":\"https:\/\/airportsmokinglounge.com\/smoking-areas-at-roman-tmetuchl-international-airport-ror\/#primaryimage\",\"url\":\"https:\/\/airportsmokinglounge.com\/wp-content\/uploads\/2023\/03\/airport-smoking-lounge-4.jpg\",\"contentUrl\":\"https:\/\/airportsmokinglounge.com\/wp-content\/uploads\/2023\/03\/airport-smoking-lounge-4.jpg\",\"width\":2048,\"height\":1152,\"caption\":\"Airport Smoking\"},{\"@type\":\"BreadcrumbList\",\"@id\":\"https:\/\/airportsmokinglounge.com\/smoking-areas-at-roman-tmetuchl-international-airport-ror\/#breadcrumb\",\"itemListElement\":[{\"@type\":\"ListItem\",\"position\":1,\"name\":\"Home\",\"item\":\"https:\/\/airportsmokinglounge.com\/\"},{\"@type\":\"ListItem\",\"position\":2,\"name\":\"Smoking areas at Roman Tmetuchl International Airport (ROR)\"}]},{\"@type\":\"WebSite\",\"@id\":\"https:\/\/airportsmokinglounge.com\/#website\",\"url\":\"https:\/\/airportsmokinglounge.com\/\",\"name\":\"airportsmokinglounge.com\",\"description\":\"\",\"potentialAction\":[{\"@type\":\"SearchAction\",\"target\":{\"@type\":\"EntryPoint\",\"urlTemplate\":\"https:\/\/airportsmokinglounge.com\/?s={search_term_string}\"},\"query-input\":{\"@type\":\"PropertyValueSpecification\",\"valueRequired\":true,\"valueName\":\"search_term_string\"}}],\"inLanguage\":\"tr\"}]}<\/script>\n<!-- \/ Yoast SEO plugin. -->","yoast_head_json":{"title":"Roman Tmetuchl Uluslararas\u0131 Havaliman\u0131&#039;ndaki (ROR) sigara i\u00e7ilebilen alanlar","description":"Roman Tmetuchl Uluslararas\u0131 Havaalan\u0131nda (ROR) sigara i\u00e7ilen alanlar - Havaalan\u0131nda sigara i\u00e7ilebilen bir alan bulun \u2714\ufe0e Havalimanlar\u0131nda Sigara \u0130\u00e7me Rehberi: Bilgi","robots":{"index":"index","follow":"follow","max-snippet":"max-snippet:-1","max-image-preview":"max-image-preview:large","max-video-preview":"max-video-preview:-1"},"canonical":"https:\/\/airportsmokinglounge.com\/tr\/roman-tmetuchl-uluslararasi-havaalaninda-ror-sigara-icme-alanlari\/","og_locale":"tr_TR","og_type":"article","og_title":"Smoking areas at Roman Tmetuchl International Airport (ROR)","og_description":"Smoking areas at Roman Tmetuchl International Airport (ROR)- Find a smoking area in the airport \u2714\ufe0e Smoking Guide in Airports: Information","og_url":"https:\/\/airportsmokinglounge.com\/tr\/roman-tmetuchl-uluslararasi-havaalaninda-ror-sigara-icme-alanlari\/","og_site_name":"airportsmokinglounge.com","og_image":[{"width":2048,"height":1152,"url":"https:\/\/airportsmokinglounge.com\/wp-content\/uploads\/2023\/03\/airport-smoking-lounge-4.jpg","type":"image\/jpeg"}],"twitter_card":"summary_large_image","twitter_misc":{"Tahmini okuma s\u00fcresi":"3 dakika"},"schema":{"@context":"https:\/\/schema.org","@graph":[{"@type":"WebPage","@id":"https:\/\/airportsmokinglounge.com\/smoking-areas-at-roman-tmetuchl-international-airport-ror\/","url":"https:\/\/airportsmokinglounge.com\/smoking-areas-at-roman-tmetuchl-international-airport-ror\/","name":"Roman Tmetuchl Uluslararas\u0131 Havaliman\u0131&#039;ndaki (ROR) sigara i\u00e7ilebilen alanlar","isPartOf":{"@id":"https:\/\/airportsmokinglounge.com\/#website"},"primaryImageOfPage":{"@id":"https:\/\/airportsmokinglounge.com\/smoking-areas-at-roman-tmetuchl-international-airport-ror\/#primaryimage"},"image":{"@id":"https:\/\/airportsmokinglounge.com\/smoking-areas-at-roman-tmetuchl-international-airport-ror\/#primaryimage"},"thumbnailUrl":"https:\/\/airportsmokinglounge.com\/wp-content\/uploads\/2023\/03\/airport-smoking-lounge-4.jpg","datePublished":"2023-05-23T11:27:31+00:00","description":"Roman Tmetuchl Uluslararas\u0131 Havaalan\u0131nda (ROR) sigara i\u00e7ilen alanlar - Havaalan\u0131nda sigara i\u00e7ilebilen bir alan bulun \u2714\ufe0e Havalimanlar\u0131nda Sigara \u0130\u00e7me Rehberi: Bilgi","breadcrumb":{"@id":"https:\/\/airportsmokinglounge.com\/smoking-areas-at-roman-tmetuchl-international-airport-ror\/#breadcrumb"},"inLanguage":"tr","potentialAction":[{"@type":"ReadAction","target":["https:\/\/airportsmokinglounge.com\/smoking-areas-at-roman-tmetuchl-international-airport-ror\/"]}]},{"@type":"ImageObject","inLanguage":"tr","@id":"https:\/\/airportsmokinglounge.com\/smoking-areas-at-roman-tmetuchl-international-airport-ror\/#primaryimage","url":"https:\/\/airportsmokinglounge.com\/wp-content\/uploads\/2023\/03\/airport-smoking-lounge-4.jpg","contentUrl":"https:\/\/airportsmokinglounge.com\/wp-content\/uploads\/2023\/03\/airport-smoking-lounge-4.jpg","width":2048,"height":1152,"caption":"Airport Smoking"},{"@type":"BreadcrumbList","@id":"https:\/\/airportsmokinglounge.com\/smoking-areas-at-roman-tmetuchl-international-airport-ror\/#breadcrumb","itemListElement":[{"@type":"ListItem","position":1,"name":"Home","item":"https:\/\/airportsmokinglounge.com\/"},{"@type":"ListItem","position":2,"name":"Smoking areas at Roman Tmetuchl International Airport (ROR)"}]},{"@type":"WebSite","@id":"https:\/\/airportsmokinglounge.com\/#website","url":"https:\/\/airportsmokinglounge.com\/","name":"havaalan\u0131sigara salonu.com","description":"","potentialAction":[{"@type":"SearchAction","target":{"@type":"EntryPoint","urlTemplate":"https:\/\/airportsmokinglounge.com\/?s={search_term_string}"},"query-input":{"@type":"PropertyValueSpecification","valueRequired":true,"valueName":"search_term_string"}}],"inLanguage":"tr"}]}},"_links":{"self":[{"href":"https:\/\/airportsmokinglounge.com\/tr\/wp-json\/wp\/v2\/pages\/5931","targetHints":{"allow":["GET"]}}],"collection":[{"href":"https:\/\/airportsmokinglounge.com\/tr\/wp-json\/wp\/v2\/pages"}],"about":[{"href":"https:\/\/airportsmokinglounge.com\/tr\/wp-json\/wp\/v2\/types\/page"}],"author":[{"embeddable":true,"href":"https:\/\/airportsmokinglounge.com\/tr\/wp-json\/wp\/v2\/users\/1"}],"replies":[{"embeddable":true,"href":"https:\/\/airportsmokinglounge.com\/tr\/wp-json\/wp\/v2\/comments?post=5931"}],"version-history":[{"count":1,"href":"https:\/\/airportsmokinglounge.com\/tr\/wp-json\/wp\/v2\/pages\/5931\/revisions"}],"predecessor-version":[{"id":5932,"href":"https:\/\/airportsmokinglounge.com\/tr\/wp-json\/wp\/v2\/pages\/5931\/revisions\/5932"}],"wp:featuredmedia":[{"embeddable":true,"href":"https:\/\/airportsmokinglounge.com\/tr\/wp-json\/wp\/v2\/media\/1199"}],"wp:attachment":[{"href":"https:\/\/airportsmokinglounge.com\/tr\/wp-json\/wp\/v2\/media?parent=5931"}],"curies":[{"name":"wp","href":"https:\/\/api.w.org\/{rel}","templated":true}]}}