{"id":6101,"date":"2023-05-25T11:42:13","date_gmt":"2023-05-25T09:42:13","guid":{"rendered":"https:\/\/airportsmokinglounge.com\/?page_id=6101"},"modified":"2023-05-25T11:42:13","modified_gmt":"2023-05-25T09:42:13","slug":"smoking-areas-at-gomel-airport-gme","status":"publish","type":"page","link":"https:\/\/airportsmokinglounge.com\/tr\/gomel-havaalaninda-gme-sigara-icme-alanlari\/","title":{"rendered":"Gomel Havaliman\u0131&#039;ndaki (GME) sigara i\u00e7me alanlar\u0131"},"content":{"rendered":"<p>&nbsp;<\/p>\n<h2>G\u00fcvenlik Kontrol\u00fc \u00f6ncesi sigara i\u00e7ilen alanlar<\/h2>\n<ul>\n<li>Terminal d\u0131\u015f\u0131nda sadece belirlenmi\u015f alanlarda sigara i\u00e7ilmesine izin verilmektedir.<\/li>\n<\/ul>\n<h2>G\u00fcvenlik Kontrol\u00fcnden Sonra Sigara \u0130\u00e7ilen Alanlar<\/h2>\n<ul>\n<li>Bilgi yok<\/li>\n<\/ul>\n<p><span style=\"font-size: 12pt;\">Resmi Web Sitesinde Daha Fazla Bilgi<\/span><\/p>\n<p>&nbsp;<\/p>\n<p><span style=\"font-size: 12pt;\"><strong>Bize geri bildirim g\u00f6nderin<\/strong><\/span><\/p>\n<p><span style=\"font-size: 12pt;\">Havaalan\u0131ndaysan\u0131z, sigara i\u00e7ilen alanlar\u0131n resimlerini bize g\u00f6nderebilirsiniz. Bu, veritaban\u0131m\u0131z\u0131 daha h\u0131zl\u0131 doldurmam\u0131za yard\u0131mc\u0131 olacakt\u0131r. Bunu yapabilirsiniz <strong><a href=\"https:\/\/airportsmokinglounge.com\/tr\/temas-etmek\/\">Burada<\/a>.<\/strong> G\u00f6rseller, g\u00f6rsel kayna\u011f\u0131 (isim) belirtilerek sitemizde yay\u0131nlanmaktad\u0131r. Bu resimleri bizimle ve t\u00fcm Airport Smokinglounge.com ziyaret\u00e7ileriyle payla\u015fmaktan \u00e7ekinmeyin.<\/span><\/p>\n<h2>Belarus Havalimanlar\u0131nda Sigara \u0130\u00e7ilebilen Alanlar<\/h2>\n<p>Minsk Ulusal Havaalan\u0131, Gomel Havaalan\u0131, Grodno Havaalan\u0131, Vitebsk Havaalan\u0131 ve Mogilev Havaalan\u0131 dahil olmak \u00fczere Belarus&#039;taki t\u00fcm havalimanlar\u0131n\u0131n terminallerinde sigara i\u00e7mek genellikle yasakt\u0131r.<\/p>\n<p>Minsk Ulusal Havaliman\u0131&#039;nda sigara i\u00e7ilmesine yaln\u0131zca terminallerin d\u0131\u015f\u0131nda bulunan belirlenmi\u015f sigara i\u00e7me alanlar\u0131nda izin verilmektedir. Bu sigara i\u00e7me alanlar\u0131, u\u00e7u\u015f \u00f6ncesinde veya sonras\u0131nda sigara i\u00e7mek isteyen yolcular i\u00e7in k\u00fcl tablalar\u0131 ve banklarla donat\u0131lm\u0131\u015ft\u0131r. Tuvaletler, check-in alanlar\u0131 ve bini\u015f kap\u0131lar\u0131 da dahil olmak \u00fczere havaliman\u0131n\u0131n di\u011fer t\u00fcm alanlar\u0131nda sigara i\u00e7mek kesinlikle yasakt\u0131r.<\/p>\n<p>Belarus&#039;taki di\u011fer havalimanlar\u0131nda da terminallerin d\u0131\u015f\u0131nda belirlenmi\u015f sigara i\u00e7me alanlar\u0131 bulunmaktad\u0131r. Ancak havaliman\u0131 terminallerinde veya di\u011fer kapal\u0131 kamusal alanlarda sigara i\u00e7ilmesine izin verilmemektedir. Belarus&#039;ta halka a\u00e7\u0131k yerlerde sigara i\u00e7mek kabahat su\u00e7u say\u0131ld\u0131\u011f\u0131ndan, sigara i\u00e7me politikas\u0131n\u0131 ihlal eden yolcular para cezas\u0131 veya ba\u015fka cezalarla kar\u015f\u0131 kar\u015f\u0131ya kalabilir.<\/p>\n<p><span style=\"font-size: 12pt;\"><strong>Sigara i\u00e7ilen alanlar:<\/strong><\/span><\/p>\n<ul>\n<li><span style=\"font-size: 12pt;\"><a href=\"https:\/\/airportsmokinglounge.com\/tr\/avrupa-havalimanlarindaki-sigara-icme-alanlari\/\">Avrupa havaalanlar\u0131<\/a><\/span><\/li>\n<\/ul>","protected":false},"excerpt":{"rendered":"<p>&nbsp; Smoking areas before the Security Check Smoking is only permitted outside the terminal in the designated areas Smoking areas after Security Check No Information More Information on the official Website &nbsp; Send us feedback If you are at the Airport, you are more than welcome to send us pictures of the smoking areas. This&hellip;&nbsp;<a href=\"https:\/\/airportsmokinglounge.com\/tr\/gomel-havaalaninda-gme-sigara-icme-alanlari\/\" rel=\"bookmark\">Devam\u0131n\u0131 oku &quot;<span class=\"screen-reader-text\">Gomel Havaliman\u0131&#039;ndaki (GME) sigara i\u00e7me alanlar\u0131<\/span><\/a><\/p>","protected":false},"author":1,"featured_media":1202,"parent":0,"menu_order":0,"comment_status":"closed","ping_status":"closed","template":"","meta":{"neve_meta_sidebar":"","neve_meta_container":"","neve_meta_enable_content_width":"off","neve_meta_content_width":100,"neve_meta_title_alignment":"","neve_meta_author_avatar":"","neve_post_elements_order":"","neve_meta_disable_header":"","neve_meta_disable_footer":"","neve_meta_disable_title":"","neve_meta_reading_time":"","footnotes":""},"class_list":["post-6101","page","type-page","status-publish","has-post-thumbnail","hentry"],"yoast_head":"<!-- This site is optimized with the Yoast SEO plugin v26.6 - https:\/\/yoast.com\/wordpress\/plugins\/seo\/ -->\n<title>Smoking areas at Gomel Airport (GME) - airportsmokinglounge.com<\/title>\n<meta name=\"description\" content=\"Smoking areas Gomel Airport - Find a smoking area in the airport \u2714\ufe0e Smoking Guide in Airports: Information for Travelers \u2714\ufe0e\" \/>\n<meta name=\"robots\" content=\"index, follow, max-snippet:-1, max-image-preview:large, max-video-preview:-1\" \/>\n<link rel=\"canonical\" href=\"https:\/\/airportsmokinglounge.com\/tr\/gomel-havaalaninda-gme-sigara-icme-alanlari\/\" \/>\n<meta property=\"og:locale\" content=\"tr_TR\" \/>\n<meta property=\"og:type\" content=\"article\" \/>\n<meta property=\"og:title\" content=\"Smoking areas at Gomel Airport (GME) - airportsmokinglounge.com\" \/>\n<meta property=\"og:description\" content=\"Smoking areas Gomel Airport - Find a smoking area in the airport \u2714\ufe0e Smoking Guide in Airports: Information for Travelers \u2714\ufe0e\" \/>\n<meta property=\"og:url\" content=\"https:\/\/airportsmokinglounge.com\/tr\/gomel-havaalaninda-gme-sigara-icme-alanlari\/\" \/>\n<meta property=\"og:site_name\" content=\"airportsmokinglounge.com\" \/>\n<meta property=\"og:image\" content=\"https:\/\/airportsmokinglounge.com\/wp-content\/uploads\/2023\/03\/airport-smoking-lounge-7.jpg\" \/>\n\t<meta property=\"og:image:width\" content=\"2048\" \/>\n\t<meta property=\"og:image:height\" content=\"1152\" \/>\n\t<meta property=\"og:image:type\" content=\"image\/jpeg\" \/>\n<meta name=\"twitter:card\" content=\"summary_large_image\" \/>\n<meta name=\"twitter:label1\" content=\"Tahmini okuma s\u00fcresi\" \/>\n\t<meta name=\"twitter:data1\" content=\"2 dakika\" \/>\n<script type=\"application\/ld+json\" class=\"yoast-schema-graph\">{\"@context\":\"https:\/\/schema.org\",\"@graph\":[{\"@type\":\"WebPage\",\"@id\":\"https:\/\/airportsmokinglounge.com\/smoking-areas-at-gomel-airport-gme\/\",\"url\":\"https:\/\/airportsmokinglounge.com\/smoking-areas-at-gomel-airport-gme\/\",\"name\":\"Smoking areas at Gomel Airport (GME) - airportsmokinglounge.com\",\"isPartOf\":{\"@id\":\"https:\/\/airportsmokinglounge.com\/#website\"},\"primaryImageOfPage\":{\"@id\":\"https:\/\/airportsmokinglounge.com\/smoking-areas-at-gomel-airport-gme\/#primaryimage\"},\"image\":{\"@id\":\"https:\/\/airportsmokinglounge.com\/smoking-areas-at-gomel-airport-gme\/#primaryimage\"},\"thumbnailUrl\":\"https:\/\/airportsmokinglounge.com\/wp-content\/uploads\/2023\/03\/airport-smoking-lounge-7.jpg\",\"datePublished\":\"2023-05-25T09:42:13+00:00\",\"description\":\"Smoking areas Gomel Airport - Find a smoking area in the airport \u2714\ufe0e Smoking Guide in Airports: Information for Travelers \u2714\ufe0e\",\"breadcrumb\":{\"@id\":\"https:\/\/airportsmokinglounge.com\/smoking-areas-at-gomel-airport-gme\/#breadcrumb\"},\"inLanguage\":\"tr\",\"potentialAction\":[{\"@type\":\"ReadAction\",\"target\":[\"https:\/\/airportsmokinglounge.com\/smoking-areas-at-gomel-airport-gme\/\"]}]},{\"@type\":\"ImageObject\",\"inLanguage\":\"tr\",\"@id\":\"https:\/\/airportsmokinglounge.com\/smoking-areas-at-gomel-airport-gme\/#primaryimage\",\"url\":\"https:\/\/airportsmokinglounge.com\/wp-content\/uploads\/2023\/03\/airport-smoking-lounge-7.jpg\",\"contentUrl\":\"https:\/\/airportsmokinglounge.com\/wp-content\/uploads\/2023\/03\/airport-smoking-lounge-7.jpg\",\"width\":2048,\"height\":1152,\"caption\":\"Airport Smoking areas\"},{\"@type\":\"BreadcrumbList\",\"@id\":\"https:\/\/airportsmokinglounge.com\/smoking-areas-at-gomel-airport-gme\/#breadcrumb\",\"itemListElement\":[{\"@type\":\"ListItem\",\"position\":1,\"name\":\"Home\",\"item\":\"https:\/\/airportsmokinglounge.com\/\"},{\"@type\":\"ListItem\",\"position\":2,\"name\":\"Smoking areas at Gomel Airport (GME)\"}]},{\"@type\":\"WebSite\",\"@id\":\"https:\/\/airportsmokinglounge.com\/#website\",\"url\":\"https:\/\/airportsmokinglounge.com\/\",\"name\":\"airportsmokinglounge.com\",\"description\":\"\",\"potentialAction\":[{\"@type\":\"SearchAction\",\"target\":{\"@type\":\"EntryPoint\",\"urlTemplate\":\"https:\/\/airportsmokinglounge.com\/?s={search_term_string}\"},\"query-input\":{\"@type\":\"PropertyValueSpecification\",\"valueRequired\":true,\"valueName\":\"search_term_string\"}}],\"inLanguage\":\"tr\"}]}<\/script>\n<!-- \/ Yoast SEO plugin. -->","yoast_head_json":{"title":"Gomel Havaliman\u0131&#039;ndaki (GME) sigara i\u00e7ilebilen alanlar - Airport Smokinglounge.com","description":"Sigara i\u00e7me alanlar\u0131 Gomel Havaalan\u0131 - Havaalan\u0131nda sigara i\u00e7ilebilen bir alan bulun \u2714\ufe0e Havalimanlar\u0131nda Sigara \u0130\u00e7me Rehberi: Gezginler i\u00e7in Bilgiler \u2714\ufe0e","robots":{"index":"index","follow":"follow","max-snippet":"max-snippet:-1","max-image-preview":"max-image-preview:large","max-video-preview":"max-video-preview:-1"},"canonical":"https:\/\/airportsmokinglounge.com\/tr\/gomel-havaalaninda-gme-sigara-icme-alanlari\/","og_locale":"tr_TR","og_type":"article","og_title":"Smoking areas at Gomel Airport (GME) - airportsmokinglounge.com","og_description":"Smoking areas Gomel Airport - Find a smoking area in the airport \u2714\ufe0e Smoking Guide in Airports: Information for Travelers \u2714\ufe0e","og_url":"https:\/\/airportsmokinglounge.com\/tr\/gomel-havaalaninda-gme-sigara-icme-alanlari\/","og_site_name":"airportsmokinglounge.com","og_image":[{"width":2048,"height":1152,"url":"https:\/\/airportsmokinglounge.com\/wp-content\/uploads\/2023\/03\/airport-smoking-lounge-7.jpg","type":"image\/jpeg"}],"twitter_card":"summary_large_image","twitter_misc":{"Tahmini okuma s\u00fcresi":"2 dakika"},"schema":{"@context":"https:\/\/schema.org","@graph":[{"@type":"WebPage","@id":"https:\/\/airportsmokinglounge.com\/smoking-areas-at-gomel-airport-gme\/","url":"https:\/\/airportsmokinglounge.com\/smoking-areas-at-gomel-airport-gme\/","name":"Gomel Havaliman\u0131&#039;ndaki (GME) sigara i\u00e7ilebilen alanlar - Airport Smokinglounge.com","isPartOf":{"@id":"https:\/\/airportsmokinglounge.com\/#website"},"primaryImageOfPage":{"@id":"https:\/\/airportsmokinglounge.com\/smoking-areas-at-gomel-airport-gme\/#primaryimage"},"image":{"@id":"https:\/\/airportsmokinglounge.com\/smoking-areas-at-gomel-airport-gme\/#primaryimage"},"thumbnailUrl":"https:\/\/airportsmokinglounge.com\/wp-content\/uploads\/2023\/03\/airport-smoking-lounge-7.jpg","datePublished":"2023-05-25T09:42:13+00:00","description":"Sigara i\u00e7me alanlar\u0131 Gomel Havaalan\u0131 - Havaalan\u0131nda sigara i\u00e7ilebilen bir alan bulun \u2714\ufe0e Havalimanlar\u0131nda Sigara \u0130\u00e7me Rehberi: Gezginler i\u00e7in Bilgiler \u2714\ufe0e","breadcrumb":{"@id":"https:\/\/airportsmokinglounge.com\/smoking-areas-at-gomel-airport-gme\/#breadcrumb"},"inLanguage":"tr","potentialAction":[{"@type":"ReadAction","target":["https:\/\/airportsmokinglounge.com\/smoking-areas-at-gomel-airport-gme\/"]}]},{"@type":"ImageObject","inLanguage":"tr","@id":"https:\/\/airportsmokinglounge.com\/smoking-areas-at-gomel-airport-gme\/#primaryimage","url":"https:\/\/airportsmokinglounge.com\/wp-content\/uploads\/2023\/03\/airport-smoking-lounge-7.jpg","contentUrl":"https:\/\/airportsmokinglounge.com\/wp-content\/uploads\/2023\/03\/airport-smoking-lounge-7.jpg","width":2048,"height":1152,"caption":"Airport Smoking areas"},{"@type":"BreadcrumbList","@id":"https:\/\/airportsmokinglounge.com\/smoking-areas-at-gomel-airport-gme\/#breadcrumb","itemListElement":[{"@type":"ListItem","position":1,"name":"Home","item":"https:\/\/airportsmokinglounge.com\/"},{"@type":"ListItem","position":2,"name":"Smoking areas at Gomel Airport (GME)"}]},{"@type":"WebSite","@id":"https:\/\/airportsmokinglounge.com\/#website","url":"https:\/\/airportsmokinglounge.com\/","name":"havaalan\u0131sigara salonu.com","description":"","potentialAction":[{"@type":"SearchAction","target":{"@type":"EntryPoint","urlTemplate":"https:\/\/airportsmokinglounge.com\/?s={search_term_string}"},"query-input":{"@type":"PropertyValueSpecification","valueRequired":true,"valueName":"search_term_string"}}],"inLanguage":"tr"}]}},"_links":{"self":[{"href":"https:\/\/airportsmokinglounge.com\/tr\/wp-json\/wp\/v2\/pages\/6101","targetHints":{"allow":["GET"]}}],"collection":[{"href":"https:\/\/airportsmokinglounge.com\/tr\/wp-json\/wp\/v2\/pages"}],"about":[{"href":"https:\/\/airportsmokinglounge.com\/tr\/wp-json\/wp\/v2\/types\/page"}],"author":[{"embeddable":true,"href":"https:\/\/airportsmokinglounge.com\/tr\/wp-json\/wp\/v2\/users\/1"}],"replies":[{"embeddable":true,"href":"https:\/\/airportsmokinglounge.com\/tr\/wp-json\/wp\/v2\/comments?post=6101"}],"version-history":[{"count":1,"href":"https:\/\/airportsmokinglounge.com\/tr\/wp-json\/wp\/v2\/pages\/6101\/revisions"}],"predecessor-version":[{"id":6102,"href":"https:\/\/airportsmokinglounge.com\/tr\/wp-json\/wp\/v2\/pages\/6101\/revisions\/6102"}],"wp:featuredmedia":[{"embeddable":true,"href":"https:\/\/airportsmokinglounge.com\/tr\/wp-json\/wp\/v2\/media\/1202"}],"wp:attachment":[{"href":"https:\/\/airportsmokinglounge.com\/tr\/wp-json\/wp\/v2\/media?parent=6101"}],"curies":[{"name":"wp","href":"https:\/\/api.w.org\/{rel}","templated":true}]}}