{"id":62,"date":"2023-02-20T13:27:27","date_gmt":"2023-02-20T12:27:27","guid":{"rendered":"https:\/\/airportsmokinglounge.com\/?page_id=62"},"modified":"2023-05-22T22:23:19","modified_gmt":"2023-05-22T20:23:19","slug":"smoking-in-the-airports-of-south-america","status":"publish","type":"page","link":"https:\/\/airportsmokinglounge.com\/tr\/guney-amerika-havaalanlarinda-sigara-icilmesi\/","title":{"rendered":"G\u00fcney Amerika Havalimanlar\u0131nda Sigara \u0130\u00e7mek"},"content":{"rendered":"<h2>G\u00fcney Amerika havalimanlar\u0131nda sigara i\u00e7ilen alanlar<\/h2>\n<p><span style=\"font-size: 14pt;\">Bu web sitesinde, belirlenmi\u015f sigara i\u00e7me alanlar\u0131 ve mevcut tesisler dahil olmak \u00fczere G\u00fcney Amerika havalimanlar\u0131ndaki t\u00fcm sigara i\u00e7me alanlar\u0131n\u0131 bulabilirsiniz. G\u00fcvenlikten ge\u00e7ip hi\u00e7bir yerde sigara i\u00e7ilen alanlar\u0131n olmad\u0131\u011f\u0131n\u0131 ve baz\u0131 durumlarda e-sigara i\u00e7ilmesine izin verilmeyebilece\u011fini g\u00f6rmenin hayal k\u0131r\u0131kl\u0131\u011f\u0131n\u0131 anl\u0131yoruz. <\/span><\/p>\n<p><span style=\"font-size: 14pt;\">Bu hizmet, uzun u\u00e7u\u015flardan \u00f6nce veya sonra sigara keyfi yapmak isteyen t\u00fcm sigara i\u00e7enler i\u00e7indir.<\/span><\/p>\n<p><span style=\"font-size: 14pt;\"><strong>\u00dclkenizi se\u00e7in:<\/strong><\/span><\/p>\n<ul style=\"list-style-type: circle;\">\n<li><a href=\"https:\/\/airportsmokinglounge.com\/tr\/arjantin-havalimanlarindaki-sigara-icme-alanlari\/\">ARJANT\u0130N<\/a><\/li>\n<li><a href=\"https:\/\/airportsmokinglounge.com\/tr\/brezilya-havalimanlarindaki-sigara-icme-alanlari\/\">BREZ\u0130LYA<\/a><\/li>\n<li><a href=\"https:\/\/airportsmokinglounge.com\/tr\/bolivya-havalimanlarinda-sigara-icilen-alanlar\/\">BOL\u0130VYA<\/a><\/li>\n<li><a href=\"https:\/\/airportsmokinglounge.com\/tr\/chiles-havalimanlarindaki-sigara-icme-alanlari\/\">\u015e\u0130L\u0130<\/a><\/li>\n<li><a href=\"https:\/\/airportsmokinglounge.com\/tr\/kolombiyadaki-havaalanlarinda-sigara-icilebilen-alanlar\/\">KOLOMB\u0130YA<\/a><\/li>\n<li><a href=\"https:\/\/airportsmokinglounge.com\/tr\/ekvador-havalimanlarinda-sigara-icilen-alanlar\/\">EKVADOR<\/a><\/li>\n<li><a href=\"https:\/\/airportsmokinglounge.com\/tr\/guyana-havalimanlarindaki-sigara-icme-alanlari\/\">GUYANA<\/a><\/li>\n<li><a href=\"https:\/\/airportsmokinglounge.com\/tr\/paraguaylar-havalimanlarindaki-sigara-icme-alanlari\/\">PARAGUAY<\/a><\/li>\n<li><a href=\"https:\/\/airportsmokinglounge.com\/tr\/perus-havalimanlarindaki-sigara-icme-alanlari\/\">PERU<\/a><\/li>\n<li><a href=\"https:\/\/airportsmokinglounge.com\/tr\/trinidad-ve-tobago-havalimanlarindaki-sigara-icme-alanlari\/\">TR\u0130N\u0130DAD VE TOBAGO<\/a><\/li>\n<li><a href=\"https:\/\/airportsmokinglounge.com\/tr\/uruguaydaki-havalimanlarindaki-sigara-icme-alanlari\/\">URUGUAY<\/a><\/li>\n<li><a href=\"https:\/\/airportsmokinglounge.com\/tr\/venezueladaki-havaalanlarinda-sigara-icilebilen-alanlar\/\">VENEZ\u00dcELA<\/a><\/li>\n<\/ul>\n<h2>G\u00fcney Amerika Havaalan\u0131 Sigara \u0130\u00e7enler Hizmeti<\/h2>\n<p><span style=\"font-size: 14pt;\">Pek \u00e7ok G\u00fcney Amerika havaliman\u0131, terminaller, bekleme alanlar\u0131 ve otoparklar ile kald\u0131r\u0131mlar gibi a\u00e7\u0131k alanlar dahil olmak \u00fczere havaliman\u0131n\u0131n t\u00fcm i\u00e7 ve d\u0131\u015f alanlar\u0131nda sigara i\u00e7meyi yasaklayan dumans\u0131z politikalar uygulam\u0131\u015ft\u0131r.<\/span><\/p>\n<p><span style=\"font-size: 14pt;\">Sonu\u00e7 olarak, G\u00fcney Amerika havalimanlar\u0131nda belirlenmi\u015f sigara i\u00e7me alanlar\u0131 s\u0131n\u0131rl\u0131 hale geldi ve baz\u0131 havalimanlar\u0131nda hi\u00e7 sigara i\u00e7me alan\u0131 bulunmayabilir. Havaalan\u0131 tesislerinde sigara i\u00e7mek i\u00e7in uygun bir yer bulmak zor olabilece\u011finden, bu durum sigara i\u00e7en yolcular i\u00e7in zorluklar yaratabilir. Baz\u0131 durumlarda, sigara i\u00e7enlerin sigara i\u00e7ecek bir yer bulmak i\u00e7in havaliman\u0131 tesislerini terk etmeleri ve havaliman\u0131 sahas\u0131n\u0131n d\u0131\u015f\u0131na \u00e7\u0131kmalar\u0131 gerekebilir, bu da uygunsuz ve zaman al\u0131c\u0131 olabilir.<\/span><\/p>\n<p><span style=\"font-size: 14pt;\">Sigara i\u00e7en yolcular\u0131n, seyahat ettikleri veya i\u00e7inden ge\u00e7tikleri G\u00fcney Amerika havalimanlar\u0131ndaki sigara i\u00e7me politikalar\u0131 ve y\u00f6netmeliklerinden haberdar olmalar\u0131 \u00f6nemlidir. <\/span><\/p>\n<p><span style=\"font-size: 14pt;\">Bir G\u00fcney Amerika havaalan\u0131nda sigara i\u00e7me alan\u0131 bulmak i\u00e7in ihtiyac\u0131n\u0131z olan t\u00fcm bilgiler burada.<\/span><\/p>\n<h3><span style=\"font-size: 14pt;\">Bize geri bildirim g\u00f6nderin<\/span><\/h3>\n<p><span style=\"font-size: 14pt;\">G\u00fcney Amerika&#039;daki herhangi bir Havaalan\u0131ndaysan\u0131z, bize sigara i\u00e7ilen alanlar\u0131n resimlerini g\u00f6ndermekten memnuniyet duyar\u0131z. Bu, veritaban\u0131m\u0131z\u0131 daha h\u0131zl\u0131 doldurmam\u0131za yard\u0131mc\u0131 olacakt\u0131r. Bunu yapabilirsiniz <strong><a href=\"https:\/\/airportsmokinglounge.com\/tr\/temas-etmek\/\">Burada<\/a>.<\/strong>\u00a0G\u00f6rseller, g\u00f6rsel kayna\u011f\u0131 (isim) belirtilerek sitemizde yay\u0131nlanmaktad\u0131r. Bu resimleri bizimle ve t\u00fcm Airport Smokinglounge.com ziyaret\u00e7ileriyle payla\u015fmaktan \u00e7ekinmeyin.<\/span><\/p>\n<p><strong><span style=\"font-size: 14pt;\">Daha fazla Havaalan\u0131 Sigara i\u00e7ilen alan<\/span><\/strong><\/p>\n<ul style=\"list-style-type: circle;\">\n<li><a href=\"https:\/\/airportsmokinglounge.com\/tr\/afrikada-havaalanlarinda-sigara-icmek\/\">Afrika<\/a><\/li>\n<li><a href=\"https:\/\/airportsmokinglounge.com\/tr\/kuzey-amerikanin-havaalanlarinda-sigara-icmek\/\">Kuzey Amerika<\/a><\/li>\n<li><a href=\"https:\/\/airportsmokinglounge.com\/tr\/avrupa-havalimanlarindaki-sigara-icme-alanlari\/\">Avrupa<\/a><\/li>\n<li><a href=\"https:\/\/airportsmokinglounge.com\/tr\/asyadaki-havaalanlarinda-sigara-icmek\/\">Asya<\/a><\/li>\n<li><a href=\"https:\/\/airportsmokinglounge.com\/tr\/okyanusya-havalimanlarinda-sigara-icmek\/\">Okyanusya<\/a><\/li>\n<\/ul>","protected":false},"excerpt":{"rendered":"<p>G\u00fcney Amerika havaalanlar\u0131ndaki sigara i\u00e7me alanlar\u0131 Bu web sitesinde G\u00fcney Amerika havaalanlar\u0131ndaki t\u00fcm sigara i\u00e7me alanlar\u0131n\u0131, belirlenmi\u015f sigara i\u00e7me alanlar\u0131 ve mevcut tesisler dahil bulabilirsiniz. G\u00fcvenlikten ge\u00e7ip hi\u00e7bir yerde sigara i\u00e7me alan\u0131 olmad\u0131\u011f\u0131n\u0131 ve baz\u0131 durumlarda e-sigaraya izin verilmeyebilece\u011fini g\u00f6rmenin yaratt\u0131\u011f\u0131 hayal k\u0131r\u0131kl\u0131\u011f\u0131n\u0131 anl\u0131yoruz. Bu hizmet\u2026&nbsp;<a href=\"https:\/\/airportsmokinglounge.com\/tr\/guney-amerika-havaalanlarinda-sigara-icilmesi\/\" rel=\"bookmark\">Devam\u0131n\u0131 oku &quot;<span class=\"screen-reader-text\">G\u00fcney Amerika Havalimanlar\u0131nda Sigara \u0130\u00e7mek<\/span><\/a><\/p>","protected":false},"author":1,"featured_media":1202,"parent":0,"menu_order":0,"comment_status":"closed","ping_status":"closed","template":"","meta":{"neve_meta_sidebar":"","neve_meta_container":"","neve_meta_enable_content_width":"off","neve_meta_content_width":100,"neve_meta_title_alignment":"","neve_meta_author_avatar":"","neve_post_elements_order":"","neve_meta_disable_header":"","neve_meta_disable_footer":"","neve_meta_disable_title":"","neve_meta_reading_time":"","footnotes":""},"class_list":["post-62","page","type-page","status-publish","has-post-thumbnail","hentry"],"yoast_head":"<!-- This site is optimized with the Yoast SEO plugin v26.6 - https:\/\/yoast.com\/wordpress\/plugins\/seo\/ -->\n<title>Smoking in the Airports of South America<\/title>\n<meta name=\"description\" content=\"Smoking in the Airports of South America \u2714\ufe0e A Comprehensive Guide to Smoking Areas and Smoking Policies in Major South American Airports \u2714\ufe0e\" \/>\n<meta name=\"robots\" content=\"index, follow, max-snippet:-1, max-image-preview:large, max-video-preview:-1\" \/>\n<link rel=\"canonical\" href=\"https:\/\/airportsmokinglounge.com\/tr\/guney-amerika-havaalanlarinda-sigara-icilmesi\/\" \/>\n<meta property=\"og:locale\" content=\"tr_TR\" \/>\n<meta property=\"og:type\" content=\"article\" \/>\n<meta property=\"og:title\" content=\"Smoking in the Airports of South America\" \/>\n<meta property=\"og:description\" content=\"Smoking in the Airports of South America \u2714\ufe0e A Comprehensive Guide to Smoking Areas and Smoking Policies in Major South American Airports \u2714\ufe0e\" \/>\n<meta property=\"og:url\" content=\"https:\/\/airportsmokinglounge.com\/tr\/guney-amerika-havaalanlarinda-sigara-icilmesi\/\" \/>\n<meta property=\"og:site_name\" content=\"airportsmokinglounge.com\" \/>\n<meta property=\"article:modified_time\" content=\"2023-05-22T20:23:19+00:00\" \/>\n<meta property=\"og:image\" content=\"https:\/\/airportsmokinglounge.com\/wp-content\/uploads\/2023\/03\/airport-smoking-lounge-7.jpg\" \/>\n\t<meta property=\"og:image:width\" content=\"2048\" \/>\n\t<meta property=\"og:image:height\" content=\"1152\" \/>\n\t<meta property=\"og:image:type\" content=\"image\/jpeg\" \/>\n<meta name=\"twitter:card\" content=\"summary_large_image\" \/>\n<meta name=\"twitter:label1\" content=\"Tahmini okuma s\u00fcresi\" \/>\n\t<meta name=\"twitter:data1\" content=\"2 dakika\" \/>\n<script type=\"application\/ld+json\" class=\"yoast-schema-graph\">{\"@context\":\"https:\/\/schema.org\",\"@graph\":[{\"@type\":\"WebPage\",\"@id\":\"https:\/\/airportsmokinglounge.com\/smoking-in-the-airports-of-south-america\/\",\"url\":\"https:\/\/airportsmokinglounge.com\/smoking-in-the-airports-of-south-america\/\",\"name\":\"Smoking in the Airports of South America\",\"isPartOf\":{\"@id\":\"https:\/\/airportsmokinglounge.com\/#website\"},\"primaryImageOfPage\":{\"@id\":\"https:\/\/airportsmokinglounge.com\/smoking-in-the-airports-of-south-america\/#primaryimage\"},\"image\":{\"@id\":\"https:\/\/airportsmokinglounge.com\/smoking-in-the-airports-of-south-america\/#primaryimage\"},\"thumbnailUrl\":\"https:\/\/airportsmokinglounge.com\/wp-content\/uploads\/2023\/03\/airport-smoking-lounge-7.jpg\",\"datePublished\":\"2023-02-20T12:27:27+00:00\",\"dateModified\":\"2023-05-22T20:23:19+00:00\",\"description\":\"Smoking in the Airports of South America \u2714\ufe0e A Comprehensive Guide to Smoking Areas and Smoking Policies in Major South American Airports \u2714\ufe0e\",\"breadcrumb\":{\"@id\":\"https:\/\/airportsmokinglounge.com\/smoking-in-the-airports-of-south-america\/#breadcrumb\"},\"inLanguage\":\"tr\",\"potentialAction\":[{\"@type\":\"ReadAction\",\"target\":[\"https:\/\/airportsmokinglounge.com\/smoking-in-the-airports-of-south-america\/\"]}]},{\"@type\":\"ImageObject\",\"inLanguage\":\"tr\",\"@id\":\"https:\/\/airportsmokinglounge.com\/smoking-in-the-airports-of-south-america\/#primaryimage\",\"url\":\"https:\/\/airportsmokinglounge.com\/wp-content\/uploads\/2023\/03\/airport-smoking-lounge-7.jpg\",\"contentUrl\":\"https:\/\/airportsmokinglounge.com\/wp-content\/uploads\/2023\/03\/airport-smoking-lounge-7.jpg\",\"width\":2048,\"height\":1152,\"caption\":\"Airport Smoking areas\"},{\"@type\":\"BreadcrumbList\",\"@id\":\"https:\/\/airportsmokinglounge.com\/smoking-in-the-airports-of-south-america\/#breadcrumb\",\"itemListElement\":[{\"@type\":\"ListItem\",\"position\":1,\"name\":\"Home\",\"item\":\"https:\/\/airportsmokinglounge.com\/\"},{\"@type\":\"ListItem\",\"position\":2,\"name\":\"Smoking in the Airports of South America\"}]},{\"@type\":\"WebSite\",\"@id\":\"https:\/\/airportsmokinglounge.com\/#website\",\"url\":\"https:\/\/airportsmokinglounge.com\/\",\"name\":\"airportsmokinglounge.com\",\"description\":\"\",\"potentialAction\":[{\"@type\":\"SearchAction\",\"target\":{\"@type\":\"EntryPoint\",\"urlTemplate\":\"https:\/\/airportsmokinglounge.com\/?s={search_term_string}\"},\"query-input\":{\"@type\":\"PropertyValueSpecification\",\"valueRequired\":true,\"valueName\":\"search_term_string\"}}],\"inLanguage\":\"tr\"}]}<\/script>\n<!-- \/ Yoast SEO plugin. -->","yoast_head_json":{"title":"G\u00fcney Amerika Havalimanlar\u0131nda Sigara \u0130\u00e7mek","description":"G\u00fcney Amerika Havalimanlar\u0131nda Sigara \u0130\u00e7ilmesi \u2714\ufe0e B\u00fcy\u00fck G\u00fcney Amerika Havalimanlar\u0131nda Sigara \u0130\u00e7ilen Alanlar ve Sigara \u0130\u00e7me Politikalar\u0131 \u0130\u00e7in Kapsaml\u0131 Bir K\u0131lavuz \u2714\ufe0e","robots":{"index":"index","follow":"follow","max-snippet":"max-snippet:-1","max-image-preview":"max-image-preview:large","max-video-preview":"max-video-preview:-1"},"canonical":"https:\/\/airportsmokinglounge.com\/tr\/guney-amerika-havaalanlarinda-sigara-icilmesi\/","og_locale":"tr_TR","og_type":"article","og_title":"Smoking in the Airports of South America","og_description":"Smoking in the Airports of South America \u2714\ufe0e A Comprehensive Guide to Smoking Areas and Smoking Policies in Major South American Airports \u2714\ufe0e","og_url":"https:\/\/airportsmokinglounge.com\/tr\/guney-amerika-havaalanlarinda-sigara-icilmesi\/","og_site_name":"airportsmokinglounge.com","article_modified_time":"2023-05-22T20:23:19+00:00","og_image":[{"width":2048,"height":1152,"url":"https:\/\/airportsmokinglounge.com\/wp-content\/uploads\/2023\/03\/airport-smoking-lounge-7.jpg","type":"image\/jpeg"}],"twitter_card":"summary_large_image","twitter_misc":{"Tahmini okuma s\u00fcresi":"2 dakika"},"schema":{"@context":"https:\/\/schema.org","@graph":[{"@type":"WebPage","@id":"https:\/\/airportsmokinglounge.com\/smoking-in-the-airports-of-south-america\/","url":"https:\/\/airportsmokinglounge.com\/smoking-in-the-airports-of-south-america\/","name":"G\u00fcney Amerika Havalimanlar\u0131nda Sigara \u0130\u00e7mek","isPartOf":{"@id":"https:\/\/airportsmokinglounge.com\/#website"},"primaryImageOfPage":{"@id":"https:\/\/airportsmokinglounge.com\/smoking-in-the-airports-of-south-america\/#primaryimage"},"image":{"@id":"https:\/\/airportsmokinglounge.com\/smoking-in-the-airports-of-south-america\/#primaryimage"},"thumbnailUrl":"https:\/\/airportsmokinglounge.com\/wp-content\/uploads\/2023\/03\/airport-smoking-lounge-7.jpg","datePublished":"2023-02-20T12:27:27+00:00","dateModified":"2023-05-22T20:23:19+00:00","description":"G\u00fcney Amerika Havalimanlar\u0131nda Sigara \u0130\u00e7ilmesi \u2714\ufe0e B\u00fcy\u00fck G\u00fcney Amerika Havalimanlar\u0131nda Sigara \u0130\u00e7ilen Alanlar ve Sigara \u0130\u00e7me Politikalar\u0131 \u0130\u00e7in Kapsaml\u0131 Bir K\u0131lavuz \u2714\ufe0e","breadcrumb":{"@id":"https:\/\/airportsmokinglounge.com\/smoking-in-the-airports-of-south-america\/#breadcrumb"},"inLanguage":"tr","potentialAction":[{"@type":"ReadAction","target":["https:\/\/airportsmokinglounge.com\/smoking-in-the-airports-of-south-america\/"]}]},{"@type":"ImageObject","inLanguage":"tr","@id":"https:\/\/airportsmokinglounge.com\/smoking-in-the-airports-of-south-america\/#primaryimage","url":"https:\/\/airportsmokinglounge.com\/wp-content\/uploads\/2023\/03\/airport-smoking-lounge-7.jpg","contentUrl":"https:\/\/airportsmokinglounge.com\/wp-content\/uploads\/2023\/03\/airport-smoking-lounge-7.jpg","width":2048,"height":1152,"caption":"Airport Smoking areas"},{"@type":"BreadcrumbList","@id":"https:\/\/airportsmokinglounge.com\/smoking-in-the-airports-of-south-america\/#breadcrumb","itemListElement":[{"@type":"ListItem","position":1,"name":"Home","item":"https:\/\/airportsmokinglounge.com\/"},{"@type":"ListItem","position":2,"name":"Smoking in the Airports of South America"}]},{"@type":"WebSite","@id":"https:\/\/airportsmokinglounge.com\/#website","url":"https:\/\/airportsmokinglounge.com\/","name":"havaalan\u0131sigara salonu.com","description":"","potentialAction":[{"@type":"SearchAction","target":{"@type":"EntryPoint","urlTemplate":"https:\/\/airportsmokinglounge.com\/?s={search_term_string}"},"query-input":{"@type":"PropertyValueSpecification","valueRequired":true,"valueName":"search_term_string"}}],"inLanguage":"tr"}]}},"_links":{"self":[{"href":"https:\/\/airportsmokinglounge.com\/tr\/wp-json\/wp\/v2\/pages\/62","targetHints":{"allow":["GET"]}}],"collection":[{"href":"https:\/\/airportsmokinglounge.com\/tr\/wp-json\/wp\/v2\/pages"}],"about":[{"href":"https:\/\/airportsmokinglounge.com\/tr\/wp-json\/wp\/v2\/types\/page"}],"author":[{"embeddable":true,"href":"https:\/\/airportsmokinglounge.com\/tr\/wp-json\/wp\/v2\/users\/1"}],"replies":[{"embeddable":true,"href":"https:\/\/airportsmokinglounge.com\/tr\/wp-json\/wp\/v2\/comments?post=62"}],"version-history":[{"count":10,"href":"https:\/\/airportsmokinglounge.com\/tr\/wp-json\/wp\/v2\/pages\/62\/revisions"}],"predecessor-version":[{"id":5809,"href":"https:\/\/airportsmokinglounge.com\/tr\/wp-json\/wp\/v2\/pages\/62\/revisions\/5809"}],"wp:featuredmedia":[{"embeddable":true,"href":"https:\/\/airportsmokinglounge.com\/tr\/wp-json\/wp\/v2\/media\/1202"}],"wp:attachment":[{"href":"https:\/\/airportsmokinglounge.com\/tr\/wp-json\/wp\/v2\/media?parent=62"}],"curies":[{"name":"wp","href":"https:\/\/api.w.org\/{rel}","templated":true}]}}