{"id":6232,"date":"2023-05-26T19:47:48","date_gmt":"2023-05-26T17:47:48","guid":{"rendered":"https:\/\/airportsmokinglounge.com\/?page_id=6232"},"modified":"2023-05-26T19:47:48","modified_gmt":"2023-05-26T17:47:48","slug":"smoking-areas-at-samos-airport-smi","status":"publish","type":"page","link":"https:\/\/airportsmokinglounge.com\/tr\/samos-airport-smi-at-sigara-alanlari\/","title":{"rendered":"Sisam Havaliman\u0131&#039;nda (SMI) sigara i\u00e7ilen alanlar"},"content":{"rendered":"<p>Samos Havaliman\u0131&#039;n\u0131n Aristarchos&#039;u olarak da bilinen Sisam Uluslararas\u0131 Havaliman\u0131, Yunanistan&#039;\u0131n Sisam adas\u0131na hizmet veren ana havaliman\u0131d\u0131r. Havaalan\u0131, Sisam&#039;\u0131 Yunanistan ve di\u011fer Avrupa \u00fclkelerindeki \u00e7e\u015fitli destinasyonlara ba\u011flayan hem i\u00e7 hem de d\u0131\u015f hat u\u00e7u\u015flar\u0131 ger\u00e7ekle\u015ftirmektedir.<\/p>\n<h2>G\u00fcvenlik Kontrol\u00fc \u00f6ncesi sigara i\u00e7ilen alanlar<\/h2>\n<ul>\n<li>Terminal d\u0131\u015f\u0131nda sadece belirlenmi\u015f alanlarda sigara i\u00e7ilmesine izin verilmektedir.<\/li>\n<\/ul>\n<h2>G\u00fcvenlik Kontrol\u00fcnden Sonra Sigara \u0130\u00e7ilen Alanlar<\/h2>\n<ul>\n<li>Sadece belirlenmi\u015f alanlarda sigara i\u00e7ilebilir<\/li>\n<\/ul>\n<p><span style=\"font-size: 12pt;\">Resmi Web Sitesinde Daha Fazla Bilgi<\/span><\/p>\n<ul>\n<li><a href=\"https:\/\/www.smi-airport.gr\/en\" target=\"_blank\" rel=\"noopener\"><span style=\"font-size: 12pt;\">smi-havaalan\u0131.gr<\/span><\/a><\/li>\n<\/ul>\n<p><span style=\"font-size: 12pt;\"><strong>Bize geri bildirim g\u00f6nderin<\/strong><\/span><\/p>\n<p><span style=\"font-size: 12pt;\">Havaalan\u0131ndaysan\u0131z, sigara i\u00e7ilen alanlar\u0131n resimlerini bize g\u00f6nderebilirsiniz. Bu, veritaban\u0131m\u0131z\u0131 daha h\u0131zl\u0131 doldurmam\u0131za yard\u0131mc\u0131 olacakt\u0131r. Bunu yapabilirsiniz <strong><a href=\"https:\/\/airportsmokinglounge.com\/tr\/temas-etmek\/\">Burada<\/a>.<\/strong> G\u00f6rseller, g\u00f6rsel kayna\u011f\u0131 (isim) belirtilerek sitemizde yay\u0131nlanmaktad\u0131r. Bu resimleri bizimle ve t\u00fcm Airport Smokinglounge.com ziyaret\u00e7ileriyle payla\u015fmaktan \u00e7ekinmeyin.<\/span><\/p>\n<h2>Yunanistan havaalanlar\u0131nda sigara i\u00e7mek<\/h2>\n<p>Belirlenmi\u015f Sigara \u0130\u00e7me Alanlar\u0131: Sigara i\u00e7enleri bar\u0131nd\u0131rmak i\u00e7in, baz\u0131 Yunan havaalanlar\u0131nda belirlenmi\u015f sigara i\u00e7me alanlar\u0131 mevcut olabilir. Bu alanlar genellikle terminal binalar\u0131n\u0131n d\u0131\u015f\u0131nda, \u00f6zel olarak belirlenmi\u015f b\u00f6lgelerde veya sigara i\u00e7me salonlar\u0131nda bulunur. Ancak, sigara i\u00e7me alanlar\u0131n\u0131n mevcudiyeti ve konumu havalimanlar\u0131 aras\u0131nda de\u011fi\u015fiklik g\u00f6sterebilir ve baz\u0131 havalimanlar\u0131nda hi\u00e7 sigara i\u00e7me alan\u0131 bulunmayabilir.<\/p>\n<p>A\u00e7\u0131k Havada Sigara \u0130\u00e7ilmesi: Sigara i\u00e7ilmesine genellikle terminal binalar\u0131n\u0131n d\u0131\u015f\u0131nda, giri\u015flerden ve di\u011fer sigara i\u00e7ilmeyen alanlardan uzakta, belirlenmi\u015f a\u00e7\u0131k alanlarda izin verilir. Bununla birlikte, ba\u015fkalar\u0131na kar\u015f\u0131 dikkatli olmak ve sigara izmaritlerini uygun \u015fekilde belirlenmi\u015f kaplara atmak \u00f6nemlidir.<\/p>\n<p>Yolcular\u0131n Yunanistan havaalanlar\u0131nda sigara i\u00e7me kurallar\u0131na uymas\u0131 ve sigara i\u00e7meyenlerin haklar\u0131na sayg\u0131 duymas\u0131 \u00f6nemlidir. Kendi \u00f6zel kurallar\u0131 ve k\u0131s\u0131tlamalar\u0131 olabilece\u011finden, kullanaca\u011f\u0131n\u0131z havaliman\u0131n\u0131n \u00f6zel sigara i\u00e7me politikalar\u0131n\u0131 \u00f6\u011frenmeniz \u00f6nerilir.<\/p>\n<h3>S\u0131k\u00e7a Sorulan Sorular<\/h3>\n<h4>Havaliman\u0131 sigara i\u00e7me alanlar\u0131 7\/24 a\u00e7\u0131k m\u0131?<\/h4>\n<p>Havaliman\u0131 sigara i\u00e7me alanlar\u0131n\u0131n mevcudiyeti, havaliman\u0131na ve konuma g\u00f6re de\u011fi\u015fiklik g\u00f6sterebilir. Baz\u0131 sigara i\u00e7me alanlar\u0131 24 saat a\u00e7\u0131kken, baz\u0131lar\u0131nda k\u0131s\u0131tl\u0131 saatler olabilir veya belirli saatlerde kapal\u0131 olabilir. Sigara i\u00e7me alan\u0131n\u0131n \u00e7al\u0131\u015fma saatleri hakk\u0131nda \u00f6zel bilgi i\u00e7in havaalan\u0131na dan\u0131\u015fmak veya web sitelerini ziyaret etmek en iyisidir.<\/p>\n<h4>Sigara i\u00e7me alan\u0131na kendi yiyecek ve i\u00e7eceklerimi getirmeme izin verilir mi?<\/h4>\n<p>Bu, belirli sigara i\u00e7me alan\u0131na ve havaalan\u0131na ba\u011fl\u0131 olabilir. Baz\u0131 sigara i\u00e7me alanlar\u0131 d\u0131\u015far\u0131dan yiyecek ve i\u00e7eceklere izin verirken, baz\u0131lar\u0131nda k\u0131s\u0131tlamalar olabilir veya tamamen yasak olabilir. Belirli kurallar ve y\u00f6netmelikler i\u00e7in havaalan\u0131na veya sigara i\u00e7ilen alan tabelas\u0131na bakmak en iyisidir.<\/p>\n<h4>Havaliman\u0131ndaki t\u00fcm sigara i\u00e7ilen alanlarda sigara i\u00e7ilebilir mi?<\/h4>\n<p>Havaalan\u0131 sigara i\u00e7ilen alanlar\u0131n t\u00fcm\u00fc sigara i\u00e7ilmesine izin vermeyebilir. Baz\u0131 havalimanlar\u0131nda, geleneksel sigara i\u00e7me alanlar\u0131ndan ayr\u0131 elektronik sigara veya elektronik sigara i\u00e7in belirlenmi\u015f alanlar olabilir. Kullanmay\u0131 planlad\u0131\u011f\u0131n\u0131z sigara i\u00e7me alan\u0131 i\u00e7in \u00f6zel kural ve d\u00fczenlemeleri kontrol etti\u011finizden emin olun.<\/p>\n<h4>Sigara i\u00e7ilen alanlar klimal\u0131 m\u0131 yoksa \u0131s\u0131tmal\u0131 m\u0131?<\/h4>\n<p>Havaalan\u0131 sigara i\u00e7me alanlar\u0131n\u0131n s\u0131cakl\u0131\u011f\u0131 ve havaland\u0131rmas\u0131 b\u00fcy\u00fck \u00f6l\u00e7\u00fcde de\u011fi\u015febilir. Baz\u0131lar\u0131 klimal\u0131 veya \u0131s\u0131tmal\u0131 olabilirken, di\u011ferleri d\u0131\u015f etkenlerden s\u0131n\u0131rl\u0131 korumaya sahip a\u00e7\u0131k hava alanlar\u0131 olabilir. Ko\u015fullar\u0131 belirlemek ve buna g\u00f6re haz\u0131rlanmak i\u00e7in \u00f6nceden havaalan\u0131na dan\u0131\u015ft\u0131\u011f\u0131n\u0131zdan veya sigara i\u00e7me alan\u0131n\u0131 ziyaret etti\u011finizden emin olun.<\/p>\n<h4>Sigara i\u00e7ilen alanlar engelli yolcular i\u00e7in eri\u015filebilir mi?<\/h4>\n<p>Bir\u00e7ok havaalan\u0131, sigara i\u00e7me alanlar\u0131n\u0131 engelli yolcular\u0131n eri\u015fimine uygun hale getirmek i\u00e7in \u00e7aba sarf etmi\u015ftir. Ancak, belirli sigara i\u00e7me alanlar\u0131n\u0131n eri\u015filebilirli\u011fi b\u00fcy\u00fck \u00f6l\u00e7\u00fcde de\u011fi\u015febilir. Eri\u015filebilir olup olmad\u0131\u011f\u0131n\u0131 ve ihtiya\u00e7lar\u0131n\u0131z\u0131 kar\u015f\u0131lay\u0131p kar\u015f\u0131lamad\u0131\u011f\u0131n\u0131 belirlemek i\u00e7in havaalan\u0131na dan\u0131\u015ft\u0131\u011f\u0131n\u0131zdan veya sigara i\u00e7me alan\u0131n\u0131 \u00f6nceden ziyaret etti\u011finizden emin olun.<\/p>","protected":false},"excerpt":{"rendered":"<p>Samos Uluslararas\u0131 Havaliman\u0131, di\u011fer ad\u0131yla Samos Aristarchos Havaliman\u0131, Yunanistan&#039;\u0131n Samos adas\u0131na hizmet veren ana havaliman\u0131d\u0131r. Havaliman\u0131, Samos&#039;u Yunanistan ve di\u011fer Avrupa \u00fclkelerindeki \u00e7e\u015fitli noktalara ba\u011flayan hem i\u00e7 hem de uluslararas\u0131 u\u00e7u\u015flar ger\u00e7ekle\u015ftirmektedir. G\u00fcvenlik kontrol\u00fcnden \u00f6nceki sigara i\u00e7me alanlar\u0131: Sigara i\u00e7mek yaln\u0131zca terminal d\u0131\u015f\u0131nda belirlenmi\u015f alanlarda serbesttir\u2026&nbsp;<a href=\"https:\/\/airportsmokinglounge.com\/tr\/samos-airport-smi-at-sigara-alanlari\/\" rel=\"bookmark\">Devam\u0131n\u0131 oku &quot;<span class=\"screen-reader-text\">Sisam Havaliman\u0131&#039;nda (SMI) sigara i\u00e7ilen alanlar<\/span><\/a><\/p>","protected":false},"author":1,"featured_media":1202,"parent":0,"menu_order":0,"comment_status":"closed","ping_status":"closed","template":"","meta":{"neve_meta_sidebar":"","neve_meta_container":"","neve_meta_enable_content_width":"off","neve_meta_content_width":100,"neve_meta_title_alignment":"","neve_meta_author_avatar":"","neve_post_elements_order":"","neve_meta_disable_header":"","neve_meta_disable_footer":"","neve_meta_disable_title":"","neve_meta_reading_time":"","footnotes":""},"class_list":["post-6232","page","type-page","status-publish","has-post-thumbnail","hentry"],"yoast_head":"<!-- This site is optimized with the Yoast SEO plugin v26.6 - https:\/\/yoast.com\/wordpress\/plugins\/seo\/ -->\n<title>Smoking areas at Samos Airport (SMI) - airportsmokinglounge.com<\/title>\n<meta name=\"description\" content=\"Smoking areas Samos Airport - Find a smoking area in the airport \u2714\ufe0e Smoking Guide in Airports for Travelers \u2714\ufe0e\" \/>\n<meta name=\"robots\" content=\"index, follow, max-snippet:-1, max-image-preview:large, max-video-preview:-1\" \/>\n<link rel=\"canonical\" href=\"https:\/\/airportsmokinglounge.com\/tr\/samos-airport-smi-at-sigara-alanlari\/\" \/>\n<meta property=\"og:locale\" content=\"tr_TR\" \/>\n<meta property=\"og:type\" content=\"article\" \/>\n<meta property=\"og:title\" content=\"Smoking areas at Samos Airport (SMI) - airportsmokinglounge.com\" \/>\n<meta property=\"og:description\" content=\"Smoking areas Samos Airport - Find a smoking area in the airport \u2714\ufe0e Smoking Guide in Airports for Travelers \u2714\ufe0e\" \/>\n<meta property=\"og:url\" content=\"https:\/\/airportsmokinglounge.com\/tr\/samos-airport-smi-at-sigara-alanlari\/\" \/>\n<meta property=\"og:site_name\" content=\"airportsmokinglounge.com\" \/>\n<meta property=\"og:image\" content=\"https:\/\/airportsmokinglounge.com\/wp-content\/uploads\/2023\/03\/airport-smoking-lounge-7.jpg\" \/>\n\t<meta property=\"og:image:width\" content=\"2048\" \/>\n\t<meta property=\"og:image:height\" content=\"1152\" \/>\n\t<meta property=\"og:image:type\" content=\"image\/jpeg\" \/>\n<meta name=\"twitter:card\" content=\"summary_large_image\" \/>\n<meta name=\"twitter:label1\" content=\"Tahmini okuma s\u00fcresi\" \/>\n\t<meta name=\"twitter:data1\" content=\"3 dakika\" \/>\n<script type=\"application\/ld+json\" class=\"yoast-schema-graph\">{\"@context\":\"https:\/\/schema.org\",\"@graph\":[{\"@type\":\"WebPage\",\"@id\":\"https:\/\/airportsmokinglounge.com\/smoking-areas-at-samos-airport-smi\/\",\"url\":\"https:\/\/airportsmokinglounge.com\/smoking-areas-at-samos-airport-smi\/\",\"name\":\"Smoking areas at Samos Airport (SMI) - airportsmokinglounge.com\",\"isPartOf\":{\"@id\":\"https:\/\/airportsmokinglounge.com\/#website\"},\"primaryImageOfPage\":{\"@id\":\"https:\/\/airportsmokinglounge.com\/smoking-areas-at-samos-airport-smi\/#primaryimage\"},\"image\":{\"@id\":\"https:\/\/airportsmokinglounge.com\/smoking-areas-at-samos-airport-smi\/#primaryimage\"},\"thumbnailUrl\":\"https:\/\/airportsmokinglounge.com\/wp-content\/uploads\/2023\/03\/airport-smoking-lounge-7.jpg\",\"datePublished\":\"2023-05-26T17:47:48+00:00\",\"description\":\"Smoking areas Samos Airport - Find a smoking area in the airport \u2714\ufe0e Smoking Guide in Airports for Travelers \u2714\ufe0e\",\"breadcrumb\":{\"@id\":\"https:\/\/airportsmokinglounge.com\/smoking-areas-at-samos-airport-smi\/#breadcrumb\"},\"inLanguage\":\"tr\",\"potentialAction\":[{\"@type\":\"ReadAction\",\"target\":[\"https:\/\/airportsmokinglounge.com\/smoking-areas-at-samos-airport-smi\/\"]}]},{\"@type\":\"ImageObject\",\"inLanguage\":\"tr\",\"@id\":\"https:\/\/airportsmokinglounge.com\/smoking-areas-at-samos-airport-smi\/#primaryimage\",\"url\":\"https:\/\/airportsmokinglounge.com\/wp-content\/uploads\/2023\/03\/airport-smoking-lounge-7.jpg\",\"contentUrl\":\"https:\/\/airportsmokinglounge.com\/wp-content\/uploads\/2023\/03\/airport-smoking-lounge-7.jpg\",\"width\":2048,\"height\":1152,\"caption\":\"Airport Smoking areas\"},{\"@type\":\"BreadcrumbList\",\"@id\":\"https:\/\/airportsmokinglounge.com\/smoking-areas-at-samos-airport-smi\/#breadcrumb\",\"itemListElement\":[{\"@type\":\"ListItem\",\"position\":1,\"name\":\"Home\",\"item\":\"https:\/\/airportsmokinglounge.com\/\"},{\"@type\":\"ListItem\",\"position\":2,\"name\":\"Smoking areas at Samos Airport (SMI)\"}]},{\"@type\":\"WebSite\",\"@id\":\"https:\/\/airportsmokinglounge.com\/#website\",\"url\":\"https:\/\/airportsmokinglounge.com\/\",\"name\":\"airportsmokinglounge.com\",\"description\":\"\",\"potentialAction\":[{\"@type\":\"SearchAction\",\"target\":{\"@type\":\"EntryPoint\",\"urlTemplate\":\"https:\/\/airportsmokinglounge.com\/?s={search_term_string}\"},\"query-input\":{\"@type\":\"PropertyValueSpecification\",\"valueRequired\":true,\"valueName\":\"search_term_string\"}}],\"inLanguage\":\"tr\"}]}<\/script>\n<!-- \/ Yoast SEO plugin. -->","yoast_head_json":{"title":"Samos Havaliman\u0131&#039;nda (SMI) sigara i\u00e7ilen alanlar - airair Smokinglounge.com","description":"Sigara i\u00e7ilen alanlar Sisam Havaalan\u0131 - Havaalan\u0131nda bir sigara i\u00e7me alan\u0131 bulun \u2714\ufe0e Gezginler i\u00e7in Havalimanlar\u0131nda Sigara \u0130\u00e7me Rehberi \u2714\ufe0e","robots":{"index":"index","follow":"follow","max-snippet":"max-snippet:-1","max-image-preview":"max-image-preview:large","max-video-preview":"max-video-preview:-1"},"canonical":"https:\/\/airportsmokinglounge.com\/tr\/samos-airport-smi-at-sigara-alanlari\/","og_locale":"tr_TR","og_type":"article","og_title":"Smoking areas at Samos Airport (SMI) - airportsmokinglounge.com","og_description":"Smoking areas Samos Airport - Find a smoking area in the airport \u2714\ufe0e Smoking Guide in Airports for Travelers \u2714\ufe0e","og_url":"https:\/\/airportsmokinglounge.com\/tr\/samos-airport-smi-at-sigara-alanlari\/","og_site_name":"airportsmokinglounge.com","og_image":[{"width":2048,"height":1152,"url":"https:\/\/airportsmokinglounge.com\/wp-content\/uploads\/2023\/03\/airport-smoking-lounge-7.jpg","type":"image\/jpeg"}],"twitter_card":"summary_large_image","twitter_misc":{"Tahmini okuma s\u00fcresi":"3 dakika"},"schema":{"@context":"https:\/\/schema.org","@graph":[{"@type":"WebPage","@id":"https:\/\/airportsmokinglounge.com\/smoking-areas-at-samos-airport-smi\/","url":"https:\/\/airportsmokinglounge.com\/smoking-areas-at-samos-airport-smi\/","name":"Samos Havaliman\u0131&#039;nda (SMI) sigara i\u00e7ilen alanlar - airair Smokinglounge.com","isPartOf":{"@id":"https:\/\/airportsmokinglounge.com\/#website"},"primaryImageOfPage":{"@id":"https:\/\/airportsmokinglounge.com\/smoking-areas-at-samos-airport-smi\/#primaryimage"},"image":{"@id":"https:\/\/airportsmokinglounge.com\/smoking-areas-at-samos-airport-smi\/#primaryimage"},"thumbnailUrl":"https:\/\/airportsmokinglounge.com\/wp-content\/uploads\/2023\/03\/airport-smoking-lounge-7.jpg","datePublished":"2023-05-26T17:47:48+00:00","description":"Sigara i\u00e7ilen alanlar Sisam Havaalan\u0131 - Havaalan\u0131nda bir sigara i\u00e7me alan\u0131 bulun \u2714\ufe0e Gezginler i\u00e7in Havalimanlar\u0131nda Sigara \u0130\u00e7me Rehberi \u2714\ufe0e","breadcrumb":{"@id":"https:\/\/airportsmokinglounge.com\/smoking-areas-at-samos-airport-smi\/#breadcrumb"},"inLanguage":"tr","potentialAction":[{"@type":"ReadAction","target":["https:\/\/airportsmokinglounge.com\/smoking-areas-at-samos-airport-smi\/"]}]},{"@type":"ImageObject","inLanguage":"tr","@id":"https:\/\/airportsmokinglounge.com\/smoking-areas-at-samos-airport-smi\/#primaryimage","url":"https:\/\/airportsmokinglounge.com\/wp-content\/uploads\/2023\/03\/airport-smoking-lounge-7.jpg","contentUrl":"https:\/\/airportsmokinglounge.com\/wp-content\/uploads\/2023\/03\/airport-smoking-lounge-7.jpg","width":2048,"height":1152,"caption":"Airport Smoking areas"},{"@type":"BreadcrumbList","@id":"https:\/\/airportsmokinglounge.com\/smoking-areas-at-samos-airport-smi\/#breadcrumb","itemListElement":[{"@type":"ListItem","position":1,"name":"Home","item":"https:\/\/airportsmokinglounge.com\/"},{"@type":"ListItem","position":2,"name":"Smoking areas at Samos Airport (SMI)"}]},{"@type":"WebSite","@id":"https:\/\/airportsmokinglounge.com\/#website","url":"https:\/\/airportsmokinglounge.com\/","name":"havaalan\u0131sigara salonu.com","description":"","potentialAction":[{"@type":"SearchAction","target":{"@type":"EntryPoint","urlTemplate":"https:\/\/airportsmokinglounge.com\/?s={search_term_string}"},"query-input":{"@type":"PropertyValueSpecification","valueRequired":true,"valueName":"search_term_string"}}],"inLanguage":"tr"}]}},"_links":{"self":[{"href":"https:\/\/airportsmokinglounge.com\/tr\/wp-json\/wp\/v2\/pages\/6232","targetHints":{"allow":["GET"]}}],"collection":[{"href":"https:\/\/airportsmokinglounge.com\/tr\/wp-json\/wp\/v2\/pages"}],"about":[{"href":"https:\/\/airportsmokinglounge.com\/tr\/wp-json\/wp\/v2\/types\/page"}],"author":[{"embeddable":true,"href":"https:\/\/airportsmokinglounge.com\/tr\/wp-json\/wp\/v2\/users\/1"}],"replies":[{"embeddable":true,"href":"https:\/\/airportsmokinglounge.com\/tr\/wp-json\/wp\/v2\/comments?post=6232"}],"version-history":[{"count":1,"href":"https:\/\/airportsmokinglounge.com\/tr\/wp-json\/wp\/v2\/pages\/6232\/revisions"}],"predecessor-version":[{"id":6233,"href":"https:\/\/airportsmokinglounge.com\/tr\/wp-json\/wp\/v2\/pages\/6232\/revisions\/6233"}],"wp:featuredmedia":[{"embeddable":true,"href":"https:\/\/airportsmokinglounge.com\/tr\/wp-json\/wp\/v2\/media\/1202"}],"wp:attachment":[{"href":"https:\/\/airportsmokinglounge.com\/tr\/wp-json\/wp\/v2\/media?parent=6232"}],"curies":[{"name":"wp","href":"https:\/\/api.w.org\/{rel}","templated":true}]}}