{"id":6409,"date":"2023-06-18T16:59:52","date_gmt":"2023-06-18T14:59:52","guid":{"rendered":"https:\/\/airportsmokinglounge.com\/?page_id=6409"},"modified":"2023-06-18T16:59:52","modified_gmt":"2023-06-18T14:59:52","slug":"about-us","status":"publish","type":"page","link":"https:\/\/airportsmokinglounge.com\/tr\/hakkimizda\/","title":{"rendered":"Hakk\u0131m\u0131zda"},"content":{"rendered":"<p>D\u00fcnya \u00e7ap\u0131ndaki havalimanlar\u0131ndaki sigara i\u00e7me alanlar\u0131na ili\u015fkin kapsaml\u0131 bilgi kayna\u011f\u0131n\u0131z olan Airport Smokinglounge.com&#039;a ho\u015f geldiniz.<\/p>\n<p>Misyonumuz, d\u00fcnya genelindeki havalimanlar\u0131nda belirlenmi\u015f sigara i\u00e7me alanlar\u0131 ve mevcut tesisler hakk\u0131nda ayr\u0131nt\u0131l\u0131 bilgi sa\u011flayarak, sigara i\u00e7enler i\u00e7in seyahati daha keyifli hale getirmektir. G\u00fcvenlikten ge\u00e7erken sigara i\u00e7ilen alanlar\u0131n olmad\u0131\u011f\u0131n\u0131 veya baz\u0131 durumlarda e-sigaraya izin verilmedi\u011fini g\u00f6rmenin yaratt\u0131\u011f\u0131 hayal k\u0131r\u0131kl\u0131\u011f\u0131n\u0131 anl\u0131yoruz.<\/p>\n<p>\u0130ster transit halinde olun, aktarmal\u0131 bir u\u00e7u\u015f bekliyor olun, ister var\u0131\u015f noktan\u0131za yeni ula\u015fm\u0131\u015f olun, herhangi bir kural\u0131 \u00e7i\u011fneme endi\u015fesi olmadan rahatlayabilece\u011finiz ve sigara i\u00e7ebilece\u011finiz bir yer bulman\u0131za yard\u0131mc\u0131 olmay\u0131 ama\u00e7l\u0131yoruz.<\/p>\n<p>En g\u00fcncel ve do\u011fru bilgilerin parmaklar\u0131n\u0131z\u0131n ucunda olmas\u0131n\u0131 sa\u011flamak i\u00e7in veritaban\u0131m\u0131z\u0131 s\u00fcrekli olarak g\u00fcncelliyoruz. En b\u00fcy\u00fck uluslararas\u0131 havalimanlar\u0131ndan daha k\u00fc\u00e7\u00fck yurt i\u00e7i havalimanlar\u0131na kadar hepsini kapsamaya \u00e7al\u0131\u015f\u0131yoruz.<\/p>\n<p>Ekibimiz seyahat deneyiminizi olabildi\u011fince sorunsuz hale getirmeye kendini adam\u0131\u015ft\u0131r. Herhangi bir sorunuz, \u00f6neriniz varsa veya hen\u00fcz ele almad\u0131\u011f\u0131m\u0131z bir havaalan\u0131ndaki sigara i\u00e7me alan\u0131 hakk\u0131nda bilgi vermek istiyorsan\u0131z l\u00fctfen \u00e7ekinmeyin. <a href=\"https:\/\/airportsmokinglounge.com\/tr\/temas-etmek\/\">temas etmek<\/a> biz.<\/p>\n<p>Airport Smokinglounge.com&#039;u se\u00e7ti\u011finiz i\u00e7in te\u015fekk\u00fcr ederiz ve g\u00fcvenli seyahatler!\u201d<\/p>","protected":false},"excerpt":{"rendered":"<p>D\u00fcnya \u00e7ap\u0131ndaki havalimanlar\u0131ndaki sigara i\u00e7me alanlar\u0131 hakk\u0131nda kapsaml\u0131 bilgi kayna\u011f\u0131n\u0131z olan airportsmokinglounge.com&#039;a ho\u015f geldiniz. Misyonumuz, d\u00fcnya \u00e7ap\u0131ndaki havalimanlar\u0131ndaki belirlenmi\u015f sigara i\u00e7me alanlar\u0131 ve mevcut tesisler hakk\u0131nda ayr\u0131nt\u0131l\u0131 bilgi sa\u011flayarak sigara i\u00e7enler i\u00e7in seyahati daha keyifli hale getirmektir. G\u00fcvenlikten ge\u00e7erken, sadece hi\u00e7bir \u015feyin olmad\u0131\u011f\u0131n\u0131 g\u00f6rmenin hayal k\u0131r\u0131kl\u0131\u011f\u0131n\u0131 anl\u0131yoruz\u2026&nbsp;<a href=\"https:\/\/airportsmokinglounge.com\/tr\/hakkimizda\/\" rel=\"bookmark\">Devam\u0131n\u0131 oku &quot;<span class=\"screen-reader-text\">Hakk\u0131m\u0131zda<\/span><\/a><\/p>","protected":false},"author":1,"featured_media":1274,"parent":0,"menu_order":0,"comment_status":"closed","ping_status":"closed","template":"","meta":{"neve_meta_sidebar":"","neve_meta_container":"","neve_meta_enable_content_width":"off","neve_meta_content_width":100,"neve_meta_title_alignment":"","neve_meta_author_avatar":"","neve_post_elements_order":"","neve_meta_disable_header":"","neve_meta_disable_footer":"","neve_meta_disable_title":"","neve_meta_reading_time":"","footnotes":""},"class_list":["post-6409","page","type-page","status-publish","has-post-thumbnail","hentry"],"yoast_head":"<!-- This site is optimized with the Yoast SEO plugin v26.6 - https:\/\/yoast.com\/wordpress\/plugins\/seo\/ -->\n<title>About us - airportsmokinglounge.com<\/title>\n<meta name=\"robots\" content=\"index, follow, max-snippet:-1, max-image-preview:large, max-video-preview:-1\" \/>\n<link rel=\"canonical\" href=\"https:\/\/airportsmokinglounge.com\/tr\/hakkimizda\/\" \/>\n<meta property=\"og:locale\" content=\"tr_TR\" \/>\n<meta property=\"og:type\" content=\"article\" \/>\n<meta property=\"og:title\" content=\"About us - airportsmokinglounge.com\" \/>\n<meta property=\"og:description\" content=\"Welcome to airportsmokinglounge.com, your comprehensive source for information on smoking areas in airports worldwide. Our mission is to make travel more enjoyable for smokers by providing detailed information about designated smoking areas and available facilities in airports across the globe. We understand the frustration of going through security, only to find that there are no&hellip;&nbsp;Read More &raquo;About us\" \/>\n<meta property=\"og:url\" content=\"https:\/\/airportsmokinglounge.com\/tr\/hakkimizda\/\" \/>\n<meta property=\"og:site_name\" content=\"airportsmokinglounge.com\" \/>\n<meta property=\"og:image\" content=\"https:\/\/airportsmokinglounge.com\/wp-content\/uploads\/2023\/03\/Fiverr1-smoking-2.png\" \/>\n\t<meta property=\"og:image:width\" content=\"5990\" \/>\n\t<meta property=\"og:image:height\" content=\"1296\" \/>\n\t<meta property=\"og:image:type\" content=\"image\/png\" \/>\n<meta name=\"twitter:card\" content=\"summary_large_image\" \/>\n<meta name=\"twitter:label1\" content=\"Tahmini okuma s\u00fcresi\" \/>\n\t<meta name=\"twitter:data1\" content=\"1 dakika\" \/>\n<script type=\"application\/ld+json\" class=\"yoast-schema-graph\">{\"@context\":\"https:\/\/schema.org\",\"@graph\":[{\"@type\":\"WebPage\",\"@id\":\"https:\/\/airportsmokinglounge.com\/about-us\/\",\"url\":\"https:\/\/airportsmokinglounge.com\/about-us\/\",\"name\":\"About us - airportsmokinglounge.com\",\"isPartOf\":{\"@id\":\"https:\/\/airportsmokinglounge.com\/#website\"},\"primaryImageOfPage\":{\"@id\":\"https:\/\/airportsmokinglounge.com\/about-us\/#primaryimage\"},\"image\":{\"@id\":\"https:\/\/airportsmokinglounge.com\/about-us\/#primaryimage\"},\"thumbnailUrl\":\"https:\/\/airportsmokinglounge.com\/wp-content\/uploads\/2023\/03\/Fiverr1-smoking-2.png\",\"datePublished\":\"2023-06-18T14:59:52+00:00\",\"breadcrumb\":{\"@id\":\"https:\/\/airportsmokinglounge.com\/about-us\/#breadcrumb\"},\"inLanguage\":\"tr\",\"potentialAction\":[{\"@type\":\"ReadAction\",\"target\":[\"https:\/\/airportsmokinglounge.com\/about-us\/\"]}]},{\"@type\":\"ImageObject\",\"inLanguage\":\"tr\",\"@id\":\"https:\/\/airportsmokinglounge.com\/about-us\/#primaryimage\",\"url\":\"https:\/\/airportsmokinglounge.com\/wp-content\/uploads\/2023\/03\/Fiverr1-smoking-2.png\",\"contentUrl\":\"https:\/\/airportsmokinglounge.com\/wp-content\/uploads\/2023\/03\/Fiverr1-smoking-2.png\",\"width\":5990,\"height\":1296,\"caption\":\"Airport smoking lounge\"},{\"@type\":\"BreadcrumbList\",\"@id\":\"https:\/\/airportsmokinglounge.com\/about-us\/#breadcrumb\",\"itemListElement\":[{\"@type\":\"ListItem\",\"position\":1,\"name\":\"Home\",\"item\":\"https:\/\/airportsmokinglounge.com\/\"},{\"@type\":\"ListItem\",\"position\":2,\"name\":\"About us\"}]},{\"@type\":\"WebSite\",\"@id\":\"https:\/\/airportsmokinglounge.com\/#website\",\"url\":\"https:\/\/airportsmokinglounge.com\/\",\"name\":\"airportsmokinglounge.com\",\"description\":\"\",\"potentialAction\":[{\"@type\":\"SearchAction\",\"target\":{\"@type\":\"EntryPoint\",\"urlTemplate\":\"https:\/\/airportsmokinglounge.com\/?s={search_term_string}\"},\"query-input\":{\"@type\":\"PropertyValueSpecification\",\"valueRequired\":true,\"valueName\":\"search_term_string\"}}],\"inLanguage\":\"tr\"}]}<\/script>\n<!-- \/ Yoast SEO plugin. -->","yoast_head_json":{"title":"Hakk\u0131m\u0131zda - Airport Smokinglounge.com","robots":{"index":"index","follow":"follow","max-snippet":"max-snippet:-1","max-image-preview":"max-image-preview:large","max-video-preview":"max-video-preview:-1"},"canonical":"https:\/\/airportsmokinglounge.com\/tr\/hakkimizda\/","og_locale":"tr_TR","og_type":"article","og_title":"About us - airportsmokinglounge.com","og_description":"Welcome to airportsmokinglounge.com, your comprehensive source for information on smoking areas in airports worldwide. Our mission is to make travel more enjoyable for smokers by providing detailed information about designated smoking areas and available facilities in airports across the globe. We understand the frustration of going through security, only to find that there are no&hellip;&nbsp;Read More &raquo;About us","og_url":"https:\/\/airportsmokinglounge.com\/tr\/hakkimizda\/","og_site_name":"airportsmokinglounge.com","og_image":[{"width":5990,"height":1296,"url":"https:\/\/airportsmokinglounge.com\/wp-content\/uploads\/2023\/03\/Fiverr1-smoking-2.png","type":"image\/png"}],"twitter_card":"summary_large_image","twitter_misc":{"Tahmini okuma s\u00fcresi":"1 dakika"},"schema":{"@context":"https:\/\/schema.org","@graph":[{"@type":"WebPage","@id":"https:\/\/airportsmokinglounge.com\/about-us\/","url":"https:\/\/airportsmokinglounge.com\/about-us\/","name":"Hakk\u0131m\u0131zda - Airport Smokinglounge.com","isPartOf":{"@id":"https:\/\/airportsmokinglounge.com\/#website"},"primaryImageOfPage":{"@id":"https:\/\/airportsmokinglounge.com\/about-us\/#primaryimage"},"image":{"@id":"https:\/\/airportsmokinglounge.com\/about-us\/#primaryimage"},"thumbnailUrl":"https:\/\/airportsmokinglounge.com\/wp-content\/uploads\/2023\/03\/Fiverr1-smoking-2.png","datePublished":"2023-06-18T14:59:52+00:00","breadcrumb":{"@id":"https:\/\/airportsmokinglounge.com\/about-us\/#breadcrumb"},"inLanguage":"tr","potentialAction":[{"@type":"ReadAction","target":["https:\/\/airportsmokinglounge.com\/about-us\/"]}]},{"@type":"ImageObject","inLanguage":"tr","@id":"https:\/\/airportsmokinglounge.com\/about-us\/#primaryimage","url":"https:\/\/airportsmokinglounge.com\/wp-content\/uploads\/2023\/03\/Fiverr1-smoking-2.png","contentUrl":"https:\/\/airportsmokinglounge.com\/wp-content\/uploads\/2023\/03\/Fiverr1-smoking-2.png","width":5990,"height":1296,"caption":"Airport smoking lounge"},{"@type":"BreadcrumbList","@id":"https:\/\/airportsmokinglounge.com\/about-us\/#breadcrumb","itemListElement":[{"@type":"ListItem","position":1,"name":"Home","item":"https:\/\/airportsmokinglounge.com\/"},{"@type":"ListItem","position":2,"name":"About us"}]},{"@type":"WebSite","@id":"https:\/\/airportsmokinglounge.com\/#website","url":"https:\/\/airportsmokinglounge.com\/","name":"havaalan\u0131sigara salonu.com","description":"","potentialAction":[{"@type":"SearchAction","target":{"@type":"EntryPoint","urlTemplate":"https:\/\/airportsmokinglounge.com\/?s={search_term_string}"},"query-input":{"@type":"PropertyValueSpecification","valueRequired":true,"valueName":"search_term_string"}}],"inLanguage":"tr"}]}},"_links":{"self":[{"href":"https:\/\/airportsmokinglounge.com\/tr\/wp-json\/wp\/v2\/pages\/6409","targetHints":{"allow":["GET"]}}],"collection":[{"href":"https:\/\/airportsmokinglounge.com\/tr\/wp-json\/wp\/v2\/pages"}],"about":[{"href":"https:\/\/airportsmokinglounge.com\/tr\/wp-json\/wp\/v2\/types\/page"}],"author":[{"embeddable":true,"href":"https:\/\/airportsmokinglounge.com\/tr\/wp-json\/wp\/v2\/users\/1"}],"replies":[{"embeddable":true,"href":"https:\/\/airportsmokinglounge.com\/tr\/wp-json\/wp\/v2\/comments?post=6409"}],"version-history":[{"count":1,"href":"https:\/\/airportsmokinglounge.com\/tr\/wp-json\/wp\/v2\/pages\/6409\/revisions"}],"predecessor-version":[{"id":6410,"href":"https:\/\/airportsmokinglounge.com\/tr\/wp-json\/wp\/v2\/pages\/6409\/revisions\/6410"}],"wp:featuredmedia":[{"embeddable":true,"href":"https:\/\/airportsmokinglounge.com\/tr\/wp-json\/wp\/v2\/media\/1274"}],"wp:attachment":[{"href":"https:\/\/airportsmokinglounge.com\/tr\/wp-json\/wp\/v2\/media?parent=6409"}],"curies":[{"name":"wp","href":"https:\/\/api.w.org\/{rel}","templated":true}]}}