{"id":65,"date":"2023-02-20T13:30:23","date_gmt":"2023-02-20T12:30:23","guid":{"rendered":"https:\/\/airportsmokinglounge.com\/?page_id=65"},"modified":"2023-05-22T23:51:57","modified_gmt":"2023-05-22T21:51:57","slug":"smoking-in-airports-in-asia","status":"publish","type":"page","link":"https:\/\/airportsmokinglounge.com\/tr\/asyadaki-havaalanlarinda-sigara-icmek\/","title":{"rendered":"Asya&#039;daki havalimanlar\u0131nda sigara i\u00e7mek"},"content":{"rendered":"<h2>Asya&#039;daki havaalanlar\u0131nda sigara i\u00e7ilen alanlar<\/h2>\n<p><span style=\"font-size: 14pt;\">Bu web sitesinde, belirlenmi\u015f sigara i\u00e7me alanlar\u0131 ve mevcut tesisler de dahil olmak \u00fczere Asya havalimanlar\u0131ndaki t\u00fcm sigara i\u00e7me alanlar\u0131n\u0131 bulabilirsiniz. G\u00fcvenlikten ge\u00e7erken hi\u00e7bir yerde sigara i\u00e7ilen alan olmad\u0131\u011f\u0131n\u0131 ve baz\u0131 durumlarda e-sigaraya izin verilemeyece\u011fini \u00f6\u011frenmenin yaratt\u0131\u011f\u0131 hayal k\u0131r\u0131kl\u0131\u011f\u0131n\u0131 anl\u0131yoruz. <\/span><\/p>\n<p><span style=\"font-size: 14pt;\">Bu hizmet, uzun u\u00e7u\u015flardan \u00f6nce veya sonra sigara keyfi yapmak isteyen t\u00fcm sigara i\u00e7enler i\u00e7indir.<\/span><\/p>\n<p><span style=\"font-size: 14pt;\"><strong>\u00dclkenizi se\u00e7in:<\/strong><\/span><\/p>\n<ul style=\"list-style-type: circle;\">\n<li><a href=\"https:\/\/airportsmokinglounge.com\/tr\/afganistan-havalimanlarindaki-sigara-icme-alanlari\/\">AFGAN\u0130STAN<\/a><\/li>\n<li><a href=\"https:\/\/airportsmokinglounge.com\/tr\/ermenistan-havaalanlarinda-sigara-icilebilen-alanlar\/\">ERMEN\u0130STAN<\/a><\/li>\n<li><a href=\"https:\/\/airportsmokinglounge.com\/tr\/bahreyn-uluslararasi-havaalaninda-bahreyn-sigara-icme-alanlari\/\">Bahreyn<\/a><\/li>\n<li><a href=\"https:\/\/airportsmokinglounge.com\/tr\/banglades-havalimanlarindaki-sigara-icme-alanlari\/\">BANGLADE\u015e<\/a><\/li>\n<li><a href=\"https:\/\/airportsmokinglounge.com\/tr\/brunei-uluslararasi-havaalaninda-bwn-sigara-icme-alanlari\/\">BRUNE\u0130<\/a><\/li>\n<li><a href=\"https:\/\/airportsmokinglounge.com\/tr\/kambocyadaki-havaalanlarinda-sigara-icilebilen-alanlar\/\">KAMBO\u00c7YA<\/a><\/li>\n<li><a href=\"https:\/\/airportsmokinglounge.com\/tr\/cindeki-havalimanlarindaki-sigara-icme-alanlari\/\">\u00c7\u0130N<\/a><\/li>\n<li><a href=\"https:\/\/airportsmokinglounge.com\/tr\/dili-baskan-nicolau-lobato-havaalani-dilde-sigara-icme-alanlari\/\">DO\u011eU T\u0130MOR<\/a><\/li>\n<li><a href=\"https:\/\/airportsmokinglounge.com\/tr\/hong-kong-uluslararasi-havaalaninda-hkg-sigara-icme-alanlari\/\">HONG KONG<\/a><\/li>\n<li><a href=\"https:\/\/airportsmokinglounge.com\/tr\/hindistan-havalimanlarindaki-sigara-icme-alanlari\/\">H\u0130ND\u0130STAN<\/a><\/li>\n<li><a href=\"https:\/\/airportsmokinglounge.com\/tr\/endonezyadaki-havaalanlarinda-sigara-icilebilen-alanlar\/\">ENDONEZYA<\/a><\/li>\n<li><a href=\"https:\/\/airportsmokinglounge.com\/tr\/iranin-havaalanlarindaki-sigara-icme-alanlari\/\">\u0130RAN<\/a><\/li>\n<li><a href=\"https:\/\/airportsmokinglounge.com\/tr\/iraktaki-havalimanlarindaki-sigara-icme-alanlari\/\">IRAK<\/a><\/li>\n<li><a href=\"https:\/\/airportsmokinglounge.com\/tr\/israil-havalimanlarindaki-sigara-icme-alanlari\/\">\u0130SRA\u0130L<\/a><\/li>\n<li><a href=\"https:\/\/airportsmokinglounge.com\/tr\/japonyadaki-havalimanlarindaki-sigara-icme-alanlari\/\">JAPONYA<\/a><\/li>\n<li><a href=\"https:\/\/airportsmokinglounge.com\/tr\/urdun-havalimanlarindaki-sigara-icme-alanlari\/\">\u00dcRD\u00dcN<\/a><\/li>\n<li><a href=\"https:\/\/airportsmokinglounge.com\/tr\/kazakistan-havalimanlarindaki-sigara-icme-alanlari\/\">KAZAK\u0130STAN<\/a><\/li>\n<li><a href=\"https:\/\/airportsmokinglounge.com\/tr\/sigara-alanlarinda-at-kuveyt-uluslararasi-havaalani-kwi\/\">KUVEYT<\/a><\/li>\n<li><a href=\"https:\/\/airportsmokinglounge.com\/tr\/laos-havalimanlarindaki-sigara-icme-alanlari\/\">LAOS<\/a><\/li>\n<li><a href=\"https:\/\/airportsmokinglounge.com\/tr\/beyrut-uluslararasi-havaalani-beyde-sigara-icme-alanlari\/\">L\u00dcBNAN<\/a><\/li>\n<li><a href=\"https:\/\/airportsmokinglounge.com\/tr\/sigara-icme-alanlari-makau-uluslararasi-havalimaninda-mfm\/\">MAKAU<\/a><\/li>\n<li><a href=\"https:\/\/airportsmokinglounge.com\/tr\/malezyadaki-havalimanlarindaki-sigara-icme-alanlari\/\">MALEZYA<\/a><\/li>\n<li><a href=\"https:\/\/airportsmokinglounge.com\/tr\/erkek-uluslararasi-havalimaninda-mle-sigara-icme-alanlari\/\">MALD\u0130VLER<\/a><\/li>\n<li><a href=\"https:\/\/airportsmokinglounge.com\/tr\/mogolistan-havaalanlarinda-sigara-icilen-alanlar\/\">MO\u011eOL\u0130STAN<\/a><\/li>\n<li><a href=\"https:\/\/airportsmokinglounge.com\/tr\/myanmars-burmas-havalimanlarindaki-sigara-icme-alanlari\/\">MYANMAR (BURMA)<\/a><\/li>\n<li><a href=\"https:\/\/airportsmokinglounge.com\/tr\/katmandu-uluslararasi-havaalaninda-ktm-sigara-icme-alanlari\/\">NEPAL<\/a><\/li>\n<li><a href=\"https:\/\/airportsmokinglounge.com\/tr\/umman-havalimanlarinda-sigara-icilen-alanlar\/\">UMMAN<\/a><\/li>\n<li><a href=\"https:\/\/airportsmokinglounge.com\/tr\/pakistandaki-havalimanlarindaki-sigara-icme-alanlari\/\">PAK\u0130STAN<\/a><\/li>\n<li><a href=\"https:\/\/airportsmokinglounge.com\/tr\/filipinler-havalimanlarindaki-sigara-icme-alanlari\/\">F\u0130L\u0130P\u0130NLER<\/a><\/li>\n<li><a href=\"https:\/\/airportsmokinglounge.com\/tr\/doha-hamad-uluslararasi-havaalaninda-doh-sigara-icme-alanlari\/\">KATAR<\/a><\/li>\n<li><a href=\"https:\/\/airportsmokinglounge.com\/tr\/suudi-arabistandaki-havalimanlarindaki-sigara-icme-alanlari\/\">SUUD\u0130 ARAB\u0130STAN<\/a><\/li>\n<li><a href=\"https:\/\/airportsmokinglounge.com\/tr\/singapur-havalimanlarindaki-sigara-icme-alanlari\/\">S\u0130NGAPUR<\/a><\/li>\n<li><a href=\"https:\/\/airportsmokinglounge.com\/tr\/guney-kore-havalimanlarindaki-sigara-icme-alanlari\/\">G\u00dcNEY KORE<\/a><\/li>\n<li><a href=\"https:\/\/airportsmokinglounge.com\/tr\/sri-lankas-havalimanlarindaki-sigara-icme-alanlari\/\">SR\u0130 LANKA<\/a><\/li>\n<li><a href=\"https:\/\/airportsmokinglounge.com\/tr\/tayvandaki-havaalanlarinda-sigara-icilebilen-alanlar\/\">TAYVAN<\/a><\/li>\n<li><a href=\"https:\/\/airportsmokinglounge.com\/tr\/tayland-havalimanlarindaki-sigara-icme-alanlari\/\">TAYLAND<\/a><\/li>\n<li><a href=\"https:\/\/airportsmokinglounge.com\/tr\/birlesik-arap-emirlikleri-havalimanlarindaki-sigara-icme-alanlari\/\">B\u0130RLE\u015e\u0130K ARAP EM\u0130RL\u0130KLER\u0130<\/a><\/li>\n<li><a href=\"https:\/\/airportsmokinglounge.com\/tr\/ozbekistan-havalimanlarindaki-sigara-icme-alanlari\/\">\u00d6ZBEK\u0130STAN<\/a><\/li>\n<li><a href=\"https:\/\/airportsmokinglounge.com\/tr\/yemens-havalimanlarinda-sigara-icilen-alanlar\/\">YEMEN<\/a><\/li>\n<li><a href=\"https:\/\/airportsmokinglounge.com\/tr\/vietnamdaki-havalimanlarindaki-sigara-icme-alanlari\/\">V\u0130ETNAM<\/a><\/li>\n<\/ul>\n<h2>Asya Havaliman\u0131 Sigara \u0130\u00e7enler Servisi<\/h2>\n<p><span style=\"font-size: 14pt;\">Baz\u0131 Asya \u00fclkelerinde sigara i\u00e7mek hala geni\u015f \u00e7apta kabul g\u00f6rmekte ve yayg\u0131nd\u0131r ve bir\u00e7ok havaalan\u0131nda belirlenmi\u015f sigara i\u00e7me alanlar\u0131 bulunmaktad\u0131r. Bu belirlenmi\u015f sigara i\u00e7me alanlar\u0131 genellikle ana terminal binas\u0131ndan uzaktaki d\u0131\u015f mekanlarda bulunur ve sigara i\u00e7enler i\u00e7in k\u00fcl tablalar\u0131, oturma yerleri ve bar\u0131naklarla donat\u0131labilir. <\/span><\/p>\n<p><span style=\"font-size: 14pt;\">Ancak, bu sigara i\u00e7me alanlar\u0131n\u0131n bulunabilirli\u011fi ve kalitesinin havaalan\u0131ndan havaalan\u0131na b\u00fcy\u00fck \u00f6l\u00e7\u00fcde de\u011fi\u015febilece\u011fini ve sigara i\u00e7en yolcular\u0131n beklentilerini her zaman kar\u015f\u0131lamayabilece\u011fini unutmamak \u00f6nemlidir.<\/span><\/p>\n<p><span style=\"font-size: 14pt;\">\u00d6te yandan sigara i\u00e7menin s\u0131k\u0131 bir \u015fekilde d\u00fczenlendi\u011fi, havalimanlar\u0131nda t\u00fcm kapal\u0131 ve a\u00e7\u0131k alanlarda sigara i\u00e7menin yasak oldu\u011fu Asya \u00fclkeleri de var. Bu, sigara i\u00e7en yolcular\u0131n, havaliman\u0131 tesislerinde sigara i\u00e7mek i\u00e7in uygun yerler bulma konusunda zorluklarla kar\u015f\u0131la\u015fabilece\u011fi ve yerel yasalar\u0131n izin vermesi halinde, sigara i\u00e7mek i\u00e7in havaliman\u0131 alan\u0131n\u0131n d\u0131\u015f\u0131na \u00e7\u0131kmalar\u0131 gerekebilece\u011fi anlam\u0131na gelir.<\/span><\/p>\n<p><span style=\"font-size: 14pt;\">Asya&#039;daki bir havaalan\u0131nda sigara i\u00e7me alan\u0131 bulmak i\u00e7in ihtiyac\u0131n\u0131z olan t\u00fcm bilgileri burada bulabilirsiniz.<\/span><\/p>\n<h3><span style=\"font-size: 14pt;\">Bize geri bildirim g\u00f6nderin<\/span><\/h3>\n<p><span style=\"font-size: 14pt;\">Asya&#039;daki herhangi bir Havaalan\u0131ndaysan\u0131z, bize sigara i\u00e7ilen alanlar\u0131n resimlerini g\u00f6nderebilirsiniz. Bu, veritaban\u0131m\u0131z\u0131 daha h\u0131zl\u0131 doldurmam\u0131za yard\u0131mc\u0131 olacakt\u0131r. Bunu yapabilirsiniz <strong><a href=\"https:\/\/airportsmokinglounge.com\/tr\/temas-etmek\/\">Burada<\/a>.<\/strong>\u00a0G\u00f6rseller, g\u00f6rsel kayna\u011f\u0131 (isim) belirtilerek sitemizde yay\u0131nlanmaktad\u0131r. Bu resimleri bizimle ve t\u00fcm Airport Smokinglounge.com ziyaret\u00e7ileriyle payla\u015fmaktan \u00e7ekinmeyin.<\/span><\/p>\n<p><strong><span style=\"font-size: 14pt;\">Daha fazla Havaalan\u0131 Sigara i\u00e7ilen alan<\/span><\/strong><\/p>\n<ul style=\"list-style-type: circle;\">\n<li><a href=\"https:\/\/airportsmokinglounge.com\/tr\/afrikada-havaalanlarinda-sigara-icmek\/\">Afrika<\/a><\/li>\n<li><a href=\"https:\/\/airportsmokinglounge.com\/tr\/kuzey-amerikanin-havaalanlarinda-sigara-icmek\/\">Kuzey Amerika<\/a><\/li>\n<li><a href=\"https:\/\/airportsmokinglounge.com\/tr\/avrupa-havalimanlarindaki-sigara-icme-alanlari\/\">Avrupa<\/a><\/li>\n<li><a href=\"https:\/\/airportsmokinglounge.com\/tr\/guney-amerika-havaalanlarinda-sigara-icilmesi\/\">G\u00fcney Amerika<\/a><\/li>\n<li><a href=\"https:\/\/airportsmokinglounge.com\/tr\/okyanusya-havalimanlarinda-sigara-icmek\/\">Okyanusya<\/a><\/li>\n<\/ul>","protected":false},"excerpt":{"rendered":"<p>Asya havaalanlar\u0131ndaki sigara i\u00e7me alanlar\u0131 Bu web sitesinde Asya havaalanlar\u0131ndaki t\u00fcm sigara i\u00e7me alanlar\u0131n\u0131, belirlenmi\u015f sigara i\u00e7me alanlar\u0131 ve mevcut tesisler dahil bulabilirsiniz. G\u00fcvenlikten ge\u00e7ip hi\u00e7bir yerde sigara i\u00e7me alan\u0131 olmad\u0131\u011f\u0131n\u0131 ve baz\u0131 durumlarda e-sigaraya izin verilmeyebilece\u011fini g\u00f6rmenin yaratt\u0131\u011f\u0131 hayal k\u0131r\u0131kl\u0131\u011f\u0131n\u0131 anl\u0131yoruz. Bu hizmet\u2026&nbsp;<a href=\"https:\/\/airportsmokinglounge.com\/tr\/asyadaki-havaalanlarinda-sigara-icmek\/\" rel=\"bookmark\">Devam\u0131n\u0131 oku &quot;<span class=\"screen-reader-text\">Asya&#039;daki havalimanlar\u0131nda sigara i\u00e7mek<\/span><\/a><\/p>","protected":false},"author":1,"featured_media":1202,"parent":0,"menu_order":0,"comment_status":"closed","ping_status":"closed","template":"","meta":{"neve_meta_sidebar":"","neve_meta_container":"","neve_meta_enable_content_width":"off","neve_meta_content_width":100,"neve_meta_title_alignment":"","neve_meta_author_avatar":"","neve_post_elements_order":"","neve_meta_disable_header":"","neve_meta_disable_footer":"","neve_meta_disable_title":"","neve_meta_reading_time":"","footnotes":""},"class_list":["post-65","page","type-page","status-publish","has-post-thumbnail","hentry"],"yoast_head":"<!-- This site is optimized with the Yoast SEO plugin v26.6 - https:\/\/yoast.com\/wordpress\/plugins\/seo\/ -->\n<title>Smoking in airports in Asia - airportsmokinglounge.com<\/title>\n<meta name=\"description\" content=\"Smoking in airports in Asia \u2714\ufe0e A Comprehensive Guide to Smoking Areas and Smoking Policies in Major Asian Airports \u2714\ufe0e\" \/>\n<meta name=\"robots\" content=\"index, follow, max-snippet:-1, max-image-preview:large, max-video-preview:-1\" \/>\n<link rel=\"canonical\" href=\"https:\/\/airportsmokinglounge.com\/tr\/asyadaki-havaalanlarinda-sigara-icmek\/\" \/>\n<meta property=\"og:locale\" content=\"tr_TR\" \/>\n<meta property=\"og:type\" content=\"article\" \/>\n<meta property=\"og:title\" content=\"Smoking in airports in Asia - airportsmokinglounge.com\" \/>\n<meta property=\"og:description\" content=\"Smoking in airports in Asia \u2714\ufe0e A Comprehensive Guide to Smoking Areas and Smoking Policies in Major Asian Airports \u2714\ufe0e\" \/>\n<meta property=\"og:url\" content=\"https:\/\/airportsmokinglounge.com\/tr\/asyadaki-havaalanlarinda-sigara-icmek\/\" \/>\n<meta property=\"og:site_name\" content=\"airportsmokinglounge.com\" \/>\n<meta property=\"article:modified_time\" content=\"2023-05-22T21:51:57+00:00\" \/>\n<meta property=\"og:image\" content=\"https:\/\/airportsmokinglounge.com\/wp-content\/uploads\/2023\/03\/airport-smoking-lounge-7.jpg\" \/>\n\t<meta property=\"og:image:width\" content=\"2048\" \/>\n\t<meta property=\"og:image:height\" content=\"1152\" \/>\n\t<meta property=\"og:image:type\" content=\"image\/jpeg\" \/>\n<meta name=\"twitter:card\" content=\"summary_large_image\" \/>\n<meta name=\"twitter:label1\" content=\"Tahmini okuma s\u00fcresi\" \/>\n\t<meta name=\"twitter:data1\" content=\"2 dakika\" \/>\n<script type=\"application\/ld+json\" class=\"yoast-schema-graph\">{\"@context\":\"https:\/\/schema.org\",\"@graph\":[{\"@type\":\"WebPage\",\"@id\":\"https:\/\/airportsmokinglounge.com\/smoking-in-airports-in-asia\/\",\"url\":\"https:\/\/airportsmokinglounge.com\/smoking-in-airports-in-asia\/\",\"name\":\"Smoking in airports in Asia - airportsmokinglounge.com\",\"isPartOf\":{\"@id\":\"https:\/\/airportsmokinglounge.com\/#website\"},\"primaryImageOfPage\":{\"@id\":\"https:\/\/airportsmokinglounge.com\/smoking-in-airports-in-asia\/#primaryimage\"},\"image\":{\"@id\":\"https:\/\/airportsmokinglounge.com\/smoking-in-airports-in-asia\/#primaryimage\"},\"thumbnailUrl\":\"https:\/\/airportsmokinglounge.com\/wp-content\/uploads\/2023\/03\/airport-smoking-lounge-7.jpg\",\"datePublished\":\"2023-02-20T12:30:23+00:00\",\"dateModified\":\"2023-05-22T21:51:57+00:00\",\"description\":\"Smoking in airports in Asia \u2714\ufe0e A Comprehensive Guide to Smoking Areas and Smoking Policies in Major Asian Airports \u2714\ufe0e\",\"breadcrumb\":{\"@id\":\"https:\/\/airportsmokinglounge.com\/smoking-in-airports-in-asia\/#breadcrumb\"},\"inLanguage\":\"tr\",\"potentialAction\":[{\"@type\":\"ReadAction\",\"target\":[\"https:\/\/airportsmokinglounge.com\/smoking-in-airports-in-asia\/\"]}]},{\"@type\":\"ImageObject\",\"inLanguage\":\"tr\",\"@id\":\"https:\/\/airportsmokinglounge.com\/smoking-in-airports-in-asia\/#primaryimage\",\"url\":\"https:\/\/airportsmokinglounge.com\/wp-content\/uploads\/2023\/03\/airport-smoking-lounge-7.jpg\",\"contentUrl\":\"https:\/\/airportsmokinglounge.com\/wp-content\/uploads\/2023\/03\/airport-smoking-lounge-7.jpg\",\"width\":2048,\"height\":1152,\"caption\":\"Airport Smoking areas\"},{\"@type\":\"BreadcrumbList\",\"@id\":\"https:\/\/airportsmokinglounge.com\/smoking-in-airports-in-asia\/#breadcrumb\",\"itemListElement\":[{\"@type\":\"ListItem\",\"position\":1,\"name\":\"Home\",\"item\":\"https:\/\/airportsmokinglounge.com\/\"},{\"@type\":\"ListItem\",\"position\":2,\"name\":\"Smoking in airports in Asia\"}]},{\"@type\":\"WebSite\",\"@id\":\"https:\/\/airportsmokinglounge.com\/#website\",\"url\":\"https:\/\/airportsmokinglounge.com\/\",\"name\":\"airportsmokinglounge.com\",\"description\":\"\",\"potentialAction\":[{\"@type\":\"SearchAction\",\"target\":{\"@type\":\"EntryPoint\",\"urlTemplate\":\"https:\/\/airportsmokinglounge.com\/?s={search_term_string}\"},\"query-input\":{\"@type\":\"PropertyValueSpecification\",\"valueRequired\":true,\"valueName\":\"search_term_string\"}}],\"inLanguage\":\"tr\"}]}<\/script>\n<!-- \/ Yoast SEO plugin. -->","yoast_head_json":{"title":"Asya&#039;daki havalimanlar\u0131nda sigara i\u00e7mek - Airport Smokinglounge.com","description":"Asya&#039;daki havalimanlar\u0131nda sigara i\u00e7mek \u2714\ufe0e Asya&#039;daki B\u00fcy\u00fck Havalimanlar\u0131nda Sigara \u0130\u00e7ilen Alanlar ve Sigara \u0130\u00e7me Politikalar\u0131 \u0130\u00e7in Kapsaml\u0131 Bir K\u0131lavuz \u2714\ufe0e","robots":{"index":"index","follow":"follow","max-snippet":"max-snippet:-1","max-image-preview":"max-image-preview:large","max-video-preview":"max-video-preview:-1"},"canonical":"https:\/\/airportsmokinglounge.com\/tr\/asyadaki-havaalanlarinda-sigara-icmek\/","og_locale":"tr_TR","og_type":"article","og_title":"Smoking in airports in Asia - airportsmokinglounge.com","og_description":"Smoking in airports in Asia \u2714\ufe0e A Comprehensive Guide to Smoking Areas and Smoking Policies in Major Asian Airports \u2714\ufe0e","og_url":"https:\/\/airportsmokinglounge.com\/tr\/asyadaki-havaalanlarinda-sigara-icmek\/","og_site_name":"airportsmokinglounge.com","article_modified_time":"2023-05-22T21:51:57+00:00","og_image":[{"width":2048,"height":1152,"url":"https:\/\/airportsmokinglounge.com\/wp-content\/uploads\/2023\/03\/airport-smoking-lounge-7.jpg","type":"image\/jpeg"}],"twitter_card":"summary_large_image","twitter_misc":{"Tahmini okuma s\u00fcresi":"2 dakika"},"schema":{"@context":"https:\/\/schema.org","@graph":[{"@type":"WebPage","@id":"https:\/\/airportsmokinglounge.com\/smoking-in-airports-in-asia\/","url":"https:\/\/airportsmokinglounge.com\/smoking-in-airports-in-asia\/","name":"Asya&#039;daki havalimanlar\u0131nda sigara i\u00e7mek - Airport Smokinglounge.com","isPartOf":{"@id":"https:\/\/airportsmokinglounge.com\/#website"},"primaryImageOfPage":{"@id":"https:\/\/airportsmokinglounge.com\/smoking-in-airports-in-asia\/#primaryimage"},"image":{"@id":"https:\/\/airportsmokinglounge.com\/smoking-in-airports-in-asia\/#primaryimage"},"thumbnailUrl":"https:\/\/airportsmokinglounge.com\/wp-content\/uploads\/2023\/03\/airport-smoking-lounge-7.jpg","datePublished":"2023-02-20T12:30:23+00:00","dateModified":"2023-05-22T21:51:57+00:00","description":"Asya&#039;daki havalimanlar\u0131nda sigara i\u00e7mek \u2714\ufe0e Asya&#039;daki B\u00fcy\u00fck Havalimanlar\u0131nda Sigara \u0130\u00e7ilen Alanlar ve Sigara \u0130\u00e7me Politikalar\u0131 \u0130\u00e7in Kapsaml\u0131 Bir K\u0131lavuz \u2714\ufe0e","breadcrumb":{"@id":"https:\/\/airportsmokinglounge.com\/smoking-in-airports-in-asia\/#breadcrumb"},"inLanguage":"tr","potentialAction":[{"@type":"ReadAction","target":["https:\/\/airportsmokinglounge.com\/smoking-in-airports-in-asia\/"]}]},{"@type":"ImageObject","inLanguage":"tr","@id":"https:\/\/airportsmokinglounge.com\/smoking-in-airports-in-asia\/#primaryimage","url":"https:\/\/airportsmokinglounge.com\/wp-content\/uploads\/2023\/03\/airport-smoking-lounge-7.jpg","contentUrl":"https:\/\/airportsmokinglounge.com\/wp-content\/uploads\/2023\/03\/airport-smoking-lounge-7.jpg","width":2048,"height":1152,"caption":"Airport Smoking areas"},{"@type":"BreadcrumbList","@id":"https:\/\/airportsmokinglounge.com\/smoking-in-airports-in-asia\/#breadcrumb","itemListElement":[{"@type":"ListItem","position":1,"name":"Home","item":"https:\/\/airportsmokinglounge.com\/"},{"@type":"ListItem","position":2,"name":"Smoking in airports in Asia"}]},{"@type":"WebSite","@id":"https:\/\/airportsmokinglounge.com\/#website","url":"https:\/\/airportsmokinglounge.com\/","name":"havaalan\u0131sigara salonu.com","description":"","potentialAction":[{"@type":"SearchAction","target":{"@type":"EntryPoint","urlTemplate":"https:\/\/airportsmokinglounge.com\/?s={search_term_string}"},"query-input":{"@type":"PropertyValueSpecification","valueRequired":true,"valueName":"search_term_string"}}],"inLanguage":"tr"}]}},"_links":{"self":[{"href":"https:\/\/airportsmokinglounge.com\/tr\/wp-json\/wp\/v2\/pages\/65","targetHints":{"allow":["GET"]}}],"collection":[{"href":"https:\/\/airportsmokinglounge.com\/tr\/wp-json\/wp\/v2\/pages"}],"about":[{"href":"https:\/\/airportsmokinglounge.com\/tr\/wp-json\/wp\/v2\/types\/page"}],"author":[{"embeddable":true,"href":"https:\/\/airportsmokinglounge.com\/tr\/wp-json\/wp\/v2\/users\/1"}],"replies":[{"embeddable":true,"href":"https:\/\/airportsmokinglounge.com\/tr\/wp-json\/wp\/v2\/comments?post=65"}],"version-history":[{"count":10,"href":"https:\/\/airportsmokinglounge.com\/tr\/wp-json\/wp\/v2\/pages\/65\/revisions"}],"predecessor-version":[{"id":5871,"href":"https:\/\/airportsmokinglounge.com\/tr\/wp-json\/wp\/v2\/pages\/65\/revisions\/5871"}],"wp:featuredmedia":[{"embeddable":true,"href":"https:\/\/airportsmokinglounge.com\/tr\/wp-json\/wp\/v2\/media\/1202"}],"wp:attachment":[{"href":"https:\/\/airportsmokinglounge.com\/tr\/wp-json\/wp\/v2\/media?parent=65"}],"curies":[{"name":"wp","href":"https:\/\/api.w.org\/{rel}","templated":true}]}}