{"id":68,"date":"2023-02-20T13:42:44","date_gmt":"2023-02-20T12:42:44","guid":{"rendered":"https:\/\/airportsmokinglounge.com\/?page_id=68"},"modified":"2023-05-30T23:53:35","modified_gmt":"2023-05-30T21:53:35","slug":"smoking-areas-in-european-airports","status":"publish","type":"page","link":"https:\/\/airportsmokinglounge.com\/tr\/avrupa-havalimanlarindaki-sigara-icme-alanlari\/","title":{"rendered":"Avrupa Havalimanlar\u0131nda sigara i\u00e7ilen alanlar"},"content":{"rendered":"<h2>Avrupa havalimanlar\u0131nda sigara i\u00e7mek<\/h2>\n<p><span style=\"font-size: 14pt;\">Bu web sitesinde, belirlenmi\u015f sigara i\u00e7me alanlar\u0131 ve mevcut tesisler de dahil olmak \u00fczere Avrupa havalimanlar\u0131ndaki t\u00fcm sigara i\u00e7me alanlar\u0131n\u0131 bulabilirsiniz. G\u00fcvenlikten ge\u00e7erken hi\u00e7bir yerde sigara i\u00e7ilen alan olmad\u0131\u011f\u0131n\u0131 ve baz\u0131 durumlarda e-sigaraya izin verilemeyece\u011fini \u00f6\u011frenmenin yaratt\u0131\u011f\u0131 hayal k\u0131r\u0131kl\u0131\u011f\u0131n\u0131 anl\u0131yoruz. <\/span><\/p>\n<p><span style=\"font-size: 14pt;\">Bu hizmet, uzun u\u00e7u\u015flardan \u00f6nce veya sonra sigara keyfi yapmak isteyen t\u00fcm sigara i\u00e7enler i\u00e7indir.<\/span><\/p>\n<p><strong><span style=\"font-size: 14pt;\">\u00dclkenizi se\u00e7in:<\/span><\/strong><\/p>\n<ul style=\"list-style-type: circle;\">\n<li><a href=\"https:\/\/airportsmokinglounge.com\/tr\/andorra-havaalaninda-la-seu-durgell-leuda-sigara-icmek\/\">ANDORRA<\/a><\/li>\n<li><a href=\"https:\/\/airportsmokinglounge.com\/tr\/avusturya-havalimanlarinda-sigara-icmek\/\">AVUSTURYA<\/a><\/li>\n<li><a href=\"https:\/\/airportsmokinglounge.com\/tr\/tirana-international-airport-tiada-sigara-icilen-alanlar\/\">ARNAVUTLUK<\/a><\/li>\n<li><a href=\"https:\/\/airportsmokinglounge.com\/tr\/belcikada-havaalanlarinda-sigara-icmek\/\">BEL\u00c7\u0130KA<\/a><\/li>\n<li><a href=\"https:\/\/airportsmokinglounge.com\/tr\/belarus-havalimanlarindaki-sigara-icme-alanlari\/\">BELARUS<\/a><\/li>\n<li><a href=\"https:\/\/airportsmokinglounge.com\/tr\/bosna-hersek-havalimanlarindaki-sigara-icme-alanlari\/\">BOSNA HERSEK<\/a><\/li>\n<li><a href=\"https:\/\/airportsmokinglounge.com\/tr\/bulgaristan-havalimanlarindaki-sigara-icme-alanlari\/\">BULGAR\u0130STAN<\/a><\/li>\n<li><a href=\"https:\/\/airportsmokinglounge.com\/tr\/hirvatistan-havalimanlarindaki-sigara-icme-alanlari\/\">HIRVAT\u0130STAN<\/a><\/li>\n<li><a href=\"https:\/\/airportsmokinglounge.com\/tr\/kibris-havalimanlarindaki-sigara-icme-alanlari\/\">KIBRIS<\/a><\/li>\n<li><a href=\"https:\/\/airportsmokinglounge.com\/tr\/cek-cumhuriyeti-havalimanlarindaki-sigara-icme-alanlari\/\">\u00c7EK CUMHUR\u0130YET\u0130<\/a><\/li>\n<li><a href=\"https:\/\/airportsmokinglounge.com\/tr\/danimarka-havalimanlarindaki-sigara-icme-alanlari\/\">DAN\u0130MARKA<\/a><\/li>\n<li><a href=\"https:\/\/airportsmokinglounge.com\/tr\/birlesik-krallik-ingiltere-havalimanlarindaki-sigara-icme-alanlari\/\">B\u0130RLE\u015e\u0130K KRALLIK \u0130NG\u0130LTERE<\/a><\/li>\n<li><a href=\"https:\/\/airportsmokinglounge.com\/tr\/estonya-havalimanlarindaki-sigara-icme-alanlari\/\">ESTONYA<\/a><\/li>\n<li><a href=\"https:\/\/airportsmokinglounge.com\/tr\/finlandiya-havalimanlarindaki-sigara-icme-alanlari\/\">F\u0130NLAND\u0130YA<\/a><\/li>\n<li><a href=\"https:\/\/airportsmokinglounge.com\/tr\/fransiz-havalimanlarindaki-sigara-icilen-alanlar\/\">FRANSA<\/a><\/li>\n<li><a href=\"https:\/\/airportsmokinglounge.com\/tr\/gurcistan-havalimanlarindaki-sigara-icme-alanlari\/\">G\u00dcRC\u0130STAN<\/a><\/li>\n<li><a href=\"https:\/\/airportsmokinglounge.com\/tr\/alman-havalimanlarinda-sigara-icilen-alanlar\/\">ALMANYA<\/a><\/li>\n<li><a href=\"https:\/\/airportsmokinglounge.com\/tr\/yunanistan-havalimanlarindaki-sigara-icme-alanlari\/\">YUNAN\u0130STAN<\/a><\/li>\n<li><a href=\"https:\/\/airportsmokinglounge.com\/tr\/macaristan-havalimanlarindaki-sigara-icme-alanlari\/\">MACAR\u0130STAN<\/a><\/li>\n<li><a href=\"https:\/\/airportsmokinglounge.com\/tr\/izlanda-havalimanlarindaki-sigara-icme-alanlari\/\">\u0130ZLANDA<\/a><\/li>\n<li><a href=\"https:\/\/airportsmokinglounge.com\/tr\/italyan-havalimanlarindaki-sigara-icme-alanlari\/\">\u0130TALYA<\/a><\/li>\n<li><a href=\"https:\/\/airportsmokinglounge.com\/tr\/irlanda-havalimanlarindaki-sigara-icme-alanlari\/\">\u0130RLANDA<\/a><\/li>\n<li><a href=\"https:\/\/airportsmokinglounge.com\/tr\/kuzey-irlanda-havaalanlarindaki-sigara-icme-alanlari\/\">KUZEY IRLANDA<\/a><\/li>\n<li><a href=\"https:\/\/airportsmokinglounge.com\/tr\/pristine-uluslararasi-havaalaninda-sigara-icme-alanlari\/\">KOSOVA<\/a><\/li>\n<li><a href=\"https:\/\/airportsmokinglounge.com\/tr\/sigara-alanlari-at-riga-international-airport-rix\/\">LETONYA<\/a><\/li>\n<li><a href=\"https:\/\/airportsmokinglounge.com\/tr\/vilnius-uluslararasi-havaalaninda-vno-sigara-icme-alanlari\/\">L\u0130TVANYA<\/a><\/li>\n<li><a href=\"https:\/\/airportsmokinglounge.com\/tr\/vaduz-havaalaninda-sigara-icilen-alanlar-qvu\/\">L\u0130HTEN\u015eEYN<\/a><\/li>\n<li><a href=\"https:\/\/airportsmokinglounge.com\/tr\/findel-havalimaninda-luks-sigara-icme-alanlari\/\">L\u00dcKSEMBURG<\/a><\/li>\n<li><a href=\"https:\/\/airportsmokinglounge.com\/tr\/kisinev-uluslararasi-havaalaninda-kiv-sigara-icme-alanlari\/\">MOLDOVA<\/a><\/li>\n<li><a href=\"https:\/\/airportsmokinglounge.com\/tr\/malta-uluslararasi-havaalani-mlada-sigara-icme-alanlari\/\">MALTA<\/a><\/li>\n<li><a href=\"https:\/\/airportsmokinglounge.com\/tr\/karadag-havalimanlarinda-sigara-icmek\/\">KARADA\u011e<\/a><\/li>\n<li><a href=\"https:\/\/airportsmokinglounge.com\/tr\/makedonya-havalimanlarindaki-sigara-icme-alanlari\/\">MAKEDONYA<\/a><\/li>\n<li><a href=\"https:\/\/airportsmokinglounge.com\/tr\/hollandadaki-havalimanlarindaki-sigara-icme-alanlari\/\">HOLLANDA \u2013 HOLLANDA<\/a><\/li>\n<li><a href=\"https:\/\/airportsmokinglounge.com\/tr\/norvec-havalimanlarindaki-sigara-icme-alanlari\/\">NORVE\u00c7<\/a><\/li>\n<li><a href=\"https:\/\/airportsmokinglounge.com\/tr\/portekiz-havalimanlarindaki-sigara-icme-alanlari\/\">PORTEK\u0130Z<\/a><\/li>\n<li><a href=\"https:\/\/airportsmokinglounge.com\/tr\/polonya-havaalanlarinda-sigara-icilebilen-alanlar\/\">POLONYA<\/a><\/li>\n<li><a href=\"https:\/\/airportsmokinglounge.com\/tr\/romanyadaki-havaalanlarinda-sigara-icilebilen-alanlar\/\">ROMANYA<\/a><\/li>\n<li><a href=\"https:\/\/airportsmokinglounge.com\/tr\/rus-havalimanlarindaki-sigara-icme-alanlari\/\">RUSYA<\/a><\/li>\n<li><a href=\"https:\/\/airportsmokinglounge.com\/tr\/iskocya-havalimanlarindaki-sigara-icme-alanlari\/\">\u0130SKO\u00c7YA<\/a><\/li>\n<li><a href=\"https:\/\/airportsmokinglounge.com\/tr\/ispanyol-havalimanlarindaki-sigara-icme-alanlari\/\">\u0130SPANYA<\/a><\/li>\n<li><a href=\"https:\/\/airportsmokinglounge.com\/tr\/isvec-havalimanlarindaki-sigara-icme-alanlari\/\">\u0130SVE\u00c7<\/a><\/li>\n<li><a href=\"https:\/\/airportsmokinglounge.com\/tr\/isvicre-havalimanlarindaki-sigara-icme-alanlari\/\">\u0130SV\u0130\u00c7RE<\/a><\/li>\n<li><a href=\"https:\/\/airportsmokinglounge.com\/tr\/sirbistan-havalimanlarindaki-sigara-icme-alanlari\/\">SIRB\u0130STAN<\/a><\/li>\n<li><a href=\"https:\/\/airportsmokinglounge.com\/tr\/slovakyadaki-havaalanlarinda-sigara-icilebilen-alanlar\/\">SLOVAKYA<\/a><\/li>\n<li><a href=\"https:\/\/airportsmokinglounge.com\/tr\/slovenya-havaalanlarindaki-sigara-icilebilen-alanlar\/\">SLOVENYA<\/a><\/li>\n<li><a href=\"https:\/\/airportsmokinglounge.com\/tr\/turkiyedeki-sigara-icilen-alanlar-havaalanlari\/\">H\u0130ND\u0130<\/a><\/li>\n<li><a href=\"https:\/\/airportsmokinglounge.com\/tr\/ukraynadaki-sigara-icilebilen-alanlar-havaalanlari\/\">UKRAYNA<\/a><\/li>\n<li><a href=\"https:\/\/airportsmokinglounge.com\/tr\/vatikan-havaalanlarinda-sigara-icilebilen-alanlar\/\">VAT\u0130KAN<\/a><\/li>\n<li><a href=\"https:\/\/airportsmokinglounge.com\/tr\/galler-havalimanlarindaki-sigara-icme-alanlari\/\">GALLER<\/a><\/li>\n<\/ul>\n<h2>Avrupa Havaliman\u0131 Sigara \u0130\u00e7enler Hizmeti<\/h2>\n<p><span style=\"font-size: 14pt;\">Avrupa havalimanlar\u0131nda sigara i\u00e7mek, sigara i\u00e7en Gezginlerin b\u00fcy\u00fck ilgisini \u00e7eken bir konudur. Bir\u00e7ok havaalan\u0131nda, genellikle terminallerin d\u0131\u015f\u0131nda yer alan belirlenmi\u015f sigara i\u00e7me alanlar\u0131 bulunmaktad\u0131r. Avrupa havalimanlar\u0131nda sigara i\u00e7ilebilen alanlar\u0131n bulunmas\u0131 \u00fclkeye ve havaliman\u0131na g\u00f6re de\u011fi\u015fmektedir.<\/span><\/p>\n<p><span style=\"font-size: 14pt;\">Sigara i\u00e7en yolcular\u0131n kar\u015f\u0131la\u015ft\u0131\u011f\u0131 zorluklardan biri, baz\u0131 Avrupa havalimanlar\u0131nda sigara i\u00e7me alanlar\u0131n\u0131n s\u0131n\u0131rl\u0131 olmas\u0131d\u0131r. Baz\u0131 durumlarda sigara i\u00e7me alanlar\u0131 terminalden uzakta bulunmaktad\u0131r veya iyi i\u015faretlenmemi\u015ftir, bu da yolcular\u0131n bu alanlar\u0131 bulmas\u0131n\u0131 zorla\u015ft\u0131rmaktad\u0131r. Bu, \u00f6zellikle u\u00e7a\u011fa yeti\u015fmek i\u00e7in acele eden ve u\u00e7a\u011fa binmeden \u00f6nce sigara i\u00e7mesi gereken yolcular i\u00e7in sinir bozucu olabilir.<\/span><\/p>\n<p><span style=\"font-size: 14pt;\">Zorluklara ra\u011fmen, bir\u00e7ok Avrupa havaliman\u0131 sigara i\u00e7me alanlar\u0131n\u0131 iyile\u015ftirmek ve bunlar\u0131 yolcular i\u00e7in daha eri\u015filebilir hale getirmek i\u00e7in ad\u0131mlar att\u0131. Baz\u0131 havalimanlar\u0131nda sigara i\u00e7enler i\u00e7in daha konforlu ve rahat bir se\u00e7enek sunan kapal\u0131 sigara i\u00e7me salonlar\u0131 bulunmaktad\u0131r. Di\u011fer havaalanlar\u0131, deneyimi daha konforlu hale getirmek i\u00e7in bar\u0131nak ve oturma yerleri ile birlikte a\u00e7\u0131k havada sigara i\u00e7me alanlar\u0131 ekledi.<\/span><\/p>\n<p><span style=\"font-size: 14pt;\">Sonu\u00e7 olarak havalimanlar\u0131nda sigara i\u00e7mek, sigara i\u00e7en yolcular i\u00e7in \u00f6nemli bir sorundur. Bir\u00e7ok havaliman\u0131nda sigara i\u00e7ilebilen alanlar mevcut olmakla birlikte, bu alanlar\u0131n kullan\u0131labilirli\u011fi ve eri\u015filebilirli\u011fi havaliman\u0131na ve \u00fclkeye g\u00f6re b\u00fcy\u00fck \u00f6l\u00e7\u00fcde farkl\u0131l\u0131k g\u00f6stermektedir. Bu nedenle, Avrupa havalimanlar\u0131n\u0131n sigara i\u00e7ilen alanlar\u0131 iyile\u015ftirmeye devam etmesi ve sigara i\u00e7enler i\u00e7in g\u00fcvenli ve rahat se\u00e7enekler sunmas\u0131 ve ayn\u0131 zamanda sigara i\u00e7meyenlerin sa\u011fl\u0131\u011f\u0131n\u0131 ve haklar\u0131n\u0131 korumas\u0131 \u00f6nemlidir.<\/span><\/p>\n<p><span style=\"font-size: 14pt;\">Burada, Avrupa&#039;daki bir havaalan\u0131nda sigara i\u00e7me alan\u0131 bulmak i\u00e7in ihtiyac\u0131n\u0131z olan t\u00fcm bilgileri bulacaks\u0131n\u0131z.<\/span><\/p>\n<h3><span style=\"font-size: 14pt;\">Bize geri bildirim g\u00f6nderin<\/span><\/h3>\n<p><span style=\"font-size: 14pt;\">Avrupa&#039;daki herhangi bir Havaalan\u0131ndaysan\u0131z, bize sigara i\u00e7ilen alanlar\u0131n resimlerini g\u00f6nderebilirsiniz. Bu, veritaban\u0131m\u0131z\u0131 daha h\u0131zl\u0131 doldurmam\u0131za yard\u0131mc\u0131 olacakt\u0131r. Bunu yapabilirsiniz <strong><a href=\"https:\/\/airportsmokinglounge.com\/tr\/temas-etmek\/\">Burada<\/a>.<\/strong>\u00a0G\u00f6rseller, g\u00f6rsel kayna\u011f\u0131 (isim) belirtilerek sitemizde yay\u0131nlanmaktad\u0131r. Bu resimleri bizimle ve t\u00fcm Airport Smokinglounge.com ziyaret\u00e7ileriyle payla\u015fmaktan \u00e7ekinmeyin.<\/span><\/p>\n<p><strong><span style=\"font-size: 14pt;\">Daha fazla Havaalan\u0131 Sigara i\u00e7ilen alan<\/span><\/strong><\/p>\n<ul style=\"list-style-type: circle;\">\n<li><a href=\"https:\/\/airportsmokinglounge.com\/tr\/kuzey-amerikanin-havaalanlarinda-sigara-icmek\/\">Kuzey Amerika<\/a><\/li>\n<li><a href=\"https:\/\/airportsmokinglounge.com\/tr\/guney-amerika-havaalanlarinda-sigara-icilmesi\/\">G\u00fcney Amerika<\/a><\/li>\n<li><a href=\"https:\/\/airportsmokinglounge.com\/tr\/afrikada-havaalanlarinda-sigara-icmek\/\">Afrika<\/a><\/li>\n<li><a href=\"https:\/\/airportsmokinglounge.com\/tr\/asyadaki-havaalanlarinda-sigara-icmek\/\">Asya<\/a><\/li>\n<li><a href=\"https:\/\/airportsmokinglounge.com\/tr\/okyanusya-havalimanlarinda-sigara-icmek\/\">Okyanusya<\/a><\/li>\n<\/ul>","protected":false},"excerpt":{"rendered":"<p>Avrupa havaalanlar\u0131nda sigara i\u00e7mek Bu web sitesinde Avrupa havaalanlar\u0131ndaki t\u00fcm sigara i\u00e7me alanlar\u0131n\u0131, belirlenmi\u015f sigara i\u00e7me alanlar\u0131 ve mevcut tesisler dahil bulabilirsiniz. G\u00fcvenlikten ge\u00e7ip hi\u00e7bir yerde sigara i\u00e7me alan\u0131 olmad\u0131\u011f\u0131n\u0131 ve baz\u0131 durumlarda e-sigaraya izin verilmeyebilece\u011fini g\u00f6rmenin yaratt\u0131\u011f\u0131 hayal k\u0131r\u0131kl\u0131\u011f\u0131n\u0131 anl\u0131yoruz. Bu hizmet herkes i\u00e7indir\u2026&nbsp;<a href=\"https:\/\/airportsmokinglounge.com\/tr\/avrupa-havalimanlarindaki-sigara-icme-alanlari\/\" rel=\"bookmark\">Devam\u0131n\u0131 oku &quot;<span class=\"screen-reader-text\">Avrupa Havalimanlar\u0131nda sigara i\u00e7ilen alanlar<\/span><\/a><\/p>","protected":false},"author":1,"featured_media":1202,"parent":0,"menu_order":0,"comment_status":"closed","ping_status":"closed","template":"","meta":{"neve_meta_sidebar":"","neve_meta_container":"","neve_meta_enable_content_width":"off","neve_meta_content_width":100,"neve_meta_title_alignment":"","neve_meta_author_avatar":"","neve_post_elements_order":"","neve_meta_disable_header":"","neve_meta_disable_footer":"","neve_meta_disable_title":"","neve_meta_reading_time":"","footnotes":""},"class_list":["post-68","page","type-page","status-publish","has-post-thumbnail","hentry"],"yoast_head":"<!-- This site is optimized with the Yoast SEO plugin v26.6 - https:\/\/yoast.com\/wordpress\/plugins\/seo\/ -->\n<title>Smoking areas in European Airports - airportsmokinglounge.com<\/title>\n<meta name=\"description\" content=\"Smoking areas in European Airports \u2714\ufe0e A Comprehensive Guide to Smoking Areas and Smoking Policies in Major European Airports \u2714\ufe0e\" \/>\n<meta name=\"robots\" content=\"index, follow, max-snippet:-1, max-image-preview:large, max-video-preview:-1\" \/>\n<link rel=\"canonical\" href=\"https:\/\/airportsmokinglounge.com\/tr\/avrupa-havalimanlarindaki-sigara-icme-alanlari\/\" \/>\n<meta property=\"og:locale\" content=\"tr_TR\" \/>\n<meta property=\"og:type\" content=\"article\" \/>\n<meta property=\"og:title\" content=\"Smoking areas in European Airports - airportsmokinglounge.com\" \/>\n<meta property=\"og:description\" content=\"Smoking areas in European Airports \u2714\ufe0e A Comprehensive Guide to Smoking Areas and Smoking Policies in Major European Airports \u2714\ufe0e\" \/>\n<meta property=\"og:url\" content=\"https:\/\/airportsmokinglounge.com\/tr\/avrupa-havalimanlarindaki-sigara-icme-alanlari\/\" \/>\n<meta property=\"og:site_name\" content=\"airportsmokinglounge.com\" \/>\n<meta property=\"article:modified_time\" content=\"2023-05-30T21:53:35+00:00\" \/>\n<meta property=\"og:image\" content=\"https:\/\/airportsmokinglounge.com\/wp-content\/uploads\/2023\/03\/airport-smoking-lounge-7.jpg\" \/>\n\t<meta property=\"og:image:width\" content=\"2048\" \/>\n\t<meta property=\"og:image:height\" content=\"1152\" \/>\n\t<meta property=\"og:image:type\" content=\"image\/jpeg\" \/>\n<meta name=\"twitter:card\" content=\"summary_large_image\" \/>\n<meta name=\"twitter:label1\" content=\"Tahmini okuma s\u00fcresi\" \/>\n\t<meta name=\"twitter:data1\" content=\"2 dakika\" \/>\n<script type=\"application\/ld+json\" class=\"yoast-schema-graph\">{\"@context\":\"https:\/\/schema.org\",\"@graph\":[{\"@type\":\"WebPage\",\"@id\":\"https:\/\/airportsmokinglounge.com\/smoking-areas-in-european-airports\/\",\"url\":\"https:\/\/airportsmokinglounge.com\/smoking-areas-in-european-airports\/\",\"name\":\"Smoking areas in European Airports - airportsmokinglounge.com\",\"isPartOf\":{\"@id\":\"https:\/\/airportsmokinglounge.com\/#website\"},\"primaryImageOfPage\":{\"@id\":\"https:\/\/airportsmokinglounge.com\/smoking-areas-in-european-airports\/#primaryimage\"},\"image\":{\"@id\":\"https:\/\/airportsmokinglounge.com\/smoking-areas-in-european-airports\/#primaryimage\"},\"thumbnailUrl\":\"https:\/\/airportsmokinglounge.com\/wp-content\/uploads\/2023\/03\/airport-smoking-lounge-7.jpg\",\"datePublished\":\"2023-02-20T12:42:44+00:00\",\"dateModified\":\"2023-05-30T21:53:35+00:00\",\"description\":\"Smoking areas in European Airports \u2714\ufe0e A Comprehensive Guide to Smoking Areas and Smoking Policies in Major European Airports \u2714\ufe0e\",\"breadcrumb\":{\"@id\":\"https:\/\/airportsmokinglounge.com\/smoking-areas-in-european-airports\/#breadcrumb\"},\"inLanguage\":\"tr\",\"potentialAction\":[{\"@type\":\"ReadAction\",\"target\":[\"https:\/\/airportsmokinglounge.com\/smoking-areas-in-european-airports\/\"]}]},{\"@type\":\"ImageObject\",\"inLanguage\":\"tr\",\"@id\":\"https:\/\/airportsmokinglounge.com\/smoking-areas-in-european-airports\/#primaryimage\",\"url\":\"https:\/\/airportsmokinglounge.com\/wp-content\/uploads\/2023\/03\/airport-smoking-lounge-7.jpg\",\"contentUrl\":\"https:\/\/airportsmokinglounge.com\/wp-content\/uploads\/2023\/03\/airport-smoking-lounge-7.jpg\",\"width\":2048,\"height\":1152,\"caption\":\"Airport Smoking areas\"},{\"@type\":\"BreadcrumbList\",\"@id\":\"https:\/\/airportsmokinglounge.com\/smoking-areas-in-european-airports\/#breadcrumb\",\"itemListElement\":[{\"@type\":\"ListItem\",\"position\":1,\"name\":\"Home\",\"item\":\"https:\/\/airportsmokinglounge.com\/\"},{\"@type\":\"ListItem\",\"position\":2,\"name\":\"Smoking areas in European Airports\"}]},{\"@type\":\"WebSite\",\"@id\":\"https:\/\/airportsmokinglounge.com\/#website\",\"url\":\"https:\/\/airportsmokinglounge.com\/\",\"name\":\"airportsmokinglounge.com\",\"description\":\"\",\"potentialAction\":[{\"@type\":\"SearchAction\",\"target\":{\"@type\":\"EntryPoint\",\"urlTemplate\":\"https:\/\/airportsmokinglounge.com\/?s={search_term_string}\"},\"query-input\":{\"@type\":\"PropertyValueSpecification\",\"valueRequired\":true,\"valueName\":\"search_term_string\"}}],\"inLanguage\":\"tr\"}]}<\/script>\n<!-- \/ Yoast SEO plugin. -->","yoast_head_json":{"title":"Avrupa Havalimanlar\u0131nda sigara i\u00e7ilen alanlar - Airport Smokinglounge.com","description":"Avrupa Havalimanlar\u0131ndaki Sigara \u0130\u00e7ilen Alanlar \u2714\ufe0e Avrupa&#039;n\u0131n B\u00fcy\u00fck Havalimanlar\u0131ndaki Sigara \u0130\u00e7ilen Alanlar ve Sigara \u0130\u00e7me Politikalar\u0131na \u0130li\u015fkin Kapsaml\u0131 K\u0131lavuz \u2714\ufe0e","robots":{"index":"index","follow":"follow","max-snippet":"max-snippet:-1","max-image-preview":"max-image-preview:large","max-video-preview":"max-video-preview:-1"},"canonical":"https:\/\/airportsmokinglounge.com\/tr\/avrupa-havalimanlarindaki-sigara-icme-alanlari\/","og_locale":"tr_TR","og_type":"article","og_title":"Smoking areas in European Airports - airportsmokinglounge.com","og_description":"Smoking areas in European Airports \u2714\ufe0e A Comprehensive Guide to Smoking Areas and Smoking Policies in Major European Airports \u2714\ufe0e","og_url":"https:\/\/airportsmokinglounge.com\/tr\/avrupa-havalimanlarindaki-sigara-icme-alanlari\/","og_site_name":"airportsmokinglounge.com","article_modified_time":"2023-05-30T21:53:35+00:00","og_image":[{"width":2048,"height":1152,"url":"https:\/\/airportsmokinglounge.com\/wp-content\/uploads\/2023\/03\/airport-smoking-lounge-7.jpg","type":"image\/jpeg"}],"twitter_card":"summary_large_image","twitter_misc":{"Tahmini okuma s\u00fcresi":"2 dakika"},"schema":{"@context":"https:\/\/schema.org","@graph":[{"@type":"WebPage","@id":"https:\/\/airportsmokinglounge.com\/smoking-areas-in-european-airports\/","url":"https:\/\/airportsmokinglounge.com\/smoking-areas-in-european-airports\/","name":"Avrupa Havalimanlar\u0131nda sigara i\u00e7ilen alanlar - Airport Smokinglounge.com","isPartOf":{"@id":"https:\/\/airportsmokinglounge.com\/#website"},"primaryImageOfPage":{"@id":"https:\/\/airportsmokinglounge.com\/smoking-areas-in-european-airports\/#primaryimage"},"image":{"@id":"https:\/\/airportsmokinglounge.com\/smoking-areas-in-european-airports\/#primaryimage"},"thumbnailUrl":"https:\/\/airportsmokinglounge.com\/wp-content\/uploads\/2023\/03\/airport-smoking-lounge-7.jpg","datePublished":"2023-02-20T12:42:44+00:00","dateModified":"2023-05-30T21:53:35+00:00","description":"Avrupa Havalimanlar\u0131ndaki Sigara \u0130\u00e7ilen Alanlar \u2714\ufe0e Avrupa&#039;n\u0131n B\u00fcy\u00fck Havalimanlar\u0131ndaki Sigara \u0130\u00e7ilen Alanlar ve Sigara \u0130\u00e7me Politikalar\u0131na \u0130li\u015fkin Kapsaml\u0131 K\u0131lavuz \u2714\ufe0e","breadcrumb":{"@id":"https:\/\/airportsmokinglounge.com\/smoking-areas-in-european-airports\/#breadcrumb"},"inLanguage":"tr","potentialAction":[{"@type":"ReadAction","target":["https:\/\/airportsmokinglounge.com\/smoking-areas-in-european-airports\/"]}]},{"@type":"ImageObject","inLanguage":"tr","@id":"https:\/\/airportsmokinglounge.com\/smoking-areas-in-european-airports\/#primaryimage","url":"https:\/\/airportsmokinglounge.com\/wp-content\/uploads\/2023\/03\/airport-smoking-lounge-7.jpg","contentUrl":"https:\/\/airportsmokinglounge.com\/wp-content\/uploads\/2023\/03\/airport-smoking-lounge-7.jpg","width":2048,"height":1152,"caption":"Airport Smoking areas"},{"@type":"BreadcrumbList","@id":"https:\/\/airportsmokinglounge.com\/smoking-areas-in-european-airports\/#breadcrumb","itemListElement":[{"@type":"ListItem","position":1,"name":"Home","item":"https:\/\/airportsmokinglounge.com\/"},{"@type":"ListItem","position":2,"name":"Smoking areas in European Airports"}]},{"@type":"WebSite","@id":"https:\/\/airportsmokinglounge.com\/#website","url":"https:\/\/airportsmokinglounge.com\/","name":"havaalan\u0131sigara salonu.com","description":"","potentialAction":[{"@type":"SearchAction","target":{"@type":"EntryPoint","urlTemplate":"https:\/\/airportsmokinglounge.com\/?s={search_term_string}"},"query-input":{"@type":"PropertyValueSpecification","valueRequired":true,"valueName":"search_term_string"}}],"inLanguage":"tr"}]}},"_links":{"self":[{"href":"https:\/\/airportsmokinglounge.com\/tr\/wp-json\/wp\/v2\/pages\/68","targetHints":{"allow":["GET"]}}],"collection":[{"href":"https:\/\/airportsmokinglounge.com\/tr\/wp-json\/wp\/v2\/pages"}],"about":[{"href":"https:\/\/airportsmokinglounge.com\/tr\/wp-json\/wp\/v2\/types\/page"}],"author":[{"embeddable":true,"href":"https:\/\/airportsmokinglounge.com\/tr\/wp-json\/wp\/v2\/users\/1"}],"replies":[{"embeddable":true,"href":"https:\/\/airportsmokinglounge.com\/tr\/wp-json\/wp\/v2\/comments?post=68"}],"version-history":[{"count":10,"href":"https:\/\/airportsmokinglounge.com\/tr\/wp-json\/wp\/v2\/pages\/68\/revisions"}],"predecessor-version":[{"id":6387,"href":"https:\/\/airportsmokinglounge.com\/tr\/wp-json\/wp\/v2\/pages\/68\/revisions\/6387"}],"wp:featuredmedia":[{"embeddable":true,"href":"https:\/\/airportsmokinglounge.com\/tr\/wp-json\/wp\/v2\/media\/1202"}],"wp:attachment":[{"href":"https:\/\/airportsmokinglounge.com\/tr\/wp-json\/wp\/v2\/media?parent=68"}],"curies":[{"name":"wp","href":"https:\/\/api.w.org\/{rel}","templated":true}]}}