{"id":72,"date":"2023-02-21T15:22:58","date_gmt":"2023-02-21T14:22:58","guid":{"rendered":"https:\/\/airportsmokinglounge.com\/?page_id=72"},"modified":"2023-05-23T13:44:54","modified_gmt":"2023-05-23T11:44:54","slug":"smoking-at-airports-in-oceania","status":"publish","type":"page","link":"https:\/\/airportsmokinglounge.com\/tr\/okyanusya-havalimanlarinda-sigara-icmek\/","title":{"rendered":"Okyanusya&#039;daki havalimanlar\u0131nda sigara i\u00e7mek"},"content":{"rendered":"<h2>Okyanusya havaalanlar\u0131nda sigara i\u00e7ilen alanlar<\/h2>\n<p><span style=\"font-size: 14pt;\">Bu web sitesinde, belirlenmi\u015f sigara i\u00e7me alanlar\u0131 ve mevcut tesisler dahil olmak \u00fczere Okyanusya havalimanlar\u0131ndaki t\u00fcm sigara i\u00e7me alanlar\u0131n\u0131 bulacaks\u0131n\u0131z. G\u00fcvenlikten ge\u00e7erken hi\u00e7bir yerde sigara i\u00e7ilen alan olmad\u0131\u011f\u0131n\u0131 ve baz\u0131 durumlarda e-sigaraya izin verilemeyece\u011fini \u00f6\u011frenmenin yaratt\u0131\u011f\u0131 hayal k\u0131r\u0131kl\u0131\u011f\u0131n\u0131 anl\u0131yoruz. <\/span><\/p>\n<p><span style=\"font-size: 14pt;\">Bu hizmet, uzun u\u00e7u\u015flardan \u00f6nce veya sonra sigara keyfi yapmak isteyen t\u00fcm sigara i\u00e7enler i\u00e7indir.<\/span><\/p>\n<p><span style=\"font-size: 14pt;\"><strong>\u00dclkenizi se\u00e7in:<\/strong><\/span><\/p>\n<ul style=\"list-style-type: circle;\">\n<li><a href=\"https:\/\/airportsmokinglounge.com\/tr\/avustralya-havalimanlarindaki-sigara-icme-alanlari\/\">AVUSTRALYA<\/a><\/li>\n<li><a href=\"https:\/\/airportsmokinglounge.com\/tr\/sigara-icilebilen-alanlar-papua-yeni-gine-havaalanlari\/\">PAPUA YEN\u0130 G\u0130NE<\/a><\/li>\n<li><a href=\"https:\/\/airportsmokinglounge.com\/tr\/yeni-zelanda-havalimanlarindaki-sigara-icme-alanlari\/\">YEN\u0130 ZELANDA<\/a><\/li>\n<li><a href=\"https:\/\/airportsmokinglounge.com\/tr\/fijis-havalimanlarindaki-sigara-icme-alanlari\/\">FIJI<\/a><\/li>\n<li><a href=\"https:\/\/airportsmokinglounge.com\/tr\/solomon-adalari-havalimanlarindaki-sigara-icme-alanlari\/\">SOLOMON ADALARI<\/a><\/li>\n<li><a href=\"https:\/\/airportsmokinglounge.com\/tr\/vanuatus-havalimanlarindaki-sigara-icme-alanlari\/\">VANUATU<\/a><\/li>\n<li><a href=\"https:\/\/airportsmokinglounge.com\/tr\/apia-faleolo-uluslararasi-havalimaninda-sigara-icilen-alanlar-apw\/\">SAMOA<\/a><\/li>\n<li><a href=\"https:\/\/airportsmokinglounge.com\/tr\/kiribatis-havalimanlarindaki-sigara-icme-alanlari\/\">KIRIBATI<\/a><\/li>\n<li><a href=\"https:\/\/airportsmokinglounge.com\/tr\/tongas-havalimanlarindaki-sigara-icme-alanlari\/\">TONGA<\/a><\/li>\n<li><a href=\"https:\/\/airportsmokinglounge.com\/tr\/marshall-adalari-havaalanlarinda-sigara-icilebilen-alanlar\/\">MAR\u015eAL ADALARI<\/a><\/li>\n<li><a href=\"https:\/\/airportsmokinglounge.com\/tr\/palau-havalimanlarindaki-sigara-icme-alanlari\/\">PALAU<\/a><\/li>\n<li><a href=\"https:\/\/airportsmokinglounge.com\/tr\/funafuti-uluslararasi-havalimaninda-sigara-icme-alanlari-eglence\/\">TUVALU<\/a><\/li>\n<li><a href=\"https:\/\/airportsmokinglounge.com\/tr\/nauru-uluslararasi-havalimaninda-sigara-icilen-alanlar-inu\/\">NARU<\/a><\/li>\n<\/ul>\n<p><strong><span style=\"font-size: 14pt;\">Daha fazla Havaalan\u0131 Sigara i\u00e7ilen alan<\/span><\/strong><\/p>\n<ul style=\"list-style-type: circle;\">\n<li><a href=\"https:\/\/airportsmokinglounge.com\/tr\/afrikada-havaalanlarinda-sigara-icmek\/\">Afrika<\/a><\/li>\n<li><a href=\"https:\/\/airportsmokinglounge.com\/tr\/kuzey-amerikanin-havaalanlarinda-sigara-icmek\/\">Kuzey Amerika<\/a><\/li>\n<li><a href=\"https:\/\/airportsmokinglounge.com\/tr\/avrupa-havalimanlarindaki-sigara-icme-alanlari\/\">Avrupa<\/a><\/li>\n<li><a href=\"https:\/\/airportsmokinglounge.com\/tr\/guney-amerika-havaalanlarinda-sigara-icilmesi\/\">G\u00fcney Amerika<\/a><\/li>\n<li><a href=\"https:\/\/airportsmokinglounge.com\/tr\/asyadaki-havaalanlarinda-sigara-icmek\/\">Asya<\/a><\/li>\n<\/ul>","protected":false},"excerpt":{"rendered":"<p>Okyanusya havaalanlar\u0131ndaki sigara i\u00e7ilen alanlar Bu web sitesinde, belirlenmi\u015f sigara i\u00e7me alanlar\u0131 ve mevcut tesisler dahil, Okyanusya havalimanlar\u0131ndaki t\u00fcm sigara i\u00e7me alanlar\u0131n\u0131 bulacaks\u0131n\u0131z. G\u00fcvenlikten ge\u00e7erken hi\u00e7bir yerde sigara i\u00e7ilen alan olmad\u0131\u011f\u0131n\u0131 ve baz\u0131 durumlarda e-sigaraya izin verilemeyece\u011fini g\u00f6rmenin yaratt\u0131\u011f\u0131 hayal k\u0131r\u0131kl\u0131\u011f\u0131n\u0131 anl\u0131yoruz. Bu servis\u2026&nbsp;<a href=\"https:\/\/airportsmokinglounge.com\/tr\/okyanusya-havalimanlarinda-sigara-icmek\/\" rel=\"bookmark\">Devam\u0131n\u0131 oku &quot;<span class=\"screen-reader-text\">Okyanusya&#039;daki havalimanlar\u0131nda sigara i\u00e7mek<\/span><\/a><\/p>","protected":false},"author":1,"featured_media":1202,"parent":0,"menu_order":0,"comment_status":"closed","ping_status":"closed","template":"","meta":{"neve_meta_sidebar":"","neve_meta_container":"","neve_meta_enable_content_width":"off","neve_meta_content_width":100,"neve_meta_title_alignment":"","neve_meta_author_avatar":"","neve_post_elements_order":"","neve_meta_disable_header":"","neve_meta_disable_footer":"","neve_meta_disable_title":"","neve_meta_reading_time":"","footnotes":""},"class_list":["post-72","page","type-page","status-publish","has-post-thumbnail","hentry"],"yoast_head":"<!-- This site is optimized with the Yoast SEO plugin v26.6 - https:\/\/yoast.com\/wordpress\/plugins\/seo\/ -->\n<title>Smoking at airports in Oceania - airportsmokinglounge.com<\/title>\n<meta name=\"description\" content=\"Smoking in airports in Oceania \u2714\ufe0e A Comprehensive Guide to Smoking Areas and Smoking Policies in Major Airports \u2714\ufe0e\" \/>\n<meta name=\"robots\" content=\"index, follow, max-snippet:-1, max-image-preview:large, max-video-preview:-1\" \/>\n<link rel=\"canonical\" href=\"https:\/\/airportsmokinglounge.com\/tr\/okyanusya-havalimanlarinda-sigara-icmek\/\" \/>\n<meta property=\"og:locale\" content=\"tr_TR\" \/>\n<meta property=\"og:type\" content=\"article\" \/>\n<meta property=\"og:title\" content=\"Smoking at airports in Oceania - airportsmokinglounge.com\" \/>\n<meta property=\"og:description\" content=\"Smoking in airports in Oceania \u2714\ufe0e A Comprehensive Guide to Smoking Areas and Smoking Policies in Major Airports \u2714\ufe0e\" \/>\n<meta property=\"og:url\" content=\"https:\/\/airportsmokinglounge.com\/tr\/okyanusya-havalimanlarinda-sigara-icmek\/\" \/>\n<meta property=\"og:site_name\" content=\"airportsmokinglounge.com\" \/>\n<meta property=\"article:modified_time\" content=\"2023-05-23T11:44:54+00:00\" \/>\n<meta property=\"og:image\" content=\"https:\/\/airportsmokinglounge.com\/wp-content\/uploads\/2023\/03\/airport-smoking-lounge-7.jpg\" \/>\n\t<meta property=\"og:image:width\" content=\"2048\" \/>\n\t<meta property=\"og:image:height\" content=\"1152\" \/>\n\t<meta property=\"og:image:type\" content=\"image\/jpeg\" \/>\n<meta name=\"twitter:card\" content=\"summary_large_image\" \/>\n<meta name=\"twitter:label1\" content=\"Tahmini okuma s\u00fcresi\" \/>\n\t<meta name=\"twitter:data1\" content=\"1 dakika\" \/>\n<script type=\"application\/ld+json\" class=\"yoast-schema-graph\">{\"@context\":\"https:\/\/schema.org\",\"@graph\":[{\"@type\":\"WebPage\",\"@id\":\"https:\/\/airportsmokinglounge.com\/smoking-at-airports-in-oceania\/\",\"url\":\"https:\/\/airportsmokinglounge.com\/smoking-at-airports-in-oceania\/\",\"name\":\"Smoking at airports in Oceania - airportsmokinglounge.com\",\"isPartOf\":{\"@id\":\"https:\/\/airportsmokinglounge.com\/#website\"},\"primaryImageOfPage\":{\"@id\":\"https:\/\/airportsmokinglounge.com\/smoking-at-airports-in-oceania\/#primaryimage\"},\"image\":{\"@id\":\"https:\/\/airportsmokinglounge.com\/smoking-at-airports-in-oceania\/#primaryimage\"},\"thumbnailUrl\":\"https:\/\/airportsmokinglounge.com\/wp-content\/uploads\/2023\/03\/airport-smoking-lounge-7.jpg\",\"datePublished\":\"2023-02-21T14:22:58+00:00\",\"dateModified\":\"2023-05-23T11:44:54+00:00\",\"description\":\"Smoking in airports in Oceania \u2714\ufe0e A Comprehensive Guide to Smoking Areas and Smoking Policies in Major Airports \u2714\ufe0e\",\"breadcrumb\":{\"@id\":\"https:\/\/airportsmokinglounge.com\/smoking-at-airports-in-oceania\/#breadcrumb\"},\"inLanguage\":\"tr\",\"potentialAction\":[{\"@type\":\"ReadAction\",\"target\":[\"https:\/\/airportsmokinglounge.com\/smoking-at-airports-in-oceania\/\"]}]},{\"@type\":\"ImageObject\",\"inLanguage\":\"tr\",\"@id\":\"https:\/\/airportsmokinglounge.com\/smoking-at-airports-in-oceania\/#primaryimage\",\"url\":\"https:\/\/airportsmokinglounge.com\/wp-content\/uploads\/2023\/03\/airport-smoking-lounge-7.jpg\",\"contentUrl\":\"https:\/\/airportsmokinglounge.com\/wp-content\/uploads\/2023\/03\/airport-smoking-lounge-7.jpg\",\"width\":2048,\"height\":1152,\"caption\":\"Airport Smoking areas\"},{\"@type\":\"BreadcrumbList\",\"@id\":\"https:\/\/airportsmokinglounge.com\/smoking-at-airports-in-oceania\/#breadcrumb\",\"itemListElement\":[{\"@type\":\"ListItem\",\"position\":1,\"name\":\"Home\",\"item\":\"https:\/\/airportsmokinglounge.com\/\"},{\"@type\":\"ListItem\",\"position\":2,\"name\":\"Smoking at airports in Oceania\"}]},{\"@type\":\"WebSite\",\"@id\":\"https:\/\/airportsmokinglounge.com\/#website\",\"url\":\"https:\/\/airportsmokinglounge.com\/\",\"name\":\"airportsmokinglounge.com\",\"description\":\"\",\"potentialAction\":[{\"@type\":\"SearchAction\",\"target\":{\"@type\":\"EntryPoint\",\"urlTemplate\":\"https:\/\/airportsmokinglounge.com\/?s={search_term_string}\"},\"query-input\":{\"@type\":\"PropertyValueSpecification\",\"valueRequired\":true,\"valueName\":\"search_term_string\"}}],\"inLanguage\":\"tr\"}]}<\/script>\n<!-- \/ Yoast SEO plugin. -->","yoast_head_json":{"title":"Okyanusya&#039;daki havalimanlar\u0131nda sigara i\u00e7mek - Airport Smokinglounge.com","description":"Okyanusya&#039;daki havalimanlar\u0131nda sigara i\u00e7mek \u2714\ufe0e B\u00fcy\u00fck Havalimanlar\u0131ndaki Sigara \u0130\u00e7ilen Alanlar ve Sigara \u0130\u00e7me Politikalar\u0131 \u0130\u00e7in Kapsaml\u0131 Bir K\u0131lavuz \u2714\ufe0e","robots":{"index":"index","follow":"follow","max-snippet":"max-snippet:-1","max-image-preview":"max-image-preview:large","max-video-preview":"max-video-preview:-1"},"canonical":"https:\/\/airportsmokinglounge.com\/tr\/okyanusya-havalimanlarinda-sigara-icmek\/","og_locale":"tr_TR","og_type":"article","og_title":"Smoking at airports in Oceania - airportsmokinglounge.com","og_description":"Smoking in airports in Oceania \u2714\ufe0e A Comprehensive Guide to Smoking Areas and Smoking Policies in Major Airports \u2714\ufe0e","og_url":"https:\/\/airportsmokinglounge.com\/tr\/okyanusya-havalimanlarinda-sigara-icmek\/","og_site_name":"airportsmokinglounge.com","article_modified_time":"2023-05-23T11:44:54+00:00","og_image":[{"width":2048,"height":1152,"url":"https:\/\/airportsmokinglounge.com\/wp-content\/uploads\/2023\/03\/airport-smoking-lounge-7.jpg","type":"image\/jpeg"}],"twitter_card":"summary_large_image","twitter_misc":{"Tahmini okuma s\u00fcresi":"1 dakika"},"schema":{"@context":"https:\/\/schema.org","@graph":[{"@type":"WebPage","@id":"https:\/\/airportsmokinglounge.com\/smoking-at-airports-in-oceania\/","url":"https:\/\/airportsmokinglounge.com\/smoking-at-airports-in-oceania\/","name":"Okyanusya&#039;daki havalimanlar\u0131nda sigara i\u00e7mek - Airport Smokinglounge.com","isPartOf":{"@id":"https:\/\/airportsmokinglounge.com\/#website"},"primaryImageOfPage":{"@id":"https:\/\/airportsmokinglounge.com\/smoking-at-airports-in-oceania\/#primaryimage"},"image":{"@id":"https:\/\/airportsmokinglounge.com\/smoking-at-airports-in-oceania\/#primaryimage"},"thumbnailUrl":"https:\/\/airportsmokinglounge.com\/wp-content\/uploads\/2023\/03\/airport-smoking-lounge-7.jpg","datePublished":"2023-02-21T14:22:58+00:00","dateModified":"2023-05-23T11:44:54+00:00","description":"Okyanusya&#039;daki havalimanlar\u0131nda sigara i\u00e7mek \u2714\ufe0e B\u00fcy\u00fck Havalimanlar\u0131ndaki Sigara \u0130\u00e7ilen Alanlar ve Sigara \u0130\u00e7me Politikalar\u0131 \u0130\u00e7in Kapsaml\u0131 Bir K\u0131lavuz \u2714\ufe0e","breadcrumb":{"@id":"https:\/\/airportsmokinglounge.com\/smoking-at-airports-in-oceania\/#breadcrumb"},"inLanguage":"tr","potentialAction":[{"@type":"ReadAction","target":["https:\/\/airportsmokinglounge.com\/smoking-at-airports-in-oceania\/"]}]},{"@type":"ImageObject","inLanguage":"tr","@id":"https:\/\/airportsmokinglounge.com\/smoking-at-airports-in-oceania\/#primaryimage","url":"https:\/\/airportsmokinglounge.com\/wp-content\/uploads\/2023\/03\/airport-smoking-lounge-7.jpg","contentUrl":"https:\/\/airportsmokinglounge.com\/wp-content\/uploads\/2023\/03\/airport-smoking-lounge-7.jpg","width":2048,"height":1152,"caption":"Airport Smoking areas"},{"@type":"BreadcrumbList","@id":"https:\/\/airportsmokinglounge.com\/smoking-at-airports-in-oceania\/#breadcrumb","itemListElement":[{"@type":"ListItem","position":1,"name":"Home","item":"https:\/\/airportsmokinglounge.com\/"},{"@type":"ListItem","position":2,"name":"Smoking at airports in Oceania"}]},{"@type":"WebSite","@id":"https:\/\/airportsmokinglounge.com\/#website","url":"https:\/\/airportsmokinglounge.com\/","name":"havaalan\u0131sigara salonu.com","description":"","potentialAction":[{"@type":"SearchAction","target":{"@type":"EntryPoint","urlTemplate":"https:\/\/airportsmokinglounge.com\/?s={search_term_string}"},"query-input":{"@type":"PropertyValueSpecification","valueRequired":true,"valueName":"search_term_string"}}],"inLanguage":"tr"}]}},"_links":{"self":[{"href":"https:\/\/airportsmokinglounge.com\/tr\/wp-json\/wp\/v2\/pages\/72","targetHints":{"allow":["GET"]}}],"collection":[{"href":"https:\/\/airportsmokinglounge.com\/tr\/wp-json\/wp\/v2\/pages"}],"about":[{"href":"https:\/\/airportsmokinglounge.com\/tr\/wp-json\/wp\/v2\/types\/page"}],"author":[{"embeddable":true,"href":"https:\/\/airportsmokinglounge.com\/tr\/wp-json\/wp\/v2\/users\/1"}],"replies":[{"embeddable":true,"href":"https:\/\/airportsmokinglounge.com\/tr\/wp-json\/wp\/v2\/comments?post=72"}],"version-history":[{"count":10,"href":"https:\/\/airportsmokinglounge.com\/tr\/wp-json\/wp\/v2\/pages\/72\/revisions"}],"predecessor-version":[{"id":5945,"href":"https:\/\/airportsmokinglounge.com\/tr\/wp-json\/wp\/v2\/pages\/72\/revisions\/5945"}],"wp:featuredmedia":[{"embeddable":true,"href":"https:\/\/airportsmokinglounge.com\/tr\/wp-json\/wp\/v2\/media\/1202"}],"wp:attachment":[{"href":"https:\/\/airportsmokinglounge.com\/tr\/wp-json\/wp\/v2\/media?parent=72"}],"curies":[{"name":"wp","href":"https:\/\/api.w.org\/{rel}","templated":true}]}}