{"id":7264,"date":"2024-01-28T19:04:10","date_gmt":"2024-01-28T18:04:10","guid":{"rendered":"https:\/\/airportsmokinglounge.com\/?page_id=7264"},"modified":"2024-01-28T19:04:10","modified_gmt":"2024-01-28T18:04:10","slug":"smoking-areas-at-transilvania-airport-targu-mures-tgm","status":"publish","type":"page","link":"https:\/\/airportsmokinglounge.com\/tr\/sigara-icilebilen-alanlar-transilvania-havaalani-targu-mures-tgm\/","title":{"rendered":"TRANS\u0130LVANYA HAVAL\u0130MANI T\u00e2rgu Mure\u0219&#039;teki (TGM) sigara i\u00e7me alanlar\u0131"},"content":{"rendered":"<p>T\u00e2rgu Mure\u0219 Havaalan\u0131, yolcular\u0131 Romanya&#039;daki \u00e7e\u015fitli var\u0131\u015f noktalar\u0131na ve birka\u00e7 uluslararas\u0131 var\u0131\u015f noktas\u0131na ba\u011flayan hem i\u00e7 hatlar hem de s\u0131n\u0131rl\u0131 uluslararas\u0131 u\u00e7u\u015flar sunmaktad\u0131r. Orta Romanya&#039;ya \u00f6nemli bir ge\u00e7it g\u00f6revi g\u00f6r\u00fcr ve b\u00fcy\u00fck Romanya \u015fehirlerine ba\u011flant\u0131lar sa\u011flar. Bir\u00e7ok havayolu, T\u00e2rgu Mure\u0219 Havaalan\u0131&#039;ndan d\u00fczenli u\u00e7u\u015flar ger\u00e7ekle\u015ftirerek yolculara yolculuklar\u0131 i\u00e7in \u00e7e\u015fitli se\u00e7enekler sunar.<\/p>\n<h2>G\u00fcvenlik Kontrol\u00fc \u00f6ncesi sigara i\u00e7ilen alanlar<\/h2>\n<ul>\n<li>Terminal d\u0131\u015f\u0131nda sadece belirlenmi\u015f alanlarda sigara i\u00e7ilmesine izin verilmektedir.<\/li>\n<\/ul>\n<h2>G\u00fcvenlik Kontrol\u00fcnden Sonra Sigara \u0130\u00e7ilen Alanlar<\/h2>\n<ul>\n<li>1. katta sigara i\u00e7me alan\u0131 bulunmaktad\u0131r<\/li>\n<\/ul>\n<figure id=\"attachment_7266\" aria-describedby=\"caption-attachment-7266\" style=\"width: 600px\" class=\"wp-caption aligncenter\"><img decoding=\"async\" class=\"size-full wp-image-7266\" src=\"https:\/\/airportsmokinglounge.com\/wp-content\/uploads\/2024\/01\/ymail-tmp-1548934299842944543-scaled-e1706464949458.jpg\" alt=\"TRANS\u0130LVANYA HAVAL\u0130MANI T\u00e2rgu Mure\u0219&#039;teki (TGM) sigara i\u00e7me alanlar\u0131\" width=\"600\" height=\"450\" \/><figcaption id=\"caption-attachment-7266\" class=\"wp-caption-text\">\u00a9 rosu stefan<\/figcaption><\/figure>\n<p><span style=\"font-size: 12pt;\">Resmi Web Sitesinde Daha Fazla Bilgi<\/span><\/p>\n<ul>\n<li><span style=\"font-size: 12pt;\"><a href=\"https:\/\/www.sibiuairport.ro\/\" target=\"_blank\" rel=\"noopener\">www.siniuairport.ro<\/a><\/span><\/li>\n<\/ul>\n<p><span style=\"font-size: 12pt;\"><strong>Bize geri bildirim g\u00f6nderin<\/strong><\/span><\/p>\n<p><span style=\"font-size: 12pt;\">Havaalan\u0131ndaysan\u0131z, sigara i\u00e7ilen alanlar\u0131n resimlerini bize g\u00f6nderebilirsiniz. Bu, veritaban\u0131m\u0131z\u0131 daha h\u0131zl\u0131 doldurmam\u0131za yard\u0131mc\u0131 olacakt\u0131r. Bunu yapabilirsiniz <strong><a href=\"https:\/\/airportsmokinglounge.com\/tr\/temas-etmek\/\">Burada<\/a>.<\/strong> G\u00f6rseller, g\u00f6rsel kayna\u011f\u0131 (isim) belirtilerek sitemizde yay\u0131nlanmaktad\u0131r. Bu resimleri bizimle ve t\u00fcm Airport Smokinglounge.com ziyaret\u00e7ileriyle payla\u015fmaktan \u00e7ekinmeyin.<\/span><\/p>\n<h2>Romanya havalimanlar\u0131nda sigara i\u00e7mek<\/h2>\n<p>Romanya havalimanlar\u0131n\u0131n terminal binalar\u0131, bekleme alanlar\u0131, check-in salonlar\u0131, g\u00fcvenlik alanlar\u0131, restoranlar, kafeler ve di\u011fer kapal\u0131 alanlar dahil olmak \u00fczere kapal\u0131 alanlar\u0131nda sigara i\u00e7mek genellikle yasakt\u0131r. Bu, \u00fclke genelindeki hem yurt i\u00e7i hem de uluslararas\u0131 havalimanlar\u0131 i\u00e7in ge\u00e7erlidir. Ama\u00e7, t\u00fcm yolcular\u0131n ve havaalan\u0131 personelinin konforu ve refah\u0131 i\u00e7in dumans\u0131z bir ortam yaratmakt\u0131r.<\/p>\n<p>Sigara i\u00e7enlerin bar\u0131nabilmesi i\u00e7in genellikle terminal binalar\u0131n\u0131n d\u0131\u015f\u0131nda belirlenmi\u015f sigara i\u00e7me alanlar\u0131 sa\u011flanmaktad\u0131r. Bu alanlar genellikle belirlenmi\u015f d\u0131\u015f mekanlarda veya uygun havaland\u0131rma sistemleriyle donat\u0131lm\u0131\u015f \u00f6zel sigara i\u00e7me odalar\u0131nda bulunur. Bu alanlar veya odalar yaln\u0131zca sigara i\u00e7ilmesine ayr\u0131lm\u0131\u015ft\u0131r ve bu alanlar\u0131n d\u0131\u015f\u0131nda sigara i\u00e7ilmesine izin verilmemektedir.<\/p>\n<p>Romanya&#039;daki havalimanlar\u0131nda net tabelalar sergileniyor ve sigara i\u00e7me d\u00fczenlemeleri hakk\u0131nda bilgi veriliyor. Yolcular\u0131 sigara i\u00e7me politikas\u0131 hakk\u0131nda bilgilendirmek ve onlar\u0131 belirlenen sigara i\u00e7me alanlar\u0131na y\u00f6nlendirmek i\u00e7in genellikle havaalan\u0131 tesislerinin her yerinde bilgi panolar\u0131, tabelalar ve duyurular bulunur.<\/p>\n<p>Bu nedenle, en do\u011fru ve g\u00fcncel sigara i\u00e7me d\u00fczenlemeleri ve y\u00f6nergeleri i\u00e7in belirli havaalan\u0131 yetkililerine dan\u0131\u015fman\u0131z veya seyahat etti\u011finiz havaalan\u0131ndaki tabelalara ve bilgilere ba\u015fvurman\u0131z \u00f6nerilir.<\/p>\n<h3>S\u0131k\u00e7a Sorulan Sorular<\/h3>\n<h4>Havaliman\u0131 sigara i\u00e7me alanlar\u0131 7\/24 a\u00e7\u0131k m\u0131?<\/h4>\n<p>Havaliman\u0131 sigara i\u00e7me alanlar\u0131n\u0131n mevcudiyeti, havaliman\u0131na ve konuma g\u00f6re de\u011fi\u015fiklik g\u00f6sterebilir. Baz\u0131 sigara i\u00e7me alanlar\u0131 24 saat a\u00e7\u0131kken, baz\u0131lar\u0131nda k\u0131s\u0131tl\u0131 saatler olabilir veya belirli saatlerde kapal\u0131 olabilir. Sigara i\u00e7me alan\u0131n\u0131n \u00e7al\u0131\u015fma saatleri hakk\u0131nda \u00f6zel bilgi i\u00e7in havaalan\u0131na dan\u0131\u015fmak veya web sitelerini ziyaret etmek en iyisidir.<\/p>\n<h4>Sigara i\u00e7me alan\u0131na kendi yiyecek ve i\u00e7eceklerimi getirmeme izin verilir mi?<\/h4>\n<p>Bu, belirli sigara i\u00e7me alan\u0131na ve havaalan\u0131na ba\u011fl\u0131 olabilir. Baz\u0131 sigara i\u00e7me alanlar\u0131 d\u0131\u015far\u0131dan yiyecek ve i\u00e7eceklere izin verirken, baz\u0131lar\u0131nda k\u0131s\u0131tlamalar olabilir veya tamamen yasak olabilir. Belirli kurallar ve y\u00f6netmelikler i\u00e7in havaalan\u0131na veya sigara i\u00e7ilen alan tabelas\u0131na bakmak en iyisidir.<\/p>\n<h4>Havaliman\u0131ndaki t\u00fcm sigara i\u00e7ilen alanlarda sigara i\u00e7ilebilir mi?<\/h4>\n<p>Havaalan\u0131 sigara i\u00e7ilen alanlar\u0131n t\u00fcm\u00fc sigara i\u00e7ilmesine izin vermeyebilir. Baz\u0131 havalimanlar\u0131nda, geleneksel sigara i\u00e7me alanlar\u0131ndan ayr\u0131 elektronik sigara veya elektronik sigara i\u00e7in belirlenmi\u015f alanlar olabilir. Kullanmay\u0131 planlad\u0131\u011f\u0131n\u0131z sigara i\u00e7me alan\u0131 i\u00e7in \u00f6zel kural ve d\u00fczenlemeleri kontrol etti\u011finizden emin olun.<\/p>\n<h4>Sigara i\u00e7ilen alanlar klimal\u0131 m\u0131 yoksa \u0131s\u0131tmal\u0131 m\u0131?<\/h4>\n<p>Havaalan\u0131 sigara i\u00e7me alanlar\u0131n\u0131n s\u0131cakl\u0131\u011f\u0131 ve havaland\u0131rmas\u0131 b\u00fcy\u00fck \u00f6l\u00e7\u00fcde de\u011fi\u015febilir. Baz\u0131lar\u0131 klimal\u0131 veya \u0131s\u0131tmal\u0131 olabilirken, di\u011ferleri d\u0131\u015f etkenlerden s\u0131n\u0131rl\u0131 korumaya sahip a\u00e7\u0131k hava alanlar\u0131 olabilir. Ko\u015fullar\u0131 belirlemek ve buna g\u00f6re haz\u0131rlanmak i\u00e7in \u00f6nceden havaalan\u0131na dan\u0131\u015ft\u0131\u011f\u0131n\u0131zdan veya sigara i\u00e7me alan\u0131n\u0131 ziyaret etti\u011finizden emin olun.<\/p>\n<h4>Sigara i\u00e7ilen alanlar engelli yolcular i\u00e7in eri\u015filebilir mi?<\/h4>\n<p>Bir\u00e7ok havaalan\u0131, sigara i\u00e7me alanlar\u0131n\u0131 engelli yolcular\u0131n eri\u015fimine uygun hale getirmek i\u00e7in \u00e7aba sarf etmi\u015ftir. Ancak, belirli sigara i\u00e7me alanlar\u0131n\u0131n eri\u015filebilirli\u011fi b\u00fcy\u00fck \u00f6l\u00e7\u00fcde de\u011fi\u015febilir. Eri\u015filebilir olup olmad\u0131\u011f\u0131n\u0131 ve ihtiya\u00e7lar\u0131n\u0131z\u0131 kar\u015f\u0131lay\u0131p kar\u015f\u0131lamad\u0131\u011f\u0131n\u0131 belirlemek i\u00e7in havaalan\u0131na dan\u0131\u015ft\u0131\u011f\u0131n\u0131zdan veya sigara i\u00e7me alan\u0131n\u0131 \u00f6nceden ziyaret etti\u011finizden emin olun.<\/p>\n<p><span style=\"font-size: 12pt;\"><strong>Romanya konumunda di\u011fer Havaalan\u0131:<\/strong> <\/span><\/p>\n<ul>\n<li><span style=\"font-size: 12pt;\"><a href=\"https:\/\/airportsmokinglounge.com\/tr\/romanyadaki-havaalanlarinda-sigara-icilebilen-alanlar\/\">Romanya&#039;daki havalimanlar\u0131<\/a><\/span><\/li>\n<\/ul>\n<p><span style=\"font-size: 12pt;\"><strong>Sigara i\u00e7ilen alanlar:<\/strong><\/span><\/p>\n<ul>\n<li><span style=\"font-size: 12pt;\"><a href=\"https:\/\/airportsmokinglounge.com\/tr\/avrupa-havalimanlarindaki-sigara-icme-alanlari\/\">Avrupa havaalanlar\u0131<\/a><\/span><\/li>\n<\/ul>","protected":false},"excerpt":{"rendered":"<p>T\u00e2rgu Mure\u0219 Airport offers both domestic and limited international flights, connecting passengers to various destinations within Romania and a few international destinations. It serves as an important gateway to central Romania and provides connections to major Romanian cities. Several airlines operate regular flights from T\u00e2rgu Mure\u0219 Airport, offering travelers a range of options for their&hellip;&nbsp;<a href=\"https:\/\/airportsmokinglounge.com\/tr\/sigara-icilebilen-alanlar-transilvania-havaalani-targu-mures-tgm\/\" rel=\"bookmark\">Devam\u0131n\u0131 oku &quot;<span class=\"screen-reader-text\">TRANS\u0130LVANYA HAVAL\u0130MANI T\u00e2rgu Mure\u0219&#039;teki (TGM) sigara i\u00e7me alanlar\u0131<\/span><\/a><\/p>","protected":false},"author":1,"featured_media":7265,"parent":0,"menu_order":0,"comment_status":"closed","ping_status":"closed","template":"","meta":{"neve_meta_sidebar":"","neve_meta_container":"","neve_meta_enable_content_width":"off","neve_meta_content_width":100,"neve_meta_title_alignment":"","neve_meta_author_avatar":"","neve_post_elements_order":"","neve_meta_disable_header":"","neve_meta_disable_footer":"","neve_meta_disable_title":"","neve_meta_reading_time":"","footnotes":""},"class_list":["post-7264","page","type-page","status-publish","has-post-thumbnail","hentry"],"yoast_head":"<!-- This site is optimized with the Yoast SEO plugin v26.6 - https:\/\/yoast.com\/wordpress\/plugins\/seo\/ -->\n<title>Smoking areas at TRANSILVANIA AIRPORT T\u00e2rgu Mure\u0219 (TGM) - airportsmokinglounge.com<\/title>\n<meta name=\"description\" content=\"Smoking areas TRANSILVANIA AIRPORT T\u00e2rgu Mure\u0219 - Find a smoking area in the airport \u2714\ufe0e Smoking Guide in Airports: Information for Travelers\" \/>\n<meta name=\"robots\" content=\"index, follow, max-snippet:-1, max-image-preview:large, max-video-preview:-1\" \/>\n<link rel=\"canonical\" href=\"https:\/\/airportsmokinglounge.com\/tr\/sigara-icilebilen-alanlar-transilvania-havaalani-targu-mures-tgm\/\" \/>\n<meta property=\"og:locale\" content=\"tr_TR\" \/>\n<meta property=\"og:type\" content=\"article\" \/>\n<meta property=\"og:title\" content=\"Smoking areas at TRANSILVANIA AIRPORT T\u00e2rgu Mure\u0219 (TGM) - airportsmokinglounge.com\" \/>\n<meta property=\"og:description\" content=\"Smoking areas TRANSILVANIA AIRPORT T\u00e2rgu Mure\u0219 - Find a smoking area in the airport \u2714\ufe0e Smoking Guide in Airports: Information for Travelers\" \/>\n<meta property=\"og:url\" content=\"https:\/\/airportsmokinglounge.com\/tr\/sigara-icilebilen-alanlar-transilvania-havaalani-targu-mures-tgm\/\" \/>\n<meta property=\"og:site_name\" content=\"airportsmokinglounge.com\" \/>\n<meta property=\"og:image\" content=\"https:\/\/airportsmokinglounge.com\/wp-content\/uploads\/2024\/01\/IMG_20240125_080131-scaled.jpg\" \/>\n\t<meta property=\"og:image:width\" content=\"2560\" \/>\n\t<meta property=\"og:image:height\" content=\"1152\" \/>\n\t<meta property=\"og:image:type\" content=\"image\/jpeg\" \/>\n<meta name=\"twitter:card\" content=\"summary_large_image\" \/>\n<meta name=\"twitter:label1\" content=\"Tahmini okuma s\u00fcresi\" \/>\n\t<meta name=\"twitter:data1\" content=\"4 dakika\" \/>\n<script type=\"application\/ld+json\" class=\"yoast-schema-graph\">{\"@context\":\"https:\/\/schema.org\",\"@graph\":[{\"@type\":\"WebPage\",\"@id\":\"https:\/\/airportsmokinglounge.com\/smoking-areas-at-transilvania-airport-targu-mures-tgm\/\",\"url\":\"https:\/\/airportsmokinglounge.com\/smoking-areas-at-transilvania-airport-targu-mures-tgm\/\",\"name\":\"Smoking areas at TRANSILVANIA AIRPORT T\u00e2rgu Mure\u0219 (TGM) - airportsmokinglounge.com\",\"isPartOf\":{\"@id\":\"https:\/\/airportsmokinglounge.com\/#website\"},\"primaryImageOfPage\":{\"@id\":\"https:\/\/airportsmokinglounge.com\/smoking-areas-at-transilvania-airport-targu-mures-tgm\/#primaryimage\"},\"image\":{\"@id\":\"https:\/\/airportsmokinglounge.com\/smoking-areas-at-transilvania-airport-targu-mures-tgm\/#primaryimage\"},\"thumbnailUrl\":\"https:\/\/airportsmokinglounge.com\/wp-content\/uploads\/2024\/01\/IMG_20240125_080131-scaled.jpg\",\"datePublished\":\"2024-01-28T18:04:10+00:00\",\"description\":\"Smoking areas TRANSILVANIA AIRPORT T\u00e2rgu Mure\u0219 - Find a smoking area in the airport \u2714\ufe0e Smoking Guide in Airports: Information for Travelers\",\"breadcrumb\":{\"@id\":\"https:\/\/airportsmokinglounge.com\/smoking-areas-at-transilvania-airport-targu-mures-tgm\/#breadcrumb\"},\"inLanguage\":\"tr\",\"potentialAction\":[{\"@type\":\"ReadAction\",\"target\":[\"https:\/\/airportsmokinglounge.com\/smoking-areas-at-transilvania-airport-targu-mures-tgm\/\"]}]},{\"@type\":\"ImageObject\",\"inLanguage\":\"tr\",\"@id\":\"https:\/\/airportsmokinglounge.com\/smoking-areas-at-transilvania-airport-targu-mures-tgm\/#primaryimage\",\"url\":\"https:\/\/airportsmokinglounge.com\/wp-content\/uploads\/2024\/01\/IMG_20240125_080131-scaled.jpg\",\"contentUrl\":\"https:\/\/airportsmokinglounge.com\/wp-content\/uploads\/2024\/01\/IMG_20240125_080131-scaled.jpg\",\"width\":2560,\"height\":1152,\"caption\":\"TRANSILVANIA AIRPORT T\u00e2rgu Mure\u0219\"},{\"@type\":\"BreadcrumbList\",\"@id\":\"https:\/\/airportsmokinglounge.com\/smoking-areas-at-transilvania-airport-targu-mures-tgm\/#breadcrumb\",\"itemListElement\":[{\"@type\":\"ListItem\",\"position\":1,\"name\":\"Home\",\"item\":\"https:\/\/airportsmokinglounge.com\/\"},{\"@type\":\"ListItem\",\"position\":2,\"name\":\"Smoking areas at TRANSILVANIA AIRPORT T\u00e2rgu Mure\u0219 (TGM)\"}]},{\"@type\":\"WebSite\",\"@id\":\"https:\/\/airportsmokinglounge.com\/#website\",\"url\":\"https:\/\/airportsmokinglounge.com\/\",\"name\":\"airportsmokinglounge.com\",\"description\":\"\",\"potentialAction\":[{\"@type\":\"SearchAction\",\"target\":{\"@type\":\"EntryPoint\",\"urlTemplate\":\"https:\/\/airportsmokinglounge.com\/?s={search_term_string}\"},\"query-input\":{\"@type\":\"PropertyValueSpecification\",\"valueRequired\":true,\"valueName\":\"search_term_string\"}}],\"inLanguage\":\"tr\"}]}<\/script>\n<!-- \/ Yoast SEO plugin. -->","yoast_head_json":{"title":"TRANSILVANIA HAVAL\u0130MANI T\u00e2rgu Mure\u0219 (TGM)&#039;de sigara i\u00e7ilebilen alanlar - Airport Smokinglounge.com","description":"Sigara i\u00e7me alanlar\u0131 TRANSILVANIA HAVAL\u0130MANI T\u00e2rgu Mure\u0219 - Havaalan\u0131nda sigara i\u00e7me alan\u0131 bulun \u2714\ufe0e Havaalanlar\u0131nda Sigara \u0130\u00e7me Rehberi: Gezginler \u0130\u00e7in Bilgiler","robots":{"index":"index","follow":"follow","max-snippet":"max-snippet:-1","max-image-preview":"max-image-preview:large","max-video-preview":"max-video-preview:-1"},"canonical":"https:\/\/airportsmokinglounge.com\/tr\/sigara-icilebilen-alanlar-transilvania-havaalani-targu-mures-tgm\/","og_locale":"tr_TR","og_type":"article","og_title":"Smoking areas at TRANSILVANIA AIRPORT T\u00e2rgu Mure\u0219 (TGM) - airportsmokinglounge.com","og_description":"Smoking areas TRANSILVANIA AIRPORT T\u00e2rgu Mure\u0219 - Find a smoking area in the airport \u2714\ufe0e Smoking Guide in Airports: Information for Travelers","og_url":"https:\/\/airportsmokinglounge.com\/tr\/sigara-icilebilen-alanlar-transilvania-havaalani-targu-mures-tgm\/","og_site_name":"airportsmokinglounge.com","og_image":[{"width":2560,"height":1152,"url":"https:\/\/airportsmokinglounge.com\/wp-content\/uploads\/2024\/01\/IMG_20240125_080131-scaled.jpg","type":"image\/jpeg"}],"twitter_card":"summary_large_image","twitter_misc":{"Tahmini okuma s\u00fcresi":"4 dakika"},"schema":{"@context":"https:\/\/schema.org","@graph":[{"@type":"WebPage","@id":"https:\/\/airportsmokinglounge.com\/smoking-areas-at-transilvania-airport-targu-mures-tgm\/","url":"https:\/\/airportsmokinglounge.com\/smoking-areas-at-transilvania-airport-targu-mures-tgm\/","name":"TRANSILVANIA HAVAL\u0130MANI T\u00e2rgu Mure\u0219 (TGM)&#039;de sigara i\u00e7ilebilen alanlar - Airport Smokinglounge.com","isPartOf":{"@id":"https:\/\/airportsmokinglounge.com\/#website"},"primaryImageOfPage":{"@id":"https:\/\/airportsmokinglounge.com\/smoking-areas-at-transilvania-airport-targu-mures-tgm\/#primaryimage"},"image":{"@id":"https:\/\/airportsmokinglounge.com\/smoking-areas-at-transilvania-airport-targu-mures-tgm\/#primaryimage"},"thumbnailUrl":"https:\/\/airportsmokinglounge.com\/wp-content\/uploads\/2024\/01\/IMG_20240125_080131-scaled.jpg","datePublished":"2024-01-28T18:04:10+00:00","description":"Sigara i\u00e7me alanlar\u0131 TRANSILVANIA HAVAL\u0130MANI T\u00e2rgu Mure\u0219 - Havaalan\u0131nda sigara i\u00e7me alan\u0131 bulun \u2714\ufe0e Havaalanlar\u0131nda Sigara \u0130\u00e7me Rehberi: Gezginler \u0130\u00e7in Bilgiler","breadcrumb":{"@id":"https:\/\/airportsmokinglounge.com\/smoking-areas-at-transilvania-airport-targu-mures-tgm\/#breadcrumb"},"inLanguage":"tr","potentialAction":[{"@type":"ReadAction","target":["https:\/\/airportsmokinglounge.com\/smoking-areas-at-transilvania-airport-targu-mures-tgm\/"]}]},{"@type":"ImageObject","inLanguage":"tr","@id":"https:\/\/airportsmokinglounge.com\/smoking-areas-at-transilvania-airport-targu-mures-tgm\/#primaryimage","url":"https:\/\/airportsmokinglounge.com\/wp-content\/uploads\/2024\/01\/IMG_20240125_080131-scaled.jpg","contentUrl":"https:\/\/airportsmokinglounge.com\/wp-content\/uploads\/2024\/01\/IMG_20240125_080131-scaled.jpg","width":2560,"height":1152,"caption":"TRANSILVANIA AIRPORT T\u00e2rgu Mure\u0219"},{"@type":"BreadcrumbList","@id":"https:\/\/airportsmokinglounge.com\/smoking-areas-at-transilvania-airport-targu-mures-tgm\/#breadcrumb","itemListElement":[{"@type":"ListItem","position":1,"name":"Home","item":"https:\/\/airportsmokinglounge.com\/"},{"@type":"ListItem","position":2,"name":"Smoking areas at TRANSILVANIA AIRPORT T\u00e2rgu Mure\u0219 (TGM)"}]},{"@type":"WebSite","@id":"https:\/\/airportsmokinglounge.com\/#website","url":"https:\/\/airportsmokinglounge.com\/","name":"havaalan\u0131sigara salonu.com","description":"","potentialAction":[{"@type":"SearchAction","target":{"@type":"EntryPoint","urlTemplate":"https:\/\/airportsmokinglounge.com\/?s={search_term_string}"},"query-input":{"@type":"PropertyValueSpecification","valueRequired":true,"valueName":"search_term_string"}}],"inLanguage":"tr"}]}},"_links":{"self":[{"href":"https:\/\/airportsmokinglounge.com\/tr\/wp-json\/wp\/v2\/pages\/7264","targetHints":{"allow":["GET"]}}],"collection":[{"href":"https:\/\/airportsmokinglounge.com\/tr\/wp-json\/wp\/v2\/pages"}],"about":[{"href":"https:\/\/airportsmokinglounge.com\/tr\/wp-json\/wp\/v2\/types\/page"}],"author":[{"embeddable":true,"href":"https:\/\/airportsmokinglounge.com\/tr\/wp-json\/wp\/v2\/users\/1"}],"replies":[{"embeddable":true,"href":"https:\/\/airportsmokinglounge.com\/tr\/wp-json\/wp\/v2\/comments?post=7264"}],"version-history":[{"count":1,"href":"https:\/\/airportsmokinglounge.com\/tr\/wp-json\/wp\/v2\/pages\/7264\/revisions"}],"predecessor-version":[{"id":7267,"href":"https:\/\/airportsmokinglounge.com\/tr\/wp-json\/wp\/v2\/pages\/7264\/revisions\/7267"}],"wp:featuredmedia":[{"embeddable":true,"href":"https:\/\/airportsmokinglounge.com\/tr\/wp-json\/wp\/v2\/media\/7265"}],"wp:attachment":[{"href":"https:\/\/airportsmokinglounge.com\/tr\/wp-json\/wp\/v2\/media?parent=7264"}],"curies":[{"name":"wp","href":"https:\/\/api.w.org\/{rel}","templated":true}]}}