{"id":76,"date":"2023-02-21T15:40:49","date_gmt":"2023-02-21T14:40:49","guid":{"rendered":"https:\/\/airportsmokinglounge.com\/?page_id=76"},"modified":"2023-05-10T11:28:34","modified_gmt":"2023-05-10T09:28:34","slug":"smoking-in-andorra-airport-la-seu-durgell-leu","status":"publish","type":"page","link":"https:\/\/airportsmokinglounge.com\/tr\/andorra-havaalaninda-la-seu-durgell-leuda-sigara-icmek\/","title":{"rendered":"Andorra Havaliman\u0131&#039;nda sigara i\u00e7mek \u2013 La Seu d&#039;Urgell (LEU)"},"content":{"rendered":"<h2><span style=\"color: #333333;\">Andorra Havaliman\u0131&#039;nda G\u00fcvenlik Kontrol\u00fc \u00f6ncesinde sigara i\u00e7ilen alanlar<\/span><\/h2>\n<ul>\n<li><span style=\"font-size: 14pt;\">Terminalin d\u0131\u015f\u0131nda yaln\u0131zca belirlenmi\u015f Sigara \u0130\u00e7me alanlar\u0131nda sigara i\u00e7ilebilir.<\/span><\/li>\n<li><span style=\"font-size: 14pt;\">Terminal binas\u0131nda sigara i\u00e7mek yasakt\u0131r.<\/span><\/li>\n<\/ul>\n<h2>G\u00fcvenlik Kontrol\u00fcnden Sonra Sigara \u0130\u00e7ilen Alanlar<\/h2>\n<ul>\n<li><span style=\"font-size: 14pt;\">G\u00fcvenlik Kontrol\u00fc sonras\u0131nda Terminal i\u00e7erisinde sigara i\u00e7me olana\u011f\u0131 bulunmamaktad\u0131r.<\/span><\/li>\n<li><span style=\"font-size: 14pt;\">Aktarmal\u0131 u\u00e7u\u015f yapan yolcular\u0131n \u00f6nce g\u00f6\u00e7 etmeleri gerekiyor, daha sonra terminalin d\u0131\u015f\u0131nda sigara i\u00e7ebiliyorlar. Belirlenmi\u015f sigara i\u00e7me alanlar\u0131 bulunmaktad\u0131r. Daha sonra aktarmal\u0131 u\u00e7u\u015funuz i\u00e7in g\u00fcvenlikten tekrar ge\u00e7in.<\/span><\/li>\n<\/ul>\n<p><span style=\"font-size: 14pt;\">Resmi Web Sitesinde Daha Fazla Bilgi<\/span><\/p>\n<ul>\n<li><a href=\"https:\/\/www.aeroportandorralaseu.cat\/\" target=\"_blank\" rel=\"noopener\"><span style=\"font-size: 14pt;\">aeroportandorralaseu.cat<\/span><\/a><\/li>\n<\/ul>\n<p><strong><span style=\"font-size: 14pt;\">Bize geri bildirim g\u00f6nderin<\/span><\/strong><\/p>\n<p><span style=\"font-size: 14pt;\">Andorra Havaalan\u0131ndaysan\u0131z, bize sigara i\u00e7ilen alanlar\u0131n foto\u011fraflar\u0131n\u0131 g\u00f6nderebilirsiniz. Bu, veritaban\u0131m\u0131z\u0131 daha h\u0131zl\u0131 doldurmam\u0131za yard\u0131mc\u0131 olacakt\u0131r. Bunu yapabilirsiniz <strong><a href=\"https:\/\/airportsmokinglounge.com\/tr\/temas-etmek\/\">Burada<\/a>.<\/strong> G\u00f6rseller, g\u00f6rsel kayna\u011f\u0131 (isim) belirtilerek sitemizde yay\u0131nlanmaktad\u0131r. Bu resimleri bizimle ve t\u00fcm Airport Smokinglounge.com ziyaret\u00e7ileriyle payla\u015fmaktan \u00e7ekinmeyin.<\/span>.<\/p>\n<h2>Andorras Sigara Yasas\u0131<\/h2>\n<p><span style=\"font-size: 14pt;\">Barlar, restoranlar ve i\u015fyerleri dahil t\u00fcm kapal\u0131 kamusal alanlarda sigara i\u00e7mek yasakt\u0131r. Bu yasak ayn\u0131 zamanda oyun alanlar\u0131 ve spor tesisleri gibi insanlar\u0131n bir araya gelme olas\u0131l\u0131\u011f\u0131 bulunan a\u00e7\u0131k hava alanlar\u0131n\u0131 da kaps\u0131yor.<\/span><\/p>\n<p><span style=\"font-size: 14pt;\">Kamuya a\u00e7\u0131k alanlarda sigara i\u00e7me yasa\u011f\u0131n\u0131n yan\u0131 s\u0131ra t\u00fct\u00fcn \u00fcr\u00fcnlerinin reklam ve tan\u0131t\u0131m\u0131na da k\u0131s\u0131tlamalar getiriliyor. 18 ya\u015f\u0131n alt\u0131ndaki ki\u015filere t\u00fct\u00fcn \u00fcr\u00fcnleri satmak yasa d\u0131\u015f\u0131d\u0131r ve ayr\u0131ca 18 ya\u015f\u0131n alt\u0131ndaki bir yolcunun \u00f6zel ara\u00e7larda sigara i\u00e7mesi de yasakt\u0131r.<\/span><\/p>\n<p><span style=\"font-size: 14pt;\">Andorra&#039;da bu sigara i\u00e7me yasalar\u0131n\u0131 ihlal etmenin cezalar\u0131 olduk\u00e7a a\u011f\u0131rd\u0131r. Halka a\u00e7\u0131k yerlerde sigara i\u00e7erken yakalanan ki\u015filer 600 avroya kadar, sigara i\u00e7ilmesine izin veren i\u015fletmeler ise 12 bin avroya kadar para cezas\u0131yla kar\u015f\u0131 kar\u015f\u0131ya kalacak. Tekrarlayan su\u00e7lular daha y\u00fcksek para cezalar\u0131 ve hatta muhtemelen hapis cezas\u0131yla kar\u015f\u0131 kar\u015f\u0131ya kalabilir.<\/span><\/p>\n<p><span style=\"font-size: 14pt;\">Genel olarak, Andorra&#039;daki sigara i\u00e7me yasalar\u0131 olduk\u00e7a kat\u0131d\u0131r ve titizlikle uygulanmaktad\u0131r.<\/span><\/p>\n<p>&nbsp;<\/p>\n<h3>S\u0131k\u00e7a Sorulan Sorular<\/h3>\n<h4><span style=\"font-size: 14pt;\">Havaliman\u0131 sigara i\u00e7me alanlar\u0131 7\/24 a\u00e7\u0131k m\u0131?<\/span><\/h4>\n<p><span style=\"font-size: 14pt;\">Havaliman\u0131 sigara i\u00e7me alanlar\u0131n\u0131n mevcudiyeti, havaliman\u0131na ve konuma g\u00f6re de\u011fi\u015fiklik g\u00f6sterebilir. Baz\u0131 sigara i\u00e7me alanlar\u0131 24 saat a\u00e7\u0131kken, baz\u0131lar\u0131nda k\u0131s\u0131tl\u0131 saatler olabilir veya belirli saatlerde kapal\u0131 olabilir. Sigara i\u00e7me alan\u0131n\u0131n \u00e7al\u0131\u015fma saatleri hakk\u0131nda \u00f6zel bilgi i\u00e7in havaalan\u0131na dan\u0131\u015fmak veya web sitelerini ziyaret etmek en iyisidir.<\/span><\/p>\n<h4><span style=\"font-size: 14pt;\">Sigara i\u00e7me alan\u0131na kendi yiyecek ve i\u00e7eceklerimi getirmeme izin verilir mi?<\/span><\/h4>\n<p><span style=\"font-size: 14pt;\">Bu, belirli sigara i\u00e7me alan\u0131na ve havaalan\u0131na ba\u011fl\u0131 olabilir. Baz\u0131 sigara i\u00e7me alanlar\u0131 d\u0131\u015far\u0131dan yiyecek ve i\u00e7eceklere izin verirken, baz\u0131lar\u0131nda k\u0131s\u0131tlamalar olabilir veya tamamen yasak olabilir. Belirli kurallar ve y\u00f6netmelikler i\u00e7in havaalan\u0131na veya sigara i\u00e7ilen alan tabelas\u0131na bakmak en iyisidir.<\/span><\/p>\n<h4><span style=\"font-size: 14pt;\">Havaliman\u0131ndaki t\u00fcm sigara i\u00e7ilen alanlarda sigara i\u00e7ilebilir mi?<\/span><\/h4>\n<p><span style=\"font-size: 14pt;\">Havaalan\u0131 sigara i\u00e7ilen alanlar\u0131n t\u00fcm\u00fc sigara i\u00e7ilmesine izin vermeyebilir. Baz\u0131 havalimanlar\u0131nda, geleneksel sigara i\u00e7me alanlar\u0131ndan ayr\u0131 elektronik sigara veya elektronik sigara i\u00e7in belirlenmi\u015f alanlar olabilir. Kullanmay\u0131 planlad\u0131\u011f\u0131n\u0131z sigara i\u00e7me alan\u0131 i\u00e7in \u00f6zel kural ve d\u00fczenlemeleri kontrol etti\u011finizden emin olun.<\/span><\/p>\n<h4><span style=\"font-size: 14pt;\">Sigara i\u00e7ilen alanlar klimal\u0131 m\u0131 yoksa \u0131s\u0131tmal\u0131 m\u0131?<\/span><\/h4>\n<p><span style=\"font-size: 14pt;\">Havaalan\u0131 sigara i\u00e7me alanlar\u0131n\u0131n s\u0131cakl\u0131\u011f\u0131 ve havaland\u0131rmas\u0131 b\u00fcy\u00fck \u00f6l\u00e7\u00fcde de\u011fi\u015febilir. Baz\u0131lar\u0131 klimal\u0131 veya \u0131s\u0131tmal\u0131 olabilirken, di\u011ferleri d\u0131\u015f etkenlerden s\u0131n\u0131rl\u0131 korumaya sahip a\u00e7\u0131k hava alanlar\u0131 olabilir. Ko\u015fullar\u0131 belirlemek ve buna g\u00f6re haz\u0131rlanmak i\u00e7in \u00f6nceden havaalan\u0131na dan\u0131\u015ft\u0131\u011f\u0131n\u0131zdan veya sigara i\u00e7me alan\u0131n\u0131 ziyaret etti\u011finizden emin olun.<\/span><\/p>\n<h4><span style=\"font-size: 14pt;\">Sigara i\u00e7ilen alanlar engelli yolcular i\u00e7in eri\u015filebilir mi?<\/span><\/h4>\n<p><span style=\"font-size: 14pt;\">Bir\u00e7ok havaalan\u0131, sigara i\u00e7me alanlar\u0131n\u0131 engelli yolcular\u0131n eri\u015fimine uygun hale getirmek i\u00e7in \u00e7aba sarf etmi\u015ftir. Ancak, belirli sigara i\u00e7me alanlar\u0131n\u0131n eri\u015filebilirli\u011fi b\u00fcy\u00fck \u00f6l\u00e7\u00fcde de\u011fi\u015febilir. Eri\u015filebilir olup olmad\u0131\u011f\u0131n\u0131 ve ihtiya\u00e7lar\u0131n\u0131z\u0131 kar\u015f\u0131lay\u0131p kar\u015f\u0131lamad\u0131\u011f\u0131n\u0131 belirlemek i\u00e7in havaalan\u0131na dan\u0131\u015ft\u0131\u011f\u0131n\u0131zdan veya sigara i\u00e7me alan\u0131n\u0131 \u00f6nceden ziyaret etti\u011finizden emin olun.<\/span><\/p>\n<p><span style=\"font-size: 14pt;\"><strong>Sigara i\u00e7ilen alanlar:<\/strong><\/span><\/p>\n<ul>\n<li><a href=\"https:\/\/airportsmokinglounge.com\/tr\/avrupa-havalimanlarindaki-sigara-icme-alanlari\/\">Avrupa havaalanlar\u0131<\/a><\/li>\n<\/ul>","protected":false},"excerpt":{"rendered":"<p>Andorra Havaalan\u0131&#039;nda G\u00fcvenlik Kontrol\u00fcnden \u00d6nce Sigara \u0130\u00e7me Alanlar\u0131 Sigara i\u00e7mek sadece terminalin d\u0131\u015f\u0131nda belirlenmi\u015f Sigara \u0130\u00e7me alanlar\u0131nda serbesttir. Terminal binas\u0131nda sigara i\u00e7mek yasakt\u0131r. G\u00fcvenlik Kontrol\u00fcnden Sonra Sigara \u0130\u00e7me Alanlar\u0131 G\u00fcvenlik Kontrol\u00fcnden sonra Terminalin i\u00e7inde sigara i\u00e7me olana\u011f\u0131 yoktur. Ba\u011flant\u0131l\u0131 u\u00e7u\u015flar\u0131 olan yolcular \u00f6nce g\u00f6\u00e7menlik i\u015flemlerini yapt\u0131rmal\u0131 ve ard\u0131ndan sigara i\u00e7ebilirler\u2026&nbsp;<a href=\"https:\/\/airportsmokinglounge.com\/tr\/andorra-havaalaninda-la-seu-durgell-leuda-sigara-icmek\/\" rel=\"bookmark\">Devam\u0131n\u0131 oku &quot;<span class=\"screen-reader-text\">Andorra Havaliman\u0131&#039;nda sigara i\u00e7mek \u2013 La Seu d&#039;Urgell (LEU)<\/span><\/a><\/p>","protected":false},"author":1,"featured_media":1199,"parent":0,"menu_order":0,"comment_status":"closed","ping_status":"closed","template":"","meta":{"neve_meta_sidebar":"","neve_meta_container":"","neve_meta_enable_content_width":"off","neve_meta_content_width":100,"neve_meta_title_alignment":"","neve_meta_author_avatar":"","neve_post_elements_order":"","neve_meta_disable_header":"","neve_meta_disable_footer":"","neve_meta_disable_title":"","neve_meta_reading_time":"","footnotes":""},"class_list":["post-76","page","type-page","status-publish","has-post-thumbnail","hentry"],"yoast_head":"<!-- This site is optimized with the Yoast SEO plugin v26.6 - https:\/\/yoast.com\/wordpress\/plugins\/seo\/ -->\n<title>Smoking in Andorra Airport - La Seu d\u2019Urgell (LEU)<\/title>\n<meta name=\"description\" content=\"Smoking in Andorra Airport - Find a smoking area in the airport from Andorra \u2714\ufe0e Smoking Guide in Airports: Information for Travelers \u2714\ufe0e\" \/>\n<meta name=\"robots\" content=\"index, follow, max-snippet:-1, max-image-preview:large, max-video-preview:-1\" \/>\n<link rel=\"canonical\" href=\"https:\/\/airportsmokinglounge.com\/tr\/andorra-havaalaninda-la-seu-durgell-leuda-sigara-icmek\/\" \/>\n<meta property=\"og:locale\" content=\"tr_TR\" \/>\n<meta property=\"og:type\" content=\"article\" \/>\n<meta property=\"og:title\" content=\"Smoking in Andorra Airport - La Seu d\u2019Urgell (LEU)\" \/>\n<meta property=\"og:description\" content=\"Smoking in Andorra Airport - Find a smoking area in the airport from Andorra \u2714\ufe0e Smoking Guide in Airports: Information for Travelers \u2714\ufe0e\" \/>\n<meta property=\"og:url\" content=\"https:\/\/airportsmokinglounge.com\/tr\/andorra-havaalaninda-la-seu-durgell-leuda-sigara-icmek\/\" \/>\n<meta property=\"og:site_name\" content=\"airportsmokinglounge.com\" \/>\n<meta property=\"article:modified_time\" content=\"2023-05-10T09:28:34+00:00\" \/>\n<meta property=\"og:image\" content=\"https:\/\/airportsmokinglounge.com\/wp-content\/uploads\/2023\/03\/airport-smoking-lounge-4.jpg\" \/>\n\t<meta property=\"og:image:width\" content=\"2048\" \/>\n\t<meta property=\"og:image:height\" content=\"1152\" \/>\n\t<meta property=\"og:image:type\" content=\"image\/jpeg\" \/>\n<meta name=\"twitter:card\" content=\"summary_large_image\" \/>\n<meta name=\"twitter:label1\" content=\"Tahmini okuma s\u00fcresi\" \/>\n\t<meta name=\"twitter:data1\" content=\"3 dakika\" \/>\n<script type=\"application\/ld+json\" class=\"yoast-schema-graph\">{\"@context\":\"https:\/\/schema.org\",\"@graph\":[{\"@type\":\"WebPage\",\"@id\":\"https:\/\/airportsmokinglounge.com\/smoking-in-andorra-airport-la-seu-durgell-leu\/\",\"url\":\"https:\/\/airportsmokinglounge.com\/smoking-in-andorra-airport-la-seu-durgell-leu\/\",\"name\":\"Smoking in Andorra Airport - La Seu d\u2019Urgell (LEU)\",\"isPartOf\":{\"@id\":\"https:\/\/airportsmokinglounge.com\/#website\"},\"primaryImageOfPage\":{\"@id\":\"https:\/\/airportsmokinglounge.com\/smoking-in-andorra-airport-la-seu-durgell-leu\/#primaryimage\"},\"image\":{\"@id\":\"https:\/\/airportsmokinglounge.com\/smoking-in-andorra-airport-la-seu-durgell-leu\/#primaryimage\"},\"thumbnailUrl\":\"https:\/\/airportsmokinglounge.com\/wp-content\/uploads\/2023\/03\/airport-smoking-lounge-4.jpg\",\"datePublished\":\"2023-02-21T14:40:49+00:00\",\"dateModified\":\"2023-05-10T09:28:34+00:00\",\"description\":\"Smoking in Andorra Airport - Find a smoking area in the airport from Andorra \u2714\ufe0e Smoking Guide in Airports: Information for Travelers \u2714\ufe0e\",\"breadcrumb\":{\"@id\":\"https:\/\/airportsmokinglounge.com\/smoking-in-andorra-airport-la-seu-durgell-leu\/#breadcrumb\"},\"inLanguage\":\"tr\",\"potentialAction\":[{\"@type\":\"ReadAction\",\"target\":[\"https:\/\/airportsmokinglounge.com\/smoking-in-andorra-airport-la-seu-durgell-leu\/\"]}]},{\"@type\":\"ImageObject\",\"inLanguage\":\"tr\",\"@id\":\"https:\/\/airportsmokinglounge.com\/smoking-in-andorra-airport-la-seu-durgell-leu\/#primaryimage\",\"url\":\"https:\/\/airportsmokinglounge.com\/wp-content\/uploads\/2023\/03\/airport-smoking-lounge-4.jpg\",\"contentUrl\":\"https:\/\/airportsmokinglounge.com\/wp-content\/uploads\/2023\/03\/airport-smoking-lounge-4.jpg\",\"width\":2048,\"height\":1152,\"caption\":\"Airport Smoking\"},{\"@type\":\"BreadcrumbList\",\"@id\":\"https:\/\/airportsmokinglounge.com\/smoking-in-andorra-airport-la-seu-durgell-leu\/#breadcrumb\",\"itemListElement\":[{\"@type\":\"ListItem\",\"position\":1,\"name\":\"Home\",\"item\":\"https:\/\/airportsmokinglounge.com\/\"},{\"@type\":\"ListItem\",\"position\":2,\"name\":\"Smoking in Andorra Airport &#8211; La Seu d\u2019Urgell (LEU)\"}]},{\"@type\":\"WebSite\",\"@id\":\"https:\/\/airportsmokinglounge.com\/#website\",\"url\":\"https:\/\/airportsmokinglounge.com\/\",\"name\":\"airportsmokinglounge.com\",\"description\":\"\",\"potentialAction\":[{\"@type\":\"SearchAction\",\"target\":{\"@type\":\"EntryPoint\",\"urlTemplate\":\"https:\/\/airportsmokinglounge.com\/?s={search_term_string}\"},\"query-input\":{\"@type\":\"PropertyValueSpecification\",\"valueRequired\":true,\"valueName\":\"search_term_string\"}}],\"inLanguage\":\"tr\"}]}<\/script>\n<!-- \/ Yoast SEO plugin. -->","yoast_head_json":{"title":"Andorra Havaliman\u0131&#039;nda sigara i\u00e7mek - La Seu d&#039;Urgell (LEU)","description":"Andorra Havaalan\u0131nda Sigara \u0130\u00e7me - Andorra&#039;dan havaalan\u0131nda sigara i\u00e7ilebilen bir alan bulun \u2714\ufe0e Havalimanlar\u0131nda Sigara \u0130\u00e7me Rehberi: Gezginler i\u00e7in Bilgiler \u2714\ufe0e","robots":{"index":"index","follow":"follow","max-snippet":"max-snippet:-1","max-image-preview":"max-image-preview:large","max-video-preview":"max-video-preview:-1"},"canonical":"https:\/\/airportsmokinglounge.com\/tr\/andorra-havaalaninda-la-seu-durgell-leuda-sigara-icmek\/","og_locale":"tr_TR","og_type":"article","og_title":"Smoking in Andorra Airport - La Seu d\u2019Urgell (LEU)","og_description":"Smoking in Andorra Airport - Find a smoking area in the airport from Andorra \u2714\ufe0e Smoking Guide in Airports: Information for Travelers \u2714\ufe0e","og_url":"https:\/\/airportsmokinglounge.com\/tr\/andorra-havaalaninda-la-seu-durgell-leuda-sigara-icmek\/","og_site_name":"airportsmokinglounge.com","article_modified_time":"2023-05-10T09:28:34+00:00","og_image":[{"width":2048,"height":1152,"url":"https:\/\/airportsmokinglounge.com\/wp-content\/uploads\/2023\/03\/airport-smoking-lounge-4.jpg","type":"image\/jpeg"}],"twitter_card":"summary_large_image","twitter_misc":{"Tahmini okuma s\u00fcresi":"3 dakika"},"schema":{"@context":"https:\/\/schema.org","@graph":[{"@type":"WebPage","@id":"https:\/\/airportsmokinglounge.com\/smoking-in-andorra-airport-la-seu-durgell-leu\/","url":"https:\/\/airportsmokinglounge.com\/smoking-in-andorra-airport-la-seu-durgell-leu\/","name":"Andorra Havaliman\u0131&#039;nda sigara i\u00e7mek - La Seu d&#039;Urgell (LEU)","isPartOf":{"@id":"https:\/\/airportsmokinglounge.com\/#website"},"primaryImageOfPage":{"@id":"https:\/\/airportsmokinglounge.com\/smoking-in-andorra-airport-la-seu-durgell-leu\/#primaryimage"},"image":{"@id":"https:\/\/airportsmokinglounge.com\/smoking-in-andorra-airport-la-seu-durgell-leu\/#primaryimage"},"thumbnailUrl":"https:\/\/airportsmokinglounge.com\/wp-content\/uploads\/2023\/03\/airport-smoking-lounge-4.jpg","datePublished":"2023-02-21T14:40:49+00:00","dateModified":"2023-05-10T09:28:34+00:00","description":"Andorra Havaalan\u0131nda Sigara \u0130\u00e7me - Andorra&#039;dan havaalan\u0131nda sigara i\u00e7ilebilen bir alan bulun \u2714\ufe0e Havalimanlar\u0131nda Sigara \u0130\u00e7me Rehberi: Gezginler i\u00e7in Bilgiler \u2714\ufe0e","breadcrumb":{"@id":"https:\/\/airportsmokinglounge.com\/smoking-in-andorra-airport-la-seu-durgell-leu\/#breadcrumb"},"inLanguage":"tr","potentialAction":[{"@type":"ReadAction","target":["https:\/\/airportsmokinglounge.com\/smoking-in-andorra-airport-la-seu-durgell-leu\/"]}]},{"@type":"ImageObject","inLanguage":"tr","@id":"https:\/\/airportsmokinglounge.com\/smoking-in-andorra-airport-la-seu-durgell-leu\/#primaryimage","url":"https:\/\/airportsmokinglounge.com\/wp-content\/uploads\/2023\/03\/airport-smoking-lounge-4.jpg","contentUrl":"https:\/\/airportsmokinglounge.com\/wp-content\/uploads\/2023\/03\/airport-smoking-lounge-4.jpg","width":2048,"height":1152,"caption":"Airport Smoking"},{"@type":"BreadcrumbList","@id":"https:\/\/airportsmokinglounge.com\/smoking-in-andorra-airport-la-seu-durgell-leu\/#breadcrumb","itemListElement":[{"@type":"ListItem","position":1,"name":"Home","item":"https:\/\/airportsmokinglounge.com\/"},{"@type":"ListItem","position":2,"name":"Smoking in Andorra Airport &#8211; La Seu d\u2019Urgell (LEU)"}]},{"@type":"WebSite","@id":"https:\/\/airportsmokinglounge.com\/#website","url":"https:\/\/airportsmokinglounge.com\/","name":"havaalan\u0131sigara salonu.com","description":"","potentialAction":[{"@type":"SearchAction","target":{"@type":"EntryPoint","urlTemplate":"https:\/\/airportsmokinglounge.com\/?s={search_term_string}"},"query-input":{"@type":"PropertyValueSpecification","valueRequired":true,"valueName":"search_term_string"}}],"inLanguage":"tr"}]}},"_links":{"self":[{"href":"https:\/\/airportsmokinglounge.com\/tr\/wp-json\/wp\/v2\/pages\/76","targetHints":{"allow":["GET"]}}],"collection":[{"href":"https:\/\/airportsmokinglounge.com\/tr\/wp-json\/wp\/v2\/pages"}],"about":[{"href":"https:\/\/airportsmokinglounge.com\/tr\/wp-json\/wp\/v2\/types\/page"}],"author":[{"embeddable":true,"href":"https:\/\/airportsmokinglounge.com\/tr\/wp-json\/wp\/v2\/users\/1"}],"replies":[{"embeddable":true,"href":"https:\/\/airportsmokinglounge.com\/tr\/wp-json\/wp\/v2\/comments?post=76"}],"version-history":[{"count":10,"href":"https:\/\/airportsmokinglounge.com\/tr\/wp-json\/wp\/v2\/pages\/76\/revisions"}],"predecessor-version":[{"id":4736,"href":"https:\/\/airportsmokinglounge.com\/tr\/wp-json\/wp\/v2\/pages\/76\/revisions\/4736"}],"wp:featuredmedia":[{"embeddable":true,"href":"https:\/\/airportsmokinglounge.com\/tr\/wp-json\/wp\/v2\/media\/1199"}],"wp:attachment":[{"href":"https:\/\/airportsmokinglounge.com\/tr\/wp-json\/wp\/v2\/media?parent=76"}],"curies":[{"name":"wp","href":"https:\/\/api.w.org\/{rel}","templated":true}]}}