{"id":80,"date":"2023-02-21T16:00:51","date_gmt":"2023-02-21T15:00:51","guid":{"rendered":"https:\/\/airportsmokinglounge.com\/?page_id=80"},"modified":"2023-05-25T11:33:06","modified_gmt":"2023-05-25T09:33:06","slug":"smoking-in-austrian-airports","status":"publish","type":"page","link":"https:\/\/airportsmokinglounge.com\/tr\/avusturya-havalimanlarinda-sigara-icmek\/","title":{"rendered":"Avusturya Havalimanlar\u0131nda Sigara \u0130\u00e7mek"},"content":{"rendered":"<h2>Avusturya Havalimanlar\u0131<\/h2>\n<ul style=\"list-style-type: circle;\">\n<li><a href=\"https:\/\/airportsmokinglounge.com\/tr\/smoking-areas-at-vienna-airport\/\">V\u0130YANA ULUSLARARASI HAVAL\u0130MANI (VIE)<\/a><\/li>\n<li><a href=\"https:\/\/airportsmokinglounge.com\/tr\/smoking-areas-at-salzburg-airport\/\">SALZBURG HAVAL\u0130MANI (SZG)<\/a><\/li>\n<li><a href=\"https:\/\/airportsmokinglounge.com\/tr\/grz-havalimani-grzde-sigara-icme-alanlari\/\">GRAZ HAVAL\u0130MANI (GRZ)<\/a><\/li>\n<li><a href=\"https:\/\/airportsmokinglounge.com\/tr\/smoking-areas-at-innsbruck-airport\/\">INNSBRUCK HAVAL\u0130MANI (INN)<\/a><\/li>\n<li><a href=\"https:\/\/airportsmokinglounge.com\/tr\/linz-havaalaninda-sigara-icilen-alanlar-lnz\/\">LINZ H\u00d6RSCHING HAVAL\u0130MANI (LNZ)<\/a><\/li>\n<li><a href=\"https:\/\/airportsmokinglounge.com\/tr\/klagenfurt-havaalanindaki-sigara-icme-alanlari-klu\/\">KLAGENFURT HAVAL\u0130MANI (KLU)<\/a><\/li>\n<\/ul>\n<h2>Avusturya Sigara Yasas\u0131<\/h2>\n<p>Avusturya&#039;daki sigara i\u00e7me yasalar\u0131, barlar, restoranlar ve i\u015fyerleri dahil t\u00fcm kapal\u0131 kamusal alanlarda sigara i\u00e7ilmesini yasaklamaktad\u0131r. Bu yasak ayn\u0131 zamanda oyun alanlar\u0131 ve spor tesisleri gibi insanlar\u0131n bir araya gelme olas\u0131l\u0131\u011f\u0131 bulunan a\u00e7\u0131k hava alanlar\u0131n\u0131 da kaps\u0131yor. Ancak bu yasa\u011f\u0131n baz\u0131 istisnalar\u0131 da bulunmaktad\u0131r.<\/p>\n<p>\u00d6rne\u011fin, belirli havaland\u0131rma standartlar\u0131n\u0131 kar\u015f\u0131layan \u00f6zel sigara i\u00e7me odalar\u0131nda sigara i\u00e7ilmesine izin verilmektedir ve baz\u0131 bar ve restoranlarda a\u00e7\u0131k havada sigara i\u00e7me alanlar\u0131 belirlenmi\u015ftir.<\/p>\n<p>Kamuya a\u00e7\u0131k alanlarda sigara i\u00e7me yasa\u011f\u0131n\u0131n yan\u0131 s\u0131ra t\u00fct\u00fcn \u00fcr\u00fcnlerinin reklam ve tan\u0131t\u0131m\u0131na da k\u0131s\u0131tlamalar getiriliyor. Halka a\u00e7\u0131k yerlerde sigara i\u00e7erken yakalanan ki\u015filer 1.000 avroya kadar para cezas\u0131yla kar\u015f\u0131 kar\u015f\u0131ya kalabilirken, sigara i\u00e7ilmesine izin veren i\u015fletmelere 10.000 avroya kadar para cezas\u0131 verilebilecek.<\/p>\n<p>Genel olarak, Avusturya&#039;da sigara i\u00e7me yasalar\u0131 olduk\u00e7a kat\u0131d\u0131r ve titizlikle uygulanmaktad\u0131r.<\/p>\n<p><strong>Daha fazla Havaalan\u0131 Sigara i\u00e7ilen alan\u00a0<\/strong><\/p>\n<ul>\n<li><a href=\"https:\/\/airportsmokinglounge.com\/tr\/kuzey-amerikanin-havaalanlarinda-sigara-icmek\/\">Kuzey Amerika<\/a><\/li>\n<li><a href=\"https:\/\/airportsmokinglounge.com\/tr\/guney-amerika-havaalanlarinda-sigara-icilmesi\/\">G\u00fcney Amerika<\/a><\/li>\n<li><a href=\"https:\/\/airportsmokinglounge.com\/tr\/avrupa-havalimanlarindaki-sigara-icme-alanlari\/\">Avrupa<\/a><\/li>\n<li><a href=\"https:\/\/airportsmokinglounge.com\/tr\/asyadaki-havaalanlarinda-sigara-icmek\/\">Asya<\/a><\/li>\n<li><a href=\"https:\/\/airportsmokinglounge.com\/tr\/okyanusya-havalimanlarinda-sigara-icmek\/\">Okyanusya<\/a><\/li>\n<li><a href=\"https:\/\/airportsmokinglounge.com\/tr\/afrikada-havaalanlarinda-sigara-icmek\/\">Afrika<\/a><\/li>\n<\/ul>","protected":false},"excerpt":{"rendered":"<p>Avusturya Havaalanlar\u0131 V\u0130YANA ULUSLARARASI HAVAL\u0130MANI (VIE) SALZBURG HAVAL\u0130MANI (SZG) GRAZ HAVAL\u0130MANI (GRZ) INNSBRUCK HAVAL\u0130MANI (INN) LINZ H\u00d6RSCHING HAVAL\u0130MANI (LNZ) KLAGENFURT HAVAL\u0130MANI (KLU) Avusturya Sigara Yasas\u0131 Avusturya&#039;daki sigara i\u00e7me yasalar\u0131, t\u00fcm kapal\u0131 kamusal alanlarda sigara i\u00e7ilmesini yasaklamaktad\u0131r. barlar, restoranlar ve i\u015fyerleri dahil. Bu yasak ayn\u0131 zamanda insanlar\u0131n bir araya gelme ihtimalinin oldu\u011fu a\u00e7\u0131k alanlar\u0131 da kaps\u0131yor\u2026&nbsp;<a href=\"https:\/\/airportsmokinglounge.com\/tr\/avusturya-havalimanlarinda-sigara-icmek\/\" rel=\"bookmark\">Devam\u0131n\u0131 oku &quot;<span class=\"screen-reader-text\">Avusturya Havalimanlar\u0131nda Sigara \u0130\u00e7mek<\/span><\/a><\/p>","protected":false},"author":1,"featured_media":1199,"parent":0,"menu_order":0,"comment_status":"closed","ping_status":"closed","template":"","meta":{"neve_meta_sidebar":"","neve_meta_container":"","neve_meta_enable_content_width":"off","neve_meta_content_width":100,"neve_meta_title_alignment":"","neve_meta_author_avatar":"","neve_post_elements_order":"","neve_meta_disable_header":"","neve_meta_disable_footer":"","neve_meta_disable_title":"","neve_meta_reading_time":"","footnotes":""},"class_list":["post-80","page","type-page","status-publish","has-post-thumbnail","hentry"],"yoast_head":"<!-- This site is optimized with the Yoast SEO plugin v26.6 - https:\/\/yoast.com\/wordpress\/plugins\/seo\/ -->\n<title>Smoking in Austrian Airports - airportsmokinglounge.com<\/title>\n<meta name=\"description\" content=\"Smoking Areas in Austria Airports - Your Ultimate Guide to Finding a Place to Smoke \u2714\ufe0e Find Your Next Smoke Break Spot \u2714\ufe0e\" \/>\n<meta name=\"robots\" content=\"index, follow, max-snippet:-1, max-image-preview:large, max-video-preview:-1\" \/>\n<link rel=\"canonical\" href=\"https:\/\/airportsmokinglounge.com\/tr\/avusturya-havalimanlarinda-sigara-icmek\/\" \/>\n<meta property=\"og:locale\" content=\"tr_TR\" \/>\n<meta property=\"og:type\" content=\"article\" \/>\n<meta property=\"og:title\" content=\"Smoking in Austrian Airports - airportsmokinglounge.com\" \/>\n<meta property=\"og:description\" content=\"Smoking Areas in Austria Airports - Your Ultimate Guide to Finding a Place to Smoke \u2714\ufe0e Find Your Next Smoke Break Spot \u2714\ufe0e\" \/>\n<meta property=\"og:url\" content=\"https:\/\/airportsmokinglounge.com\/tr\/avusturya-havalimanlarinda-sigara-icmek\/\" \/>\n<meta property=\"og:site_name\" content=\"airportsmokinglounge.com\" \/>\n<meta property=\"article:modified_time\" content=\"2023-05-25T09:33:06+00:00\" \/>\n<meta property=\"og:image\" content=\"https:\/\/airportsmokinglounge.com\/wp-content\/uploads\/2023\/03\/airport-smoking-lounge-4.jpg\" \/>\n\t<meta property=\"og:image:width\" content=\"2048\" \/>\n\t<meta property=\"og:image:height\" content=\"1152\" \/>\n\t<meta property=\"og:image:type\" content=\"image\/jpeg\" \/>\n<meta name=\"twitter:card\" content=\"summary_large_image\" \/>\n<meta name=\"twitter:label1\" content=\"Tahmini okuma s\u00fcresi\" \/>\n\t<meta name=\"twitter:data1\" content=\"1 dakika\" \/>\n<script type=\"application\/ld+json\" class=\"yoast-schema-graph\">{\"@context\":\"https:\/\/schema.org\",\"@graph\":[{\"@type\":\"WebPage\",\"@id\":\"https:\/\/airportsmokinglounge.com\/smoking-in-austrian-airports\/\",\"url\":\"https:\/\/airportsmokinglounge.com\/smoking-in-austrian-airports\/\",\"name\":\"Smoking in Austrian Airports - airportsmokinglounge.com\",\"isPartOf\":{\"@id\":\"https:\/\/airportsmokinglounge.com\/#website\"},\"primaryImageOfPage\":{\"@id\":\"https:\/\/airportsmokinglounge.com\/smoking-in-austrian-airports\/#primaryimage\"},\"image\":{\"@id\":\"https:\/\/airportsmokinglounge.com\/smoking-in-austrian-airports\/#primaryimage\"},\"thumbnailUrl\":\"https:\/\/airportsmokinglounge.com\/wp-content\/uploads\/2023\/03\/airport-smoking-lounge-4.jpg\",\"datePublished\":\"2023-02-21T15:00:51+00:00\",\"dateModified\":\"2023-05-25T09:33:06+00:00\",\"description\":\"Smoking Areas in Austria Airports - Your Ultimate Guide to Finding a Place to Smoke \u2714\ufe0e Find Your Next Smoke Break Spot \u2714\ufe0e\",\"breadcrumb\":{\"@id\":\"https:\/\/airportsmokinglounge.com\/smoking-in-austrian-airports\/#breadcrumb\"},\"inLanguage\":\"tr\",\"potentialAction\":[{\"@type\":\"ReadAction\",\"target\":[\"https:\/\/airportsmokinglounge.com\/smoking-in-austrian-airports\/\"]}]},{\"@type\":\"ImageObject\",\"inLanguage\":\"tr\",\"@id\":\"https:\/\/airportsmokinglounge.com\/smoking-in-austrian-airports\/#primaryimage\",\"url\":\"https:\/\/airportsmokinglounge.com\/wp-content\/uploads\/2023\/03\/airport-smoking-lounge-4.jpg\",\"contentUrl\":\"https:\/\/airportsmokinglounge.com\/wp-content\/uploads\/2023\/03\/airport-smoking-lounge-4.jpg\",\"width\":2048,\"height\":1152,\"caption\":\"Airport Smoking\"},{\"@type\":\"BreadcrumbList\",\"@id\":\"https:\/\/airportsmokinglounge.com\/smoking-in-austrian-airports\/#breadcrumb\",\"itemListElement\":[{\"@type\":\"ListItem\",\"position\":1,\"name\":\"Home\",\"item\":\"https:\/\/airportsmokinglounge.com\/\"},{\"@type\":\"ListItem\",\"position\":2,\"name\":\"Smoking in Austrian Airports\"}]},{\"@type\":\"WebSite\",\"@id\":\"https:\/\/airportsmokinglounge.com\/#website\",\"url\":\"https:\/\/airportsmokinglounge.com\/\",\"name\":\"airportsmokinglounge.com\",\"description\":\"\",\"potentialAction\":[{\"@type\":\"SearchAction\",\"target\":{\"@type\":\"EntryPoint\",\"urlTemplate\":\"https:\/\/airportsmokinglounge.com\/?s={search_term_string}\"},\"query-input\":{\"@type\":\"PropertyValueSpecification\",\"valueRequired\":true,\"valueName\":\"search_term_string\"}}],\"inLanguage\":\"tr\"}]}<\/script>\n<!-- \/ Yoast SEO plugin. -->","yoast_head_json":{"title":"Avusturya Havalimanlar\u0131nda Sigara \u0130\u00e7mek - Airport Smokinglounge.com","description":"Avusturya Havalimanlar\u0131ndaki Sigara \u0130\u00e7ilebilen Alanlar - Sigara \u0130\u00e7ilecek Bir Yer Bulmak \u0130\u00e7in En \u0130yi Rehberiniz \u2714\ufe0e Bir Sonraki Sigara \u0130\u00e7me Noktan\u0131z\u0131 Bulun \u2714\ufe0e","robots":{"index":"index","follow":"follow","max-snippet":"max-snippet:-1","max-image-preview":"max-image-preview:large","max-video-preview":"max-video-preview:-1"},"canonical":"https:\/\/airportsmokinglounge.com\/tr\/avusturya-havalimanlarinda-sigara-icmek\/","og_locale":"tr_TR","og_type":"article","og_title":"Smoking in Austrian Airports - airportsmokinglounge.com","og_description":"Smoking Areas in Austria Airports - Your Ultimate Guide to Finding a Place to Smoke \u2714\ufe0e Find Your Next Smoke Break Spot \u2714\ufe0e","og_url":"https:\/\/airportsmokinglounge.com\/tr\/avusturya-havalimanlarinda-sigara-icmek\/","og_site_name":"airportsmokinglounge.com","article_modified_time":"2023-05-25T09:33:06+00:00","og_image":[{"width":2048,"height":1152,"url":"https:\/\/airportsmokinglounge.com\/wp-content\/uploads\/2023\/03\/airport-smoking-lounge-4.jpg","type":"image\/jpeg"}],"twitter_card":"summary_large_image","twitter_misc":{"Tahmini okuma s\u00fcresi":"1 dakika"},"schema":{"@context":"https:\/\/schema.org","@graph":[{"@type":"WebPage","@id":"https:\/\/airportsmokinglounge.com\/smoking-in-austrian-airports\/","url":"https:\/\/airportsmokinglounge.com\/smoking-in-austrian-airports\/","name":"Avusturya Havalimanlar\u0131nda Sigara \u0130\u00e7mek - Airport Smokinglounge.com","isPartOf":{"@id":"https:\/\/airportsmokinglounge.com\/#website"},"primaryImageOfPage":{"@id":"https:\/\/airportsmokinglounge.com\/smoking-in-austrian-airports\/#primaryimage"},"image":{"@id":"https:\/\/airportsmokinglounge.com\/smoking-in-austrian-airports\/#primaryimage"},"thumbnailUrl":"https:\/\/airportsmokinglounge.com\/wp-content\/uploads\/2023\/03\/airport-smoking-lounge-4.jpg","datePublished":"2023-02-21T15:00:51+00:00","dateModified":"2023-05-25T09:33:06+00:00","description":"Avusturya Havalimanlar\u0131ndaki Sigara \u0130\u00e7ilebilen Alanlar - Sigara \u0130\u00e7ilecek Bir Yer Bulmak \u0130\u00e7in En \u0130yi Rehberiniz \u2714\ufe0e Bir Sonraki Sigara \u0130\u00e7me Noktan\u0131z\u0131 Bulun \u2714\ufe0e","breadcrumb":{"@id":"https:\/\/airportsmokinglounge.com\/smoking-in-austrian-airports\/#breadcrumb"},"inLanguage":"tr","potentialAction":[{"@type":"ReadAction","target":["https:\/\/airportsmokinglounge.com\/smoking-in-austrian-airports\/"]}]},{"@type":"ImageObject","inLanguage":"tr","@id":"https:\/\/airportsmokinglounge.com\/smoking-in-austrian-airports\/#primaryimage","url":"https:\/\/airportsmokinglounge.com\/wp-content\/uploads\/2023\/03\/airport-smoking-lounge-4.jpg","contentUrl":"https:\/\/airportsmokinglounge.com\/wp-content\/uploads\/2023\/03\/airport-smoking-lounge-4.jpg","width":2048,"height":1152,"caption":"Airport Smoking"},{"@type":"BreadcrumbList","@id":"https:\/\/airportsmokinglounge.com\/smoking-in-austrian-airports\/#breadcrumb","itemListElement":[{"@type":"ListItem","position":1,"name":"Home","item":"https:\/\/airportsmokinglounge.com\/"},{"@type":"ListItem","position":2,"name":"Smoking in Austrian Airports"}]},{"@type":"WebSite","@id":"https:\/\/airportsmokinglounge.com\/#website","url":"https:\/\/airportsmokinglounge.com\/","name":"havaalan\u0131sigara salonu.com","description":"","potentialAction":[{"@type":"SearchAction","target":{"@type":"EntryPoint","urlTemplate":"https:\/\/airportsmokinglounge.com\/?s={search_term_string}"},"query-input":{"@type":"PropertyValueSpecification","valueRequired":true,"valueName":"search_term_string"}}],"inLanguage":"tr"}]}},"_links":{"self":[{"href":"https:\/\/airportsmokinglounge.com\/tr\/wp-json\/wp\/v2\/pages\/80","targetHints":{"allow":["GET"]}}],"collection":[{"href":"https:\/\/airportsmokinglounge.com\/tr\/wp-json\/wp\/v2\/pages"}],"about":[{"href":"https:\/\/airportsmokinglounge.com\/tr\/wp-json\/wp\/v2\/types\/page"}],"author":[{"embeddable":true,"href":"https:\/\/airportsmokinglounge.com\/tr\/wp-json\/wp\/v2\/users\/1"}],"replies":[{"embeddable":true,"href":"https:\/\/airportsmokinglounge.com\/tr\/wp-json\/wp\/v2\/comments?post=80"}],"version-history":[{"count":10,"href":"https:\/\/airportsmokinglounge.com\/tr\/wp-json\/wp\/v2\/pages\/80\/revisions"}],"predecessor-version":[{"id":6100,"href":"https:\/\/airportsmokinglounge.com\/tr\/wp-json\/wp\/v2\/pages\/80\/revisions\/6100"}],"wp:featuredmedia":[{"embeddable":true,"href":"https:\/\/airportsmokinglounge.com\/tr\/wp-json\/wp\/v2\/media\/1199"}],"wp:attachment":[{"href":"https:\/\/airportsmokinglounge.com\/tr\/wp-json\/wp\/v2\/media?parent=80"}],"curies":[{"name":"wp","href":"https:\/\/api.w.org\/{rel}","templated":true}]}}