{"id":841,"date":"2023-03-17T20:52:40","date_gmt":"2023-03-17T19:52:40","guid":{"rendered":"https:\/\/airportsmokinglounge.com\/?page_id=841"},"modified":"2024-03-05T19:21:44","modified_gmt":"2024-03-05T18:21:44","slug":"smoking-areas-at-keflavik-international-airport-kef","status":"publish","type":"page","link":"https:\/\/airportsmokinglounge.com\/tr\/keflavik-uluslararasi-havaalaninda-sigara-icme-alanlari-kef\/","title":{"rendered":"Keflav\u00edk Uluslararas\u0131 Havaliman\u0131&#039;ndaki (KEF) sigara i\u00e7me alanlar\u0131"},"content":{"rendered":"<p>Keflav\u00edk Uluslararas\u0131 Havaalan\u0131, Reykjanes Yar\u0131madas\u0131&#039;ndaki Keflav\u00edk kasabas\u0131nda yer almaktad\u0131r.<\/p>\n<p>Keflav\u00edk Uluslararas\u0131 Havaalan\u0131, \u0130zlanda&#039;ya gidi\u015f-d\u00f6n\u00fc\u015f uluslararas\u0131 seyahatler i\u00e7in \u00f6nemli bir merkezdir. Islandair, WOW Air ve di\u011fer \u00e7e\u015fitli uluslararas\u0131 ta\u015f\u0131y\u0131c\u0131lar da dahil olmak \u00fczere \u00e7ok say\u0131da havayoluna hizmet vermektedir. Havaalan\u0131 Avrupa, Kuzey Amerika ve d\u00fcnyan\u0131n di\u011fer b\u00f6lgelerine u\u00e7u\u015f imkan\u0131 sunuyor.<\/p>\n<h2>G\u00fcvenlik Kontrol\u00fc \u00f6ncesi sigara i\u00e7ilen alanlar<\/h2>\n<ul>\n<li><span style=\"font-size: 12pt;\">Sadece terminalin d\u0131\u015f\u0131nda sigara i\u00e7ilebilir<\/span><\/li>\n<\/ul>\n<h2>G\u00fcvenlik Kontrol\u00fcnden Sonra Sigara \u0130\u00e7ilen Alanlar<\/h2>\n<ul>\n<li>Sigara i\u00e7me alan\u0131, tuvaletlerin di\u011fer taraf\u0131nda, Joe the Juice&#039;\u0131n arkas\u0131ndad\u0131r.<\/li>\n<li>Tuvaletlerin yan\u0131ndaki sigara i\u00e7me alan\u0131 (gidi\u015f salonu)<\/li>\n<li><strong>Ana terminal:<\/strong> Kevlavik Havaliman\u0131&#039;n\u0131n gidi\u015f salonunda iki adet sigara i\u00e7me alan\u0131 bulunmaktad\u0131r.<br \/>\n\u00fcst katta Jomfuin&#039;i ge\u00e7in ve alt katta D kap\u0131s\u0131 var.<\/li>\n<\/ul>\n<figure id=\"attachment_7287\" aria-describedby=\"caption-attachment-7287\" style=\"width: 900px\" class=\"wp-caption aligncenter\"><img decoding=\"async\" class=\"size-full wp-image-7287\" src=\"https:\/\/airportsmokinglounge.com\/wp-content\/uploads\/2024\/03\/20240224_193749-scaled-e1709662853548.jpg\" alt=\"Keflav\u00edk Uluslararas\u0131 Havaliman\u0131&#039;ndaki (KEF) sigara i\u00e7me alanlar\u0131\" width=\"900\" height=\"1200\" \/><figcaption id=\"caption-attachment-7287\" class=\"wp-caption-text\">\u00a9 Iain Fleming<\/figcaption><\/figure>\n<figure id=\"attachment_7286\" aria-describedby=\"caption-attachment-7286\" style=\"width: 900px\" class=\"wp-caption aligncenter\"><img decoding=\"async\" class=\"size-full wp-image-7286\" src=\"https:\/\/airportsmokinglounge.com\/wp-content\/uploads\/2024\/03\/20240224_192200-scaled-e1709662842629.jpg\" alt=\"Keflav\u00edk Uluslararas\u0131 Havaliman\u0131&#039;nda (KEF) sigara i\u00e7me salonu\" width=\"900\" height=\"1200\" \/><figcaption id=\"caption-attachment-7286\" class=\"wp-caption-text\">\u00a9 Iain Fleming<\/figcaption><\/figure>\n<figure id=\"attachment_7285\" aria-describedby=\"caption-attachment-7285\" style=\"width: 900px\" class=\"wp-caption aligncenter\"><img decoding=\"async\" class=\"size-full wp-image-7285\" src=\"https:\/\/airportsmokinglounge.com\/wp-content\/uploads\/2024\/03\/20240224_192119-scaled-e1709662829852.jpg\" alt=\"Keflav\u00edk Uluslararas\u0131 Havaliman\u0131 (KEF) Sigara \u0130\u00e7me Salonu\" width=\"900\" height=\"1200\" \/><figcaption id=\"caption-attachment-7285\" class=\"wp-caption-text\">\u00a9 Iain Fleming<\/figcaption><\/figure>\n<figure id=\"attachment_7288\" aria-describedby=\"caption-attachment-7288\" style=\"width: 900px\" class=\"wp-caption aligncenter\"><img decoding=\"async\" class=\"size-full wp-image-7288\" src=\"https:\/\/airportsmokinglounge.com\/wp-content\/uploads\/2024\/03\/20240224_193801-scaled-e1709662870502.jpg\" alt=\"Keflav\u00edk Uluslararas\u0131 Havaalan\u0131 (KEF)\" width=\"900\" height=\"1200\" \/><figcaption id=\"caption-attachment-7288\" class=\"wp-caption-text\">\u00a9 Iain Fleming<\/figcaption><\/figure>\n<p><span style=\"font-size: 12pt;\">Resmi Web Sitesinde Daha Fazla Bilgi<\/span><\/p>\n<ul>\n<li><span style=\"font-size: 12pt;\"><a href=\"https:\/\/www.isavia.is\/en\/keflavik-airport?utm_source=gmb&amp;utm_medium=organic&amp;utm_campaign=kefairport\" target=\"_blank\" rel=\"noopener\">isavia.is<\/a><\/span><\/li>\n<\/ul>\n<p><span style=\"font-size: 12pt;\"><strong>Bize geri bildirim g\u00f6nderin<\/strong><\/span><\/p>\n<p><span style=\"font-size: 12pt;\">Havaalan\u0131ndaysan\u0131z, sigara i\u00e7ilen alanlar\u0131n resimlerini bize g\u00f6nderebilirsiniz. Bu, veritaban\u0131m\u0131z\u0131 daha h\u0131zl\u0131 doldurmam\u0131za yard\u0131mc\u0131 olacakt\u0131r. Bunu yapabilirsiniz <strong><a href=\"https:\/\/airportsmokinglounge.com\/tr\/temas-etmek\/\">Burada<\/a>.<\/strong> G\u00f6rseller, g\u00f6rsel kayna\u011f\u0131 (isim) belirtilerek sitemizde yay\u0131nlanmaktad\u0131r. Bu resimleri bizimle ve t\u00fcm Airport Smokinglounge.com ziyaret\u00e7ileriyle payla\u015fmaktan \u00e7ekinmeyin.<\/span><\/p>\n<h2>\u0130zlanda havalimanlar\u0131nda sigara i\u00e7mek<\/h2>\n<p>\u0130zlanda&#039;n\u0131n sigara i\u00e7me yasalar\u0131, terminaller ve havalimanlar\u0131n\u0131n kapal\u0131 alanlar\u0131 da dahil olmak \u00fczere kapal\u0131 kamusal alanlarda sigara i\u00e7ilmesini yasaklamaktad\u0131r. Bu nedenle bekleme alanlar\u0131, dinlenme salonlar\u0131, restoranlar ve di\u011fer ortak alanlar da dahil olmak \u00fczere havaliman\u0131 binalar\u0131nda sigara i\u00e7ilmesine genellikle izin verilmemektedir.<\/p>\n<p>\u0130zlanda&#039;daki \u00e7o\u011fu havaalan\u0131, yolcular\u0131n ve ziyaret\u00e7ilerin sigara i\u00e7ebilece\u011fi belirlenmi\u015f a\u00e7\u0131k hava sigara i\u00e7me alanlar\u0131 sa\u011flar. Bu alanlar genellikle pasif duman maruziyetini en aza indirmek ve i\u00e7eride dumans\u0131z bir ortam sa\u011flamak i\u00e7in terminal binalar\u0131n\u0131n d\u0131\u015f\u0131nda, ana giri\u015flerden uzakta bulunur.<\/p>\n<p>Belirlenen sigara i\u00e7me alanlar\u0131nda bile baz\u0131 k\u0131s\u0131tlamalar\u0131n ge\u00e7erli olabilece\u011fini unutmamak \u00f6nemlidir. \u00d6rne\u011fin sigara i\u00e7mek belirli b\u00f6lgelerle s\u0131n\u0131rl\u0131 olabilir ve temizli\u011fi korumak ve yang\u0131n tehlikelerini \u00f6nlemek i\u00e7in sigara izmaritlerinin at\u0131lmas\u0131na ili\u015fkin d\u00fczenlemeler olabilir. Belirlenen sigara i\u00e7me alanlar\u0131n\u0131 kullan\u0131rken, belirtilen i\u015faret veya talimatlara uyman\u0131z tavsiye edilir.<\/p>\n<h3>S\u0131k\u00e7a Sorulan Sorular<\/h3>\n<h4>Havaliman\u0131 sigara i\u00e7me alanlar\u0131 7\/24 a\u00e7\u0131k m\u0131?<\/h4>\n<p>Havaliman\u0131 sigara i\u00e7me alanlar\u0131n\u0131n mevcudiyeti, havaliman\u0131na ve konuma g\u00f6re de\u011fi\u015fiklik g\u00f6sterebilir. Baz\u0131 sigara i\u00e7me alanlar\u0131 24 saat a\u00e7\u0131kken, baz\u0131lar\u0131nda k\u0131s\u0131tl\u0131 saatler olabilir veya belirli saatlerde kapal\u0131 olabilir. Sigara i\u00e7me alan\u0131n\u0131n \u00e7al\u0131\u015fma saatleri hakk\u0131nda \u00f6zel bilgi i\u00e7in havaalan\u0131na dan\u0131\u015fmak veya web sitelerini ziyaret etmek en iyisidir.<\/p>\n<h4>Sigara i\u00e7me alan\u0131na kendi yiyecek ve i\u00e7eceklerimi getirmeme izin verilir mi?<\/h4>\n<p>Bu, belirli sigara i\u00e7me alan\u0131na ve havaalan\u0131na ba\u011fl\u0131 olabilir. Baz\u0131 sigara i\u00e7me alanlar\u0131 d\u0131\u015far\u0131dan yiyecek ve i\u00e7eceklere izin verirken, baz\u0131lar\u0131nda k\u0131s\u0131tlamalar olabilir veya tamamen yasak olabilir. Belirli kurallar ve y\u00f6netmelikler i\u00e7in havaalan\u0131na veya sigara i\u00e7ilen alan tabelas\u0131na bakmak en iyisidir.<\/p>\n<h4>Havaliman\u0131ndaki t\u00fcm sigara i\u00e7ilen alanlarda sigara i\u00e7ilebilir mi?<\/h4>\n<p>Havaalan\u0131 sigara i\u00e7ilen alanlar\u0131n t\u00fcm\u00fc sigara i\u00e7ilmesine izin vermeyebilir. Baz\u0131 havalimanlar\u0131nda, geleneksel sigara i\u00e7me alanlar\u0131ndan ayr\u0131 elektronik sigara veya elektronik sigara i\u00e7in belirlenmi\u015f alanlar olabilir. Kullanmay\u0131 planlad\u0131\u011f\u0131n\u0131z sigara i\u00e7me alan\u0131 i\u00e7in \u00f6zel kural ve d\u00fczenlemeleri kontrol etti\u011finizden emin olun.<\/p>\n<h4>Sigara i\u00e7ilen alanlar klimal\u0131 m\u0131 yoksa \u0131s\u0131tmal\u0131 m\u0131?<\/h4>\n<p>Havaalan\u0131 sigara i\u00e7me alanlar\u0131n\u0131n s\u0131cakl\u0131\u011f\u0131 ve havaland\u0131rmas\u0131 b\u00fcy\u00fck \u00f6l\u00e7\u00fcde de\u011fi\u015febilir. Baz\u0131lar\u0131 klimal\u0131 veya \u0131s\u0131tmal\u0131 olabilirken, di\u011ferleri d\u0131\u015f etkenlerden s\u0131n\u0131rl\u0131 korumaya sahip a\u00e7\u0131k hava alanlar\u0131 olabilir. Ko\u015fullar\u0131 belirlemek ve buna g\u00f6re haz\u0131rlanmak i\u00e7in \u00f6nceden havaalan\u0131na dan\u0131\u015ft\u0131\u011f\u0131n\u0131zdan veya sigara i\u00e7me alan\u0131n\u0131 ziyaret etti\u011finizden emin olun.<\/p>\n<h4>Sigara i\u00e7ilen alanlar engelli yolcular i\u00e7in eri\u015filebilir mi?<\/h4>\n<p>Bir\u00e7ok havaalan\u0131, sigara i\u00e7me alanlar\u0131n\u0131 engelli yolcular\u0131n eri\u015fimine uygun hale getirmek i\u00e7in \u00e7aba sarf etmi\u015ftir. Ancak, belirli sigara i\u00e7me alanlar\u0131n\u0131n eri\u015filebilirli\u011fi b\u00fcy\u00fck \u00f6l\u00e7\u00fcde de\u011fi\u015febilir. Eri\u015filebilir olup olmad\u0131\u011f\u0131n\u0131 ve ihtiya\u00e7lar\u0131n\u0131z\u0131 kar\u015f\u0131lay\u0131p kar\u015f\u0131lamad\u0131\u011f\u0131n\u0131 belirlemek i\u00e7in havaalan\u0131na dan\u0131\u015ft\u0131\u011f\u0131n\u0131zdan veya sigara i\u00e7me alan\u0131n\u0131 \u00f6nceden ziyaret etti\u011finizden emin olun.<\/p>\n<p><span style=\"font-size: 12pt;\"><strong>\u0130zlanda konumunda di\u011fer Havaalan\u0131:<\/strong> <\/span><\/p>\n<ul>\n<li><span style=\"font-size: 12pt;\"><a href=\"https:\/\/airportsmokinglounge.com\/tr\/izlanda-havalimanlarindaki-sigara-icme-alanlari\/\">\u0130zlanda Havalimanlar\u0131<\/a><\/span><\/li>\n<\/ul>\n<p><span style=\"font-size: 12pt;\"><strong>Sigara i\u00e7ilen alanlar:<\/strong><\/span><\/p>\n<ul>\n<li><span style=\"font-size: 12pt;\"><a href=\"https:\/\/airportsmokinglounge.com\/tr\/avrupa-havalimanlarindaki-sigara-icme-alanlari\/\">Avrupa havaalanlar\u0131<\/a><\/span><\/li>\n<\/ul>","protected":false},"excerpt":{"rendered":"<p>Keflav\u00edk Uluslararas\u0131 Havaliman\u0131, Reykjanes Yar\u0131madas\u0131&#039;ndaki Keflav\u00edk kasabas\u0131nda yer almaktad\u0131r. Keflav\u00edk Uluslararas\u0131 Havaliman\u0131, \u0130zlanda&#039;ya ve \u0130zlanda&#039;dan yap\u0131lan uluslararas\u0131 seyahatler i\u00e7in \u00f6nemli bir merkezdir. Icelandair, WOW Air ve \u00e7e\u015fitli di\u011fer uluslararas\u0131 havayollar\u0131 da dahil olmak \u00fczere bir\u00e7ok havayoluna hizmet vermektedir. Havaliman\u0131, Avrupa, Kuzey Amerika ve di\u011fer b\u00f6lgelerdeki destinasyonlara u\u00e7u\u015flar sunmaktad\u0131r\u2026&nbsp;<a href=\"https:\/\/airportsmokinglounge.com\/tr\/keflavik-uluslararasi-havaalaninda-sigara-icme-alanlari-kef\/\" rel=\"bookmark\">Devam\u0131n\u0131 oku &quot;<span class=\"screen-reader-text\">Keflav\u00edk Uluslararas\u0131 Havaliman\u0131&#039;ndaki (KEF) sigara i\u00e7me alanlar\u0131<\/span><\/a><\/p>","protected":false},"author":1,"featured_media":1199,"parent":0,"menu_order":0,"comment_status":"closed","ping_status":"closed","template":"","meta":{"neve_meta_sidebar":"","neve_meta_container":"","neve_meta_enable_content_width":"off","neve_meta_content_width":100,"neve_meta_title_alignment":"","neve_meta_author_avatar":"","neve_post_elements_order":"","neve_meta_disable_header":"","neve_meta_disable_footer":"","neve_meta_disable_title":"","neve_meta_reading_time":"","footnotes":""},"class_list":["post-841","page","type-page","status-publish","has-post-thumbnail","hentry"],"yoast_head":"<!-- This site is optimized with the Yoast SEO plugin v26.6 - https:\/\/yoast.com\/wordpress\/plugins\/seo\/ -->\n<title>Smoking areas at Keflav\u00edk International Airport (KEF)<\/title>\n<meta name=\"description\" content=\"Smoking areas Keflav\u00edk International Airport - Find a smoking area in the airport \u2714\ufe0e Smoking Guide in Airports for Travelers \u2714\ufe0e\" \/>\n<meta name=\"robots\" content=\"index, follow, max-snippet:-1, max-image-preview:large, max-video-preview:-1\" \/>\n<link rel=\"canonical\" href=\"https:\/\/airportsmokinglounge.com\/tr\/keflavik-uluslararasi-havaalaninda-sigara-icme-alanlari-kef\/\" \/>\n<meta property=\"og:locale\" content=\"tr_TR\" \/>\n<meta property=\"og:type\" content=\"article\" \/>\n<meta property=\"og:title\" content=\"Smoking areas at Keflav\u00edk International Airport (KEF)\" \/>\n<meta property=\"og:description\" content=\"Smoking areas Keflav\u00edk International Airport - Find a smoking area in the airport \u2714\ufe0e Smoking Guide in Airports for Travelers \u2714\ufe0e\" \/>\n<meta property=\"og:url\" content=\"https:\/\/airportsmokinglounge.com\/tr\/keflavik-uluslararasi-havaalaninda-sigara-icme-alanlari-kef\/\" \/>\n<meta property=\"og:site_name\" content=\"airportsmokinglounge.com\" \/>\n<meta property=\"article:modified_time\" content=\"2024-03-05T18:21:44+00:00\" \/>\n<meta property=\"og:image\" content=\"https:\/\/airportsmokinglounge.com\/wp-content\/uploads\/2023\/03\/airport-smoking-lounge-4.jpg\" \/>\n\t<meta property=\"og:image:width\" content=\"2048\" \/>\n\t<meta property=\"og:image:height\" content=\"1152\" \/>\n\t<meta property=\"og:image:type\" content=\"image\/jpeg\" \/>\n<meta name=\"twitter:card\" content=\"summary_large_image\" \/>\n<meta name=\"twitter:label1\" content=\"Tahmini okuma s\u00fcresi\" \/>\n\t<meta name=\"twitter:data1\" content=\"4 dakika\" \/>\n<script type=\"application\/ld+json\" class=\"yoast-schema-graph\">{\"@context\":\"https:\/\/schema.org\",\"@graph\":[{\"@type\":\"WebPage\",\"@id\":\"https:\/\/airportsmokinglounge.com\/smoking-areas-at-keflavik-international-airport-kef\/\",\"url\":\"https:\/\/airportsmokinglounge.com\/smoking-areas-at-keflavik-international-airport-kef\/\",\"name\":\"Smoking areas at Keflav\u00edk International Airport (KEF)\",\"isPartOf\":{\"@id\":\"https:\/\/airportsmokinglounge.com\/#website\"},\"primaryImageOfPage\":{\"@id\":\"https:\/\/airportsmokinglounge.com\/smoking-areas-at-keflavik-international-airport-kef\/#primaryimage\"},\"image\":{\"@id\":\"https:\/\/airportsmokinglounge.com\/smoking-areas-at-keflavik-international-airport-kef\/#primaryimage\"},\"thumbnailUrl\":\"https:\/\/airportsmokinglounge.com\/wp-content\/uploads\/2023\/03\/airport-smoking-lounge-4.jpg\",\"datePublished\":\"2023-03-17T19:52:40+00:00\",\"dateModified\":\"2024-03-05T18:21:44+00:00\",\"description\":\"Smoking areas Keflav\u00edk International Airport - Find a smoking area in the airport \u2714\ufe0e Smoking Guide in Airports for Travelers \u2714\ufe0e\",\"breadcrumb\":{\"@id\":\"https:\/\/airportsmokinglounge.com\/smoking-areas-at-keflavik-international-airport-kef\/#breadcrumb\"},\"inLanguage\":\"tr\",\"potentialAction\":[{\"@type\":\"ReadAction\",\"target\":[\"https:\/\/airportsmokinglounge.com\/smoking-areas-at-keflavik-international-airport-kef\/\"]}]},{\"@type\":\"ImageObject\",\"inLanguage\":\"tr\",\"@id\":\"https:\/\/airportsmokinglounge.com\/smoking-areas-at-keflavik-international-airport-kef\/#primaryimage\",\"url\":\"https:\/\/airportsmokinglounge.com\/wp-content\/uploads\/2023\/03\/airport-smoking-lounge-4.jpg\",\"contentUrl\":\"https:\/\/airportsmokinglounge.com\/wp-content\/uploads\/2023\/03\/airport-smoking-lounge-4.jpg\",\"width\":2048,\"height\":1152,\"caption\":\"Airport Smoking\"},{\"@type\":\"BreadcrumbList\",\"@id\":\"https:\/\/airportsmokinglounge.com\/smoking-areas-at-keflavik-international-airport-kef\/#breadcrumb\",\"itemListElement\":[{\"@type\":\"ListItem\",\"position\":1,\"name\":\"Home\",\"item\":\"https:\/\/airportsmokinglounge.com\/\"},{\"@type\":\"ListItem\",\"position\":2,\"name\":\"Smoking areas at Keflav\u00edk International Airport (KEF)\"}]},{\"@type\":\"WebSite\",\"@id\":\"https:\/\/airportsmokinglounge.com\/#website\",\"url\":\"https:\/\/airportsmokinglounge.com\/\",\"name\":\"airportsmokinglounge.com\",\"description\":\"\",\"potentialAction\":[{\"@type\":\"SearchAction\",\"target\":{\"@type\":\"EntryPoint\",\"urlTemplate\":\"https:\/\/airportsmokinglounge.com\/?s={search_term_string}\"},\"query-input\":{\"@type\":\"PropertyValueSpecification\",\"valueRequired\":true,\"valueName\":\"search_term_string\"}}],\"inLanguage\":\"tr\"}]}<\/script>\n<!-- \/ Yoast SEO plugin. -->","yoast_head_json":{"title":"Keflav\u00edk Uluslararas\u0131 Havaliman\u0131&#039;ndaki (KEF) sigara i\u00e7me alanlar\u0131","description":"Sigara i\u00e7me alanlar\u0131 Keflav\u00edk Uluslararas\u0131 Havaalan\u0131 - Havaalan\u0131nda sigara i\u00e7ilebilen bir alan bulun \u2714\ufe0e Gezginler i\u00e7in Havalimanlar\u0131nda Sigara \u0130\u00e7me Rehberi \u2714\ufe0e","robots":{"index":"index","follow":"follow","max-snippet":"max-snippet:-1","max-image-preview":"max-image-preview:large","max-video-preview":"max-video-preview:-1"},"canonical":"https:\/\/airportsmokinglounge.com\/tr\/keflavik-uluslararasi-havaalaninda-sigara-icme-alanlari-kef\/","og_locale":"tr_TR","og_type":"article","og_title":"Smoking areas at Keflav\u00edk International Airport (KEF)","og_description":"Smoking areas Keflav\u00edk International Airport - Find a smoking area in the airport \u2714\ufe0e Smoking Guide in Airports for Travelers \u2714\ufe0e","og_url":"https:\/\/airportsmokinglounge.com\/tr\/keflavik-uluslararasi-havaalaninda-sigara-icme-alanlari-kef\/","og_site_name":"airportsmokinglounge.com","article_modified_time":"2024-03-05T18:21:44+00:00","og_image":[{"width":2048,"height":1152,"url":"https:\/\/airportsmokinglounge.com\/wp-content\/uploads\/2023\/03\/airport-smoking-lounge-4.jpg","type":"image\/jpeg"}],"twitter_card":"summary_large_image","twitter_misc":{"Tahmini okuma s\u00fcresi":"4 dakika"},"schema":{"@context":"https:\/\/schema.org","@graph":[{"@type":"WebPage","@id":"https:\/\/airportsmokinglounge.com\/smoking-areas-at-keflavik-international-airport-kef\/","url":"https:\/\/airportsmokinglounge.com\/smoking-areas-at-keflavik-international-airport-kef\/","name":"Keflav\u00edk Uluslararas\u0131 Havaliman\u0131&#039;ndaki (KEF) sigara i\u00e7me alanlar\u0131","isPartOf":{"@id":"https:\/\/airportsmokinglounge.com\/#website"},"primaryImageOfPage":{"@id":"https:\/\/airportsmokinglounge.com\/smoking-areas-at-keflavik-international-airport-kef\/#primaryimage"},"image":{"@id":"https:\/\/airportsmokinglounge.com\/smoking-areas-at-keflavik-international-airport-kef\/#primaryimage"},"thumbnailUrl":"https:\/\/airportsmokinglounge.com\/wp-content\/uploads\/2023\/03\/airport-smoking-lounge-4.jpg","datePublished":"2023-03-17T19:52:40+00:00","dateModified":"2024-03-05T18:21:44+00:00","description":"Sigara i\u00e7me alanlar\u0131 Keflav\u00edk Uluslararas\u0131 Havaalan\u0131 - Havaalan\u0131nda sigara i\u00e7ilebilen bir alan bulun \u2714\ufe0e Gezginler i\u00e7in Havalimanlar\u0131nda Sigara \u0130\u00e7me Rehberi \u2714\ufe0e","breadcrumb":{"@id":"https:\/\/airportsmokinglounge.com\/smoking-areas-at-keflavik-international-airport-kef\/#breadcrumb"},"inLanguage":"tr","potentialAction":[{"@type":"ReadAction","target":["https:\/\/airportsmokinglounge.com\/smoking-areas-at-keflavik-international-airport-kef\/"]}]},{"@type":"ImageObject","inLanguage":"tr","@id":"https:\/\/airportsmokinglounge.com\/smoking-areas-at-keflavik-international-airport-kef\/#primaryimage","url":"https:\/\/airportsmokinglounge.com\/wp-content\/uploads\/2023\/03\/airport-smoking-lounge-4.jpg","contentUrl":"https:\/\/airportsmokinglounge.com\/wp-content\/uploads\/2023\/03\/airport-smoking-lounge-4.jpg","width":2048,"height":1152,"caption":"Airport Smoking"},{"@type":"BreadcrumbList","@id":"https:\/\/airportsmokinglounge.com\/smoking-areas-at-keflavik-international-airport-kef\/#breadcrumb","itemListElement":[{"@type":"ListItem","position":1,"name":"Home","item":"https:\/\/airportsmokinglounge.com\/"},{"@type":"ListItem","position":2,"name":"Smoking areas at Keflav\u00edk International Airport (KEF)"}]},{"@type":"WebSite","@id":"https:\/\/airportsmokinglounge.com\/#website","url":"https:\/\/airportsmokinglounge.com\/","name":"havaalan\u0131sigara salonu.com","description":"","potentialAction":[{"@type":"SearchAction","target":{"@type":"EntryPoint","urlTemplate":"https:\/\/airportsmokinglounge.com\/?s={search_term_string}"},"query-input":{"@type":"PropertyValueSpecification","valueRequired":true,"valueName":"search_term_string"}}],"inLanguage":"tr"}]}},"_links":{"self":[{"href":"https:\/\/airportsmokinglounge.com\/tr\/wp-json\/wp\/v2\/pages\/841","targetHints":{"allow":["GET"]}}],"collection":[{"href":"https:\/\/airportsmokinglounge.com\/tr\/wp-json\/wp\/v2\/pages"}],"about":[{"href":"https:\/\/airportsmokinglounge.com\/tr\/wp-json\/wp\/v2\/types\/page"}],"author":[{"embeddable":true,"href":"https:\/\/airportsmokinglounge.com\/tr\/wp-json\/wp\/v2\/users\/1"}],"replies":[{"embeddable":true,"href":"https:\/\/airportsmokinglounge.com\/tr\/wp-json\/wp\/v2\/comments?post=841"}],"version-history":[{"count":7,"href":"https:\/\/airportsmokinglounge.com\/tr\/wp-json\/wp\/v2\/pages\/841\/revisions"}],"predecessor-version":[{"id":7289,"href":"https:\/\/airportsmokinglounge.com\/tr\/wp-json\/wp\/v2\/pages\/841\/revisions\/7289"}],"wp:featuredmedia":[{"embeddable":true,"href":"https:\/\/airportsmokinglounge.com\/tr\/wp-json\/wp\/v2\/media\/1199"}],"wp:attachment":[{"href":"https:\/\/airportsmokinglounge.com\/tr\/wp-json\/wp\/v2\/media?parent=841"}],"curies":[{"name":"wp","href":"https:\/\/api.w.org\/{rel}","templated":true}]}}