{"id":95,"date":"2023-02-21T19:45:31","date_gmt":"2023-02-21T18:45:31","guid":{"rendered":"https:\/\/airportsmokinglounge.com\/?page_id=95"},"modified":"2023-05-30T13:02:18","modified_gmt":"2023-05-30T11:02:18","slug":"smoking-areas-in-spanish-airports","status":"publish","type":"page","link":"https:\/\/airportsmokinglounge.com\/tr\/ispanyol-havalimanlarindaki-sigara-icme-alanlari\/","title":{"rendered":"\u0130spanya Havaalanlar\u0131nda sigara i\u00e7ilen alanlar"},"content":{"rendered":"<p>\u0130spanya, \u00fclkeyi d\u00fcnya \u00e7ap\u0131ndaki \u00e7e\u015fitli destinasyonlara ba\u011flayan, yurt i\u00e7i ve yurt d\u0131\u015f\u0131 u\u00e7u\u015flara hizmet veren \u00e7ok say\u0131da havaalan\u0131na ev sahipli\u011fi yapmaktad\u0131r.<\/p>\n<p>Bu web sitesinde, belirlenmi\u015f sigara i\u00e7me alanlar\u0131 ve mevcut tesisler dahil olmak \u00fczere havalimanlar\u0131ndaki t\u00fcm sigara i\u00e7me alanlar\u0131n\u0131 bulabilirsiniz. G\u00fcvenlikten ge\u00e7ip hi\u00e7bir yerde sigara i\u00e7ilen alanlar\u0131n olmad\u0131\u011f\u0131n\u0131 ve baz\u0131 durumlarda e-sigara i\u00e7ilmesine izin verilmeyebilece\u011fini g\u00f6rmenin hayal k\u0131r\u0131kl\u0131\u011f\u0131n\u0131 anl\u0131yoruz.<\/p>\n<p>Bu hizmet, uzun u\u00e7u\u015flardan \u00f6nce veya sonra sigara keyfi yapmak isteyen t\u00fcm sigara i\u00e7enler i\u00e7indir.<\/p>\n<h2>\u0130spanya Havalimanlar\u0131<\/h2>\n<ul style=\"list-style-type: circle;\">\n<li><a href=\"https:\/\/airportsmokinglounge.com\/tr\/barselona-uluslararasi-havaalaninda-bcn-sigara-icme-alanlari\/\">BARSELONA ULUSLARARASI HAVAL\u0130MANI (BCN)<\/a><\/li>\n<li><a href=\"https:\/\/airportsmokinglounge.com\/tr\/madrid-barajas-havaalaninda-deli-sigara-icme-alanlari\/\">MADR\u0130D \u2013 BARAJAS HAVAL\u0130MANI (MAD)<\/a><\/li>\n<li><a href=\"https:\/\/airportsmokinglounge.com\/tr\/malaga-havalimanindaki-agp-sigara-icme-alanlari\/\">M\u00c1LAGA HAVAL\u0130MANI (AGP)<\/a><\/li>\n<li><a href=\"https:\/\/airportsmokinglounge.com\/tr\/palma-de-mallorca-havalimani-pmide-sigara-icme-alanlari\/\">PALMA DE MALLORCA HAVAL\u0130MANI (PMI)<\/a><\/li>\n<li><a href=\"https:\/\/airportsmokinglounge.com\/tr\/gran-canaria-havaalani-lpada-sigara-icme-alanlari\/\">GRAN CANARIA HAVAL\u0130MANI (LPA)<\/a><\/li>\n<li><a href=\"https:\/\/airportsmokinglounge.com\/tr\/tenerife-guney-havaalaninda-tfs-sigara-icme-alanlari\/\">TENERIFE G\u00dcNEY HAVAL\u0130MANI (TFS)<\/a><\/li>\n<li><a href=\"https:\/\/airportsmokinglounge.com\/tr\/alicante-uluslararasi-havaalaninda-alc-sigara-icme-alanlari\/\">ALICANTE ULUSLARARASI HAVAL\u0130MANI (ALC)<\/a><\/li>\n<li><a href=\"https:\/\/airportsmokinglounge.com\/tr\/tenerife-kuzey-havaalani-tfndeki-sigara-icme-alanlari\/\">TENERIFE KUZEY HAVAL\u0130MANI (TFN)<\/a><\/li>\n<li><a href=\"https:\/\/airportsmokinglounge.com\/tr\/santiago-de-compostela-havaalani-scqde-sigara-icme-alanlari\/\">SANTIAGO DE COMPOSTELA HAVAL\u0130MANI (SCQ)<\/a><\/li>\n<li><a href=\"https:\/\/airportsmokinglounge.com\/tr\/la-palma-havaalani-spcde-sigara-icme-alanlari\/\">LA PALMA HAVAL\u0130MANI (SPC)<\/a><\/li>\n<li><a href=\"https:\/\/airportsmokinglounge.com\/tr\/valencia-havaalaninda-vlc-sigara-icme-alanlari\/\">VALENCIA HAVAL\u0130MANI (VLC)<\/a><\/li>\n<li><a href=\"https:\/\/airportsmokinglounge.com\/tr\/fuerteventura-havaalaninda-fue-sigara-icme-alanlari\/\">FUERTEVENTURA HAVAL\u0130MANI (FUE)<\/a><\/li>\n<li><a href=\"https:\/\/airportsmokinglounge.com\/tr\/lanzarote-havaalaninda-ace-sigara-icme-alanlari\/\">LANZAROTE HAVAL\u0130MANI (ACE)<\/a><\/li>\n<li><a href=\"https:\/\/airportsmokinglounge.com\/tr\/ibz-ibiza-havaalaninda-sigara-icme-alanlari\/\">\u0130B\u0130ZA HAVAL\u0130MANI (IBZ)<\/a><\/li>\n<li><a href=\"https:\/\/airportsmokinglounge.com\/tr\/sigara-alanlari-at-bilbao-airport-bio\/\">BILBAO HAVAL\u0130MANI (BIO)<\/a><\/li>\n<li><a href=\"https:\/\/airportsmokinglounge.com\/tr\/sevilla-havaalaninda-svq-sigara-icme-alanlari\/\">SEV\u0130LLA HAVAL\u0130MANI (SVQ)<\/a><\/li>\n<li><a href=\"https:\/\/airportsmokinglounge.com\/tr\/menorca-havaalaninda-sigara-icme-alanlari-mah\/\">MENORKA HAVAL\u0130MANI (MAH)<\/a><\/li>\n<li><a href=\"https:\/\/airportsmokinglounge.com\/tr\/almeria-havaalani-leide-sigara-icme-alanlari\/\">ALMER\u00cdA ULUSLARARASI HAVAL\u0130MANI (LEI)<\/a><\/li>\n<li><a href=\"https:\/\/airportsmokinglounge.com\/tr\/jerez-havaalanindaki-xry-sigara-icme-alanlari\/\">JEREZ HAVAL\u0130MANI (XRY)<\/a><\/li>\n<li><a href=\"https:\/\/airportsmokinglounge.com\/tr\/vigo-havaalaninda-vgo-sigara-icme-alanlari\/\">VIGO HAVAL\u0130MANI (VGO)<\/a><\/li>\n<li><a href=\"https:\/\/airportsmokinglounge.com\/tr\/asturias-havaalaninda-ovd-sigara-icme-alanlari\/\">ASTURIAS HAVAL\u0130MANI (OVD)<\/a><\/li>\n<li><a href=\"https:\/\/airportsmokinglounge.com\/tr\/girona-havaalaninda-sigara-icilen-alanlar-gro\/\">GIRONA HAVAL\u0130MANI (GRO)<\/a><\/li>\n<li><a href=\"https:\/\/airportsmokinglounge.com\/tr\/santander-havaalaninda-sigara-icilebilen-alanlar-sdr\/\">SANTANDER HAVAL\u0130MANI (SDR)<\/a><\/li>\n<\/ul>\n<h2>\u0130spanya Sigara \u0130\u00e7enler Yasas\u0131<\/h2>\n<p>\u0130spanya&#039;daki sigara yasa\u011f\u0131, kapal\u0131 i\u015fyerleri, barlar, restoranlar ve toplu ta\u015f\u0131ma dahil olmak \u00fczere kapal\u0131 kamusal alanlarda sigara i\u00e7ilmesini yasaklamaktad\u0131r. Ama\u00e7, halk i\u00e7in dumans\u0131z ortamlar yaratmak ve onlar\u0131n refah\u0131n\u0131 sa\u011flamakt\u0131r.<\/p>\n<p>Baz\u0131 kurulu\u015flarda teras veya veranda gibi a\u00e7\u0131k havada sigara i\u00e7me alanlar\u0131 belirlenmi\u015f olabilir. Bu alanlar tipik olarak iyi havaland\u0131r\u0131lmaktad\u0131r ve sigara i\u00e7meyenlerin sigara duman\u0131na maruz kalmas\u0131n\u0131 en aza indirmek i\u00e7in sigara i\u00e7ilmeyen alanlardan ayr\u0131lm\u0131\u015ft\u0131r.<\/p>\n<p>\u0130\u015fletme ve kurulu\u015flar\u0131n giri\u015flerinde ve tesis genelinde \u201cSigara \u0130\u00e7ilmez\u201d tabelalar\u0131n\u0131n a\u00e7\u0131k\u00e7a g\u00f6r\u00fclebilecek \u015fekilde as\u0131lmas\u0131 zorunludur. Bu i\u015faretler bireylere kapal\u0131 alanda sigara i\u00e7ilmesine izin verilmedi\u011fini bildirir.<\/p>\n<p>Bireylerin ve i\u015fletmelerin \u0130spanya&#039;daki sigara i\u00e7me d\u00fczenlemelerine uymas\u0131 bekleniyor. Sigara yasa\u011f\u0131na uyulmamas\u0131, hem sigara i\u00e7enler hem de i\u015fletme sahipleri i\u00e7in para cezalar\u0131 da dahil olmak \u00fczere cezalarla sonu\u00e7lanabilir.<\/p>\n<p><strong>Daha fazla Havaalan\u0131 Sigara i\u00e7ilen alan\u00a0<\/strong><\/p>\n<ul>\n<li><a href=\"https:\/\/airportsmokinglounge.com\/tr\/kuzey-amerikanin-havaalanlarinda-sigara-icmek\/\">Kuzey Amerika<\/a><\/li>\n<li><a href=\"https:\/\/airportsmokinglounge.com\/tr\/guney-amerika-havaalanlarinda-sigara-icilmesi\/\">G\u00fcney Amerika<\/a><\/li>\n<li><a href=\"https:\/\/airportsmokinglounge.com\/tr\/avrupa-havalimanlarindaki-sigara-icme-alanlari\/\">Avrupa<\/a><\/li>\n<li><a href=\"https:\/\/airportsmokinglounge.com\/tr\/asyadaki-havaalanlarinda-sigara-icmek\/\">Asya<\/a><\/li>\n<li><a href=\"https:\/\/airportsmokinglounge.com\/tr\/okyanusya-havalimanlarinda-sigara-icmek\/\">Okyanusya<\/a><\/li>\n<li><a href=\"https:\/\/airportsmokinglounge.com\/tr\/afrikada-havaalanlarinda-sigara-icmek\/\">Afrika<\/a><\/li>\n<\/ul>","protected":false},"excerpt":{"rendered":"<p>\u0130spanya, yurt i\u00e7i ve yurt d\u0131\u015f\u0131 u\u00e7u\u015flara ev sahipli\u011fi yapan ve \u00fclkeyi d\u00fcnyan\u0131n \u00e7e\u015fitli noktalar\u0131na ba\u011flayan \u00e7ok say\u0131da havaliman\u0131na ev sahipli\u011fi yapmaktad\u0131r. Bu web sitesinde, havalimanlar\u0131ndaki t\u00fcm sigara i\u00e7me alanlar\u0131n\u0131, belirlenmi\u015f sigara i\u00e7me alanlar\u0131 ve mevcut tesisler dahil olmak \u00fczere bulabilirsiniz. G\u00fcvenlik kontrol\u00fcnden ge\u00e7ip hi\u00e7bir sigara i\u00e7ilmedi\u011fini g\u00f6rmenin ne kadar sinir bozucu oldu\u011funu anl\u0131yoruz\u2026&nbsp;<a href=\"https:\/\/airportsmokinglounge.com\/tr\/ispanyol-havalimanlarindaki-sigara-icme-alanlari\/\" rel=\"bookmark\">Devam\u0131n\u0131 oku &quot;<span class=\"screen-reader-text\">\u0130spanya Havaalanlar\u0131nda sigara i\u00e7ilen alanlar<\/span><\/a><\/p>","protected":false},"author":1,"featured_media":1199,"parent":0,"menu_order":0,"comment_status":"closed","ping_status":"closed","template":"","meta":{"neve_meta_sidebar":"","neve_meta_container":"","neve_meta_enable_content_width":"off","neve_meta_content_width":100,"neve_meta_title_alignment":"","neve_meta_author_avatar":"","neve_post_elements_order":"","neve_meta_disable_header":"","neve_meta_disable_footer":"","neve_meta_disable_title":"","neve_meta_reading_time":"","footnotes":""},"class_list":["post-95","page","type-page","status-publish","has-post-thumbnail","hentry"],"yoast_head":"<!-- This site is optimized with the Yoast SEO plugin v26.6 - https:\/\/yoast.com\/wordpress\/plugins\/seo\/ -->\n<title>Smoking areas in Spanish Airports - airportsmokinglounge.com<\/title>\n<meta name=\"description\" content=\"Smoking Areas in Spanish Airports - Your Ultimate Guide to Finding a Place to Smoke \u2714\ufe0e Find Your Next Smoke Break Spot \u2714\ufe0e\" \/>\n<meta name=\"robots\" content=\"index, follow, max-snippet:-1, max-image-preview:large, max-video-preview:-1\" \/>\n<link rel=\"canonical\" href=\"https:\/\/airportsmokinglounge.com\/tr\/ispanyol-havalimanlarindaki-sigara-icme-alanlari\/\" \/>\n<meta property=\"og:locale\" content=\"tr_TR\" \/>\n<meta property=\"og:type\" content=\"article\" \/>\n<meta property=\"og:title\" content=\"Smoking areas in Spanish Airports - airportsmokinglounge.com\" \/>\n<meta property=\"og:description\" content=\"Smoking Areas in Spanish Airports - Your Ultimate Guide to Finding a Place to Smoke \u2714\ufe0e Find Your Next Smoke Break Spot \u2714\ufe0e\" \/>\n<meta property=\"og:url\" content=\"https:\/\/airportsmokinglounge.com\/tr\/ispanyol-havalimanlarindaki-sigara-icme-alanlari\/\" \/>\n<meta property=\"og:site_name\" content=\"airportsmokinglounge.com\" \/>\n<meta property=\"article:modified_time\" content=\"2023-05-30T11:02:18+00:00\" \/>\n<meta property=\"og:image\" content=\"https:\/\/airportsmokinglounge.com\/wp-content\/uploads\/2023\/03\/airport-smoking-lounge-4.jpg\" \/>\n\t<meta property=\"og:image:width\" content=\"2048\" \/>\n\t<meta property=\"og:image:height\" content=\"1152\" \/>\n\t<meta property=\"og:image:type\" content=\"image\/jpeg\" \/>\n<meta name=\"twitter:card\" content=\"summary_large_image\" \/>\n<meta name=\"twitter:label1\" content=\"Tahmini okuma s\u00fcresi\" \/>\n\t<meta name=\"twitter:data1\" content=\"2 dakika\" \/>\n<script type=\"application\/ld+json\" class=\"yoast-schema-graph\">{\"@context\":\"https:\/\/schema.org\",\"@graph\":[{\"@type\":\"WebPage\",\"@id\":\"https:\/\/airportsmokinglounge.com\/smoking-areas-in-spanish-airports\/\",\"url\":\"https:\/\/airportsmokinglounge.com\/smoking-areas-in-spanish-airports\/\",\"name\":\"Smoking areas in Spanish Airports - airportsmokinglounge.com\",\"isPartOf\":{\"@id\":\"https:\/\/airportsmokinglounge.com\/#website\"},\"primaryImageOfPage\":{\"@id\":\"https:\/\/airportsmokinglounge.com\/smoking-areas-in-spanish-airports\/#primaryimage\"},\"image\":{\"@id\":\"https:\/\/airportsmokinglounge.com\/smoking-areas-in-spanish-airports\/#primaryimage\"},\"thumbnailUrl\":\"https:\/\/airportsmokinglounge.com\/wp-content\/uploads\/2023\/03\/airport-smoking-lounge-4.jpg\",\"datePublished\":\"2023-02-21T18:45:31+00:00\",\"dateModified\":\"2023-05-30T11:02:18+00:00\",\"description\":\"Smoking Areas in Spanish Airports - Your Ultimate Guide to Finding a Place to Smoke \u2714\ufe0e Find Your Next Smoke Break Spot \u2714\ufe0e\",\"breadcrumb\":{\"@id\":\"https:\/\/airportsmokinglounge.com\/smoking-areas-in-spanish-airports\/#breadcrumb\"},\"inLanguage\":\"tr\",\"potentialAction\":[{\"@type\":\"ReadAction\",\"target\":[\"https:\/\/airportsmokinglounge.com\/smoking-areas-in-spanish-airports\/\"]}]},{\"@type\":\"ImageObject\",\"inLanguage\":\"tr\",\"@id\":\"https:\/\/airportsmokinglounge.com\/smoking-areas-in-spanish-airports\/#primaryimage\",\"url\":\"https:\/\/airportsmokinglounge.com\/wp-content\/uploads\/2023\/03\/airport-smoking-lounge-4.jpg\",\"contentUrl\":\"https:\/\/airportsmokinglounge.com\/wp-content\/uploads\/2023\/03\/airport-smoking-lounge-4.jpg\",\"width\":2048,\"height\":1152,\"caption\":\"Airport Smoking\"},{\"@type\":\"BreadcrumbList\",\"@id\":\"https:\/\/airportsmokinglounge.com\/smoking-areas-in-spanish-airports\/#breadcrumb\",\"itemListElement\":[{\"@type\":\"ListItem\",\"position\":1,\"name\":\"Home\",\"item\":\"https:\/\/airportsmokinglounge.com\/\"},{\"@type\":\"ListItem\",\"position\":2,\"name\":\"Smoking areas in Spanish Airports\"}]},{\"@type\":\"WebSite\",\"@id\":\"https:\/\/airportsmokinglounge.com\/#website\",\"url\":\"https:\/\/airportsmokinglounge.com\/\",\"name\":\"airportsmokinglounge.com\",\"description\":\"\",\"potentialAction\":[{\"@type\":\"SearchAction\",\"target\":{\"@type\":\"EntryPoint\",\"urlTemplate\":\"https:\/\/airportsmokinglounge.com\/?s={search_term_string}\"},\"query-input\":{\"@type\":\"PropertyValueSpecification\",\"valueRequired\":true,\"valueName\":\"search_term_string\"}}],\"inLanguage\":\"tr\"}]}<\/script>\n<!-- \/ Yoast SEO plugin. -->","yoast_head_json":{"title":"\u0130spanya Havalimanlar\u0131ndaki sigara i\u00e7ilen alanlar - Airport Smokinglounge.com","description":"\u0130spanya Havalimanlar\u0131ndaki Sigara \u0130\u00e7ilebilen Alanlar - Sigara \u0130\u00e7ilecek Bir Yer Bulmak \u0130\u00e7in En \u0130yi Rehberiniz \u2714\ufe0e Bir Sonraki Sigara \u0130\u00e7me Noktan\u0131z\u0131 Bulun \u2714\ufe0e","robots":{"index":"index","follow":"follow","max-snippet":"max-snippet:-1","max-image-preview":"max-image-preview:large","max-video-preview":"max-video-preview:-1"},"canonical":"https:\/\/airportsmokinglounge.com\/tr\/ispanyol-havalimanlarindaki-sigara-icme-alanlari\/","og_locale":"tr_TR","og_type":"article","og_title":"Smoking areas in Spanish Airports - airportsmokinglounge.com","og_description":"Smoking Areas in Spanish Airports - Your Ultimate Guide to Finding a Place to Smoke \u2714\ufe0e Find Your Next Smoke Break Spot \u2714\ufe0e","og_url":"https:\/\/airportsmokinglounge.com\/tr\/ispanyol-havalimanlarindaki-sigara-icme-alanlari\/","og_site_name":"airportsmokinglounge.com","article_modified_time":"2023-05-30T11:02:18+00:00","og_image":[{"width":2048,"height":1152,"url":"https:\/\/airportsmokinglounge.com\/wp-content\/uploads\/2023\/03\/airport-smoking-lounge-4.jpg","type":"image\/jpeg"}],"twitter_card":"summary_large_image","twitter_misc":{"Tahmini okuma s\u00fcresi":"2 dakika"},"schema":{"@context":"https:\/\/schema.org","@graph":[{"@type":"WebPage","@id":"https:\/\/airportsmokinglounge.com\/smoking-areas-in-spanish-airports\/","url":"https:\/\/airportsmokinglounge.com\/smoking-areas-in-spanish-airports\/","name":"\u0130spanya Havalimanlar\u0131ndaki sigara i\u00e7ilen alanlar - Airport Smokinglounge.com","isPartOf":{"@id":"https:\/\/airportsmokinglounge.com\/#website"},"primaryImageOfPage":{"@id":"https:\/\/airportsmokinglounge.com\/smoking-areas-in-spanish-airports\/#primaryimage"},"image":{"@id":"https:\/\/airportsmokinglounge.com\/smoking-areas-in-spanish-airports\/#primaryimage"},"thumbnailUrl":"https:\/\/airportsmokinglounge.com\/wp-content\/uploads\/2023\/03\/airport-smoking-lounge-4.jpg","datePublished":"2023-02-21T18:45:31+00:00","dateModified":"2023-05-30T11:02:18+00:00","description":"\u0130spanya Havalimanlar\u0131ndaki Sigara \u0130\u00e7ilebilen Alanlar - Sigara \u0130\u00e7ilecek Bir Yer Bulmak \u0130\u00e7in En \u0130yi Rehberiniz \u2714\ufe0e Bir Sonraki Sigara \u0130\u00e7me Noktan\u0131z\u0131 Bulun \u2714\ufe0e","breadcrumb":{"@id":"https:\/\/airportsmokinglounge.com\/smoking-areas-in-spanish-airports\/#breadcrumb"},"inLanguage":"tr","potentialAction":[{"@type":"ReadAction","target":["https:\/\/airportsmokinglounge.com\/smoking-areas-in-spanish-airports\/"]}]},{"@type":"ImageObject","inLanguage":"tr","@id":"https:\/\/airportsmokinglounge.com\/smoking-areas-in-spanish-airports\/#primaryimage","url":"https:\/\/airportsmokinglounge.com\/wp-content\/uploads\/2023\/03\/airport-smoking-lounge-4.jpg","contentUrl":"https:\/\/airportsmokinglounge.com\/wp-content\/uploads\/2023\/03\/airport-smoking-lounge-4.jpg","width":2048,"height":1152,"caption":"Airport Smoking"},{"@type":"BreadcrumbList","@id":"https:\/\/airportsmokinglounge.com\/smoking-areas-in-spanish-airports\/#breadcrumb","itemListElement":[{"@type":"ListItem","position":1,"name":"Home","item":"https:\/\/airportsmokinglounge.com\/"},{"@type":"ListItem","position":2,"name":"Smoking areas in Spanish Airports"}]},{"@type":"WebSite","@id":"https:\/\/airportsmokinglounge.com\/#website","url":"https:\/\/airportsmokinglounge.com\/","name":"havaalan\u0131sigara salonu.com","description":"","potentialAction":[{"@type":"SearchAction","target":{"@type":"EntryPoint","urlTemplate":"https:\/\/airportsmokinglounge.com\/?s={search_term_string}"},"query-input":{"@type":"PropertyValueSpecification","valueRequired":true,"valueName":"search_term_string"}}],"inLanguage":"tr"}]}},"_links":{"self":[{"href":"https:\/\/airportsmokinglounge.com\/tr\/wp-json\/wp\/v2\/pages\/95","targetHints":{"allow":["GET"]}}],"collection":[{"href":"https:\/\/airportsmokinglounge.com\/tr\/wp-json\/wp\/v2\/pages"}],"about":[{"href":"https:\/\/airportsmokinglounge.com\/tr\/wp-json\/wp\/v2\/types\/page"}],"author":[{"embeddable":true,"href":"https:\/\/airportsmokinglounge.com\/tr\/wp-json\/wp\/v2\/users\/1"}],"replies":[{"embeddable":true,"href":"https:\/\/airportsmokinglounge.com\/tr\/wp-json\/wp\/v2\/comments?post=95"}],"version-history":[{"count":10,"href":"https:\/\/airportsmokinglounge.com\/tr\/wp-json\/wp\/v2\/pages\/95\/revisions"}],"predecessor-version":[{"id":6363,"href":"https:\/\/airportsmokinglounge.com\/tr\/wp-json\/wp\/v2\/pages\/95\/revisions\/6363"}],"wp:featuredmedia":[{"embeddable":true,"href":"https:\/\/airportsmokinglounge.com\/tr\/wp-json\/wp\/v2\/media\/1199"}],"wp:attachment":[{"href":"https:\/\/airportsmokinglounge.com\/tr\/wp-json\/wp\/v2\/media?parent=95"}],"curies":[{"name":"wp","href":"https:\/\/api.w.org\/{rel}","templated":true}]}}