{"id":976,"date":"2023-03-22T10:55:42","date_gmt":"2023-03-22T09:55:42","guid":{"rendered":"https:\/\/airportsmokinglounge.com\/?page_id=976"},"modified":"2024-01-21T21:48:45","modified_gmt":"2024-01-21T20:48:45","slug":"smoking-areas-at-copernicus-wroclaw-airport-wro","status":"publish","type":"page","link":"https:\/\/airportsmokinglounge.com\/tr\/copernicus-wroclaw-havaalaninda-wro-sigara-icme-alanlari\/","title":{"rendered":"Copernicus Wroclaw Havaliman\u0131&#039;ndaki (WRO) sigara i\u00e7me alanlar\u0131"},"content":{"rendered":"<p>Eskiden Wroc\u0142aw Nicolaus Copernicus Havaalan\u0131 olarak bilinen Copernicus Havaalan\u0131 Wroc\u0142aw, Polonya&#039;n\u0131n \u00f6nemli havalimanlar\u0131ndan biridir.<\/p>\n<p>Havaalan\u0131 \u00e7ok \u00e7e\u015fitli yurt i\u00e7i ve yurt d\u0131\u015f\u0131 u\u00e7u\u015f ba\u011flant\u0131lar\u0131 sunmaktad\u0131r. Hem geleneksel ta\u015f\u0131y\u0131c\u0131lar hem de d\u00fc\u015f\u00fck maliyetli havayollar\u0131 i\u00e7in bir merkez g\u00f6revi g\u00f6rerek Var\u015fova, Krak\u00f3w, Gda\u0144sk ve Pozna\u0144 dahil olmak \u00fczere \u00e7e\u015fitli Polonya \u015fehirlerine kolay eri\u015fim sa\u011flar. Ek olarak, Avrupa&#039;daki \u00e7ok say\u0131da destinasyona ba\u011flant\u0131lar sunarak gezginlerin k\u0131tan\u0131n farkl\u0131 b\u00f6lgelerini ke\u015ffetmesine olanak tan\u0131yor.<\/p>\n<h2>G\u00fcvenlik Kontrol\u00fc \u00f6ncesi sigara i\u00e7ilen alanlar<\/h2>\n<ul>\n<li><span style=\"font-size: 12pt;\">Sadece terminalin d\u0131\u015f\u0131nda sigara i\u00e7ilebilir<\/span><\/li>\n<\/ul>\n<h2>G\u00fcvenlik Kontrol\u00fcnden Sonra Sigara \u0130\u00e7ilen Alanlar<\/h2>\n<ul>\n<li>Gate Bar Schengen&#039;in hemen yan\u0131nda, 2 numaral\u0131 kap\u0131n\u0131n kar\u015f\u0131s\u0131nda bir sigara i\u00e7me alan\u0131 bulunmaktad\u0131r.<\/li>\n<\/ul>\n<p><img decoding=\"async\" class=\"aligncenter size-full wp-image-7258\" src=\"https:\/\/airportsmokinglounge.com\/wp-content\/uploads\/2024\/01\/image.png\" alt=\"Copernicus Wroclaw Havaliman\u0131&#039;ndaki (WRO) sigara i\u00e7me alanlar\u0131\" width=\"845\" height=\"504\" srcset=\"https:\/\/airportsmokinglounge.com\/wp-content\/uploads\/2024\/01\/image.png 845w, https:\/\/airportsmokinglounge.com\/wp-content\/uploads\/2024\/01\/image-300x179.png 300w, https:\/\/airportsmokinglounge.com\/wp-content\/uploads\/2024\/01\/image-768x458.png 768w, https:\/\/airportsmokinglounge.com\/wp-content\/uploads\/2024\/01\/image-18x12.png 18w\" sizes=\"(max-width: 845px) 100vw, 845px\" \/><\/p>\n<p><span style=\"font-size: 12pt;\">Resmi Web Sitesinde Daha Fazla Bilgi<\/span><\/p>\n<ul>\n<li><span style=\"font-size: 12pt;\"><a href=\"https:\/\/airport.wroclaw.pl\/\" target=\"_blank\" rel=\"noopener\">www.airport.wroclaw.pl<\/a><\/span><\/li>\n<\/ul>\n<p><span style=\"font-size: 12pt;\"><strong>Bize geri bildirim g\u00f6nderin<\/strong><\/span><\/p>\n<p><span style=\"font-size: 12pt;\">Havaalan\u0131ndaysan\u0131z, sigara i\u00e7ilen alanlar\u0131n resimlerini bize g\u00f6nderebilirsiniz. Bu, veritaban\u0131m\u0131z\u0131 daha h\u0131zl\u0131 doldurmam\u0131za yard\u0131mc\u0131 olacakt\u0131r. Bunu yapabilirsiniz <strong><a href=\"https:\/\/airportsmokinglounge.com\/tr\/temas-etmek\/\">Burada<\/a>.<\/strong> G\u00f6rseller, g\u00f6rsel kayna\u011f\u0131 (isim) belirtilerek sitemizde yay\u0131nlanmaktad\u0131r. Bu resimleri bizimle ve t\u00fcm Airport Smokinglounge.com ziyaret\u00e7ileriyle payla\u015fmaktan \u00e7ekinmeyin.<\/span><\/p>\n<h2>Polonya havalimanlar\u0131nda sigara i\u00e7mek<\/h2>\n<p>Bekleme alanlar\u0131, check-in salonlar\u0131, g\u00fcvenlik alanlar\u0131 ve di\u011fer kapal\u0131 alanlar dahil olmak \u00fczere Polonya havalimanlar\u0131n\u0131n terminal binalar\u0131nda sigara i\u00e7mek genellikle yasakt\u0131r. Bu hem i\u00e7 hatlar hem de d\u0131\u015f hatlar i\u00e7in ge\u00e7erlidir. Sigara yasa\u011f\u0131, t\u00fcm yolcular ve havaliman\u0131 personeli i\u00e7in daha sa\u011fl\u0131kl\u0131 ve konforlu bir ortam sa\u011flamak amac\u0131yla uygulanmaktad\u0131r.<\/p>\n<p>Sigara i\u00e7me y\u00f6netmeli\u011fine uygun olarak, baz\u0131 havalimanlar\u0131 terminal binalar\u0131n\u0131n d\u0131\u015f\u0131nda \u00f6zel sigara i\u00e7me alanlar\u0131 sa\u011flayabilir. Bu alanlar tipik olarak k\u00fcl tablalar\u0131 ve nerede sigara i\u00e7ilmesine izin verildi\u011fini belirtmek i\u00e7in belirlenmi\u015f tabelalarla donat\u0131lm\u0131\u015ft\u0131r. Sigara i\u00e7mek isteyen yolcular\u0131n bu belirlenmi\u015f alanlar\u0131 kullanmalar\u0131 ve sigara izmaritlerini uygun \u015fekilde atmalar\u0131 gerekmektedir.<\/p>\n<p>Terminal binalar\u0131nda sigara i\u00e7mek genellikle yasak oldu\u011fundan, sigara i\u00e7me salonlar\u0131 veya havaalan\u0131 i\u00e7indeki \u00f6zel sigara i\u00e7me alanlar\u0131 gibi sigarayla ilgili hizmetler yayg\u0131n olarak bulunmaz. Yolcular\u0131n buna g\u00f6re plan yapmalar\u0131 ve havaliman\u0131 terminaline girmeden \u00f6nce belirlenmi\u015f a\u00e7\u0131k hava sigara i\u00e7me alanlar\u0131n\u0131 kullanmalar\u0131 te\u015fvik edilir.<\/p>\n<h3>S\u0131k\u00e7a Sorulan Sorular<\/h3>\n<h4>Havaliman\u0131 sigara i\u00e7me alanlar\u0131 7\/24 a\u00e7\u0131k m\u0131?<\/h4>\n<p>Havaliman\u0131 sigara i\u00e7me alanlar\u0131n\u0131n mevcudiyeti, havaliman\u0131na ve konuma g\u00f6re de\u011fi\u015fiklik g\u00f6sterebilir. Baz\u0131 sigara i\u00e7me alanlar\u0131 24 saat a\u00e7\u0131kken, baz\u0131lar\u0131nda k\u0131s\u0131tl\u0131 saatler olabilir veya belirli saatlerde kapal\u0131 olabilir. Sigara i\u00e7me alan\u0131n\u0131n \u00e7al\u0131\u015fma saatleri hakk\u0131nda \u00f6zel bilgi i\u00e7in havaalan\u0131na dan\u0131\u015fmak veya web sitelerini ziyaret etmek en iyisidir.<\/p>\n<h4>Sigara i\u00e7me alan\u0131na kendi yiyecek ve i\u00e7eceklerimi getirmeme izin verilir mi?<\/h4>\n<p>Bu, belirli sigara i\u00e7me alan\u0131na ve havaalan\u0131na ba\u011fl\u0131 olabilir. Baz\u0131 sigara i\u00e7me alanlar\u0131 d\u0131\u015far\u0131dan yiyecek ve i\u00e7eceklere izin verirken, baz\u0131lar\u0131nda k\u0131s\u0131tlamalar olabilir veya tamamen yasak olabilir. Belirli kurallar ve y\u00f6netmelikler i\u00e7in havaalan\u0131na veya sigara i\u00e7ilen alan tabelas\u0131na bakmak en iyisidir.<\/p>\n<h4>Havaliman\u0131ndaki t\u00fcm sigara i\u00e7ilen alanlarda sigara i\u00e7ilebilir mi?<\/h4>\n<p>Havaalan\u0131 sigara i\u00e7ilen alanlar\u0131n t\u00fcm\u00fc sigara i\u00e7ilmesine izin vermeyebilir. Baz\u0131 havalimanlar\u0131nda, geleneksel sigara i\u00e7me alanlar\u0131ndan ayr\u0131 elektronik sigara veya elektronik sigara i\u00e7in belirlenmi\u015f alanlar olabilir. Kullanmay\u0131 planlad\u0131\u011f\u0131n\u0131z sigara i\u00e7me alan\u0131 i\u00e7in \u00f6zel kural ve d\u00fczenlemeleri kontrol etti\u011finizden emin olun.<\/p>\n<h4>Sigara i\u00e7ilen alanlar klimal\u0131 m\u0131 yoksa \u0131s\u0131tmal\u0131 m\u0131?<\/h4>\n<p>Havaalan\u0131 sigara i\u00e7me alanlar\u0131n\u0131n s\u0131cakl\u0131\u011f\u0131 ve havaland\u0131rmas\u0131 b\u00fcy\u00fck \u00f6l\u00e7\u00fcde de\u011fi\u015febilir. Baz\u0131lar\u0131 klimal\u0131 veya \u0131s\u0131tmal\u0131 olabilirken, di\u011ferleri d\u0131\u015f etkenlerden s\u0131n\u0131rl\u0131 korumaya sahip a\u00e7\u0131k hava alanlar\u0131 olabilir. Ko\u015fullar\u0131 belirlemek ve buna g\u00f6re haz\u0131rlanmak i\u00e7in \u00f6nceden havaalan\u0131na dan\u0131\u015ft\u0131\u011f\u0131n\u0131zdan veya sigara i\u00e7me alan\u0131n\u0131 ziyaret etti\u011finizden emin olun.<\/p>\n<h4>Sigara i\u00e7ilen alanlar engelli yolcular i\u00e7in eri\u015filebilir mi?<\/h4>\n<p>Bir\u00e7ok havaalan\u0131, sigara i\u00e7me alanlar\u0131n\u0131 engelli yolcular\u0131n eri\u015fimine uygun hale getirmek i\u00e7in \u00e7aba sarf etmi\u015ftir. Ancak, belirli sigara i\u00e7me alanlar\u0131n\u0131n eri\u015filebilirli\u011fi b\u00fcy\u00fck \u00f6l\u00e7\u00fcde de\u011fi\u015febilir. Eri\u015filebilir olup olmad\u0131\u011f\u0131n\u0131 ve ihtiya\u00e7lar\u0131n\u0131z\u0131 kar\u015f\u0131lay\u0131p kar\u015f\u0131lamad\u0131\u011f\u0131n\u0131 belirlemek i\u00e7in havaalan\u0131na dan\u0131\u015ft\u0131\u011f\u0131n\u0131zdan veya sigara i\u00e7me alan\u0131n\u0131 \u00f6nceden ziyaret etti\u011finizden emin olun.<\/p>\n<p><span style=\"font-size: 12pt;\"><strong>Polonya konumundaki di\u011fer havaalanlar\u0131:<\/strong> <\/span><\/p>\n<ul>\n<li><span style=\"font-size: 12pt;\"><a href=\"https:\/\/airportsmokinglounge.com\/tr\/polonya-havaalanlarinda-sigara-icilebilen-alanlar\/\">Polonya Havalimanlar\u0131<\/a><\/span><\/li>\n<\/ul>\n<p><span style=\"font-size: 12pt;\"><strong>Sigara i\u00e7ilen alanlar:<\/strong><\/span><\/p>\n<ul>\n<li><span style=\"font-size: 12pt;\"><a href=\"https:\/\/airportsmokinglounge.com\/tr\/avrupa-havalimanlarindaki-sigara-icme-alanlari\/\">Avrupa havaalanlar\u0131<\/a><\/span><\/li>\n<\/ul>","protected":false},"excerpt":{"rendered":"<p>Copernicus Havaliman\u0131 Wroc\u0142aw, eski ad\u0131yla Wroc\u0142aw Nicolaus Copernicus Havaliman\u0131, Polonya&#039;n\u0131n en b\u00fcy\u00fck havalimanlar\u0131ndan biridir. Havaliman\u0131, \u00e7ok \u00e7e\u015fitli yurt i\u00e7i ve yurt d\u0131\u015f\u0131 u\u00e7u\u015f ba\u011flant\u0131lar\u0131 sunmaktad\u0131r. Hem geleneksel havayollar\u0131 hem de d\u00fc\u015f\u00fck maliyetli havayollar\u0131 i\u00e7in bir merkez g\u00f6revi g\u00f6rerek, Var\u015fova, Krak\u00f3w, Gda\u0144sk ve Pozna\u0144 gibi \u00e7e\u015fitli Polonya \u015fehirlerine kolay eri\u015fim sa\u011flamaktad\u0131r.&nbsp;<a href=\"https:\/\/airportsmokinglounge.com\/tr\/copernicus-wroclaw-havaalaninda-wro-sigara-icme-alanlari\/\" rel=\"bookmark\">Devam\u0131n\u0131 oku &quot;<span class=\"screen-reader-text\">Copernicus Wroclaw Havaliman\u0131&#039;ndaki (WRO) sigara i\u00e7me alanlar\u0131<\/span><\/a><\/p>","protected":false},"author":1,"featured_media":1199,"parent":0,"menu_order":0,"comment_status":"closed","ping_status":"closed","template":"","meta":{"neve_meta_sidebar":"","neve_meta_container":"","neve_meta_enable_content_width":"off","neve_meta_content_width":100,"neve_meta_title_alignment":"","neve_meta_author_avatar":"","neve_post_elements_order":"","neve_meta_disable_header":"","neve_meta_disable_footer":"","neve_meta_disable_title":"","neve_meta_reading_time":"","footnotes":""},"class_list":["post-976","page","type-page","status-publish","has-post-thumbnail","hentry"],"yoast_head":"<!-- This site is optimized with the Yoast SEO plugin v26.6 - https:\/\/yoast.com\/wordpress\/plugins\/seo\/ -->\n<title>Smoking areas at Copernicus Wroclaw Airport (WRO)<\/title>\n<meta name=\"description\" content=\"Smoking areas Copernicus Wroclaw Airport - Find a smoking area in the airport \u2714\ufe0e Smoking Guide in Airports for Travelers \u2714\ufe0e\" \/>\n<meta name=\"robots\" content=\"index, follow, max-snippet:-1, max-image-preview:large, max-video-preview:-1\" \/>\n<link rel=\"canonical\" href=\"https:\/\/airportsmokinglounge.com\/tr\/copernicus-wroclaw-havaalaninda-wro-sigara-icme-alanlari\/\" \/>\n<meta property=\"og:locale\" content=\"tr_TR\" \/>\n<meta property=\"og:type\" content=\"article\" \/>\n<meta property=\"og:title\" content=\"Smoking areas at Copernicus Wroclaw Airport (WRO)\" \/>\n<meta property=\"og:description\" content=\"Smoking areas Copernicus Wroclaw Airport - Find a smoking area in the airport \u2714\ufe0e Smoking Guide in Airports for Travelers \u2714\ufe0e\" \/>\n<meta property=\"og:url\" content=\"https:\/\/airportsmokinglounge.com\/tr\/copernicus-wroclaw-havaalaninda-wro-sigara-icme-alanlari\/\" \/>\n<meta property=\"og:site_name\" content=\"airportsmokinglounge.com\" \/>\n<meta property=\"article:modified_time\" content=\"2024-01-21T20:48:45+00:00\" \/>\n<meta property=\"og:image\" content=\"https:\/\/airportsmokinglounge.com\/wp-content\/uploads\/2023\/03\/airport-smoking-lounge-4.jpg\" \/>\n\t<meta property=\"og:image:width\" content=\"2048\" \/>\n\t<meta property=\"og:image:height\" content=\"1152\" \/>\n\t<meta property=\"og:image:type\" content=\"image\/jpeg\" \/>\n<meta name=\"twitter:card\" content=\"summary_large_image\" \/>\n<meta name=\"twitter:label1\" content=\"Tahmini okuma s\u00fcresi\" \/>\n\t<meta name=\"twitter:data1\" content=\"4 dakika\" \/>\n<script type=\"application\/ld+json\" class=\"yoast-schema-graph\">{\"@context\":\"https:\/\/schema.org\",\"@graph\":[{\"@type\":\"WebPage\",\"@id\":\"https:\/\/airportsmokinglounge.com\/smoking-areas-at-copernicus-wroclaw-airport-wro\/\",\"url\":\"https:\/\/airportsmokinglounge.com\/smoking-areas-at-copernicus-wroclaw-airport-wro\/\",\"name\":\"Smoking areas at Copernicus Wroclaw Airport (WRO)\",\"isPartOf\":{\"@id\":\"https:\/\/airportsmokinglounge.com\/#website\"},\"primaryImageOfPage\":{\"@id\":\"https:\/\/airportsmokinglounge.com\/smoking-areas-at-copernicus-wroclaw-airport-wro\/#primaryimage\"},\"image\":{\"@id\":\"https:\/\/airportsmokinglounge.com\/smoking-areas-at-copernicus-wroclaw-airport-wro\/#primaryimage\"},\"thumbnailUrl\":\"https:\/\/airportsmokinglounge.com\/wp-content\/uploads\/2023\/03\/airport-smoking-lounge-4.jpg\",\"datePublished\":\"2023-03-22T09:55:42+00:00\",\"dateModified\":\"2024-01-21T20:48:45+00:00\",\"description\":\"Smoking areas Copernicus Wroclaw Airport - Find a smoking area in the airport \u2714\ufe0e Smoking Guide in Airports for Travelers \u2714\ufe0e\",\"breadcrumb\":{\"@id\":\"https:\/\/airportsmokinglounge.com\/smoking-areas-at-copernicus-wroclaw-airport-wro\/#breadcrumb\"},\"inLanguage\":\"tr\",\"potentialAction\":[{\"@type\":\"ReadAction\",\"target\":[\"https:\/\/airportsmokinglounge.com\/smoking-areas-at-copernicus-wroclaw-airport-wro\/\"]}]},{\"@type\":\"ImageObject\",\"inLanguage\":\"tr\",\"@id\":\"https:\/\/airportsmokinglounge.com\/smoking-areas-at-copernicus-wroclaw-airport-wro\/#primaryimage\",\"url\":\"https:\/\/airportsmokinglounge.com\/wp-content\/uploads\/2023\/03\/airport-smoking-lounge-4.jpg\",\"contentUrl\":\"https:\/\/airportsmokinglounge.com\/wp-content\/uploads\/2023\/03\/airport-smoking-lounge-4.jpg\",\"width\":2048,\"height\":1152,\"caption\":\"Airport Smoking\"},{\"@type\":\"BreadcrumbList\",\"@id\":\"https:\/\/airportsmokinglounge.com\/smoking-areas-at-copernicus-wroclaw-airport-wro\/#breadcrumb\",\"itemListElement\":[{\"@type\":\"ListItem\",\"position\":1,\"name\":\"Home\",\"item\":\"https:\/\/airportsmokinglounge.com\/\"},{\"@type\":\"ListItem\",\"position\":2,\"name\":\"Smoking areas at Copernicus Wroclaw Airport (WRO)\"}]},{\"@type\":\"WebSite\",\"@id\":\"https:\/\/airportsmokinglounge.com\/#website\",\"url\":\"https:\/\/airportsmokinglounge.com\/\",\"name\":\"airportsmokinglounge.com\",\"description\":\"\",\"potentialAction\":[{\"@type\":\"SearchAction\",\"target\":{\"@type\":\"EntryPoint\",\"urlTemplate\":\"https:\/\/airportsmokinglounge.com\/?s={search_term_string}\"},\"query-input\":{\"@type\":\"PropertyValueSpecification\",\"valueRequired\":true,\"valueName\":\"search_term_string\"}}],\"inLanguage\":\"tr\"}]}<\/script>\n<!-- \/ Yoast SEO plugin. -->","yoast_head_json":{"title":"Copernicus Wroclaw Havaliman\u0131&#039;ndaki (WRO) sigara i\u00e7me alanlar\u0131","description":"Sigara i\u00e7me alanlar\u0131 Copernicus Wroclaw Havaalan\u0131 - Havaalan\u0131nda sigara i\u00e7ilebilen bir alan bulun \u2714\ufe0e Gezginler i\u00e7in Havalimanlar\u0131nda Sigara \u0130\u00e7me Rehberi \u2714\ufe0e","robots":{"index":"index","follow":"follow","max-snippet":"max-snippet:-1","max-image-preview":"max-image-preview:large","max-video-preview":"max-video-preview:-1"},"canonical":"https:\/\/airportsmokinglounge.com\/tr\/copernicus-wroclaw-havaalaninda-wro-sigara-icme-alanlari\/","og_locale":"tr_TR","og_type":"article","og_title":"Smoking areas at Copernicus Wroclaw Airport (WRO)","og_description":"Smoking areas Copernicus Wroclaw Airport - Find a smoking area in the airport \u2714\ufe0e Smoking Guide in Airports for Travelers \u2714\ufe0e","og_url":"https:\/\/airportsmokinglounge.com\/tr\/copernicus-wroclaw-havaalaninda-wro-sigara-icme-alanlari\/","og_site_name":"airportsmokinglounge.com","article_modified_time":"2024-01-21T20:48:45+00:00","og_image":[{"width":2048,"height":1152,"url":"https:\/\/airportsmokinglounge.com\/wp-content\/uploads\/2023\/03\/airport-smoking-lounge-4.jpg","type":"image\/jpeg"}],"twitter_card":"summary_large_image","twitter_misc":{"Tahmini okuma s\u00fcresi":"4 dakika"},"schema":{"@context":"https:\/\/schema.org","@graph":[{"@type":"WebPage","@id":"https:\/\/airportsmokinglounge.com\/smoking-areas-at-copernicus-wroclaw-airport-wro\/","url":"https:\/\/airportsmokinglounge.com\/smoking-areas-at-copernicus-wroclaw-airport-wro\/","name":"Copernicus Wroclaw Havaliman\u0131&#039;ndaki (WRO) sigara i\u00e7me alanlar\u0131","isPartOf":{"@id":"https:\/\/airportsmokinglounge.com\/#website"},"primaryImageOfPage":{"@id":"https:\/\/airportsmokinglounge.com\/smoking-areas-at-copernicus-wroclaw-airport-wro\/#primaryimage"},"image":{"@id":"https:\/\/airportsmokinglounge.com\/smoking-areas-at-copernicus-wroclaw-airport-wro\/#primaryimage"},"thumbnailUrl":"https:\/\/airportsmokinglounge.com\/wp-content\/uploads\/2023\/03\/airport-smoking-lounge-4.jpg","datePublished":"2023-03-22T09:55:42+00:00","dateModified":"2024-01-21T20:48:45+00:00","description":"Sigara i\u00e7me alanlar\u0131 Copernicus Wroclaw Havaalan\u0131 - Havaalan\u0131nda sigara i\u00e7ilebilen bir alan bulun \u2714\ufe0e Gezginler i\u00e7in Havalimanlar\u0131nda Sigara \u0130\u00e7me Rehberi \u2714\ufe0e","breadcrumb":{"@id":"https:\/\/airportsmokinglounge.com\/smoking-areas-at-copernicus-wroclaw-airport-wro\/#breadcrumb"},"inLanguage":"tr","potentialAction":[{"@type":"ReadAction","target":["https:\/\/airportsmokinglounge.com\/smoking-areas-at-copernicus-wroclaw-airport-wro\/"]}]},{"@type":"ImageObject","inLanguage":"tr","@id":"https:\/\/airportsmokinglounge.com\/smoking-areas-at-copernicus-wroclaw-airport-wro\/#primaryimage","url":"https:\/\/airportsmokinglounge.com\/wp-content\/uploads\/2023\/03\/airport-smoking-lounge-4.jpg","contentUrl":"https:\/\/airportsmokinglounge.com\/wp-content\/uploads\/2023\/03\/airport-smoking-lounge-4.jpg","width":2048,"height":1152,"caption":"Airport Smoking"},{"@type":"BreadcrumbList","@id":"https:\/\/airportsmokinglounge.com\/smoking-areas-at-copernicus-wroclaw-airport-wro\/#breadcrumb","itemListElement":[{"@type":"ListItem","position":1,"name":"Home","item":"https:\/\/airportsmokinglounge.com\/"},{"@type":"ListItem","position":2,"name":"Smoking areas at Copernicus Wroclaw Airport (WRO)"}]},{"@type":"WebSite","@id":"https:\/\/airportsmokinglounge.com\/#website","url":"https:\/\/airportsmokinglounge.com\/","name":"havaalan\u0131sigara salonu.com","description":"","potentialAction":[{"@type":"SearchAction","target":{"@type":"EntryPoint","urlTemplate":"https:\/\/airportsmokinglounge.com\/?s={search_term_string}"},"query-input":{"@type":"PropertyValueSpecification","valueRequired":true,"valueName":"search_term_string"}}],"inLanguage":"tr"}]}},"_links":{"self":[{"href":"https:\/\/airportsmokinglounge.com\/tr\/wp-json\/wp\/v2\/pages\/976","targetHints":{"allow":["GET"]}}],"collection":[{"href":"https:\/\/airportsmokinglounge.com\/tr\/wp-json\/wp\/v2\/pages"}],"about":[{"href":"https:\/\/airportsmokinglounge.com\/tr\/wp-json\/wp\/v2\/types\/page"}],"author":[{"embeddable":true,"href":"https:\/\/airportsmokinglounge.com\/tr\/wp-json\/wp\/v2\/users\/1"}],"replies":[{"embeddable":true,"href":"https:\/\/airportsmokinglounge.com\/tr\/wp-json\/wp\/v2\/comments?post=976"}],"version-history":[{"count":7,"href":"https:\/\/airportsmokinglounge.com\/tr\/wp-json\/wp\/v2\/pages\/976\/revisions"}],"predecessor-version":[{"id":7259,"href":"https:\/\/airportsmokinglounge.com\/tr\/wp-json\/wp\/v2\/pages\/976\/revisions\/7259"}],"wp:featuredmedia":[{"embeddable":true,"href":"https:\/\/airportsmokinglounge.com\/tr\/wp-json\/wp\/v2\/media\/1199"}],"wp:attachment":[{"href":"https:\/\/airportsmokinglounge.com\/tr\/wp-json\/wp\/v2\/media?parent=976"}],"curies":[{"name":"wp","href":"https:\/\/api.w.org\/{rel}","templated":true}]}}