{"id":99,"date":"2023-02-21T20:39:57","date_gmt":"2023-02-21T19:39:57","guid":{"rendered":"https:\/\/airportsmokinglounge.com\/?page_id=99"},"modified":"2023-05-26T20:44:23","modified_gmt":"2023-05-26T18:44:23","slug":"smoking-areas-in-italian-airports","status":"publish","type":"page","link":"https:\/\/airportsmokinglounge.com\/tr\/italyan-havalimanlarindaki-sigara-icme-alanlari\/","title":{"rendered":"\u0130talyan havaalanlar\u0131nda sigara i\u00e7ilen alanlar"},"content":{"rendered":"<p>\u0130talya, hem yurt i\u00e7i hem de yurt d\u0131\u015f\u0131 seyahat edenler i\u00e7in \u00f6nemli bir ge\u00e7i\u015f noktas\u0131 g\u00f6revi g\u00f6ren bir\u00e7ok havaalan\u0131na ev sahipli\u011fi yapmaktad\u0131r.<\/p>\n<p>Bu web sitesinde, belirlenmi\u015f sigara i\u00e7me alanlar\u0131 ve mevcut tesisler dahil olmak \u00fczere havalimanlar\u0131ndaki t\u00fcm sigara i\u00e7me alanlar\u0131n\u0131 bulabilirsiniz. G\u00fcvenlikten ge\u00e7ip hi\u00e7bir yerde sigara i\u00e7ilen alanlar\u0131n olmad\u0131\u011f\u0131n\u0131 ve baz\u0131 durumlarda e-sigara i\u00e7ilmesine izin verilmeyebilece\u011fini g\u00f6rmenin hayal k\u0131r\u0131kl\u0131\u011f\u0131n\u0131 anl\u0131yoruz.<\/p>\n<p>Bu hizmet, uzun u\u00e7u\u015flardan \u00f6nce veya sonra sigara keyfi yapmak isteyen t\u00fcm sigara i\u00e7enler i\u00e7indir.<\/p>\n<h2>\u0130talya Havalimanlar\u0131<\/h2>\n<ul style=\"list-style-type: circle;\">\n<li><a href=\"https:\/\/airportsmokinglounge.com\/tr\/roma-fiumicino-havaalani-fcoda-sigara-icme-alanlari\/\">ROMA FIUMICINO HAVAL\u0130MANI (FCO)<\/a><\/li>\n<li><a href=\"https:\/\/airportsmokinglounge.com\/tr\/milano-malpensa-havaalaninda-mxp-sigara-icme-alanlari\/\">M\u0130LANO MALPENSA ULUSLARARASI HAVAL\u0130MANI (MXP)<\/a><\/li>\n<li><a href=\"https:\/\/airportsmokinglounge.com\/tr\/venedik-marco-polo-havaalaninda-vce-sigara-icme-alanlari\/\">VENED\u0130K MARCO POLO HAVAL\u0130MANI (VCE)<\/a><\/li>\n<li><a href=\"https:\/\/airportsmokinglounge.com\/tr\/bologna-havaalaninda-sigara-icme-alanlari-blq\/\">BOLONYA HAVAL\u0130MANI (BLQ)<\/a><\/li>\n<li><a href=\"https:\/\/airportsmokinglounge.com\/tr\/napoli-uluslararasi-havaalaninda-sigara-icme-alanlari\/\">NAPOL\u0130 ULUSLARARASI HAVAL\u0130MANI NAPOL\u0130 (NAP)<\/a><\/li>\n<li><a href=\"https:\/\/airportsmokinglounge.com\/tr\/catania-airport-cta-at-sigara-alanlari\/\">CATANIA-FONTANAROSSA HAVAL\u0130MANI (CTA)<\/a><\/li>\n<li><a href=\"https:\/\/airportsmokinglounge.com\/tr\/milano-linate-havaalaninda-lin-sigara-icme-alanlari\/\">MILAN LINATE HAVAL\u0130MANI (LIN)<\/a><\/li>\n<li><a href=\"https:\/\/airportsmokinglounge.com\/tr\/torino-havalimani-trn-sigara-icme-alanlari\/\">TOrino HAVAL\u0130MANI (TRN)<\/a><\/li>\n<li><a href=\"https:\/\/airportsmokinglounge.com\/tr\/verona-havaalaninda-vrn-sigara-icme-alanlari\/\">VERONA VILLAFRANCA HAVAL\u0130MANI (VRN)<\/a><\/li>\n<li><a href=\"https:\/\/airportsmokinglounge.com\/tr\/sigara-alanlari-at-palermo-havalimani-pmo\/\">PALERMO HAVAL\u0130MANI (PMO)<\/a><\/li>\n<li><a href=\"https:\/\/airportsmokinglounge.com\/tr\/pisa-havalimaninda-psa-sigara-icme-alanlari\/\">PISA ULUSLARARASI HAVAL\u0130MANI (PSA)<\/a><\/li>\n<li><a href=\"https:\/\/airportsmokinglounge.com\/tr\/bari-havaalaninda-bri-sigara-icme-alanlari\/\">BARI HAVAL\u0130MANI (BRI)<\/a><\/li>\n<li><a href=\"https:\/\/airportsmokinglounge.com\/tr\/cenova-havaalaninda-goa-sigara-icme-alanlari\/\">CENOVA CENOA CRISTOFORO COLOMBO HAVAL\u0130MANI (GOA)<\/a><\/li>\n<li><a href=\"https:\/\/airportsmokinglounge.com\/tr\/cagliari-elmas-havaalaninda-cag-sigara-icme-alanlari\/\">\u00c7A\u011eLIARI ELMAS HAVAL\u0130MANI (CAG)<\/a><\/li>\n<li><a href=\"https:\/\/airportsmokinglounge.com\/tr\/bergamo-uluslararasi-havaalaninda-bgy-sigara-icme-alanlari\/\">BERGAMO ULUSLARARASI HAVAL\u0130MANI (BGY)<\/a><\/li>\n<li><a href=\"https:\/\/airportsmokinglounge.com\/tr\/treviso-havaalaninda-tsf-sigara-icme-alanlari\/\">TREV\u0130SO HAVAL\u0130MANI (TSF)<\/a><\/li>\n<li><a href=\"https:\/\/airportsmokinglounge.com\/tr\/roma-ciampino-havaalaninda-cia-sigara-icme-alanlari\/\">ROMA CIAMPINO HAVAL\u0130MANI (CIA)<\/a><\/li>\n<li><a href=\"https:\/\/airportsmokinglounge.com\/tr\/floransa-havaalaninda-flrde-sigara-icilen-alanlar\/\">FIRENZE PERETOLA HAVAL\u0130MANI (FLR)<\/a><\/li>\n<li><a href=\"https:\/\/airportsmokinglounge.com\/tr\/olbia-havalimaninda-olb-sigara-icme-alanlari\/\">OLBIA HAVAL\u0130MANI (OLB)<\/a><\/li>\n<li><a href=\"https:\/\/airportsmokinglounge.com\/tr\/lamezia-havaalaninda-sufta-sigara-icilen-alanlar\/\">LAMEZIA TERME HAVAL\u0130MANI (SUF)<\/a><\/li>\n<li><a href=\"https:\/\/airportsmokinglounge.com\/tr\/brindisi-havaalaninda-bdsde-sigara-icilen-alanlar\/\">BRINDISI \u2013 SALENTO HAVAL\u0130MANI (BDS)<\/a><\/li>\n<li><a href=\"https:\/\/airportsmokinglounge.com\/tr\/ancona-havaalaninda-aoi-sigara-icme-alanlari\/\">ANCONA FALCONARA HAVAL\u0130MANI (AOI)<\/a><\/li>\n<li><a href=\"https:\/\/airportsmokinglounge.com\/tr\/trieste-havaalanindaki-sigara-icilebilir-alanlar-trs\/\">TRIESTE HAVAL\u0130MANI (TRS)<\/a><\/li>\n<\/ul>\n<h2>\u0130talya&#039;n\u0131n Sigara Yasas\u0131<\/h2>\n<p>Sigara i\u00e7mek i\u00e7in \u00f6zel olarak tasarlanm\u0131\u015f ve donat\u0131lm\u0131\u015f sigara i\u00e7me alanlar\u0131 d\u0131\u015f\u0131nda, havalimanlar\u0131 da dahil olmak \u00fczere halka a\u00e7\u0131k kapal\u0131 alanlarda sigara i\u00e7mek yasakt\u0131r. Bu alanlar genellikle kapal\u0131d\u0131r ve pasif i\u00e7icilik maruziyetini kontrol alt\u0131na almak ve azaltmak i\u00e7in uygun havaland\u0131rma sistemlerine sahiptir.<\/p>\n<p>Havaalanlar\u0131 ve di\u011fer halka a\u00e7\u0131k yerlerde, sigara i\u00e7menin yasak oldu\u011fu alanlarda belirgin \u201cSigara \u0130\u00e7ilmez\u201d tabelalar\u0131n\u0131n as\u0131lmas\u0131 zorunludur. Bu i\u015faretler genellikle bireyleri sigara i\u00e7me d\u00fczenlemeleri hakk\u0131nda bilgilendirmek i\u00e7in giri\u015flerde, \u00e7\u0131k\u0131\u015flarda ve di\u011fer g\u00f6ze \u00e7arpan yerlerde sergilenir.<\/p>\n<p>Havaalan\u0131 terminalleri, bekleme alanlar\u0131, check-in kontuarlar\u0131, bini\u015f kap\u0131lar\u0131 ve insanlar\u0131n topland\u0131\u011f\u0131 di\u011fer kapal\u0131 alanlarda sigara i\u00e7ilmesine genellikle izin verilmiyor. Ancak baz\u0131 havalimanlar\u0131nda sigara i\u00e7enlerin yasalara uygun olarak sigara i\u00e7meye gidebilecekleri belirlenmi\u015f sigara i\u00e7me alanlar\u0131 mevcut olabilir.<\/p>\n<p>Havalimanlar\u0131n\u0131n a\u00e7\u0131k alanlar\u0131nda, yerel d\u00fczenlemeler taraf\u0131ndan \u00f6zel olarak k\u0131s\u0131tlanmad\u0131k\u00e7a sigara i\u00e7ilmesine genellikle izin verilmektedir. Bununla birlikte, ba\u015fkalar\u0131na kar\u015f\u0131 d\u00fc\u015f\u00fcnceli olmak ve sigara i\u00e7menin yak\u0131ndaki sigara i\u00e7meyenler i\u00e7in rahats\u0131zl\u0131\u011fa veya rahats\u0131zl\u0131\u011fa neden olmad\u0131\u011f\u0131ndan emin olmak her zaman \u00f6nemlidir.<\/p>\n<p>Elektronik sigara veya &quot;elektronik sigara&quot; kullan\u0131m\u0131 da geleneksel t\u00fct\u00fcn i\u00e7imi ile ayn\u0131 d\u00fczenlemelere tabidir. Bu nedenle elektronik sigara kullan\u0131m\u0131na ili\u015fkin belirlenmi\u015f sigara i\u00e7me alanlar\u0131na veya havaliman\u0131 yetkilileri taraf\u0131ndan belirlenen \u00f6zel kurallara uymak \u00f6nemlidir.<\/p>\n<p>En g\u00fcncel bilgiler i\u00e7in her zaman mevcut sigara i\u00e7me d\u00fczenlemelerini ilgili makamlarla do\u011frulaman\u0131z veya resmi kaynaklara ba\u015fvurman\u0131z \u00f6nerilir.<\/p>\n<p>&nbsp;<\/p>\n<div class=\"container single-page-container\">\n<div class=\"row\">\n<div class=\"nv-single-page-wrap col\">\n<div class=\"nv-content-wrap entry-content\">\n<p><strong>Daha fazla Havaalan\u0131 Sigara i\u00e7ilen alan\u00a0<\/strong><\/p>\n<ul>\n<li><a href=\"https:\/\/airportsmokinglounge.com\/tr\/kuzey-amerikanin-havaalanlarinda-sigara-icmek\/\">Kuzey Amerika<\/a><\/li>\n<li><a href=\"https:\/\/airportsmokinglounge.com\/tr\/guney-amerika-havaalanlarinda-sigara-icilmesi\/\">G\u00fcney Amerika<\/a><\/li>\n<li><a href=\"https:\/\/airportsmokinglounge.com\/tr\/avrupa-havalimanlarindaki-sigara-icme-alanlari\/\">Avrupa<\/a><\/li>\n<li><a href=\"https:\/\/airportsmokinglounge.com\/tr\/asyadaki-havaalanlarinda-sigara-icmek\/\">Asya<\/a><\/li>\n<li><a href=\"https:\/\/airportsmokinglounge.com\/tr\/okyanusya-havalimanlarinda-sigara-icmek\/\">Okyanusya<\/a><\/li>\n<li><a href=\"https:\/\/airportsmokinglounge.com\/tr\/afrikada-havaalanlarinda-sigara-icmek\/\">Afrika<\/a><\/li>\n<\/ul>\n<\/div>\n<\/div>\n<\/div>\n<\/div>\n<p>&nbsp;<\/p>\n<p>&nbsp;<\/p>\n<footer id=\"site-footer\" class=\"site-footer\">\n<div class=\"hfg_footer\">\n<div id=\"cb-row--footer-top\" class=\"footer--row footer-top layout-full-contained\" data-row-id=\"top\" data-show-on=\"desktop\">\n<div class=\"footer--row-inner footer-top-inner footer-content-wrap\">\n<div class=\"container\">\n<div class=\"hfg-grid nv-footer-content hfg-grid-top row--wrapper row\" data-section=\"hfg_footer_layout_top\">\n<div class=\"hfg-slot left\"><\/div>\n<\/div>\n<\/div>\n<\/div>\n<\/div>\n<\/div>\n<\/footer>","protected":false},"excerpt":{"rendered":"<p>\u0130talya, hem yurt i\u00e7i hem de yurt d\u0131\u015f\u0131 yolcular i\u00e7in \u00f6nemli ge\u00e7i\u015f noktalar\u0131 olan bir\u00e7ok havaliman\u0131na ev sahipli\u011fi yapmaktad\u0131r. Bu web sitesinde, havalimanlar\u0131ndaki t\u00fcm sigara i\u00e7me alanlar\u0131n\u0131, belirlenmi\u015f sigara i\u00e7me alanlar\u0131 ve mevcut tesisler dahil olmak \u00fczere bulabilirsiniz. G\u00fcvenlik kontrol\u00fcnden ge\u00e7tikten sonra hi\u00e7bir yerde sigara i\u00e7ilen alan olmad\u0131\u011f\u0131n\u0131 ve...&nbsp;<a href=\"https:\/\/airportsmokinglounge.com\/tr\/italyan-havalimanlarindaki-sigara-icme-alanlari\/\" rel=\"bookmark\">Devam\u0131n\u0131 oku &quot;<span class=\"screen-reader-text\">\u0130talyan havaalanlar\u0131nda sigara i\u00e7ilen alanlar<\/span><\/a><\/p>","protected":false},"author":1,"featured_media":1199,"parent":0,"menu_order":0,"comment_status":"closed","ping_status":"closed","template":"","meta":{"neve_meta_sidebar":"","neve_meta_container":"","neve_meta_enable_content_width":"off","neve_meta_content_width":100,"neve_meta_title_alignment":"","neve_meta_author_avatar":"","neve_post_elements_order":"","neve_meta_disable_header":"","neve_meta_disable_footer":"","neve_meta_disable_title":"","neve_meta_reading_time":"","footnotes":""},"class_list":["post-99","page","type-page","status-publish","has-post-thumbnail","hentry"],"yoast_head":"<!-- This site is optimized with the Yoast SEO plugin v26.6 - https:\/\/yoast.com\/wordpress\/plugins\/seo\/ -->\n<title>Smoking areas in Italian airports - airportsmokinglounge.com<\/title>\n<meta name=\"description\" content=\"Smoking Areas in Italian Airports - Your Ultimate Guide to Finding a Place to Smoke \u2714\ufe0e Find Your Next Smoke Break Spot \u2714\ufe0e\" \/>\n<meta name=\"robots\" content=\"index, follow, max-snippet:-1, max-image-preview:large, max-video-preview:-1\" \/>\n<link rel=\"canonical\" href=\"https:\/\/airportsmokinglounge.com\/tr\/italyan-havalimanlarindaki-sigara-icme-alanlari\/\" \/>\n<meta property=\"og:locale\" content=\"tr_TR\" \/>\n<meta property=\"og:type\" content=\"article\" \/>\n<meta property=\"og:title\" content=\"Smoking areas in Italian airports - airportsmokinglounge.com\" \/>\n<meta property=\"og:description\" content=\"Smoking Areas in Italian Airports - Your Ultimate Guide to Finding a Place to Smoke \u2714\ufe0e Find Your Next Smoke Break Spot \u2714\ufe0e\" \/>\n<meta property=\"og:url\" content=\"https:\/\/airportsmokinglounge.com\/tr\/italyan-havalimanlarindaki-sigara-icme-alanlari\/\" \/>\n<meta property=\"og:site_name\" content=\"airportsmokinglounge.com\" \/>\n<meta property=\"article:modified_time\" content=\"2023-05-26T18:44:23+00:00\" \/>\n<meta property=\"og:image\" content=\"https:\/\/airportsmokinglounge.com\/wp-content\/uploads\/2023\/03\/airport-smoking-lounge-4.jpg\" \/>\n\t<meta property=\"og:image:width\" content=\"2048\" \/>\n\t<meta property=\"og:image:height\" content=\"1152\" \/>\n\t<meta property=\"og:image:type\" content=\"image\/jpeg\" \/>\n<meta name=\"twitter:card\" content=\"summary_large_image\" \/>\n<meta name=\"twitter:label1\" content=\"Tahmini okuma s\u00fcresi\" \/>\n\t<meta name=\"twitter:data1\" content=\"2 dakika\" \/>\n<script type=\"application\/ld+json\" class=\"yoast-schema-graph\">{\"@context\":\"https:\/\/schema.org\",\"@graph\":[{\"@type\":\"WebPage\",\"@id\":\"https:\/\/airportsmokinglounge.com\/smoking-areas-in-italian-airports\/\",\"url\":\"https:\/\/airportsmokinglounge.com\/smoking-areas-in-italian-airports\/\",\"name\":\"Smoking areas in Italian airports - airportsmokinglounge.com\",\"isPartOf\":{\"@id\":\"https:\/\/airportsmokinglounge.com\/#website\"},\"primaryImageOfPage\":{\"@id\":\"https:\/\/airportsmokinglounge.com\/smoking-areas-in-italian-airports\/#primaryimage\"},\"image\":{\"@id\":\"https:\/\/airportsmokinglounge.com\/smoking-areas-in-italian-airports\/#primaryimage\"},\"thumbnailUrl\":\"https:\/\/airportsmokinglounge.com\/wp-content\/uploads\/2023\/03\/airport-smoking-lounge-4.jpg\",\"datePublished\":\"2023-02-21T19:39:57+00:00\",\"dateModified\":\"2023-05-26T18:44:23+00:00\",\"description\":\"Smoking Areas in Italian Airports - Your Ultimate Guide to Finding a Place to Smoke \u2714\ufe0e Find Your Next Smoke Break Spot \u2714\ufe0e\",\"breadcrumb\":{\"@id\":\"https:\/\/airportsmokinglounge.com\/smoking-areas-in-italian-airports\/#breadcrumb\"},\"inLanguage\":\"tr\",\"potentialAction\":[{\"@type\":\"ReadAction\",\"target\":[\"https:\/\/airportsmokinglounge.com\/smoking-areas-in-italian-airports\/\"]}]},{\"@type\":\"ImageObject\",\"inLanguage\":\"tr\",\"@id\":\"https:\/\/airportsmokinglounge.com\/smoking-areas-in-italian-airports\/#primaryimage\",\"url\":\"https:\/\/airportsmokinglounge.com\/wp-content\/uploads\/2023\/03\/airport-smoking-lounge-4.jpg\",\"contentUrl\":\"https:\/\/airportsmokinglounge.com\/wp-content\/uploads\/2023\/03\/airport-smoking-lounge-4.jpg\",\"width\":2048,\"height\":1152,\"caption\":\"Airport Smoking\"},{\"@type\":\"BreadcrumbList\",\"@id\":\"https:\/\/airportsmokinglounge.com\/smoking-areas-in-italian-airports\/#breadcrumb\",\"itemListElement\":[{\"@type\":\"ListItem\",\"position\":1,\"name\":\"Home\",\"item\":\"https:\/\/airportsmokinglounge.com\/\"},{\"@type\":\"ListItem\",\"position\":2,\"name\":\"Smoking areas in Italian airports\"}]},{\"@type\":\"WebSite\",\"@id\":\"https:\/\/airportsmokinglounge.com\/#website\",\"url\":\"https:\/\/airportsmokinglounge.com\/\",\"name\":\"airportsmokinglounge.com\",\"description\":\"\",\"potentialAction\":[{\"@type\":\"SearchAction\",\"target\":{\"@type\":\"EntryPoint\",\"urlTemplate\":\"https:\/\/airportsmokinglounge.com\/?s={search_term_string}\"},\"query-input\":{\"@type\":\"PropertyValueSpecification\",\"valueRequired\":true,\"valueName\":\"search_term_string\"}}],\"inLanguage\":\"tr\"}]}<\/script>\n<!-- \/ Yoast SEO plugin. -->","yoast_head_json":{"title":"\u0130talyan havalimanlar\u0131nda sigara i\u00e7ilen alanlar - Airport Smokinglounge.com","description":"\u0130talya Havalimanlar\u0131ndaki Sigara \u0130\u00e7ilebilen Alanlar - Sigara \u0130\u00e7ilecek Bir Yer Bulmak \u0130\u00e7in En \u0130yi Rehberiniz \u2714\ufe0e Bir Sonraki Sigara \u0130\u00e7me Noktan\u0131z\u0131 Bulun \u2714\ufe0e","robots":{"index":"index","follow":"follow","max-snippet":"max-snippet:-1","max-image-preview":"max-image-preview:large","max-video-preview":"max-video-preview:-1"},"canonical":"https:\/\/airportsmokinglounge.com\/tr\/italyan-havalimanlarindaki-sigara-icme-alanlari\/","og_locale":"tr_TR","og_type":"article","og_title":"Smoking areas in Italian airports - airportsmokinglounge.com","og_description":"Smoking Areas in Italian Airports - Your Ultimate Guide to Finding a Place to Smoke \u2714\ufe0e Find Your Next Smoke Break Spot \u2714\ufe0e","og_url":"https:\/\/airportsmokinglounge.com\/tr\/italyan-havalimanlarindaki-sigara-icme-alanlari\/","og_site_name":"airportsmokinglounge.com","article_modified_time":"2023-05-26T18:44:23+00:00","og_image":[{"width":2048,"height":1152,"url":"https:\/\/airportsmokinglounge.com\/wp-content\/uploads\/2023\/03\/airport-smoking-lounge-4.jpg","type":"image\/jpeg"}],"twitter_card":"summary_large_image","twitter_misc":{"Tahmini okuma s\u00fcresi":"2 dakika"},"schema":{"@context":"https:\/\/schema.org","@graph":[{"@type":"WebPage","@id":"https:\/\/airportsmokinglounge.com\/smoking-areas-in-italian-airports\/","url":"https:\/\/airportsmokinglounge.com\/smoking-areas-in-italian-airports\/","name":"\u0130talyan havalimanlar\u0131nda sigara i\u00e7ilen alanlar - Airport Smokinglounge.com","isPartOf":{"@id":"https:\/\/airportsmokinglounge.com\/#website"},"primaryImageOfPage":{"@id":"https:\/\/airportsmokinglounge.com\/smoking-areas-in-italian-airports\/#primaryimage"},"image":{"@id":"https:\/\/airportsmokinglounge.com\/smoking-areas-in-italian-airports\/#primaryimage"},"thumbnailUrl":"https:\/\/airportsmokinglounge.com\/wp-content\/uploads\/2023\/03\/airport-smoking-lounge-4.jpg","datePublished":"2023-02-21T19:39:57+00:00","dateModified":"2023-05-26T18:44:23+00:00","description":"\u0130talya Havalimanlar\u0131ndaki Sigara \u0130\u00e7ilebilen Alanlar - Sigara \u0130\u00e7ilecek Bir Yer Bulmak \u0130\u00e7in En \u0130yi Rehberiniz \u2714\ufe0e Bir Sonraki Sigara \u0130\u00e7me Noktan\u0131z\u0131 Bulun \u2714\ufe0e","breadcrumb":{"@id":"https:\/\/airportsmokinglounge.com\/smoking-areas-in-italian-airports\/#breadcrumb"},"inLanguage":"tr","potentialAction":[{"@type":"ReadAction","target":["https:\/\/airportsmokinglounge.com\/smoking-areas-in-italian-airports\/"]}]},{"@type":"ImageObject","inLanguage":"tr","@id":"https:\/\/airportsmokinglounge.com\/smoking-areas-in-italian-airports\/#primaryimage","url":"https:\/\/airportsmokinglounge.com\/wp-content\/uploads\/2023\/03\/airport-smoking-lounge-4.jpg","contentUrl":"https:\/\/airportsmokinglounge.com\/wp-content\/uploads\/2023\/03\/airport-smoking-lounge-4.jpg","width":2048,"height":1152,"caption":"Airport Smoking"},{"@type":"BreadcrumbList","@id":"https:\/\/airportsmokinglounge.com\/smoking-areas-in-italian-airports\/#breadcrumb","itemListElement":[{"@type":"ListItem","position":1,"name":"Home","item":"https:\/\/airportsmokinglounge.com\/"},{"@type":"ListItem","position":2,"name":"Smoking areas in Italian airports"}]},{"@type":"WebSite","@id":"https:\/\/airportsmokinglounge.com\/#website","url":"https:\/\/airportsmokinglounge.com\/","name":"havaalan\u0131sigara salonu.com","description":"","potentialAction":[{"@type":"SearchAction","target":{"@type":"EntryPoint","urlTemplate":"https:\/\/airportsmokinglounge.com\/?s={search_term_string}"},"query-input":{"@type":"PropertyValueSpecification","valueRequired":true,"valueName":"search_term_string"}}],"inLanguage":"tr"}]}},"_links":{"self":[{"href":"https:\/\/airportsmokinglounge.com\/tr\/wp-json\/wp\/v2\/pages\/99","targetHints":{"allow":["GET"]}}],"collection":[{"href":"https:\/\/airportsmokinglounge.com\/tr\/wp-json\/wp\/v2\/pages"}],"about":[{"href":"https:\/\/airportsmokinglounge.com\/tr\/wp-json\/wp\/v2\/types\/page"}],"author":[{"embeddable":true,"href":"https:\/\/airportsmokinglounge.com\/tr\/wp-json\/wp\/v2\/users\/1"}],"replies":[{"embeddable":true,"href":"https:\/\/airportsmokinglounge.com\/tr\/wp-json\/wp\/v2\/comments?post=99"}],"version-history":[{"count":10,"href":"https:\/\/airportsmokinglounge.com\/tr\/wp-json\/wp\/v2\/pages\/99\/revisions"}],"predecessor-version":[{"id":6255,"href":"https:\/\/airportsmokinglounge.com\/tr\/wp-json\/wp\/v2\/pages\/99\/revisions\/6255"}],"wp:featuredmedia":[{"embeddable":true,"href":"https:\/\/airportsmokinglounge.com\/tr\/wp-json\/wp\/v2\/media\/1199"}],"wp:attachment":[{"href":"https:\/\/airportsmokinglounge.com\/tr\/wp-json\/wp\/v2\/media?parent=99"}],"curies":[{"name":"wp","href":"https:\/\/api.w.org\/{rel}","templated":true}]}}